{"id":1265,"date":"2020-09-02T22:36:56","date_gmt":"2020-09-02T20:36:56","guid":{"rendered":"https:\/\/agora.xtec.cat\/cfa-anoia\/?page_id=1265"},"modified":"2022-02-09T17:26:17","modified_gmt":"2022-02-09T16:26:17","slug":"covid-19","status":"publish","type":"page","link":"https:\/\/agora.xtec.cat\/cfa-anoia\/covid-19\/","title":{"rendered":"COVID-19"},"content":{"rendered":"<p>Aqu\u00ed us anirem informant de tot el que el Departament d\u2019Educaci\u00f3 ens comuniqui sobre el tema de la COVID-19 que afecti a l&#8217;\u00e0mbit educatiu o b\u00e9 que pugui ser del vostre inter\u00e8s sobre aquest tema. Cliqueu en els diferents enlla\u00e7os i podeu obtenir la informaci\u00f3 desitjada:<\/p>\n<ul>\n<li><a href=\"https:\/\/agora.xtec.cat\/cfa-anoia\/wp-content\/uploads\/usu1962\/2021\/09\/Pla_dactuacio\u0301_per_al_curs_2021-2022_per_als_centres_educatius_en_el_marc_de_la_pande\u0300mia_-_Final-agost.pdf\">Pla_actuacio\u0301_per_al_curs_2021-2022_per_als_centres_educatius_en_el_marc_de_la_pande\u0300mia_-_Final-agost<\/a><\/li>\n<li><a href=\"https:\/\/agora.xtec.cat\/cfa-anoia\/wp-content\/uploads\/usu1962\/2021\/07\/Pla-Actuaci\u00f3-CFA-ANOIA-curs-2021-22.pdf\">Pla Actuaci\u00f3 CFA ANOIA curs 2021-22<\/a><\/li>\n<li><a href=\"https:\/\/agora.xtec.cat\/cfa-anoia\/wp-content\/uploads\/usu1962\/2021\/09\/Gestio-casos-covid-centres-2021-2022.pdf\">Gestio-casos-covid-centres-2021-2022<\/a><\/li>\n<li><a href=\"https:\/\/agora.xtec.cat\/cfa-anoia\/wp-content\/uploads\/usu1962\/2021\/09\/Declaracio-responsable-majors-18-anys_COVID-19.pdf\">Declaraci\u00f3 responsable majors 18 anys_COVID-19<\/a><\/li>\n<li><a href=\"https:\/\/agora.xtec.cat\/cfa-anoia\/wp-content\/uploads\/usu1962\/2020\/09\/Autoritzacio\u0301-whatsapp.pdf\">Autoritzacio\u0301 whatsapp CFA ANOIA<\/a><\/li>\n<li><a href=\"https:\/\/agora.xtec.cat\/cfa-anoia\/wp-content\/uploads\/usu1962\/2021\/09\/Simptomes-COVID_variant-Delta.pdf\">Simptomes COVID_variant Delta<\/a><\/li>\n<li><a href=\"https:\/\/agora.xtec.cat\/cfa-anoia\/wp-content\/uploads\/usu1962\/2022\/02\/NOVETATS_US_MASCARETA_CENTRES_EDUCATIUS_FEBRER_2022.pdf\">NOVETATS_US_MASCARETA_CENTRES_EDUCATIUS_FEBRER_2022<\/a><\/li>\n<li><a href=\"https:\/\/agora.xtec.cat\/cfa-anoia\/wp-content\/uploads\/usu1962\/2021\/09\/Gestio-contactes-estrets-entorn-escolar-1.pdf\">Gestio-contactes-estrets-entorn-escolar_setembre 2021<\/a><\/li>\n<li><a href=\"https:\/\/agora.xtec.cat\/cfa-anoia\/wp-content\/uploads\/usu1962\/2020\/09\/INFOGRAFIA_COVID_PDF.pdf\">CARTELL_CFA ANOIA_MESURES_COVID<\/a><\/li>\n<li><a href=\"https:\/\/canalsalut.gencat.cat\/ca\/inici\">Canal Salut<\/a><\/li>\n<\/ul>\n<p>&nbsp;<\/p>\n","protected":false},"excerpt":{"rendered":"<p>Aqu\u00ed us anirem informant de tot el que el Departament d\u2019Educaci\u00f3 ens comuniqui sobre el tema de la COVID-19 que afecti a l&#8217;\u00e0mbit educatiu o b\u00e9 que pugui ser del vostre inter\u00e8s sobre aquest tema. Cliqueu en els diferents enlla\u00e7os i podeu obtenir la informaci\u00f3&hellip;  <a href=\"https:\/\/agora.xtec.cat\/cfa-anoia\/covid-19\/\" title=\"Read COVID-19\">Llegeix m\u00e9s\u00bb<\/a><\/p>\n","protected":false},"author":1,"featured_media":0,"parent":0,"menu_order":0,"comment_status":"closed","ping_status":"closed","template":"","meta":{"_bbp_topic_count":0,"_bbp_reply_count":0,"_bbp_total_topic_count":0,"_bbp_total_reply_count":0,"_bbp_voice_count":0,"_bbp_anonymous_reply_count":0,"_bbp_topic_count_hidden":0,"_bbp_reply_count_hidden":0,"_bbp_forum_subforum_count":0,"footnotes":""},"class_list":["post-1265","page","type-page","status-publish","hentry"],"post_mailing_queue_ids":[],"_links":{"self":[{"href":"https:\/\/agora.xtec.cat\/cfa-anoia\/wp-json\/wp\/v2\/pages\/1265","targetHints":{"allow":["GET"]}}],"collection":[{"href":"https:\/\/agora.xtec.cat\/cfa-anoia\/wp-json\/wp\/v2\/pages"}],"about":[{"href":"https:\/\/agora.xtec.cat\/cfa-anoia\/wp-json\/wp\/v2\/types\/page"}],"author":[{"embeddable":true,"href":"https:\/\/agora.xtec.cat\/cfa-anoia\/wp-json\/wp\/v2\/users\/1"}],"replies":[{"embeddable":true,"href":"https:\/\/agora.xtec.cat\/cfa-anoia\/wp-json\/wp\/v2\/comments?post=1265"}],"version-history":[{"count":3,"href":"https:\/\/agora.xtec.cat\/cfa-anoia\/wp-json\/wp\/v2\/pages\/1265\/revisions"}],"predecessor-version":[{"id":1908,"href":"https:\/\/agora.xtec.cat\/cfa-anoia\/wp-json\/wp\/v2\/pages\/1265\/revisions\/1908"}],"wp:attachment":[{"href":"https:\/\/agora.xtec.cat\/cfa-anoia\/wp-json\/wp\/v2\/media?parent=1265"}],"curies":[{"name":"wp","href":"https:\/\/api.w.org\/{rel}","templated":true}]}}