{"id":57,"date":"2014-09-17T17:01:07","date_gmt":"2014-09-17T17:01:07","guid":{"rendered":"http:\/\/agora.xtec.cat\/cfa-alzina\/?page_id=57"},"modified":"2025-11-24T20:03:20","modified_gmt":"2025-11-24T19:03:20","slug":"projecte-educatiu","status":"publish","type":"page","link":"https:\/\/agora.xtec.cat\/cfa-alzina\/projecte-educatiu\/","title":{"rendered":"Documents de Centre"},"content":{"rendered":"<table style=\"border-collapse: collapse; width: 100%; height: 383px;\">\n<tbody>\n<tr style=\"height: 32px;\">\n<td style=\"width: 34.9593%; height: 51px;\"><a href=\"https:\/\/heyzine.com\/flip-book\/f0b3c1cab7.html\">NORMATIVA D&#8217;ORGANITZACI\u00d3 I FUNCIONAMENT DE CENTRE<\/a><\/td>\n<td style=\"width: 16.9993%; height: 51px;\">Admin<\/td>\n<td style=\"width: 12.9342%; height: 51px;\">2024<\/td>\n<td style=\"width: 15.6689%; height: 51px;\">Vigent<\/td>\n<td style=\"width: 19.4383%; height: 51px;\">NOFC<\/td>\n<\/tr>\n<tr style=\"height: 52px;\">\n<td style=\"width: 34.9593%; height: 52px;\"><a href=\"https:\/\/heyzine.com\/flip-book\/64fecbd13e.html\">CARTA DE COMPROM\u00cdS EDUCATIU<\/a><\/td>\n<td style=\"width: 16.9993%; height: 52px;\">Admin<\/td>\n<td style=\"width: 12.9342%; height: 52px;\">2024<\/td>\n<td style=\"width: 15.6689%; height: 52px;\">Vigent<\/td>\n<td style=\"width: 19.4383%; height: 52px;\">CCE<\/td>\n<\/tr>\n<tr style=\"height: 64px;\">\n<td style=\"width: 34.9593%; height: 64px;\"><a href=\"https:\/\/heyzine.com\/flip-book\/f565e7ddfa.html\" target=\"_blank\" rel=\"noopener\">PEC PROJECTE EDUCATIU DE CENTRE<\/a><\/td>\n<td style=\"width: 16.9993%; height: 64px;\">Admin<\/td>\n<td style=\"width: 12.9342%; height: 64px;\">2024<\/td>\n<td style=\"width: 15.6689%; height: 64px;\">Vigent<\/td>\n<td style=\"width: 19.4383%; height: 64px;\">PEC<\/td>\n<\/tr>\n<tr style=\"height: 48px;\">\n<td style=\"width: 34.9593%; height: 48px;\"><a href=\"https:\/\/sites.google.com\/cfalalzina.cat\/cfa-lalzina\/p%C3%A0gina-dinici\" target=\"_blank\" rel=\"noopener\">ESTRAT\u00c8GIA DIGITAL DE CENTRE<\/a><\/td>\n<td style=\"width: 16.9993%; height: 48px;\">Admin<\/td>\n<td style=\"width: 12.9342%; height: 48px;\">2023<\/td>\n<td style=\"width: 15.6689%; height: 48px;\">Vigent<\/td>\n<td style=\"width: 19.4383%; height: 48px;\">EDC<\/td>\n<\/tr>\n<tr style=\"height: 53px;\">\n<td style=\"width: 34.9593%; height: 53px;\"><a href=\"https:\/\/heyzine.com\/flip-book\/0e8174d414.html\">PROJECTE LING\u00dc\u00cdSTIC DE CENTRE<\/a><\/td>\n<td style=\"width: 16.9993%; height: 53px;\">Admin<\/td>\n<td style=\"width: 12.9342%; height: 53px;\">2025<\/td>\n<td style=\"width: 15.6689%; height: 53px;\">En revisi\u00f3\/elaboraci\u00f3<\/td>\n<td style=\"width: 19.4383%; height: 53px;\">PLC<\/td>\n<\/tr>\n<tr style=\"height: 62px;\">\n<td style=\"width: 34.9593%; height: 62px;\"><a href=\"https:\/\/heyzine.com\/flip-book\/edb09e7227.html\">PROJECTE DE CONVIV\u00c8NCIA DE CENTRE<\/a><\/td>\n<td style=\"width: 16.9993%; height: 62px;\">Admin<\/td>\n<td style=\"width: 12.9342%; height: 62px;\">2025<\/td>\n<td style=\"width: 15.6689%; height: 62px;\">En revisi\u00f3\/elaboraci\u00f3<\/td>\n<td style=\"width: 19.4383%; height: 62px;\">PCC<\/td>\n<\/tr>\n<\/tbody>\n<\/table>\n","protected":false},"excerpt":{"rendered":"<p>NORMATIVA D&#8217;ORGANITZACI\u00d3 I FUNCIONAMENT DE CENTRE Admin 2024 Vigent NOFC CARTA DE COMPROM\u00cdS EDUCATIU Admin 2024 Vigent CCE PEC PROJECTE EDUCATIU DE CENTRE Admin 2024 Vigent PEC ESTRAT\u00c8GIA DIGITAL DE CENTRE Admin 2023 Vigent EDC PROJECTE LING\u00dc\u00cdSTIC DE CENTRE Admin 2025 En revisi\u00f3\/elaboraci\u00f3 PLC PROJECTE DE CONVIV\u00c8NCIA DE CENTRE Admin 2025 En revisi\u00f3\/elaboraci\u00f3 PCC<\/p>\n","protected":false},"author":1,"featured_media":0,"parent":0,"menu_order":0,"comment_status":"closed","ping_status":"closed","template":"","meta":{"_bbp_topic_count":0,"_bbp_reply_count":0,"_bbp_total_topic_count":0,"_bbp_total_reply_count":0,"_bbp_voice_count":0,"_bbp_anonymous_reply_count":0,"_bbp_topic_count_hidden":0,"_bbp_reply_count_hidden":0,"_bbp_forum_subforum_count":0,"site-sidebar-layout":"default","site-content-layout":"","ast-site-content-layout":"default","site-content-style":"default","site-sidebar-style":"default","ast-global-header-display":"","ast-banner-title-visibility":"","ast-main-header-display":"","ast-hfb-above-header-display":"","ast-hfb-below-header-display":"","ast-hfb-mobile-header-display":"","site-post-title":"","ast-breadcrumbs-content":"","ast-featured-img":"","footer-sml-layout":"","theme-transparent-header-meta":"default","adv-header-id-meta":"","stick-header-meta":"","header-above-stick-meta":"","header-main-stick-meta":"","header-below-stick-meta":"","astra-migrate-meta-layouts":"set","ast-page-background-enabled":"default","ast-page-background-meta":{"desktop":{"background-color":"var(--ast-global-color-4)","background-image":"","background-repeat":"repeat","background-position":"center center","background-size":"auto","background-attachment":"scroll","background-type":"","background-media":"","overlay-type":"","overlay-color":"","overlay-opacity":"","overlay-gradient":""},"tablet":{"background-color":"","background-image":"","background-repeat":"repeat","background-position":"center center","background-size":"auto","background-attachment":"scroll","background-type":"","background-media":"","overlay-type":"","overlay-color":"","overlay-opacity":"","overlay-gradient":""},"mobile":{"background-color":"","background-image":"","background-repeat":"repeat","background-position":"center center","background-size":"auto","background-attachment":"scroll","background-type":"","background-media":"","overlay-type":"","overlay-color":"","overlay-opacity":"","overlay-gradient":""}},"ast-content-background-meta":{"desktop":{"background-color":"var(--ast-global-color-5)","background-image":"","background-repeat":"repeat","background-position":"center center","background-size":"auto","background-attachment":"scroll","background-type":"","background-media":"","overlay-type":"","overlay-color":"","overlay-opacity":"","overlay-gradient":""},"tablet":{"background-color":"var(--ast-global-color-5)","background-image":"","background-repeat":"repeat","background-position":"center center","background-size":"auto","background-attachment":"scroll","background-type":"","background-media":"","overlay-type":"","overlay-color":"","overlay-opacity":"","overlay-gradient":""},"mobile":{"background-color":"var(--ast-global-color-5)","background-image":"","background-repeat":"repeat","background-position":"center center","background-size":"auto","background-attachment":"scroll","background-type":"","background-media":"","overlay-type":"","overlay-color":"","overlay-opacity":"","overlay-gradient":""}},"footnotes":""},"class_list":["post-57","page","type-page","status-publish","hentry"],"post_mailing_queue_ids":[],"_links":{"self":[{"href":"https:\/\/agora.xtec.cat\/cfa-alzina\/wp-json\/wp\/v2\/pages\/57","targetHints":{"allow":["GET"]}}],"collection":[{"href":"https:\/\/agora.xtec.cat\/cfa-alzina\/wp-json\/wp\/v2\/pages"}],"about":[{"href":"https:\/\/agora.xtec.cat\/cfa-alzina\/wp-json\/wp\/v2\/types\/page"}],"author":[{"embeddable":true,"href":"https:\/\/agora.xtec.cat\/cfa-alzina\/wp-json\/wp\/v2\/users\/1"}],"replies":[{"embeddable":true,"href":"https:\/\/agora.xtec.cat\/cfa-alzina\/wp-json\/wp\/v2\/comments?post=57"}],"version-history":[{"count":7,"href":"https:\/\/agora.xtec.cat\/cfa-alzina\/wp-json\/wp\/v2\/pages\/57\/revisions"}],"predecessor-version":[{"id":3742,"href":"https:\/\/agora.xtec.cat\/cfa-alzina\/wp-json\/wp\/v2\/pages\/57\/revisions\/3742"}],"wp:attachment":[{"href":"https:\/\/agora.xtec.cat\/cfa-alzina\/wp-json\/wp\/v2\/media?parent=57"}],"curies":[{"name":"wp","href":"https:\/\/api.w.org\/{rel}","templated":true}]}}