{"id":502,"date":"2017-06-22T22:50:07","date_gmt":"2017-06-22T20:50:07","guid":{"rendered":"http:\/\/agora.xtec.cat\/cfa-alzina\/?page_id=502"},"modified":"2025-11-03T18:57:18","modified_gmt":"2025-11-03T17:57:18","slug":"formacio-instrumental","status":"publish","type":"page","link":"https:\/\/agora.xtec.cat\/cfa-alzina\/ensenyaments\/formacio-instrumental\/","title":{"rendered":"Formaci\u00f3 instrumental"},"content":{"rendered":"<p>L&#8217;ensenyament que correspon a la Prim\u00e0ria per a persones adultes \u00e9s la <strong>Formaci\u00f3 Instrumental<\/strong>. Els continguts d&#8217;aquesta formaci\u00f3 s&#8217;organitzen en quatre nivells:<\/p>\n<ul>\n<li>El primer nivell, en qu\u00e8 l&#8217;aprenentatge se centra en l&#8217;adquisici\u00f3 dels mecanismes fonamentals de lectura i escriptura i de c\u00e0lcul, a m\u00e9s de nocions elementals sobre l&#8217;entorn social i natural.<\/li>\n<li>El segon nivell, en qu\u00e8 l&#8217;objectiu central \u00e9s consolidar aquests mecanismes i els coneixements que expliquen l&#8217;entorn.<\/li>\n<li><span style=\"color: #ff0000;\"><span style=\"color: #000000;\">El tercer nivell, en qu\u00e8 es far\u00e0 especial \u00e8mfasi en la compet\u00e8ncia ling\u00fc\u00edstica i digital de l&#8217;alumnat. <\/span><\/span><\/li>\n<li>El quart nivell, en el qual s&#8217;amplien els coneixements anteriors fins a assolir els objectius generals del cicle.<\/li>\n<\/ul>\n<p>Cada nivell inclou tres \u00e0rees de coneixement:<\/p>\n<ul>\n<li>Llengua,<\/li>\n<li>Matem\u00e0tiques i<\/li>\n<li>Ci\u00e8ncies socials i naturals.<\/li>\n<\/ul>\n<p>La durada aproximada d&#8217;aquesta formaci\u00f3 \u00e9s de 1.100 hores. Aix\u00f2 no obstant, segons els coneixements previs, les necessitats formatives, i els ritmes d&#8217;aprenentatge de l&#8217;alumnat, la durada pot ser m\u00e9s o menys llarga.<\/p>\n<p>&nbsp;<\/p>\n<p>&nbsp;<\/p>\n","protected":false},"excerpt":{"rendered":"<p>L&#8217;ensenyament que correspon a la Prim\u00e0ria per a persones adultes \u00e9s la Formaci\u00f3 Instrumental. Els continguts d&#8217;aquesta formaci\u00f3 s&#8217;organitzen en quatre nivells: El primer nivell, en qu\u00e8 l&#8217;aprenentatge se centra en l&#8217;adquisici\u00f3 dels mecanismes fonamentals de lectura i escriptura i de c\u00e0lcul, a m\u00e9s de nocions elementals sobre l&#8217;entorn social i natural. El segon nivell, [&hellip;]<\/p>\n","protected":false},"author":1,"featured_media":0,"parent":2563,"menu_order":10,"comment_status":"closed","ping_status":"closed","template":"","meta":{"_bbp_topic_count":0,"_bbp_reply_count":0,"_bbp_total_topic_count":0,"_bbp_total_reply_count":0,"_bbp_voice_count":0,"_bbp_anonymous_reply_count":0,"_bbp_topic_count_hidden":0,"_bbp_reply_count_hidden":0,"_bbp_forum_subforum_count":0,"site-sidebar-layout":"default","site-content-layout":"","ast-site-content-layout":"default","site-content-style":"default","site-sidebar-style":"default","ast-global-header-display":"","ast-banner-title-visibility":"","ast-main-header-display":"","ast-hfb-above-header-display":"","ast-hfb-below-header-display":"","ast-hfb-mobile-header-display":"","site-post-title":"","ast-breadcrumbs-content":"","ast-featured-img":"","footer-sml-layout":"","theme-transparent-header-meta":"default","adv-header-id-meta":"","stick-header-meta":"","header-above-stick-meta":"","header-main-stick-meta":"","header-below-stick-meta":"","astra-migrate-meta-layouts":"set","ast-page-background-enabled":"default","ast-page-background-meta":{"desktop":{"background-color":"var(--ast-global-color-4)","background-image":"","background-repeat":"repeat","background-position":"center center","background-size":"auto","background-attachment":"scroll","background-type":"","background-media":"","overlay-type":"","overlay-color":"","overlay-opacity":"","overlay-gradient":""},"tablet":{"background-color":"","background-image":"","background-repeat":"repeat","background-position":"center center","background-size":"auto","background-attachment":"scroll","background-type":"","background-media":"","overlay-type":"","overlay-color":"","overlay-opacity":"","overlay-gradient":""},"mobile":{"background-color":"","background-image":"","background-repeat":"repeat","background-position":"center center","background-size":"auto","background-attachment":"scroll","background-type":"","background-media":"","overlay-type":"","overlay-color":"","overlay-opacity":"","overlay-gradient":""}},"ast-content-background-meta":{"desktop":{"background-color":"var(--ast-global-color-5)","background-image":"","background-repeat":"repeat","background-position":"center center","background-size":"auto","background-attachment":"scroll","background-type":"","background-media":"","overlay-type":"","overlay-color":"","overlay-opacity":"","overlay-gradient":""},"tablet":{"background-color":"var(--ast-global-color-5)","background-image":"","background-repeat":"repeat","background-position":"center center","background-size":"auto","background-attachment":"scroll","background-type":"","background-media":"","overlay-type":"","overlay-color":"","overlay-opacity":"","overlay-gradient":""},"mobile":{"background-color":"var(--ast-global-color-5)","background-image":"","background-repeat":"repeat","background-position":"center center","background-size":"auto","background-attachment":"scroll","background-type":"","background-media":"","overlay-type":"","overlay-color":"","overlay-opacity":"","overlay-gradient":""}},"footnotes":""},"class_list":["post-502","page","type-page","status-publish","hentry"],"post_mailing_queue_ids":[],"_links":{"self":[{"href":"https:\/\/agora.xtec.cat\/cfa-alzina\/wp-json\/wp\/v2\/pages\/502","targetHints":{"allow":["GET"]}}],"collection":[{"href":"https:\/\/agora.xtec.cat\/cfa-alzina\/wp-json\/wp\/v2\/pages"}],"about":[{"href":"https:\/\/agora.xtec.cat\/cfa-alzina\/wp-json\/wp\/v2\/types\/page"}],"author":[{"embeddable":true,"href":"https:\/\/agora.xtec.cat\/cfa-alzina\/wp-json\/wp\/v2\/users\/1"}],"replies":[{"embeddable":true,"href":"https:\/\/agora.xtec.cat\/cfa-alzina\/wp-json\/wp\/v2\/comments?post=502"}],"version-history":[{"count":7,"href":"https:\/\/agora.xtec.cat\/cfa-alzina\/wp-json\/wp\/v2\/pages\/502\/revisions"}],"predecessor-version":[{"id":3528,"href":"https:\/\/agora.xtec.cat\/cfa-alzina\/wp-json\/wp\/v2\/pages\/502\/revisions\/3528"}],"up":[{"embeddable":true,"href":"https:\/\/agora.xtec.cat\/cfa-alzina\/wp-json\/wp\/v2\/pages\/2563"}],"wp:attachment":[{"href":"https:\/\/agora.xtec.cat\/cfa-alzina\/wp-json\/wp\/v2\/media?parent=502"}],"curies":[{"name":"wp","href":"https:\/\/api.w.org\/{rel}","templated":true}]}}