{"id":3854,"date":"2025-11-24T19:01:37","date_gmt":"2025-11-24T18:01:37","guid":{"rendered":"https:\/\/agora.xtec.cat\/cfa-alzina\/?page_id=3854"},"modified":"2026-01-22T14:16:43","modified_gmt":"2026-01-22T13:16:43","slug":"matricula","status":"publish","type":"page","link":"https:\/\/agora.xtec.cat\/cfa-alzina\/matricula\/","title":{"rendered":"Matr\u00edcula"},"content":{"rendered":"<h2><span style=\"color: #339966;\">ENCARA TENIM PLACES PER ALGUNS ENSENYAMENTS!!<\/span><\/h2>\n<p>&nbsp;<\/p>\n<h2>RECORDEU&#8230;<\/h2>\n<p>&nbsp;<\/p>\n<h2><strong>Cal demanar cita pr\u00e8via per matricular-se ja sigui telefonant al centre al\u00a0 <\/strong><span style=\"color: #0000ff;\"><strong>93 586 44 59 <\/strong><\/span><strong>o b\u00e9 a trav\u00e9s del seg\u00fcent correu electr\u00f2nic de contacte: <\/strong><span style=\"color: #0000ff;\">secretaria@cfalalzina.cat <\/span><\/h2>\n<p>&nbsp;<\/p>\n<p>&nbsp;<\/p>\n<div class=\"wp-menu-name\"><\/div>\n<div>\n<h2>4. Resguard de pagament de la quota de material<\/h2>\n<ul>\n<li>\n<h2>\u00a0COMPTE DE L&#8217;ESCOLA:<\/h2>\n<\/li>\n<li>\n<h2><span style=\"color: #0000ff;\">ES56 2100 0292 8102 0094 1526<\/span><\/h2>\n<\/li>\n<\/ul>\n<\/div>\n<p><img loading=\"lazy\" decoding=\"async\" class=\"aligncenter wp-image-3923\" src=\"https:\/\/agora.xtec.cat\/cfa-alzina\/wp-content\/uploads\/usu1110\/2025\/11\/Captura-de-pantalla-2025-11-27-174255.png\" alt=\"\" width=\"872\" height=\"282\" srcset=\"https:\/\/agora.xtec.cat\/cfa-alzina\/wp-content\/uploads\/usu1110\/2025\/11\/Captura-de-pantalla-2025-11-27-174255.png 625w, https:\/\/agora.xtec.cat\/cfa-alzina\/wp-content\/uploads\/usu1110\/2025\/11\/Captura-de-pantalla-2025-11-27-174255-300x97.png 300w\" sizes=\"auto, (max-width: 872px) 100vw, 872px\" \/><\/p>\n<p>&nbsp;<\/p>\n<ul>\n<li>\n<h2>Els documents es poden descarregar <a href=\"https:\/\/agora.xtec.cat\/cfa-alzina\/wp-content\/uploads\/usu1110\/2026\/01\/Matricula.pdf\">aqu\u00ed<\/a><\/h2>\n<\/li>\n<\/ul>\n<p><img loading=\"lazy\" decoding=\"async\" class=\"wp-image-3925 alignleft\" src=\"https:\/\/agora.xtec.cat\/cfa-alzina\/wp-content\/uploads\/usu1110\/2025\/11\/Captura-de-pantalla-2025-11-27-174408.png\" alt=\"\" width=\"639\" height=\"192\" srcset=\"https:\/\/agora.xtec.cat\/cfa-alzina\/wp-content\/uploads\/usu1110\/2025\/11\/Captura-de-pantalla-2025-11-27-174408.png 463w, https:\/\/agora.xtec.cat\/cfa-alzina\/wp-content\/uploads\/usu1110\/2025\/11\/Captura-de-pantalla-2025-11-27-174408-300x90.png 300w\" sizes=\"auto, (max-width: 639px) 100vw, 639px\" \/><\/p>\n<p>&nbsp;<\/p>\n<div>\n<ul>\n<li>\n<h2>Les quotes de material pel curs 25-26 per l&#8217;alumnat nou seran les seg\u00fcents:<\/h2>\n<table style=\"height: 607px; width: 84.366%; border-style: double; border-color: #000000;\">\n<thead>\n<tr style=\"border-style: double; border-color: #0f0f0f;\">\n<th style=\"width: 32.2052%; height: 41px; border-style: double; border-color: #000000; background-color: #d9d9d9;\">\n<h3><strong>Cursos \/ Nivells<\/strong><\/h3>\n<\/th>\n<th style=\"width: 43.1639%; height: 41px; border-style: double; border-color: #000000; background-color: #d9d9d9;\">\n<h3><strong>Preu<\/strong><\/h3>\n<\/th>\n<\/tr>\n<tr style=\"border-style: double; border-color: #0f0f0f;\">\n<th style=\"width: 32.2052%; height: 63px; border-style: double; border-color: #000000;\">\n<h3>Catal\u00e0 1<\/h3>\n<h3>Castell\u00e0 1<\/h3>\n<h3><strong>Formaci\u00f3 instrumental<\/strong><\/h3>\n<\/th>\n<th style=\"width: 43.1639%; height: 63px; border-style: double; border-color: #000000;\">\n<h3><\/h3>\n<h3><span style=\"color: #008080;\"><strong>30 \u20ac<\/strong><\/span><\/h3>\n<\/th>\n<\/tr>\n<tr style=\"border-style: double; border-color: #0f0f0f;\">\n<th style=\"width: 32.2052%; height: 171px; border-style: double; border-color: #000000;\">\n<h3>Catal\u00e0 2<\/h3>\n<h3>Catal\u00e0 3<\/h3>\n<h3>Castell\u00e0 2<\/h3>\n<h3>Castell\u00e0 3 GES<\/h3>\n<\/th>\n<th style=\"width: 43.1639%; height: 171px; border-style: double; border-color: #000000;\">\n<h3><\/h3>\n<h3><\/h3>\n<h3><span style=\"color: #008080;\"><strong>40 \u20ac<\/strong><\/span><\/h3>\n<\/th>\n<\/tr>\n<tr style=\"border-style: double; border-color: #0f0f0f;\">\n<th style=\"width: 32.2052%; height: 239px; border-style: double; border-color: #000000;\">\n<h3>Angl\u00e8s (tots els nivells)<\/h3>\n<h3><\/h3>\n<h3>COMPETIC (inicial, 1 i 2)<\/h3>\n<h3><\/h3>\n<h3>Proves d\u2019acc\u00e9s a cicles de grau superior i universitat<\/h3>\n<\/th>\n<th style=\"width: 43.1639%; height: 239px; border-style: double; border-color: #000000;\">\n<h3><\/h3>\n<h3><\/h3>\n<h3><\/h3>\n<h3><span style=\"color: #008080;\"><strong>80 \u20ac<\/strong><\/span><\/h3>\n<\/th>\n<\/tr>\n<tr style=\"border-style: double; border-color: #0f0f0f;\">\n<th style=\"width: 32.2052%; height: 93px; border-style: double; border-color: #000000;\">\n<h3>COMPETIC 3<\/h3>\n<\/th>\n<th style=\"width: 43.1639%; height: 93px; border-style: double; border-color: #000000;\">\n<h3><span style=\"color: #008080;\"><strong>30 \u20ac per compet\u00e8ncia<\/strong><\/span><\/h3>\n<p>&nbsp;<\/th>\n<\/tr>\n<\/thead>\n<\/table>\n<\/li>\n<\/ul>\n<\/div>\n<h1><img loading=\"lazy\" decoding=\"async\" class=\"wp-image-3947 alignleft\" src=\"https:\/\/agora.xtec.cat\/cfa-alzina\/wp-content\/uploads\/usu1110\/2025\/12\/sdfvb-.png\" alt=\"\" width=\"791\" height=\"624\" srcset=\"https:\/\/agora.xtec.cat\/cfa-alzina\/wp-content\/uploads\/usu1110\/2025\/12\/sdfvb-.png 667w, https:\/\/agora.xtec.cat\/cfa-alzina\/wp-content\/uploads\/usu1110\/2025\/12\/sdfvb--300x237.png 300w\" sizes=\"auto, (max-width: 791px) 100vw, 791px\" \/><\/h1>\n<p>&nbsp;<\/p>\n<p>&nbsp;<\/p>\n<p>&nbsp;<\/p>\n<p>&nbsp;<\/p>\n<p>&nbsp;<\/p>\n<p>&nbsp;<\/p>\n<p>&nbsp;<\/p>\n<p>&nbsp;<\/p>\n<p>&nbsp;<\/p>\n<p>&nbsp;<\/p>\n<p>&nbsp;<\/p>\n<p>&nbsp;<\/p>\n","protected":false},"excerpt":{"rendered":"<p>ENCARA TENIM PLACES PER ALGUNS ENSENYAMENTS!! &nbsp; RECORDEU&#8230; &nbsp; Cal demanar cita pr\u00e8via per matricular-se ja sigui telefonant al centre al\u00a0 93 586 44 59 o b\u00e9 a trav\u00e9s del seg\u00fcent correu electr\u00f2nic de contacte: secretaria@cfalalzina.cat &nbsp; &nbsp; 4. Resguard de pagament de la quota de material \u00a0COMPTE DE L&#8217;ESCOLA: ES56 2100 0292 8102 0094 [&hellip;]<\/p>\n","protected":false},"author":1,"featured_media":0,"parent":0,"menu_order":1,"comment_status":"closed","ping_status":"closed","template":"","meta":{"_bbp_topic_count":0,"_bbp_reply_count":0,"_bbp_total_topic_count":0,"_bbp_total_reply_count":0,"_bbp_voice_count":0,"_bbp_anonymous_reply_count":0,"_bbp_topic_count_hidden":0,"_bbp_reply_count_hidden":0,"_bbp_forum_subforum_count":0,"site-sidebar-layout":"default","site-content-layout":"","ast-site-content-layout":"default","site-content-style":"default","site-sidebar-style":"default","ast-global-header-display":"","ast-banner-title-visibility":"","ast-main-header-display":"","ast-hfb-above-header-display":"","ast-hfb-below-header-display":"","ast-hfb-mobile-header-display":"","site-post-title":"","ast-breadcrumbs-content":"","ast-featured-img":"","footer-sml-layout":"","theme-transparent-header-meta":"default","adv-header-id-meta":"","stick-header-meta":"","header-above-stick-meta":"","header-main-stick-meta":"","header-below-stick-meta":"","astra-migrate-meta-layouts":"set","ast-page-background-enabled":"default","ast-page-background-meta":{"desktop":{"background-color":"var(--ast-global-color-4)","background-image":"","background-repeat":"repeat","background-position":"center center","background-size":"auto","background-attachment":"scroll","background-type":"","background-media":"","overlay-type":"","overlay-color":"","overlay-opacity":"","overlay-gradient":""},"tablet":{"background-color":"","background-image":"","background-repeat":"repeat","background-position":"center center","background-size":"auto","background-attachment":"scroll","background-type":"","background-media":"","overlay-type":"","overlay-color":"","overlay-opacity":"","overlay-gradient":""},"mobile":{"background-color":"","background-image":"","background-repeat":"repeat","background-position":"center center","background-size":"auto","background-attachment":"scroll","background-type":"","background-media":"","overlay-type":"","overlay-color":"","overlay-opacity":"","overlay-gradient":""}},"ast-content-background-meta":{"desktop":{"background-color":"var(--ast-global-color-5)","background-image":"","background-repeat":"repeat","background-position":"center center","background-size":"auto","background-attachment":"scroll","background-type":"","background-media":"","overlay-type":"","overlay-color":"","overlay-opacity":"","overlay-gradient":""},"tablet":{"background-color":"var(--ast-global-color-5)","background-image":"","background-repeat":"repeat","background-position":"center center","background-size":"auto","background-attachment":"scroll","background-type":"","background-media":"","overlay-type":"","overlay-color":"","overlay-opacity":"","overlay-gradient":""},"mobile":{"background-color":"var(--ast-global-color-5)","background-image":"","background-repeat":"repeat","background-position":"center center","background-size":"auto","background-attachment":"scroll","background-type":"","background-media":"","overlay-type":"","overlay-color":"","overlay-opacity":"","overlay-gradient":""}},"footnotes":""},"class_list":["post-3854","page","type-page","status-publish","hentry"],"post_mailing_queue_ids":[],"_links":{"self":[{"href":"https:\/\/agora.xtec.cat\/cfa-alzina\/wp-json\/wp\/v2\/pages\/3854","targetHints":{"allow":["GET"]}}],"collection":[{"href":"https:\/\/agora.xtec.cat\/cfa-alzina\/wp-json\/wp\/v2\/pages"}],"about":[{"href":"https:\/\/agora.xtec.cat\/cfa-alzina\/wp-json\/wp\/v2\/types\/page"}],"author":[{"embeddable":true,"href":"https:\/\/agora.xtec.cat\/cfa-alzina\/wp-json\/wp\/v2\/users\/1"}],"replies":[{"embeddable":true,"href":"https:\/\/agora.xtec.cat\/cfa-alzina\/wp-json\/wp\/v2\/comments?post=3854"}],"version-history":[{"count":7,"href":"https:\/\/agora.xtec.cat\/cfa-alzina\/wp-json\/wp\/v2\/pages\/3854\/revisions"}],"predecessor-version":[{"id":4046,"href":"https:\/\/agora.xtec.cat\/cfa-alzina\/wp-json\/wp\/v2\/pages\/3854\/revisions\/4046"}],"wp:attachment":[{"href":"https:\/\/agora.xtec.cat\/cfa-alzina\/wp-json\/wp\/v2\/media?parent=3854"}],"curies":[{"name":"wp","href":"https:\/\/api.w.org\/{rel}","templated":true}]}}