{"id":303,"date":"2015-01-28T11:23:05","date_gmt":"2015-01-28T10:23:05","guid":{"rendered":"http:\/\/agora.xtec.cat\/cfa-alzina\/?page_id=303"},"modified":"2025-11-03T19:00:17","modified_gmt":"2025-11-03T18:00:17","slug":"graduat-en-educacio-secundaria-per-adults","status":"publish","type":"page","link":"https:\/\/agora.xtec.cat\/cfa-alzina\/ensenyaments\/graduat-en-educacio-secundaria-per-adults\/","title":{"rendered":"Graduat en secund\u00e0ria"},"content":{"rendered":"<p>El Graduat en Educaci\u00f3 Secund\u00e0ria per a persones adultes (GES) \u00e9s l\u2019\u00fanica titulaci\u00f3 oficial d\u2019ensenyament b\u00e0sic (equival a l\u2019ESO que s\u2019obt\u00e9 als Instituts d&#8217;Educaci\u00f3 Secund\u00e0ria). L&#8217;Escola d&#8217;Adults l&#8217;Alzina \u00e9s un centre autoritzat per la Generalitat de Catalunya per impartir aquests estudis que permeten a les persones adultes, a partir de 18 anys, obtenir aquesta titulaci\u00f3.<\/p>\n<p>La titulaci\u00f3 del GES permet accedir a estudis post-obligatoris, com un Cicle Formatiu de Grau Mitj\u00e0 o el Batxillerat.<\/p>\n<p>Les persones que superen aquesta formaci\u00f3 poden accedir als ensenyaments seg\u00fcents:<\/p>\n<ul>\n<li>el batxillerat,<\/li>\n<li>els cicles formatius de grau mitj\u00e0,<\/li>\n<\/ul>\n<h5><strong>Estructura<\/strong><\/h5>\n<p>El GES s\u2019organitza en dos nivells, el GES 1 i el GES 2, i en tres \u00e0mbits. Cada nivell dura 1 curs escolar.<\/p>\n<p>Per obtenir la titulaci\u00f3 s\u2019han de cursar un total de 34 m\u00f2duls o, si escau, convalidar-ne o acreditar-ne. Els m\u00f2duls s\u00f3n trimestrals i es distribueixen de la manera seg\u00fcent:<\/p>\n<p>a) \u00c0mbit de la comunicaci\u00f3: 12 m\u00f2duls comuns que inclouen les mat\u00e8ries de Llengua catalana i literatura, Llengua castellana i literatura i Llengua estrangera.<\/p>\n<p>b) \u00c0mbit cient\u00edfic tecnol\u00f2gic: 10 m\u00f2duls comuns que inclouen les seg\u00fcents mat\u00e8ries de Matem\u00e0tiques, Ci\u00e8ncies de la naturalesa i Tecnologia.<\/p>\n<p>c) \u00c0mbit social: 6 m\u00f2duls comuns que inclouen les mat\u00e8ries de Ci\u00e8ncies socials, Geografia i hist\u00f2ria i Educaci\u00f3 per a la ciutadania.<\/p>\n<p>d) M\u00f2duls opcionals: 6.<\/p>\n<h5><strong>Acc\u00e9s<\/strong><\/h5>\n<p>Cal tenir 18 anys o complir-los durant de l\u2019any natural de matriculaci\u00f3.<\/p>\n<h5><strong>Durada del curs<\/strong><\/h5>\n<p>El curs est\u00e0 distribu\u00eft en tres trimestres. Una persona pot incorporar-se al curs a principis de cada trimestre.<\/p>\n<p>El temps que es necessita per aconseguir la titulaci\u00f3 dep\u00e8n del nombre de m\u00f2duls que s\u2019han de cursar.<\/p>\n<h5><strong>Acollida<\/strong><\/h5>\n<p>A cadascuna de les persones que accedeixen al GES se\u2019ls efectuar\u00e0 una prova d&#8217;avaluaci\u00f3 inicial (PAI) i caldr\u00e0 portar l\u2019historial acad\u00e8mic per avaluar possibles convalidacions.<\/p>\n<h5><strong>Proves lliures<\/strong><\/h5>\n<p>El Departament d\u2019Educaci\u00f3 estableix un <a href=\"http:\/\/ensenyament.gencat.cat\/ca\/serveis-tramits\/proves\/proves-lliures-obtencio-titols\/obtencio-geso-mes-18-anys\/calendari\/\">calendari de proves lliures<\/a> per \u00e0mbits al llarg del curs (al novembre i al mar\u00e7).<\/p>\n<p>&nbsp;<\/p>\n","protected":false},"excerpt":{"rendered":"<p>El Graduat en Educaci\u00f3 Secund\u00e0ria per a persones adultes (GES) \u00e9s l\u2019\u00fanica titulaci\u00f3 oficial d\u2019ensenyament b\u00e0sic (equival a l\u2019ESO que s\u2019obt\u00e9 als Instituts d&#8217;Educaci\u00f3 Secund\u00e0ria). L&#8217;Escola d&#8217;Adults l&#8217;Alzina \u00e9s un centre autoritzat per la Generalitat de Catalunya per impartir aquests estudis que permeten a les persones adultes, a partir de 18 anys, obtenir aquesta titulaci\u00f3. [&hellip;]<\/p>\n","protected":false},"author":1,"featured_media":0,"parent":2563,"menu_order":20,"comment_status":"closed","ping_status":"closed","template":"","meta":{"_bbp_topic_count":0,"_bbp_reply_count":0,"_bbp_total_topic_count":0,"_bbp_total_reply_count":0,"_bbp_voice_count":0,"_bbp_anonymous_reply_count":0,"_bbp_topic_count_hidden":0,"_bbp_reply_count_hidden":0,"_bbp_forum_subforum_count":0,"site-sidebar-layout":"default","site-content-layout":"","ast-site-content-layout":"default","site-content-style":"default","site-sidebar-style":"default","ast-global-header-display":"","ast-banner-title-visibility":"","ast-main-header-display":"","ast-hfb-above-header-display":"","ast-hfb-below-header-display":"","ast-hfb-mobile-header-display":"","site-post-title":"","ast-breadcrumbs-content":"","ast-featured-img":"","footer-sml-layout":"","theme-transparent-header-meta":"default","adv-header-id-meta":"","stick-header-meta":"","header-above-stick-meta":"","header-main-stick-meta":"","header-below-stick-meta":"","astra-migrate-meta-layouts":"set","ast-page-background-enabled":"default","ast-page-background-meta":{"desktop":{"background-color":"var(--ast-global-color-4)","background-image":"","background-repeat":"repeat","background-position":"center center","background-size":"auto","background-attachment":"scroll","background-type":"","background-media":"","overlay-type":"","overlay-color":"","overlay-opacity":"","overlay-gradient":""},"tablet":{"background-color":"","background-image":"","background-repeat":"repeat","background-position":"center center","background-size":"auto","background-attachment":"scroll","background-type":"","background-media":"","overlay-type":"","overlay-color":"","overlay-opacity":"","overlay-gradient":""},"mobile":{"background-color":"","background-image":"","background-repeat":"repeat","background-position":"center center","background-size":"auto","background-attachment":"scroll","background-type":"","background-media":"","overlay-type":"","overlay-color":"","overlay-opacity":"","overlay-gradient":""}},"ast-content-background-meta":{"desktop":{"background-color":"var(--ast-global-color-5)","background-image":"","background-repeat":"repeat","background-position":"center center","background-size":"auto","background-attachment":"scroll","background-type":"","background-media":"","overlay-type":"","overlay-color":"","overlay-opacity":"","overlay-gradient":""},"tablet":{"background-color":"var(--ast-global-color-5)","background-image":"","background-repeat":"repeat","background-position":"center center","background-size":"auto","background-attachment":"scroll","background-type":"","background-media":"","overlay-type":"","overlay-color":"","overlay-opacity":"","overlay-gradient":""},"mobile":{"background-color":"var(--ast-global-color-5)","background-image":"","background-repeat":"repeat","background-position":"center center","background-size":"auto","background-attachment":"scroll","background-type":"","background-media":"","overlay-type":"","overlay-color":"","overlay-opacity":"","overlay-gradient":""}},"footnotes":""},"class_list":["post-303","page","type-page","status-publish","hentry"],"post_mailing_queue_ids":[],"_links":{"self":[{"href":"https:\/\/agora.xtec.cat\/cfa-alzina\/wp-json\/wp\/v2\/pages\/303","targetHints":{"allow":["GET"]}}],"collection":[{"href":"https:\/\/agora.xtec.cat\/cfa-alzina\/wp-json\/wp\/v2\/pages"}],"about":[{"href":"https:\/\/agora.xtec.cat\/cfa-alzina\/wp-json\/wp\/v2\/types\/page"}],"author":[{"embeddable":true,"href":"https:\/\/agora.xtec.cat\/cfa-alzina\/wp-json\/wp\/v2\/users\/1"}],"replies":[{"embeddable":true,"href":"https:\/\/agora.xtec.cat\/cfa-alzina\/wp-json\/wp\/v2\/comments?post=303"}],"version-history":[{"count":6,"href":"https:\/\/agora.xtec.cat\/cfa-alzina\/wp-json\/wp\/v2\/pages\/303\/revisions"}],"predecessor-version":[{"id":3219,"href":"https:\/\/agora.xtec.cat\/cfa-alzina\/wp-json\/wp\/v2\/pages\/303\/revisions\/3219"}],"up":[{"embeddable":true,"href":"https:\/\/agora.xtec.cat\/cfa-alzina\/wp-json\/wp\/v2\/pages\/2563"}],"wp:attachment":[{"href":"https:\/\/agora.xtec.cat\/cfa-alzina\/wp-json\/wp\/v2\/media?parent=303"}],"curies":[{"name":"wp","href":"https:\/\/api.w.org\/{rel}","templated":true}]}}