{"id":299,"date":"2015-01-28T11:21:22","date_gmt":"2015-01-28T10:21:22","guid":{"rendered":"http:\/\/agora.xtec.cat\/cfa-alzina\/?page_id=299"},"modified":"2025-11-03T18:57:43","modified_gmt":"2025-11-03T17:57:43","slug":"llengua-castellana","status":"publish","type":"page","link":"https:\/\/agora.xtec.cat\/cfa-alzina\/ensenyaments\/llengua-castellana\/","title":{"rendered":"Llengua castellana"},"content":{"rendered":"<p>El curs de llengua castellana va adre\u00e7at a persones alfabetitzades en una llengua materna diferent a la castellana, que volen iniciar-se en l\u2019aprenentatge d&#8217;aquesta segona llengua. Se centra en les compet\u00e8ncies de la llengua oral i incorpora objectius comunicatius de llengua escrita. S\u2019ofereixen dos nivells d\u2019acord amb el Marc europeu de refer\u00e8ncia per a les lleng\u00fces:<\/p>\n<ul>\n<li><strong>Castell\u00e0 1 (Nivell A1)<\/strong>: S&#8217;adre\u00e7a a persones amb un total desconeixement de la llengua castellana. Aquest curs t\u00e9 una durada de 105 hores.<\/li>\n<li><strong>Castell\u00e0 2 (Nivell A2)<\/strong>: S\u2019adre\u00e7a a persones amb un m\u00ednim de coneixement de la llengua castellana. Aquest curs t\u00e9 una durada de 140 hores.<\/li>\n<li><strong>Castell\u00e0 3 (Nivell B1)<\/strong>: S\u2019adre\u00e7a a persones amb coneixements de la llengua castellana. Aquest curs t\u00e9 una durada de 140 hores.<\/li>\n<\/ul>\n","protected":false},"excerpt":{"rendered":"<p>El curs de llengua castellana va adre\u00e7at a persones alfabetitzades en una llengua materna diferent a la castellana, que volen iniciar-se en l\u2019aprenentatge d&#8217;aquesta segona llengua. Se centra en les compet\u00e8ncies de la llengua oral i incorpora objectius comunicatius de llengua escrita. S\u2019ofereixen dos nivells d\u2019acord amb el Marc europeu de refer\u00e8ncia per a les [&hellip;]<\/p>\n","protected":false},"author":1,"featured_media":0,"parent":2563,"menu_order":30,"comment_status":"closed","ping_status":"closed","template":"","meta":{"_bbp_topic_count":0,"_bbp_reply_count":0,"_bbp_total_topic_count":0,"_bbp_total_reply_count":0,"_bbp_voice_count":0,"_bbp_anonymous_reply_count":0,"_bbp_topic_count_hidden":0,"_bbp_reply_count_hidden":0,"_bbp_forum_subforum_count":0,"site-sidebar-layout":"default","site-content-layout":"","ast-site-content-layout":"default","site-content-style":"default","site-sidebar-style":"default","ast-global-header-display":"","ast-banner-title-visibility":"","ast-main-header-display":"","ast-hfb-above-header-display":"","ast-hfb-below-header-display":"","ast-hfb-mobile-header-display":"","site-post-title":"","ast-breadcrumbs-content":"","ast-featured-img":"","footer-sml-layout":"","theme-transparent-header-meta":"default","adv-header-id-meta":"","stick-header-meta":"","header-above-stick-meta":"","header-main-stick-meta":"","header-below-stick-meta":"","astra-migrate-meta-layouts":"set","ast-page-background-enabled":"default","ast-page-background-meta":{"desktop":{"background-color":"var(--ast-global-color-4)","background-image":"","background-repeat":"repeat","background-position":"center center","background-size":"auto","background-attachment":"scroll","background-type":"","background-media":"","overlay-type":"","overlay-color":"","overlay-opacity":"","overlay-gradient":""},"tablet":{"background-color":"","background-image":"","background-repeat":"repeat","background-position":"center center","background-size":"auto","background-attachment":"scroll","background-type":"","background-media":"","overlay-type":"","overlay-color":"","overlay-opacity":"","overlay-gradient":""},"mobile":{"background-color":"","background-image":"","background-repeat":"repeat","background-position":"center center","background-size":"auto","background-attachment":"scroll","background-type":"","background-media":"","overlay-type":"","overlay-color":"","overlay-opacity":"","overlay-gradient":""}},"ast-content-background-meta":{"desktop":{"background-color":"var(--ast-global-color-5)","background-image":"","background-repeat":"repeat","background-position":"center center","background-size":"auto","background-attachment":"scroll","background-type":"","background-media":"","overlay-type":"","overlay-color":"","overlay-opacity":"","overlay-gradient":""},"tablet":{"background-color":"var(--ast-global-color-5)","background-image":"","background-repeat":"repeat","background-position":"center center","background-size":"auto","background-attachment":"scroll","background-type":"","background-media":"","overlay-type":"","overlay-color":"","overlay-opacity":"","overlay-gradient":""},"mobile":{"background-color":"var(--ast-global-color-5)","background-image":"","background-repeat":"repeat","background-position":"center center","background-size":"auto","background-attachment":"scroll","background-type":"","background-media":"","overlay-type":"","overlay-color":"","overlay-opacity":"","overlay-gradient":""}},"footnotes":""},"class_list":["post-299","page","type-page","status-publish","hentry"],"post_mailing_queue_ids":[],"_links":{"self":[{"href":"https:\/\/agora.xtec.cat\/cfa-alzina\/wp-json\/wp\/v2\/pages\/299","targetHints":{"allow":["GET"]}}],"collection":[{"href":"https:\/\/agora.xtec.cat\/cfa-alzina\/wp-json\/wp\/v2\/pages"}],"about":[{"href":"https:\/\/agora.xtec.cat\/cfa-alzina\/wp-json\/wp\/v2\/types\/page"}],"author":[{"embeddable":true,"href":"https:\/\/agora.xtec.cat\/cfa-alzina\/wp-json\/wp\/v2\/users\/1"}],"replies":[{"embeddable":true,"href":"https:\/\/agora.xtec.cat\/cfa-alzina\/wp-json\/wp\/v2\/comments?post=299"}],"version-history":[{"count":7,"href":"https:\/\/agora.xtec.cat\/cfa-alzina\/wp-json\/wp\/v2\/pages\/299\/revisions"}],"predecessor-version":[{"id":2979,"href":"https:\/\/agora.xtec.cat\/cfa-alzina\/wp-json\/wp\/v2\/pages\/299\/revisions\/2979"}],"up":[{"embeddable":true,"href":"https:\/\/agora.xtec.cat\/cfa-alzina\/wp-json\/wp\/v2\/pages\/2563"}],"wp:attachment":[{"href":"https:\/\/agora.xtec.cat\/cfa-alzina\/wp-json\/wp\/v2\/media?parent=299"}],"curies":[{"name":"wp","href":"https:\/\/api.w.org\/{rel}","templated":true}]}}