{"id":288,"date":"2015-01-28T11:08:02","date_gmt":"2015-01-28T10:08:02","guid":{"rendered":"http:\/\/agora.xtec.cat\/cfa-alzina\/?page_id=288"},"modified":"2025-07-10T13:41:50","modified_gmt":"2025-07-10T11:41:50","slug":"ensenyaments-acces-grau-superior","status":"publish","type":"page","link":"https:\/\/agora.xtec.cat\/cfa-alzina\/ensenyaments\/ensenyaments-acces-grau-superior\/","title":{"rendered":"Preparaci\u00f3 per a les proves d&#8217;acc\u00e9s a grau superior i acc\u00e9s a universitat"},"content":{"rendered":"<p><span style=\"color: #0000ff;\"><strong>PREPARACI\u00d3 PER A LES PROVES D&#8217;ACC\u00c9S A CICLES DE GRAU SUPERIOR<\/strong><\/span><\/p>\n<p><span style=\"font-size: medium;\">El curs de preparaci\u00f3 per a les proves d&#8217;acc\u00e9s a cicles formatius de grau superior ofereix la preparaci\u00f3 per presentar-se a les proves d&#8217;acc\u00e9s als cicles de grau superior de formaci\u00f3 professional, d&#8217;arts pl\u00e0stiques i disseny i d&#8217;ensenyaments esportius. L&#8217;alumnat pot \u00a0preparar la part comuna de la prova; la part espec\u00edfica, en canvi, es prepara a trav\u00e9s de l&#8217;Institut Obert de Catalunya (IOC).<\/span><\/p>\n<p><span style=\"font-size: medium;\">La durada m\u00ednima per a la preparaci\u00f3 de les proves d&#8217;acc\u00e9s al grau superior \u00e9s de 300 hores per a la part comuna i de 99 hores per a les dues mat\u00e8ries de la part espec\u00edfica.<\/span><\/p>\n<p><span style=\"font-size: medium;\">Les mat\u00e8ries de la part comuna, que oferim al nostre centre, s\u00f3n: Llengua catalana, Llengua castellana, Angl\u00e8s i Matem\u00e0tiques.<\/span><\/p>\n<h3><span style=\"font-size: large;\"><span style=\"font-size: medium;\"><strong>Informaci\u00f3 al web del departament<\/strong>: <\/span><\/span><a style=\"font-family: inherit; font-size: 1em; font-weight: normal;\" href=\"http:\/\/ensenyament.gencat.cat\/ca\/serveis-tramits\/proves\/proves-acces\/gs-fp\/\" rel=\"nofollow\"><span style=\"font-size: large;\"><span style=\"font-size: medium;\">http:\/\/ensenyament.gencat.cat\/ca\/serveis-tramits\/proves\/proves-acces\/gs-fp\/<\/span><\/span><\/a><\/h3>\n<p>&nbsp;<\/p>\n<p><span style=\"color: #0000ff;\"><strong>PREPARACI\u00d3 PER A LES PROVES D&#8217;ACC\u00c9S A UNIVERSITAT<\/strong><\/span><\/p>\n<p>Adre\u00e7at a persones majors de 25 anys o b\u00e9 majors de 45 anys. S&#8217;imparteixen les assignatures comuns: Catal\u00e0, Castell\u00e0 i Angl\u00e8s. Les assignatures espec\u00edfiques es cursen on line.<\/p>\n<p>Les persones majors de 45 anys no han de cursar ni Angl\u00e8s ni espec\u00edfiques i tindran una entrevista personal a la universitat.<\/p>\n<h3><span style=\"font-size: large;\"><span style=\"font-size: medium;\"><strong>Informaci\u00f3 al web del departament<\/strong>:\u00a0<\/span><\/span><\/h3>\n<h3><span style=\"font-size: large;\"><span style=\"font-size: medium;\">\u00a0+25:\u00a0\u00a0<a href=\"https:\/\/universitats.gencat.cat\/ca\/proves-majors\/25-anys\/index.html\">https:\/\/universitats.gencat.cat\/ca\/proves-majors\/25-anys\/index.html<\/a><\/span><\/span><\/h3>\n<p><strong>+ 45:\u00a0<a href=\"https:\/\/universitats.gencat.cat\/ca\/proves-majors\/45-anys\/index.html\">https:\/\/universitats.gencat.cat\/ca\/proves-majors\/45-anys\/index.html<\/a><\/strong><\/p>\n","protected":false},"excerpt":{"rendered":"<p>PREPARACI\u00d3 PER A LES PROVES D&#8217;ACC\u00c9S A CICLES DE GRAU SUPERIOR El curs de preparaci\u00f3 per a les proves d&#8217;acc\u00e9s a cicles formatius de grau superior ofereix la preparaci\u00f3 per presentar-se a les proves d&#8217;acc\u00e9s als cicles de grau superior de formaci\u00f3 professional, d&#8217;arts pl\u00e0stiques i disseny i d&#8217;ensenyaments esportius. L&#8217;alumnat pot \u00a0preparar la part [&hellip;]<\/p>\n","protected":false},"author":1,"featured_media":0,"parent":2563,"menu_order":30,"comment_status":"closed","ping_status":"closed","template":"page-templates\/side-menu.php","meta":{"_bbp_topic_count":0,"_bbp_reply_count":0,"_bbp_total_topic_count":0,"_bbp_total_reply_count":0,"_bbp_voice_count":0,"_bbp_anonymous_reply_count":0,"_bbp_topic_count_hidden":0,"_bbp_reply_count_hidden":0,"_bbp_forum_subforum_count":0,"site-sidebar-layout":"default","site-content-layout":"","ast-site-content-layout":"","site-content-style":"default","site-sidebar-style":"default","ast-global-header-display":"","ast-banner-title-visibility":"","ast-main-header-display":"","ast-hfb-above-header-display":"","ast-hfb-below-header-display":"","ast-hfb-mobile-header-display":"","site-post-title":"","ast-breadcrumbs-content":"","ast-featured-img":"","footer-sml-layout":"","theme-transparent-header-meta":"","adv-header-id-meta":"","stick-header-meta":"","header-above-stick-meta":"","header-main-stick-meta":"","header-below-stick-meta":"","astra-migrate-meta-layouts":"default","ast-page-background-enabled":"default","ast-page-background-meta":{"desktop":{"background-color":"var(--ast-global-color-4)","background-image":"","background-repeat":"repeat","background-position":"center center","background-size":"auto","background-attachment":"scroll","background-type":"","background-media":"","overlay-type":"","overlay-color":"","overlay-opacity":"","overlay-gradient":""},"tablet":{"background-color":"","background-image":"","background-repeat":"repeat","background-position":"center center","background-size":"auto","background-attachment":"scroll","background-type":"","background-media":"","overlay-type":"","overlay-color":"","overlay-opacity":"","overlay-gradient":""},"mobile":{"background-color":"","background-image":"","background-repeat":"repeat","background-position":"center center","background-size":"auto","background-attachment":"scroll","background-type":"","background-media":"","overlay-type":"","overlay-color":"","overlay-opacity":"","overlay-gradient":""}},"ast-content-background-meta":{"desktop":{"background-color":"var(--ast-global-color-5)","background-image":"","background-repeat":"repeat","background-position":"center center","background-size":"auto","background-attachment":"scroll","background-type":"","background-media":"","overlay-type":"","overlay-color":"","overlay-opacity":"","overlay-gradient":""},"tablet":{"background-color":"var(--ast-global-color-5)","background-image":"","background-repeat":"repeat","background-position":"center center","background-size":"auto","background-attachment":"scroll","background-type":"","background-media":"","overlay-type":"","overlay-color":"","overlay-opacity":"","overlay-gradient":""},"mobile":{"background-color":"var(--ast-global-color-5)","background-image":"","background-repeat":"repeat","background-position":"center center","background-size":"auto","background-attachment":"scroll","background-type":"","background-media":"","overlay-type":"","overlay-color":"","overlay-opacity":"","overlay-gradient":""}},"footnotes":""},"class_list":["post-288","page","type-page","status-publish","hentry"],"post_mailing_queue_ids":[],"_links":{"self":[{"href":"https:\/\/agora.xtec.cat\/cfa-alzina\/wp-json\/wp\/v2\/pages\/288","targetHints":{"allow":["GET"]}}],"collection":[{"href":"https:\/\/agora.xtec.cat\/cfa-alzina\/wp-json\/wp\/v2\/pages"}],"about":[{"href":"https:\/\/agora.xtec.cat\/cfa-alzina\/wp-json\/wp\/v2\/types\/page"}],"author":[{"embeddable":true,"href":"https:\/\/agora.xtec.cat\/cfa-alzina\/wp-json\/wp\/v2\/users\/1"}],"replies":[{"embeddable":true,"href":"https:\/\/agora.xtec.cat\/cfa-alzina\/wp-json\/wp\/v2\/comments?post=288"}],"version-history":[{"count":6,"href":"https:\/\/agora.xtec.cat\/cfa-alzina\/wp-json\/wp\/v2\/pages\/288\/revisions"}],"predecessor-version":[{"id":3530,"href":"https:\/\/agora.xtec.cat\/cfa-alzina\/wp-json\/wp\/v2\/pages\/288\/revisions\/3530"}],"up":[{"embeddable":true,"href":"https:\/\/agora.xtec.cat\/cfa-alzina\/wp-json\/wp\/v2\/pages\/2563"}],"wp:attachment":[{"href":"https:\/\/agora.xtec.cat\/cfa-alzina\/wp-json\/wp\/v2\/media?parent=288"}],"curies":[{"name":"wp","href":"https:\/\/api.w.org\/{rel}","templated":true}]}}