{"id":27,"date":"2014-09-17T16:24:03","date_gmt":"2014-09-17T16:24:03","guid":{"rendered":"http:\/\/agora.xtec.cat\/cfa-alzina\/?page_id=27"},"modified":"2026-03-23T20:32:29","modified_gmt":"2026-03-23T19:32:29","slug":"historia","status":"publish","type":"page","link":"https:\/\/agora.xtec.cat\/cfa-alzina\/pagines-dinici\/historia\/","title":{"rendered":"Hist\u00f2ria"},"content":{"rendered":"<p><strong>L&#8217;inici de l&#8217;escola<\/strong><\/p>\n<p>Les classes per a adults van comen\u00e7ar l\u2019any 75 per la necessitat d\u2019alfabetitzar el col\u00b7lectiu gitano que vivia al Riu Sec i tamb\u00e9 a molts immigrants d\u2019altres llocs de l\u2019estat.<\/p>\n<p>Els grups es trobaven al pis i la cuina dels locals del casal parroquial i les impartien mestres de forma volunt\u00e0ria i no reconeguda pel Departament d\u2019Ensenyament.<\/p>\n<p>Aquesta situaci\u00f3 no era estranya arreu del pa\u00eds, a la majoria de poblacions i barris de les grans ciutats el moviment ve\u00efnal posava en marxa grups d\u2019alfabetitzaci\u00f3 i cultura general portats per voluntariat.<\/p>\n<p>Al cap d\u2019un temps, al volts del curs 1977-78 el Departament d\u2019Ensenyament es va veure obligat a recon\u00e8ixer la situaci\u00f3 creada a les diferents ciutats i pobles de Catalunya i va contractar m\u00e9s de 100 mestres.<\/p>\n<p>Poc a poc es van anar ampliant les classes a partir de les necessitats educatives que anaven apareixent. Per fi es va recon\u00e8ixer la titulaci\u00f3 de Graduat Escolar per a gent gran, malgrat que els ex\u00e0mens finals els enviava directament el Departament.<\/p>\n<p>A Cerdanyola, l\u2019escola d\u2019adults inicia un llarg recorregut per diferents locals: imparteix classes a la Pe\u00f1a Flamenca, als vestuaris del poliesportiu i, finalment, l\u2019any 83 es trasllada a l\u2019Ateneu, on ocupar\u00e0 3 aules durant 14 anys.<\/p>\n<p>Durant aquest temps es consolida el model d\u2019escola i l\u2019oferta educativa i, l\u2019any 1988, es traspassen les compet\u00e8ncies de formaci\u00f3 d\u2019adults al Departament de Benestar Social.<\/p>\n<p style=\"text-align: center;\"><a href=\"http:\/\/agora.xtec.cat\/cfa-alzina\/wp-content\/uploads\/usu1110\/2017\/06\/BENVINGUTS-AL-CENTRE.jpg\"><img loading=\"lazy\" decoding=\"async\" class=\" wp-image-403 aligncenter\" src=\"http:\/\/agora.xtec.cat\/cfa-alzina\/wp-content\/uploads\/usu1110\/2017\/06\/BENVINGUTS-AL-CENTRE.jpg\" alt=\"BENVINGUTS AL CENTRE\" width=\"444\" height=\"297\" \/><\/a><\/p>\n<p><strong>El naixement del Centre de Formaci\u00f3 d&#8217;Adults l&#8217;Alzina<\/strong><\/p>\n<p>L\u2019any 1997 s\u2019estableix conveni amb la Generalitat i l\u2019Ajuntament i es cedeixen els locals de l\u2019antiga escola Virio, al carrer Roman\u00ed n\u00famero 5, on compartir\u00e0 dues aules amb l\u2019Escola de M\u00fasica.<\/p>\n<p>Es constitueix oficialment el Centre de Formaci\u00f3 d\u2019Adults l\u2019Alzina de Cerdanyola i des de llavors l\u2019Escola d\u2019adults ocupa totes les aules de l\u2019edifici.<\/p>\n<p>El curs 1999-2000 s\u2019amplia l\u2019oferta educativa oferint a la poblaci\u00f3 la possibilitat d\u2019obtenir la nova titulaci\u00f3 b\u00e0sica: el Graduat d\u2019Educaci\u00f3 Secund\u00e0ria.<\/p>\n<p>El curs 2003-2004, les aules i centres de formaci\u00f3 d\u2019adults, tornen al Departament d\u2019Educaci\u00f3.<\/p>\n<p><strong>L&#8217;escola d&#8217;avui<\/strong><\/p>\n<p>En aquests moments, l\u2019escola d\u2019adults ha ampliat la seva oferta formativa, impartint nivells tan diferents com les classes d\u2019alfabetitzaci\u00f3 o la preparaci\u00f3 a proves de Cicles Formatius de Grau Superior, passant per la Inform\u00e0tica, els cursos d\u2019Angl\u00e8s, Catal\u00e0 i Castell\u00e0 per a nouvinguts o Graduat d\u2019Educaci\u00f3 Secund\u00e0ria Obligat\u00f2ria per a persones adultes.<\/p>\n<p>Cada curs, l\u2019escola d\u2019adults at\u00e9n una mitjana de 400 alumnes, de diferents edats, cultures, nivells educatius o proced\u00e8ncia.<br \/>\nL\u2019escola s\u2019ha anat adaptant a les noves necessitats i demandes, incorporant nous recursos tecnol\u00f2gics; portant a terme un projecte d\u2019innovaci\u00f3; participant i coordinant-se, en la mesura del possible, amb la ciutat de la qual forma part.<\/p>\n<p>En resum, l\u2019escola \u00e9s una entitat &#8220;viva&#8221;, que fa un gran esfor\u00e7 per adaptar-se als canvis, oferir a la ciutat un ensenyament de qualitat amb el comprom\u00eds de seguir treballant perqu\u00e8 l\u2019Educaci\u00f3 Permanent per a tota la vida sigui una realitat a Cerdanyola del Vall\u00e8s.<\/p>\n","protected":false},"excerpt":{"rendered":"<p>L&#8217;inici de l&#8217;escola Les classes per a adults van comen\u00e7ar l\u2019any 75 per la necessitat d\u2019alfabetitzar el col\u00b7lectiu gitano que vivia al Riu Sec i tamb\u00e9 a molts immigrants d\u2019altres llocs de l\u2019estat. Els grups es trobaven al pis i la cuina dels locals del casal parroquial i les impartien mestres de forma volunt\u00e0ria i [&hellip;]<\/p>\n","protected":false},"author":1,"featured_media":0,"parent":7,"menu_order":20,"comment_status":"closed","ping_status":"closed","template":"","meta":{"_bbp_topic_count":0,"_bbp_reply_count":0,"_bbp_total_topic_count":0,"_bbp_total_reply_count":0,"_bbp_voice_count":0,"_bbp_anonymous_reply_count":0,"_bbp_topic_count_hidden":0,"_bbp_reply_count_hidden":0,"_bbp_forum_subforum_count":0,"site-sidebar-layout":"default","site-content-layout":"","ast-site-content-layout":"default","site-content-style":"default","site-sidebar-style":"default","ast-global-header-display":"","ast-banner-title-visibility":"","ast-main-header-display":"","ast-hfb-above-header-display":"","ast-hfb-below-header-display":"","ast-hfb-mobile-header-display":"","site-post-title":"","ast-breadcrumbs-content":"","ast-featured-img":"","footer-sml-layout":"","theme-transparent-header-meta":"default","adv-header-id-meta":"","stick-header-meta":"","header-above-stick-meta":"","header-main-stick-meta":"","header-below-stick-meta":"","astra-migrate-meta-layouts":"set","ast-page-background-enabled":"default","ast-page-background-meta":{"desktop":{"background-color":"var(--ast-global-color-4)","background-image":"","background-repeat":"repeat","background-position":"center center","background-size":"auto","background-attachment":"scroll","background-type":"","background-media":"","overlay-type":"","overlay-color":"","overlay-opacity":"","overlay-gradient":""},"tablet":{"background-color":"","background-image":"","background-repeat":"repeat","background-position":"center center","background-size":"auto","background-attachment":"scroll","background-type":"","background-media":"","overlay-type":"","overlay-color":"","overlay-opacity":"","overlay-gradient":""},"mobile":{"background-color":"","background-image":"","background-repeat":"repeat","background-position":"center center","background-size":"auto","background-attachment":"scroll","background-type":"","background-media":"","overlay-type":"","overlay-color":"","overlay-opacity":"","overlay-gradient":""}},"ast-content-background-meta":{"desktop":{"background-color":"var(--ast-global-color-5)","background-image":"","background-repeat":"repeat","background-position":"center center","background-size":"auto","background-attachment":"scroll","background-type":"","background-media":"","overlay-type":"","overlay-color":"","overlay-opacity":"","overlay-gradient":""},"tablet":{"background-color":"var(--ast-global-color-5)","background-image":"","background-repeat":"repeat","background-position":"center center","background-size":"auto","background-attachment":"scroll","background-type":"","background-media":"","overlay-type":"","overlay-color":"","overlay-opacity":"","overlay-gradient":""},"mobile":{"background-color":"var(--ast-global-color-5)","background-image":"","background-repeat":"repeat","background-position":"center center","background-size":"auto","background-attachment":"scroll","background-type":"","background-media":"","overlay-type":"","overlay-color":"","overlay-opacity":"","overlay-gradient":""}},"footnotes":""},"class_list":["post-27","page","type-page","status-publish","hentry"],"post_mailing_queue_ids":[],"_links":{"self":[{"href":"https:\/\/agora.xtec.cat\/cfa-alzina\/wp-json\/wp\/v2\/pages\/27","targetHints":{"allow":["GET"]}}],"collection":[{"href":"https:\/\/agora.xtec.cat\/cfa-alzina\/wp-json\/wp\/v2\/pages"}],"about":[{"href":"https:\/\/agora.xtec.cat\/cfa-alzina\/wp-json\/wp\/v2\/types\/page"}],"author":[{"embeddable":true,"href":"https:\/\/agora.xtec.cat\/cfa-alzina\/wp-json\/wp\/v2\/users\/1"}],"replies":[{"embeddable":true,"href":"https:\/\/agora.xtec.cat\/cfa-alzina\/wp-json\/wp\/v2\/comments?post=27"}],"version-history":[{"count":7,"href":"https:\/\/agora.xtec.cat\/cfa-alzina\/wp-json\/wp\/v2\/pages\/27\/revisions"}],"predecessor-version":[{"id":4193,"href":"https:\/\/agora.xtec.cat\/cfa-alzina\/wp-json\/wp\/v2\/pages\/27\/revisions\/4193"}],"up":[{"embeddable":true,"href":"https:\/\/agora.xtec.cat\/cfa-alzina\/wp-json\/wp\/v2\/pages\/7"}],"wp:attachment":[{"href":"https:\/\/agora.xtec.cat\/cfa-alzina\/wp-json\/wp\/v2\/media?parent=27"}],"curies":[{"name":"wp","href":"https:\/\/api.w.org\/{rel}","templated":true}]}}