{"id":2224,"date":"2023-05-26T19:01:28","date_gmt":"2023-05-26T17:01:28","guid":{"rendered":"https:\/\/agora.xtec.cat\/cfa-alzina\/?page_id=2224"},"modified":"2023-11-16T10:18:10","modified_gmt":"2023-11-16T09:18:10","slug":"pec-projecte-educatiu-de-centre","status":"publish","type":"page","link":"https:\/\/agora.xtec.cat\/cfa-alzina\/projecte-educatiu\/pec-projecte-educatiu-de-centre\/","title":{"rendered":"PEC Projecte educatiu de centre &#8211;"},"content":{"rendered":"<h4><strong>L&#8217;ENTORN<\/strong><\/h4>\n<p>L&#8217;escola d&#8217;Adults L&#8217;Alzina est\u00e0 situada al n\u00famero 5 del carrer Roman\u00ed al barri de Serraparera de Cerdanyola del Vall\u00e8s.<\/p>\n<p>\u00c9s un barri format per for\u00e7a torretes i algun bloc de pisos. Pel que fa a serveis est\u00e0 ben cobert ja que hi ha comer\u00e7os de tot tipus, mercat, supermercats, dispensari, autobusos, etc..<\/p>\n<p>L&#8217;escola d&#8217;Adults L&#8217;Alzina es troba pr\u00e0cticament al centre de la ciutat encara que pugui semblar que no \u00e9s aix\u00ed perqu\u00e8 est\u00e0 rodejada de torres i cases unifamiliars; aix\u00f2 fa que sigui un centre acollidor i agradable.<\/p>\n<p>Cerdanyola del Vall\u00e8s \u00e9s una poblaci\u00f3 que pertany a la comarca del Vall\u00e8s Occidental. T\u00e9 aproximadament 60.000 habitants i est\u00e0 a uns 15 Km de dist\u00e0ncia de Barcelona.<\/p>\n<p>Actualment el nombre d&#8217;habitants est\u00e0 disminuint a causa de l&#8217;efecte retorn de persones caps als pa\u00efsos d&#8217;origen com a conseq\u00fc\u00e8ncia de la crisi. Malgrat que pel volum de poblaci\u00f3, Cerdanyola es pot considerar una ciutat, pel seu funcionament (les relacions socials, el nucli d&#8217;activitats concentrat, la coneixen\u00e7a entre la gent..) podria ser perfectament un poble gran.<\/p>\n<p>La gran activitat industrial durant les d\u00e8cades dels 60 i 70 van convertir Cerdanyola en una poblaci\u00f3 receptora d&#8217; immigrants d&#8217;Andalusia, Extremadura o M\u00farcia. Moltes d&#8217;aquestes persones formen part, avui en dia, de l&#8217;alumnat de l&#8217;escola d&#8217;adults. Posteriorment s&#8217;ha anat nodrint de persones procedents de diverses \u00e0rees geogr\u00e0fiques d&#8217;arreu, alguns d&#8217;ells estudien a l&#8217;UAB o estan treballant en el Parc Tecnol\u00f2gic temporalment.<\/p>\n<p>&nbsp;<\/p>\n<h4><strong>VALORS<\/strong><\/h4>\n<p>El Centre de Formaci\u00f3 d&#8217;Adults L&#8217;Alzina de Cerdanyola, per tal de possibilitar l&#8217;afavoriment d&#8217;una educaci\u00f3 permanent al llarg de tota la vida en els \u00e0mbits de formaci\u00f3 instrumental i b\u00e0sica, de formaci\u00f3 per al m\u00f3n laboral i per al lleure i la cultura, t\u00e9 un seguit de principis generals.<\/p>\n<p>Aquests principis \u00e8tics i de funcionament que guien la presa de decisions i el treball quotidi\u00e0 es relacionen a continuaci\u00f3:<\/p>\n<blockquote>\n<ul>\n<li>El comprom\u00eds per l&#8217;educaci\u00f3 al llarg de la vida.<\/li>\n<li>La confian\u00e7a en la qualitat de l&#8217;educaci\u00f3 p\u00fablica, per tal de possibilitar l&#8217;assoliment de les compet\u00e8ncies b\u00e0siques.<\/li>\n<li>El respecte a la diversitat d&#8217;edats, de sexes, de religions, de cultures, d&#8217;opcions pol\u00edtiques i personals i el reconeixement d&#8217;aquestes com a fons de riquesa per a tothom.<\/li>\n<li>La transmissi\u00f3 i la consolidaci\u00f3 dels valors propis d&#8217;una societat democr\u00e0tica: la llibertat personal, la responsabilitat, la solidaritat, el respecte i la igualtat.<\/li>\n<li>L&#8217;atenci\u00f3 als diferents ritmes evolutius de l&#8217;alumnat i a les seves difer\u00e8ncies cognitives.<\/li>\n<li>\n<div>La millora de l&#8217;autoestima de les persones del Centre a trav\u00e9s de la pr\u00e0ctica educativa i personal.<\/div>\n<\/li>\n<li>El constructivisme social com a model te\u00f2ric d&#8217;aprenentatge.<\/li>\n<li>La rellev\u00e0ncia de la feina en equip i de la coordinaci\u00f3 entre els membres del Claustre com a base del bon funcionament del Centre.<\/li>\n<li>La vinculaci\u00f3 i col\u00b7laboraci\u00f3 amb altres centres formatius, institucions i\/o entitats.<\/li>\n<li>La gesti\u00f3 democr\u00e0ticadel centre, participativa i inclusiva de tots els membres que en formen part.<\/li>\n<li>La transpar\u00e8ncia en les gestions tant de tipus econ\u00f2mic com de funcionament del Centre, com a instituci\u00f3 de finan\u00e7ament p\u00fablic.<\/li>\n<li>El foment de la pau i el respecte dels drets humans.<\/li>\n<li>L&#8217;\u00fas del catal\u00e0 com a llengua vehicular i d&#8217;aprenentatge.La difusi\u00f3 del coneixement de la llengua i cultura catalanes.<\/li>\n<li>L&#8217;exclusi\u00f3 de qualsevol mena de proselitisme o adoctrinament. Foment de l&#8217;esperit cr\u00edtic.<\/li>\n<li>La coeducaci\u00f3 i el foment de la igualtat real i efectiva entre dones i homes.<\/li>\n<li>L&#8217;inter\u00e8s per la cultura de l&#8217;esfor\u00e7 i del treball ben fet.<\/li>\n<li>La inclusi\u00f3 escolar i la cohesi\u00f3 social.<\/li>\n<li>La integraci\u00f3 de les emocions en el proc\u00e9s educatiu.<\/li>\n<li>L&#8217;impuls de les TIC en tots els nivell educatius del Centre. L&#8217;\u00fas de la plataforma Moodle com a recurs del diferents ensenyaments.<\/li>\n<li>El respecte i la preservaci\u00f3 del medi ambient.<\/li>\n<\/ul>\n<\/blockquote>\n<p>&nbsp;<\/p>\n<h4><strong>MISSI\u00d3<\/strong><\/h4>\n<p>El Centre de formaci\u00f3 d&#8217;Adults l&#8217;Alzina de Cerdanyola \u00e9s una escola p\u00fablica, catalana i laica, amb una oferta formativa variada que inclou des d&#8217;\u00e0mbits de l&#8217;educaci\u00f3 general fins a l&#8217;educaci\u00f3 per adquirir compet\u00e8ncies transprofessionals. Aquestes accions formatives s&#8217;adrecen a un perfil d&#8217;alumnat divers quant a les edats (dels 16 anys en amunt), nacionalitats, interessos, etc.<\/p>\n<p>La ra\u00f3 de ser del CFA L&#8217;Alzina de Cerdanyola rau en la seva hist\u00f2ria:<\/p>\n<p>Les classes per a adults van comen\u00e7ar l&#8217;any 1975 per la necessitat d&#8217;alfabetitzar el col\u00b7lectiu d&#8217;\u00e8tnia gitana que vivia ala zona del Riu Sec i a la gent que venia d&#8217;altres llocs del pa\u00eds.<br \/>\nAl vols del curs 1977-78 el moviment ve\u00efnal i de mestres aconsegueix que el departament d&#8217;ensenyament reconegui la situaci\u00f3 i aquest comen\u00e7a a nomenar mestres oficialment.<br \/>\nL&#8217;Escola d&#8217;adults de Cerdanyola es trasllada durant un curs a la Pe\u00f1a flamenca del municipi i el 1980, ho fa als soterranis del poliesportiu de Can Xarau.<br \/>\nDurant l&#8217;any 1982 s&#8217;incorporen mestres de catal\u00e0 amb conveni amb la Generalitat i l&#8217;Ajuntament.<br \/>\nL&#8217;any seg\u00fcent quan es construeix l&#8217;Ateneu Municipal, l&#8217;Escola es trasllada a les 3 aules que va ocupar al llarg de 14 anys.Durant aquest temps es consolida el model d&#8217;escola i l&#8217;oferta educativa.<br \/>\nEls mestres de normalitzaci\u00f3 ling\u00fc\u00edstica s&#8217;incorporen a la plantilla de la Generalitat l&#8217;any 1988, any que es traspassen les compet\u00e8ncies de Formaci\u00f3 d&#8217;adults al departament de Benestar Social, despr\u00e9s Benestar i Fam\u00edlia.<br \/>\nL&#8217;any 1997 s&#8217;estableix conveni amb la Generalitat i l&#8217;Ajuntament i es cedeix els locals de l&#8217;antiga escola V\u00edrio, compartint dues aules amb l&#8217;escola de m\u00fasica. Al cap de dos cursos l&#8217;escola de m\u00fasica marxa i des de llavors l&#8217;Escola d&#8217;adults ocupa totes les aules de l&#8217;edifici.<br \/>\nEl setembre de 1997, pel Decret 229\/97, es crea oficialment el Centre de Formaci\u00f3 d&#8217;adults L&#8217;Alzina de Cerdanyola.<br \/>\nEl curs 1999-2000 l&#8217;escola d&#8217;adults ofereix a la poblaci\u00f3 la possibilitat d&#8217;obtenir la nova titulaci\u00f3 b\u00e0sica: el Graduat d&#8217;Educaci\u00f3 Secund\u00e0ria i s&#8217;amplia la plantilla en tres professores de secund\u00e0ria.<br \/>\nL&#8217;any 2003-2004, les aules i centres de formaci\u00f3 d&#8217;adults, que depenien del Departament de Benestar Social, tornen al Departament d&#8217;Educaci\u00f3 depenent de la Subdirecci\u00f3 General de Persones Adultes.<\/p>\n<p><strong>A la d\u00e8cada dels noranta neix l&#8217;Associaci\u00f3 d&#8217;Alumnes de l&#8217;Escola d&#8217;Adults l&#8217;Alzina. Despr\u00e9s d&#8217;uns quants anys, deixa d&#8217;estar en actiu fins el curs 2009-2010 en qu\u00e8 un grup d&#8217;alumnes i una mestra la fan reapar\u00e8ixer com a Associaci\u00f3 d&#8217;Alumnes i Amics\/Amigues del CFA l&#8217;Alzina<\/strong>. Amb el canvi de nom es pret\u00e9n donar cabuda -a m\u00e9s dels alumnes- als exalumnes i a totes les persones relacionades amb el centre que vulguin formar-ne part. Els seus objectius s\u00f3n:<\/p>\n<blockquote>\n<ul>\n<li>Col\u00b7laborar amb el Claustre i l&#8217;Equip Directiu en les demandes adre\u00e7ades a les administracions; tant pel que fa a millores d&#8217;infraestructures com a les de car\u00e0cter acad\u00e8mic.<\/li>\n<li>Realitzar activitats culturals i socials que fomentin la conviv\u00e8ncia, la integraci\u00f3 i la millora personal i cultural de tot l&#8217;alumnat i de les persones associades.<\/li>\n<li>Oferir a l&#8217;alumnat la possibilitat de continuar la relaci\u00f3 amb l&#8217;escola, quan deixa de cursar ensenyaments al centre.<\/li>\n<\/ul>\n<\/blockquote>\n<p><strong>Quant a l&#8217;oferta formativa del Centre \u00e9s la seg\u00fcent:<\/strong><\/p>\n<blockquote>\n<ul>\n<li>L&#8217;educaci\u00f3 general i l&#8217;acc\u00e9s al sistema educatiu:Educaci\u00f3 secund\u00e0ria per a adults (nivells 1 i 2) i curs de preparaci\u00f3 per a les proves d&#8217;acc\u00e9s a CFGS.<\/li>\n<li>L&#8217;educaci\u00f3 per a adquirir compet\u00e8ncies transprofessionals: Ensenyament de l&#8217;Angl\u00e8s (nivells 1,2 i 3) i ensenyaments de Competic (inicial, 1 i 2).<\/li>\n<li>L&#8217;educaci\u00f3 per a la cohesi\u00f3 i la participaci\u00f3 social (ensenyaments b\u00e0sics): Ensenyaments de llengua catalana (nivell 1, 2 i 3) i de llengua castellana (nivells 1 i 2). Cicle de Formaci\u00f3 Instrumental (nivells 1, 2 i 3).<\/li>\n<\/ul>\n<\/blockquote>\n<p>Aquesta oferta formativa del CFA L&#8217;Alzina de Cerdanyola es reparteix a partir del curs 2015-2016 entre una plantilla docent de 4 mestres de prim\u00e0ria i 5,5 mestres de secund\u00e0ria.<\/p>\n<p>Segons la &#8220;Resoluci\u00f3 ENS\/863\/2015, de 28 d&#8217;abril, per la qual es dicten les instruccions sobre l&#8217;adjudicaci\u00f3 de destinacions provisionals amb efectes d&#8217;1 de setembre de 2015 &#8230;&#8221; els llocs de treball docents de les aules i centres de formaci\u00f3 de persones adultes tenen el tractament de &#8220;llocs espec\u00edfics estructurals&#8221;.<\/p>\n<p>El perfil del professorat de l&#8217;escola ha de respondre a les necessitats de l&#8217;oferta formativa que s&#8217;ofereix. Per aquest motiu, el mestres de prim\u00e0ria han de poder impartir classes de Competic.<br \/>\nEn el cas que es requereixi cobrir una pla\u00e7a amb un perfil espec\u00edfic, d&#8217;acord amb les necessitats del centre, caldria obrir di\u00e0leg amb el departament.<\/p>\n<p>El PAS es compon per dos conserges, un treballa en torn de mat\u00ed de 8 a 15 h i un altre ho fa en torn de tarda\/vespre de les 14,30h fins a les 22,30 h; aix\u00ed com una administrativa que treballa a mitja jornada.<\/p>\n<p>El personal docent i de PAS, juntament amb una representant de l&#8217;Ajuntament i 3 de l&#8217;alumnat, formen partdel Consell Escolar de Centre (3 professors, la Directora com a presidenta del Consell ila Cap d&#8217;estudis), que es reuneix un cop al trimestre, com a m\u00ednim. Aquesta composici\u00f3 ha estat aprovada en el Consell escolar d&#8217;1 de juliol de 2015, d&#8217;acord a l&#8217;article 45 del decret 102\/2010, sobre la representaci\u00f3 dels ter\u00e7os en la composici\u00f3 dels membres.<br \/>\nOrganitzativament, el Claustre de professors es reuneix cada dues o tres setmanes en dies alterns i en horari de 13,00 a 14,30h. Les coordinacions dels diferents ensenyaments es reuneixen amb el mateix criteri, dues vegades al trimestre aproximadament, tot depenent de les necessitats del Centre i\/o dels ensenyaments.<br \/>\nL&#8217;equip directiu fa una reuni\u00f3 setmanal de gesti\u00f3 i funcionament, a m\u00e9s de les trobades puntuals que calguin.<\/p>\n<p>El CFA L&#8217;Alzina de Cerdanyola d\u00f3na resposta a la demanda plural d&#8217;un alumnat que t\u00e9 unes caracter\u00edstiques que s\u00f3n pr\u00f2pies de la majoria de centres d&#8217;adults i que cal ressaltar perqu\u00e8 condicionen en gran mesura la pr\u00e0ctica docent, sobretot a l&#8217;hora de flexibilitzar l&#8217;oferta educativa i de l&#8217;adaptaci\u00f3 de materials did\u00e0ctics. <strong>Aquests trets quant a la tipologia d&#8217;alumnes s\u00f3n<\/strong>:<\/p>\n<blockquote>\n<ul>\n<li>Un grup, sobretot de dones, d&#8217;edats compreses entre els 55 i 80 anys que volen adquirir o perfeccionar la lectura i l&#8217;escriptura.<\/li>\n<li>Un grup, majorit\u00e0riament de dones nouvingudes, que no han estat alfabetitzades al seu pa\u00eds d&#8217;origen.<\/li>\n<li>Joves procedents, en la seva majoria dels INS, que no han obtingut el t\u00edtol de l&#8217;ESO i que tenen com a objectiu treure&#8217;s aquesta acreditaci\u00f3.<\/li>\n<li>Un col\u00b7lectiu d&#8217;aturats i joves sense feina, a causa de la crisi econ\u00f2mica iniciada el 2007, que volen obtenir el t\u00edtol de l&#8217;ESO.<\/li>\n<li>Un altre grup de joves que ja tenen l&#8217;ESO i que volen continuar la seva formaci\u00f3.<\/li>\n<li>Un grup d&#8217;alumnes immigrants molt heterogeni amb dificultats d&#8217;expressi\u00f3 i comprensi\u00f3 dels idiomes catal\u00e0 i castell\u00e0, alguns dels quals s\u00f3n estudiants de l&#8217;UAB.<\/li>\n<li>Un col\u00b7lectiu d&#8217;alumnes amb caracter\u00edstiques diverses respecte l&#8217;edat, sexe, formaci\u00f3 i interessos que segueixen els estudis d&#8217;inform\u00e0tica i angl\u00e8s.<\/li>\n<\/ul>\n<\/blockquote>\n<blockquote><p><strong>Unes altres caracter\u00edstiques generals de tots aquests grups s\u00f3n<\/strong>:<\/p>\n<blockquote>\n<ul>\n<li>Els diferents nivells dins d&#8217;un mateix grup.<\/li>\n<li>La dificultat de previsi\u00f3 de n\u00famero d&#8217;alumnes i demandes formatives (cada any diferent) en alguns ensenyaments com,per exemple, catal\u00e0 i castell\u00e0.<\/li>\n<li>El pas de l&#8217;alumnat per diversos ensenyaments.<\/li>\n<li>La curta estada de l&#8217;alumnat a l&#8217;escola.<\/li>\n<\/ul>\n<\/blockquote>\n<\/blockquote>\n<p>&nbsp;<\/p>\n<p>Atesos aquests condicionants, la <strong>missi\u00f3 <\/strong>del CFA L&#8217;Alzina \u00e9s donar oportunitats acad\u00e8miques i professionals al seu alumnat, a la vegada que una formaci\u00f3 que els garanteixi l&#8217;adquisici\u00f3 d&#8217;aquelles compet\u00e8ncies necess\u00e0ries per a integrar-se en la societat canviant en la qual vivim; aix\u00ed com el desenvolupament d&#8217;uns valors humans de respecte, conviv\u00e8ncia democr\u00e0tica i multicultural. Vol possibilitar el dret que t\u00e9 tota persona a actualitzar els seus coneixements i destreses d&#8217;acord amb les exig\u00e8ncies laborals, socials, familiars i culturals,i a la vegada oferirorientaci\u00f3 acad\u00e8mica per tal d&#8217;acompanyar l&#8217;alumne en el seu projecte vital. \u00c9s per aix\u00f2 que, des del centre, es treballa en la millora de l&#8217;acci\u00f3 tutorial en els diferents ensenyaments, a trav\u00e9s de l&#8217;elaboraci\u00f3 i actualitzaci\u00f3 del Plans d&#8217;Acci\u00f3 Tutorials (PAT).<\/p>\n<p>En definitiva, vol promoure el desenvolupament personal i l&#8217;autonomia dels alumnes, tot integrant les compet\u00e8ncies b\u00e0siques contemplades pel sistema educatiu i, en especial, la compet\u00e8ncia d&#8217;aprendre a aprendre en el seu dia a dia.<\/p>\n<p>&nbsp;<\/p>\n<h4><strong>VISI\u00d3<\/strong><\/h4>\n<h5>On vol arribar l&#8217;escola?<\/h5>\n<ul>\n<li>Educar en la conviv\u00e8ncia i el respecte ala diversitat, afavorint la interculturalitat com a vehicle de coneixement i relaci\u00f3 entre diferents realitats nacionals, culturals, de llengua i de tradicions.<\/li>\n<li>Adequar l&#8217;oferta formativa del Centre a les necessitats de les persones del municipi,d&#8217;acord amb la demanda social existent.<\/li>\n<li>Millorar l&#8217;\u00fas del catal\u00e0 entre els nostres alumnes.<\/li>\n<\/ul>\n<p>&nbsp;<\/p>\n<h5>Com vol veure&#8217;s?<\/h5>\n<ul>\n<li>Com una escola en la que l&#8217;alumnat millori els seus resultats d&#8217;aprenentatge i disminueixi la taxa d&#8217;abandonament.<\/li>\n<li>Com un centre que aconsegueixi unes bones relacions interpersonals entre els seus membres, que facin possible la satisfacci\u00f3 en el treball i la implicaci\u00f3 de tots en el desenvolupament del Projecte Educatiu.<\/li>\n<li>Com una escola que faciliti la participaci\u00f3 dels professors en activitats de formaci\u00f3 permanent, jornades, seminaris, simp\u00f2siums, ja que aquests reverteixen en un benefici per a la totalitat de l&#8217;escola.<\/li>\n<li>Com una escola ben equipada, tant en recursos materials com pedag\u00f2gics, i amb infraestructures dignes.<\/li>\n<li>Com una escola que creixi quant a personal docent (augment de plantilla) i administratiu (administrativa a jornada completa), a la vegada que creixi en oferta formativa vers el municipi (ensenyaments).<\/li>\n<li>Com una escola que promogui accions responsables vers la salut i el medi ambient.<\/li>\n<li>Com un centre que potencia la lectura i l&#8217;escriptura com a eina de millora de la compet\u00e8ncia ling\u00fc\u00edstica.<\/li>\n<\/ul>\n<p>&nbsp;<\/p>\n<h5>Com vol que la vegin els altres?<\/h5>\n<ul>\n<li>Com un centre que estableixi bones relacions amb les altres escoles i institucions.<\/li>\n<li>Com un centre que sigui valorat per l&#8217;ajuntament, de manera que aquest l&#8217;afavoreixi en la projecci\u00f3 de l&#8217;escola vers el municipi.<\/li>\n<li>Com un centre de formaci\u00f3 d&#8217;adults que sigui considerat com una instituci\u00f3 clau de l&#8217;oferta formativa per a una gran part de la poblaci\u00f3.<\/li>\n<\/ul>\n<p>&nbsp;<\/p>\n<p><strong>Aquest PEC es completa i es defineix totalment en un seguit de documents que es poden trobar en el Centre:<br \/>\n<\/strong><\/p>\n<blockquote>\n<ul>\n<li>Reglament de R\u00e8gim Intern (RRI): Defineix i concreta els drets i deures dels membres de la comunitat educativa. Regula la conviv\u00e8ncia i explicita l&#8217;organitzaci\u00f3 i les responsabilitats dels \u00f2rgans de govern, institucionals, de funcionament i gesti\u00f3 del centre.<\/li>\n<li>Pla d&#8217;Acci\u00f3 Tutorial (PAT): regula, concreta i fixa els protocols en l&#8217;exercici de la tutoria i la coordinaci\u00f3 dels equips docents com a eina fonamental per a la formaci\u00f3 integral de l&#8217;alumnat.<\/li>\n<li>Projecte Ling\u00fc\u00edstic de Centre (PLC): estableix les pautes d&#8217;\u00fas de la llengua catalana i el tractament de la resta de lleng\u00fces que tenen pres\u00e8ncia dins la vida di\u00e0ria del centre.<\/li>\n<li>Programacions generals de Centre:defineix l&#8217;ordenaci\u00f3 i organitzaci\u00f3 dels ensenyaments que s&#8217;imparteixen al centre, aix\u00ed com les directrius pedag\u00f2giques que se segueixen.<\/li>\n<\/ul>\n<\/blockquote>\n<h5><strong><em>El qui apr\u00e8n i apr\u00e8n i no practica el que sap, \u00e9s com el que llaura i llaura i no sembra<\/em>.<\/strong><\/h5>\n<p>Plat\u00f3 (427 AC-347 AC) Fil\u00f2sof grec.<\/p>\n","protected":false},"excerpt":{"rendered":"<p>L&#8217;ENTORN L&#8217;escola d&#8217;Adults L&#8217;Alzina est\u00e0 situada al n\u00famero 5 del carrer Roman\u00ed al barri de Serraparera de Cerdanyola del Vall\u00e8s. \u00c9s un barri format per for\u00e7a torretes i algun bloc de pisos. Pel que fa a serveis est\u00e0 ben cobert ja que hi ha comer\u00e7os de tot tipus, mercat, supermercats, dispensari, autobusos, etc.. L&#8217;escola d&#8217;Adults [&hellip;]<\/p>\n","protected":false},"author":3,"featured_media":0,"parent":57,"menu_order":0,"comment_status":"closed","ping_status":"closed","template":"","meta":{"_bbp_topic_count":0,"_bbp_reply_count":0,"_bbp_total_topic_count":0,"_bbp_total_reply_count":0,"_bbp_voice_count":0,"_bbp_anonymous_reply_count":0,"_bbp_topic_count_hidden":0,"_bbp_reply_count_hidden":0,"_bbp_forum_subforum_count":0,"site-sidebar-layout":"default","site-content-layout":"","ast-site-content-layout":"","site-content-style":"default","site-sidebar-style":"default","ast-global-header-display":"","ast-banner-title-visibility":"","ast-main-header-display":"","ast-hfb-above-header-display":"","ast-hfb-below-header-display":"","ast-hfb-mobile-header-display":"","site-post-title":"","ast-breadcrumbs-content":"","ast-featured-img":"","footer-sml-layout":"","theme-transparent-header-meta":"","adv-header-id-meta":"","stick-header-meta":"","header-above-stick-meta":"","header-main-stick-meta":"","header-below-stick-meta":"","astra-migrate-meta-layouts":"default","ast-page-background-enabled":"default","ast-page-background-meta":{"desktop":{"background-color":"var(--ast-global-color-4)","background-image":"","background-repeat":"repeat","background-position":"center center","background-size":"auto","background-attachment":"scroll","background-type":"","background-media":"","overlay-type":"","overlay-color":"","overlay-opacity":"","overlay-gradient":""},"tablet":{"background-color":"","background-image":"","background-repeat":"repeat","background-position":"center center","background-size":"auto","background-attachment":"scroll","background-type":"","background-media":"","overlay-type":"","overlay-color":"","overlay-opacity":"","overlay-gradient":""},"mobile":{"background-color":"","background-image":"","background-repeat":"repeat","background-position":"center center","background-size":"auto","background-attachment":"scroll","background-type":"","background-media":"","overlay-type":"","overlay-color":"","overlay-opacity":"","overlay-gradient":""}},"ast-content-background-meta":{"desktop":{"background-color":"var(--ast-global-color-5)","background-image":"","background-repeat":"repeat","background-position":"center center","background-size":"auto","background-attachment":"scroll","background-type":"","background-media":"","overlay-type":"","overlay-color":"","overlay-opacity":"","overlay-gradient":""},"tablet":{"background-color":"var(--ast-global-color-5)","background-image":"","background-repeat":"repeat","background-position":"center center","background-size":"auto","background-attachment":"scroll","background-type":"","background-media":"","overlay-type":"","overlay-color":"","overlay-opacity":"","overlay-gradient":""},"mobile":{"background-color":"var(--ast-global-color-5)","background-image":"","background-repeat":"repeat","background-position":"center center","background-size":"auto","background-attachment":"scroll","background-type":"","background-media":"","overlay-type":"","overlay-color":"","overlay-opacity":"","overlay-gradient":""}},"footnotes":""},"class_list":["post-2224","page","type-page","status-publish","hentry"],"post_mailing_queue_ids":[],"_links":{"self":[{"href":"https:\/\/agora.xtec.cat\/cfa-alzina\/wp-json\/wp\/v2\/pages\/2224","targetHints":{"allow":["GET"]}}],"collection":[{"href":"https:\/\/agora.xtec.cat\/cfa-alzina\/wp-json\/wp\/v2\/pages"}],"about":[{"href":"https:\/\/agora.xtec.cat\/cfa-alzina\/wp-json\/wp\/v2\/types\/page"}],"author":[{"embeddable":true,"href":"https:\/\/agora.xtec.cat\/cfa-alzina\/wp-json\/wp\/v2\/users\/3"}],"replies":[{"embeddable":true,"href":"https:\/\/agora.xtec.cat\/cfa-alzina\/wp-json\/wp\/v2\/comments?post=2224"}],"version-history":[{"count":1,"href":"https:\/\/agora.xtec.cat\/cfa-alzina\/wp-json\/wp\/v2\/pages\/2224\/revisions"}],"predecessor-version":[{"id":2225,"href":"https:\/\/agora.xtec.cat\/cfa-alzina\/wp-json\/wp\/v2\/pages\/2224\/revisions\/2225"}],"up":[{"embeddable":true,"href":"https:\/\/agora.xtec.cat\/cfa-alzina\/wp-json\/wp\/v2\/pages\/57"}],"wp:attachment":[{"href":"https:\/\/agora.xtec.cat\/cfa-alzina\/wp-json\/wp\/v2\/media?parent=2224"}],"curies":[{"name":"wp","href":"https:\/\/api.w.org\/{rel}","templated":true}]}}