{"id":9785,"date":"2020-06-26T09:40:19","date_gmt":"2020-06-26T07:40:19","guid":{"rendered":"http:\/\/agora.xtec.cat\/cesire_historic\/\/?page_id=9785"},"modified":"2021-01-20T09:46:51","modified_gmt":"2021-01-20T08:46:51","slug":"materials-de-les-formacions-sobre-les-dimensions-competencials-primaria-i-secundaria","status":"publish","type":"page","link":"https:\/\/agora.xtec.cat\/cesire_historic\/ambit-matematic\/formacio_mat\/materials-de-les-formacions-sobre-les-dimensions-competencials-primaria-i-secundaria\/","title":{"rendered":"Materials de les formacions sobre les dimensions competencials (prim\u00e0ria i secund\u00e0ria) i Laboratori de matem\u00e0tiques"},"content":{"rendered":"<h4>Presentaci\u00f3<\/h4>\n<p>Durant el temps de la pand\u00e8mia de la COVID-19 s&#8217;ha organitzat dos cursos telem\u00e0tics de quatre sessions cadascun, una per a cada dimensi\u00f3. El curs de prim\u00e0ria s&#8217;ha basat en les formacions AraMat i el de secund\u00e0ria en un curs previ organitzat per ABEAM. A continuaci\u00f3 trobareu els v\u00eddeos i les presentacions de cada sessi\u00f3. Us recomanem veure tants les sessions de prim\u00e0ria com de secund\u00e0ria per dues raons fonamentals. La primera \u00e9s veure la continu\u00eftat metodol\u00f2gica entre les dues etapes. La segona \u00e9s que veureu aspectes en les que es complementen.<\/p>\n<p>Durant les sessions s&#8217;han fet refer\u00e8ncies a algunes tasques pr\u00e8vies realitzades per les persones que participen en la formaci\u00f3, per\u00f2 aix\u00f2 no dificulta especialment el seu seguiment.<\/p>\n<hr \/>\n<h4>Ara TeleMat (Prim\u00e0ria)<\/h4>\n<ul>\n<li><strong>Sessi\u00f3 1<\/strong>: <em>Raonament i prova<\/em>. Dimarts, 19\/5\/20 (a c\u00e0rrec de N\u00faria Serra) (<a href=\"https:\/\/youtu.be\/vs8ssFTDEgw\" target=\"_blank\" rel=\"noopener noreferrer\">v\u00eddeo<\/a>) (<a href=\"https:\/\/view.genial.ly\/5ea356038cfd990d7d76acd1\" target=\"_blank\" rel=\"noopener noreferrer\">presentaci\u00f3<\/a>)<\/li>\n<\/ul>\n<p style=\"text-align: center;\"><iframe loading=\"lazy\" src=\"\/\/www.youtube.com\/embed\/vs8ssFTDEgw\" width=\"560\" height=\"315\" frameborder=\"0\" data-mce-fragment=\"1\"><\/iframe><\/p>\n<ul>\n<li><strong>Sessi\u00f3 2<\/strong>: <em>Comunicaci\u00f3 i representaci\u00f3<\/em>. Dijous, 21\/5\/20 (a c\u00e0rrec del Xavier Fern\u00e1ndez i la Marta Arag\u00fc\u00e9s) (<a href=\"https:\/\/youtu.be\/Tvy-P4rsiRI\" target=\"_blank\" rel=\"noopener noreferrer\">v\u00eddeo<\/a>) (<a href=\"https:\/\/docs.google.com\/presentation\/d\/1Kr2VEZCfyrlQK3rOEsxsw6X_eJUJuhRtvT2Yoq_6Krg\/edit\" target=\"_blank\" rel=\"noopener noreferrer\">presentaci\u00f3<\/a>)<\/li>\n<\/ul>\n<p style=\"text-align: center;\"><iframe loading=\"lazy\" src=\"\/\/www.youtube.com\/embed\/Tvy-P4rsiRI\" width=\"560\" height=\"315\" frameborder=\"0\" data-mce-fragment=\"1\"><\/iframe><\/p>\n<ul>\n<li><strong>Sessi\u00f3 3<\/strong>: <em>Connexions<\/em>. Dimarts, 26\/5\/20 (a c\u00e0rrec de la Lucia Cabello i en Francesc Xavier Alegria) (<a href=\"https:\/\/youtu.be\/4MZa4QK3y40\" target=\"_blank\" rel=\"noopener noreferrer\">1a part del v\u00eddeo<\/a>) (<a href=\"https:\/\/youtu.be\/pAGnjacQ62U\" target=\"_blank\" rel=\"noopener noreferrer\">2a part del v\u00eddeo<\/a>) (<a href=\"https:\/\/docs.google.com\/presentation\/d\/1h7PdbVinGSjr4b2-5fbwSDYD7Ye6WAnsgwK8yVN0yX8\/edit#slide=id.p1\" target=\"_blank\" rel=\"noopener noreferrer\">presentaci\u00f3<\/a>)<\/li>\n<\/ul>\n<p style=\"text-align: center;\"><iframe loading=\"lazy\" src=\"\/\/www.youtube.com\/embed\/4MZa4QK3y40\" width=\"560\" height=\"315\" frameborder=\"0\" data-mce-fragment=\"1\"><\/iframe><br \/>\n1a part<\/p>\n<p style=\"text-align: center;\"><iframe loading=\"lazy\" src=\"\/\/www.youtube.com\/embed\/pAGnjacQ62U\" width=\"560\" height=\"315\" frameborder=\"0\" data-mce-fragment=\"1\"><\/iframe><br \/>\n2a part<\/p>\n<ul>\n<li><strong>Sessi\u00f3 4<\/strong>: <em>Resoluci\u00f3 de problemes<\/em>. Dijous 28\/5\/20 (a c\u00e0rrec de la Cec\u00edlia Calvo) (<a href=\"https:\/\/youtu.be\/MaykSEhGBNk\" target=\"_blank\" rel=\"noopener noreferrer\">v\u00eddeo<\/a>) (<a href=\"https:\/\/docs.google.com\/presentation\/d\/1TxQgSIvjBi1O1WJPD1d--ikmYbyjqkpDY9JPhNysxlo\/edit#slide=id.p3\" target=\"_blank\" rel=\"noopener noreferrer\">presentaci\u00f3<\/a>)<\/li>\n<\/ul>\n<p style=\"text-align: center;\"><iframe loading=\"lazy\" src=\"\/\/www.youtube.com\/embed\/MaykSEhGBNk\" width=\"560\" height=\"315\" frameborder=\"0\" data-mce-fragment=\"1\"><\/iframe><\/p>\n<hr \/>\n<h4>Activitats riques i compet\u00e8ncies matem\u00e0tiques a l&#8217;aula de secund\u00e0ria<\/h4>\n<ul>\n<li><strong>Sessi\u00f3 1<\/strong>: <em>Raonament i prova<\/em>. 4\/6\/20 (a c\u00e0rrec de Cecilia Calvo i Laura Morera) (<a href=\"https:\/\/youtu.be\/iOCl7u765XM\" target=\"_blank\" rel=\"noopener noreferrer\">v\u00eddeo<\/a>) (<a href=\"https:\/\/docs.google.com\/presentation\/d\/1HX0yYKjpyll154QnOPIE7xWhleOgLxPp-L7ALnSzzZE\/edit#slide=id.g65ba471e16_0_53\" target=\"_blank\" rel=\"noopener noreferrer\">presentaci\u00f3<\/a>)<\/li>\n<\/ul>\n<p style=\"text-align: center;\"><iframe loading=\"lazy\" src=\"\/\/www.youtube.com\/embed\/iOCl7u765XM\" width=\"560\" height=\"315\" frameborder=\"0\" data-mce-fragment=\"1\"><\/iframe><\/p>\n<ul>\n<li><strong>Sessi\u00f3 2<\/strong>: <em>Comunicaci\u00f3 i representaci\u00f3<\/em>. 11\/6\/20 (a c\u00e0rrec de Llu\u00eds Mora i Joan Jare\u00f1o) (<a href=\"https:\/\/youtu.be\/aD-huObwnto\" target=\"_blank\" rel=\"noopener noreferrer\">v\u00eddeo<\/a>) (<a href=\"https:\/\/agora.xtec.cat\/cesire_historic\/\/wp-content\/uploads\/usu397\/2020\/06\/Comunicaci\u00f3-i-representaci\u00f3-curs-CESIRE_b.pdf\" target=\"_blank\" rel=\"noopener noreferrer\">presentaci\u00f3<\/a>)<\/li>\n<\/ul>\n<p style=\"text-align: center;\"><iframe loading=\"lazy\" src=\"\/\/www.youtube.com\/embed\/aD-huObwnto\" width=\"560\" height=\"315\" frameborder=\"0\" data-mce-fragment=\"1\"><\/iframe><\/p>\n<ul>\n<li><strong>Sessi\u00f3 3<\/strong>: <em>Connexions<\/em>. 18\/6\/20 (a c\u00e0rrec d&#8217;Anton Aubanell i Francesc Massich) (<a href=\"https:\/\/youtu.be\/7IH0Q8QiO4U\" target=\"_blank\" rel=\"noopener noreferrer\">v\u00eddeo<\/a>) (<a href=\"https:\/\/agora.xtec.cat\/cesire_historic\/\/wp-content\/uploads\/usu397\/2020\/06\/Compet\u00e8ncies-Creamat-dimensi\u00f3-connexions.pdf\" target=\"_blank\" rel=\"noopener noreferrer\">presentaci\u00f3<\/a>)<\/li>\n<\/ul>\n<p style=\"text-align: center;\"><iframe loading=\"lazy\" src=\"\/\/www.youtube.com\/embed\/7IH0Q8QiO4U\" width=\"560\" height=\"315\" frameborder=\"0\" data-mce-fragment=\"1\"><\/iframe><\/p>\n<ul>\n<li><strong>Sessi\u00f3 4<\/strong>: <em>Resoluci\u00f3 de problemes<\/em>. 25\/6\/20 (a c\u00e0rrec de Jordi Deulofeu i Abraham de la Fuente) (<a href=\"https:\/\/youtu.be\/EkhjJzmpIzc\" target=\"_blank\" rel=\"noopener noreferrer\">v\u00eddeo<\/a>) (<a href=\"https:\/\/agora.xtec.cat\/cesire_historic\/\/wp-content\/uploads\/usu397\/2020\/06\/Resoluci\u00f3-de-problemes-CURS-CESIRE.pdf\" target=\"_blank\" rel=\"noopener noreferrer\">presentaci\u00f3<\/a>)<\/li>\n<\/ul>\n<p style=\"text-align: center;\"><iframe loading=\"lazy\" src=\"\/\/www.youtube.com\/embed\/EkhjJzmpIzc\" width=\"560\" height=\"315\" frameborder=\"0\" data-mce-fragment=\"1\"><\/iframe><\/p>\n<hr \/>\n<h4>Laboratori de matem\u00e0tiques<\/h4>\n<p>Enregistraments de les sessions realitzades els dies 30 de juny de 2020 (dimarts) i 2 de juliol (dijous), i de 17.00 a 19.00, dedicades a la formaci\u00f3 Laboratori de matem\u00e0tiques. Tot i que en principi estar destinades als centres que rebran en pr\u00e9stec una de les setanta maletes de materials i que hem pogut fer gr\u00e0cies a fons europeus, els continguts s\u00f3n prou generals com per a que siguin d&#8217;utilitat per a tothom. La 1a sessi\u00f3 ser\u00e0 a c\u00e0rrec de Jordi Font i ens ha parlat sobre la creaci\u00f3 del laboratori matem\u00e0tic, m\u00e9s com a concepte que com a espai f\u00edsic espec\u00edfic, i la 2a a c\u00e0rrec de l&#8217;equip del Cesire de Matem\u00e0tiques i es mostren possibilitats d&#8217;\u00fas dels materials manipulatius a l&#8217;aula. Les sessions, com les maletes, estan adre\u00e7ades tan a mestres com a professorat de secund\u00e0ria.<\/p>\n<ul>\n<li style=\"list-style-type: none;\">\n<ul>\n<li style=\"list-style-type: none;\">\n<ul>\n<li><strong>1a sessi\u00f3<\/strong>. <em>El laboratori de matem\u00e0tiques<\/em>, Jordi Font (30\/6\/20, 17:00 h) (<a href=\"https:\/\/youtu.be\/2aAeZw6PJ-g\" target=\"_blank\" rel=\"noopener noreferrer\">v\u00eddeo<\/a>) (<a href=\"https:\/\/agora.xtec.cat\/cesire_historic\/\/wp-content\/uploads\/usu397\/2020\/07\/Presentaci\u00f3-30-6-20-materials-laboratori.pdf\" target=\"_blank\" rel=\"noopener noreferrer\">presentaci\u00f3 de la introducci\u00f3<\/a>) (<a href=\"https:\/\/agora.xtec.cat\/cesire_historic\/\/wp-content\/uploads\/usu397\/2020\/07\/Una-maleta-i-un-viatge-JUNY-2020.pdf\" target=\"_blank\" rel=\"noopener noreferrer\">presentaci\u00f3 de la confer\u00e8ncia<\/a>).<\/li>\n<\/ul>\n<\/li>\n<\/ul>\n<\/li>\n<\/ul>\n<p style=\"text-align: center;\"><iframe loading=\"lazy\" src=\"\/\/www.youtube.com\/embed\/2aAeZw6PJ-g\" width=\"560\" height=\"315\" frameborder=\"0\" data-mce-fragment=\"1\"><\/iframe><\/p>\n<ul>\n<li style=\"list-style-type: none;\">\n<ul>\n<li style=\"list-style-type: none;\">\n<ul>\n<li style=\"text-align: center;\"><strong>2a sessi\u00f3<\/strong>.<em>Materials manipulatius a l&#8217;aula de matem\u00e0tiques<\/em>. Equip del Cesire. (2\/07\/2020, 17:00) (<a href=\"https:\/\/youtu.be\/mDsD1098aIw\" target=\"_blank\" rel=\"noopener noreferrer\">v\u00eddeo<\/a>) (<a href=\"https:\/\/agora.xtec.cat\/cesire_historic\/\/wp-content\/uploads\/usu397\/2020\/07\/Presentacio\u0301-2-7-20-materials-laboratori.pdf\" target=\"_blank\" rel=\"noopener noreferrer\">presentaci\u00f3)<\/a><\/li>\n<\/ul>\n<\/li>\n<\/ul>\n<\/li>\n<li style=\"list-style-type: none;\">\n<ul>\n<li style=\"list-style-type: none; text-align: center;\"><iframe loading=\"lazy\" src=\"\/\/www.youtube.com\/embed\/mDsD1098aIw\" width=\"560\" height=\"315\" frameborder=\"0\"><\/iframe>\n<ul>\n<li style=\"text-align: center;\"><strong>3a sessi\u00f3<\/strong>. <em>Materials manipulatius de matem\u00e0tiques, un cam\u00ed cap a l&#8217;abstracci\u00f3<\/em>. Daniel Ruiz-Aguilera. (9\/12\/2020, 18:00) (<a href=\"https:\/\/www.youtube.com\/watch?v=IV2BII5BSd4&amp;feature=emb_logo\" target=\"_blank\" rel=\"noopener noreferrer\">v\u00eddeo<\/a>) (<a href=\"https:\/\/agora.xtec.cat\/cesire_historic\/\/wp-content\/uploads\/usu397\/2020\/12\/Materials-manipulatius-un-cam%C3%AD-cap-a-labstracci%C3%B3.pdf\" target=\"_blank\" rel=\"noopener noreferrer\">presentaci\u00f3<\/a>)<\/li>\n<\/ul>\n<\/li>\n<\/ul>\n<\/li>\n<\/ul>\n<p style=\"text-align: center;\"><iframe loading=\"lazy\" src=\"\/\/www.youtube.com\/embed\/IV2BII5BSd4\" width=\"560\" height=\"315\" frameborder=\"0\"><\/iframe><\/p>\n<p style=\"text-align: center;\">\n","protected":false},"excerpt":{"rendered":"<p>Presentaci\u00f3<br \/>\nDurant el temps de la pand\u00e8mia de la COVID-19 s&#8217;ha organitzat dos cursos telem\u00e0tics de quatre sessions cadascun, una per a cada dimensi\u00f3. El curs de prim\u00e0ria s&#8217;ha basat en les formacions AraMat i el de secund\u00e0ria en un curs previ organitzat per ABEAM. A&hellip;  <a href=\"https:\/\/agora.xtec.cat\/cesire_historic\/ambit-matematic\/formacio_mat\/materials-de-les-formacions-sobre-les-dimensions-competencials-primaria-i-secundaria\/\" title=\"Read Materials de les formacions sobre les dimensions competencials (prim\u00e0ria i secund\u00e0ria) i Laboratori de matem\u00e0tiques\">Llegeix m\u00e9s\u00bb<\/a><\/p>\n","protected":false},"author":1,"featured_media":0,"parent":4710,"menu_order":1,"comment_status":"closed","ping_status":"closed","template":"page-templates\/side-menu.php","meta":{"_bbp_topic_count":0,"_bbp_reply_count":0,"_bbp_total_topic_count":0,"_bbp_total_reply_count":0,"_bbp_voice_count":0,"_bbp_anonymous_reply_count":0,"_bbp_topic_count_hidden":0,"_bbp_reply_count_hidden":0,"_bbp_forum_subforum_count":0,"footnotes":""},"class_list":["post-9785","page","type-page","status-publish","hentry"],"post_mailing_queue_ids":[],"_links":{"self":[{"href":"https:\/\/agora.xtec.cat\/cesire_historic\/wp-json\/wp\/v2\/pages\/9785","targetHints":{"allow":["GET"]}}],"collection":[{"href":"https:\/\/agora.xtec.cat\/cesire_historic\/wp-json\/wp\/v2\/pages"}],"about":[{"href":"https:\/\/agora.xtec.cat\/cesire_historic\/wp-json\/wp\/v2\/types\/page"}],"author":[{"embeddable":true,"href":"https:\/\/agora.xtec.cat\/cesire_historic\/wp-json\/wp\/v2\/users\/1"}],"replies":[{"embeddable":true,"href":"https:\/\/agora.xtec.cat\/cesire_historic\/wp-json\/wp\/v2\/comments?post=9785"}],"version-history":[{"count":3,"href":"https:\/\/agora.xtec.cat\/cesire_historic\/wp-json\/wp\/v2\/pages\/9785\/revisions"}],"predecessor-version":[{"id":10601,"href":"https:\/\/agora.xtec.cat\/cesire_historic\/wp-json\/wp\/v2\/pages\/9785\/revisions\/10601"}],"up":[{"embeddable":true,"href":"https:\/\/agora.xtec.cat\/cesire_historic\/wp-json\/wp\/v2\/pages\/4710"}],"wp:attachment":[{"href":"https:\/\/agora.xtec.cat\/cesire_historic\/wp-json\/wp\/v2\/media?parent=9785"}],"curies":[{"name":"wp","href":"https:\/\/api.w.org\/{rel}","templated":true}]}}