{"id":9040,"date":"2020-11-13T09:23:01","date_gmt":"2020-11-13T08:23:01","guid":{"rendered":"http:\/\/agora.xtec.cat\/cesire_historic\/\/?page_id=9040"},"modified":"2020-11-18T09:44:14","modified_gmt":"2020-11-18T08:44:14","slug":"medi-steam","status":"publish","type":"page","link":"https:\/\/agora.xtec.cat\/cesire_historic\/projectes\/stem-steam\/medi-steam\/","title":{"rendered":"MEDI_STEAM per comprendre el m\u00f3n"},"content":{"rendered":"<p dir=\"ltr\">L\u2019objectiu d\u2019aquesta formaci\u00f3 \u00e9s ampliar els sabers en la did\u00e0ctica del \u201cConeixement del Medi\u201d aprofundint en els continguts de les Ci\u00e8ncies Naturals i les Ci\u00e8ncies Socials. Aquesta formaci\u00f3 es va fer de manera presencials a 24 mestres de tot el territori el curs 2018.<\/p>\n<p dir=\"ltr\">L&#8217;estructura \u00e9s en quatre grans blocs, el primer posa les bases en el que ha de ser el Coneixement del medi a prim\u00e0ria, Per qu\u00e8 Medi? Un segon bloc on s&#8217;analitza el com, el qu\u00e8 i el perqu\u00e8 les STEAM a l&#8217;aula, Per qu\u00e8 STEAM?. El tercer bloc aprofundeix en com la investigaci\u00f3 i l&#8217;aprenentatge de les ci\u00e8ncies naturals s\u00f3n les dues cares de la mateixa moneda, Aprendre a investigar, investigar per aprendre. Per \u00faltim \u00e9s fa una reflexi\u00f3 de perqu\u00e8 cal fer un gir important en l&#8217;aprenentatge de les ci\u00e8ncies socials a les nostres aules, Aprendre a pensar. Aprendre a actuar. Com mirar des de les ci\u00e8ncies socials.<\/p>\n<p>Cada un dels quatre blocs est\u00e0 estructurat en tres parts, la primera &#8220;I tu qu\u00e8 en penses&#8221; \u00a0 proposa un primer contacte amb vosaltres, on es formulen preguntes que en l&#8217;apartat &#8220;Des de l&#8217;expertesa&#8221; trobareu l&#8217;opini\u00f3 d&#8217;una experta o expert, els professors de de la universitat que van impartir la formaci\u00f3 dels formadors. Un \u00faltim apartat &#8220;Recapitulem i enfoquem&#8221; hi trobareu activitats per fer.\u00a0 <a href=\"https:\/\/sites.google.com\/xtec.cat\/medi-steam\/p%C3%A0gina-principal\" target=\"_blank\" rel=\"noopener noreferrer\"><sub>Comencem.<\/sub><\/a><\/p>\n<p><a href=\"https:\/\/sites.google.com\/xtec.cat\/medi-steam\/p%C3%A0gina-principal\" target=\"_blank\" rel=\"noopener noreferrer\"><img loading=\"lazy\" decoding=\"async\" class=\" wp-image-9041 aligncenter\" src=\"https:\/\/agora.xtec.cat\/cesire_historic\/\/wp-content\/uploads\/usu397\/2020\/04\/Portada-medi-steam-300x69.jpg\" alt=\"\" width=\"352\" height=\"81\" srcset=\"https:\/\/agora.xtec.cat\/cesire_historic\/wp-content\/uploads\/usu397\/2020\/04\/Portada-medi-steam-300x69.jpg 300w, https:\/\/agora.xtec.cat\/cesire_historic\/wp-content\/uploads\/usu397\/2020\/04\/Portada-medi-steam-768x176.jpg 768w, https:\/\/agora.xtec.cat\/cesire_historic\/wp-content\/uploads\/usu397\/2020\/04\/Portada-medi-steam-1024x235.jpg 1024w, https:\/\/agora.xtec.cat\/cesire_historic\/wp-content\/uploads\/usu397\/2020\/04\/Portada-medi-steam.jpg 1355w\" sizes=\"auto, (max-width: 352px) 100vw, 352px\" \/><\/a><\/p>\n","protected":false},"excerpt":{"rendered":"<p>L\u2019objectiu d\u2019aquesta formaci\u00f3 \u00e9s ampliar els sabers en la did\u00e0ctica del \u201cConeixement del Medi\u201d aprofundint en els continguts de les Ci\u00e8ncies Naturals i les Ci\u00e8ncies Socials. Aquesta formaci\u00f3 es va fer de manera presencials a 24 mestres de tot el territori el curs 2018.<br \/>\nL&#8217;estructura \u00e9s&hellip;  <a href=\"https:\/\/agora.xtec.cat\/cesire_historic\/projectes\/stem-steam\/medi-steam\/\" title=\"Read MEDI_STEAM per comprendre el m\u00f3n\">Llegeix m\u00e9s\u00bb<\/a><\/p>\n","protected":false},"author":242,"featured_media":0,"parent":2158,"menu_order":1,"comment_status":"closed","ping_status":"closed","template":"","meta":{"_bbp_topic_count":0,"_bbp_reply_count":0,"_bbp_total_topic_count":0,"_bbp_total_reply_count":0,"_bbp_voice_count":0,"_bbp_anonymous_reply_count":0,"_bbp_topic_count_hidden":0,"_bbp_reply_count_hidden":0,"_bbp_forum_subforum_count":0,"footnotes":""},"class_list":["post-9040","page","type-page","status-publish","hentry"],"post_mailing_queue_ids":[],"_links":{"self":[{"href":"https:\/\/agora.xtec.cat\/cesire_historic\/wp-json\/wp\/v2\/pages\/9040","targetHints":{"allow":["GET"]}}],"collection":[{"href":"https:\/\/agora.xtec.cat\/cesire_historic\/wp-json\/wp\/v2\/pages"}],"about":[{"href":"https:\/\/agora.xtec.cat\/cesire_historic\/wp-json\/wp\/v2\/types\/page"}],"author":[{"embeddable":true,"href":"https:\/\/agora.xtec.cat\/cesire_historic\/wp-json\/wp\/v2\/users\/242"}],"replies":[{"embeddable":true,"href":"https:\/\/agora.xtec.cat\/cesire_historic\/wp-json\/wp\/v2\/comments?post=9040"}],"version-history":[{"count":3,"href":"https:\/\/agora.xtec.cat\/cesire_historic\/wp-json\/wp\/v2\/pages\/9040\/revisions"}],"predecessor-version":[{"id":10193,"href":"https:\/\/agora.xtec.cat\/cesire_historic\/wp-json\/wp\/v2\/pages\/9040\/revisions\/10193"}],"up":[{"embeddable":true,"href":"https:\/\/agora.xtec.cat\/cesire_historic\/wp-json\/wp\/v2\/pages\/2158"}],"wp:attachment":[{"href":"https:\/\/agora.xtec.cat\/cesire_historic\/wp-json\/wp\/v2\/media?parent=9040"}],"curies":[{"name":"wp","href":"https:\/\/api.w.org\/{rel}","templated":true}]}}