{"id":8846,"date":"2020-03-18T17:18:04","date_gmt":"2020-03-18T16:18:04","guid":{"rendered":"http:\/\/agora.xtec.cat\/cesire_historic\/\/?page_id=8846"},"modified":"2021-06-22T12:59:04","modified_gmt":"2021-06-22T10:59:04","slug":"ciencia-ciutadana","status":"publish","type":"page","link":"https:\/\/agora.xtec.cat\/cesire_historic\/ambit-cientific-i-medi\/recursos-per-a-laula_cm\/ciencia-ciutadana\/","title":{"rendered":"Ci\u00e8ncia ciutadana"},"content":{"rendered":"<p>\u201cLa ci\u00e8ncia ciutadana \u00e9s aquella recerca cient\u00edfica que <strong>nom\u00e9s \u00e9s possible<\/strong> gr\u00e0cies a la col\u00b7laboraci\u00f3 i participaci\u00f3 de persones no-expertes. Es tracta d&#8217;investigacions on la ciutadania juga un paper clau i imprescindible en els diferents estadis de la recerca cient\u00edfica\u201d. (<em><a href=\"https:\/\/cciutadana.files.wordpress.com\/2016\/05\/cic3a8nciaciutadana-recercaieducacic3b3_v5.pdf\">Impacte de la introducci\u00f3 de la Ci\u00e8ncia Ciutadana a les Escoles.<\/a><\/em>)<\/p>\n<p>\u201cEls projectes de ci\u00e8ncia ciutadana involucren activament als ciutadans i ciutadanes en tasques cient\u00edfiques que generen un nou coneixement o una millor comprensi\u00f3\u201d. (<a href=\"https:\/\/ecsa.citizen-science.net\/sites\/default\/files\/ecsa_ten_principles_of_cs_catalan.pdf\"><em>Deu principis de ci\u00e8ncia Ciutadana<\/em><\/a>)<\/p>\n<p>Algunes adreces web on podeu trobar projectes de Ci\u00e8ncia Ciutadana<\/p>\n<table style=\"width: 100%;\">\n<tbody>\n<tr>\n<td style=\"width: 222px; text-align: center;\"><a href=\"https:\/\/agora.xtec.cat\/cesire_historic\/\/wp-content\/uploads\/usu397\/2020\/03\/Creaf.png\"><img loading=\"lazy\" decoding=\"async\" class=\"alignnone size-large wp-image-8856\" src=\"https:\/\/agora.xtec.cat\/cesire_historic\/\/wp-content\/uploads\/usu397\/2020\/03\/Creaf-1024x805.png\" alt=\"\" width=\"1024\" height=\"805\" srcset=\"https:\/\/agora.xtec.cat\/cesire_historic\/wp-content\/uploads\/usu397\/2020\/03\/Creaf-1024x805.png 1024w, https:\/\/agora.xtec.cat\/cesire_historic\/wp-content\/uploads\/usu397\/2020\/03\/Creaf-300x236.png 300w, https:\/\/agora.xtec.cat\/cesire_historic\/wp-content\/uploads\/usu397\/2020\/03\/Creaf-768x604.png 768w, https:\/\/agora.xtec.cat\/cesire_historic\/wp-content\/uploads\/usu397\/2020\/03\/Creaf.png 1056w\" sizes=\"auto, (max-width: 1024px) 100vw, 1024px\" \/><\/a><\/td>\n<td style=\"width: 257.333px; text-align: center;\"><a href=\"https:\/\/agora.xtec.cat\/cesire_historic\/\/wp-content\/uploads\/usu397\/2020\/03\/Ciencia-Ciutadana-BCN.png\"><img loading=\"lazy\" decoding=\"async\" class=\"alignnone size-large wp-image-8855\" src=\"https:\/\/agora.xtec.cat\/cesire_historic\/\/wp-content\/uploads\/usu397\/2020\/03\/Ciencia-Ciutadana-BCN-1024x245.png\" alt=\"\" width=\"1024\" height=\"245\" srcset=\"https:\/\/agora.xtec.cat\/cesire_historic\/wp-content\/uploads\/usu397\/2020\/03\/Ciencia-Ciutadana-BCN-1024x245.png 1024w, https:\/\/agora.xtec.cat\/cesire_historic\/wp-content\/uploads\/usu397\/2020\/03\/Ciencia-Ciutadana-BCN-300x72.png 300w, https:\/\/agora.xtec.cat\/cesire_historic\/wp-content\/uploads\/usu397\/2020\/03\/Ciencia-Ciutadana-BCN-768x184.png 768w, https:\/\/agora.xtec.cat\/cesire_historic\/wp-content\/uploads\/usu397\/2020\/03\/Ciencia-Ciutadana-BCN.png 1732w\" sizes=\"auto, (max-width: 1024px) 100vw, 1024px\" \/><\/a><\/td>\n<td style=\"width: 240px; text-align: center;\"><a href=\"https:\/\/agora.xtec.cat\/cesire_historic\/\/wp-content\/uploads\/usu397\/2020\/03\/medussapp.png\"><img loading=\"lazy\" decoding=\"async\" class=\"alignnone size-full wp-image-8859\" src=\"https:\/\/agora.xtec.cat\/cesire_historic\/\/wp-content\/uploads\/usu397\/2020\/03\/medussapp.png\" alt=\"\" width=\"667\" height=\"508\" srcset=\"https:\/\/agora.xtec.cat\/cesire_historic\/wp-content\/uploads\/usu397\/2020\/03\/medussapp.png 667w, https:\/\/agora.xtec.cat\/cesire_historic\/wp-content\/uploads\/usu397\/2020\/03\/medussapp-300x228.png 300w\" sizes=\"auto, (max-width: 667px) 100vw, 667px\" \/><\/a><\/td>\n<\/tr>\n<tr>\n<td style=\"width: 222px; text-align: center;\"><a href=\"http:\/\/www.creaf.cat\/ca\/ciencia-ciutadana\" target=\"_blank\" rel=\"noopener noreferrer\">CREAF<\/a><\/td>\n<td style=\"width: 257.333px; text-align: center;\"><a href=\"https:\/\/www.barcelona.cat\/barcelonaciencia\/ca\/oficina-de-ciencia-ciutadana\" target=\"_blank\" rel=\"noopener noreferrer\">Oficina de Ci\u00e8ncia Ciutadana de Barcelona<\/a><\/td>\n<td style=\"width: 240px; text-align: center;\"><a href=\"http:\/\/medusapp.net\/\" target=\"_blank\" rel=\"noopener noreferrer\">Medusapp<\/a><\/td>\n<\/tr>\n<tr>\n<td style=\"width: 222px; text-align: center;\"><a href=\"https:\/\/agora.xtec.cat\/cesire_historic\/\/wp-content\/uploads\/usu397\/2020\/03\/liquencity.png\"><img loading=\"lazy\" decoding=\"async\" class=\"alignnone size-large wp-image-8858\" src=\"https:\/\/agora.xtec.cat\/cesire_historic\/\/wp-content\/uploads\/usu397\/2020\/03\/liquencity-1024x699.png\" alt=\"\" width=\"1024\" height=\"699\" srcset=\"https:\/\/agora.xtec.cat\/cesire_historic\/wp-content\/uploads\/usu397\/2020\/03\/liquencity-1024x699.png 1024w, https:\/\/agora.xtec.cat\/cesire_historic\/wp-content\/uploads\/usu397\/2020\/03\/liquencity-300x205.png 300w, https:\/\/agora.xtec.cat\/cesire_historic\/wp-content\/uploads\/usu397\/2020\/03\/liquencity-768x524.png 768w, https:\/\/agora.xtec.cat\/cesire_historic\/wp-content\/uploads\/usu397\/2020\/03\/liquencity.png 1172w\" sizes=\"auto, (max-width: 1024px) 100vw, 1024px\" \/><\/a><\/td>\n<td style=\"width: 257.333px; text-align: center;\"><a href=\"https:\/\/agora.xtec.cat\/cesire_historic\/\/wp-content\/uploads\/usu397\/2020\/03\/pulsair.png\"><img loading=\"lazy\" decoding=\"async\" class=\"alignnone size-large wp-image-8860\" src=\"https:\/\/agora.xtec.cat\/cesire_historic\/\/wp-content\/uploads\/usu397\/2020\/03\/pulsair-1024x574.png\" alt=\"\" width=\"1024\" height=\"574\" srcset=\"https:\/\/agora.xtec.cat\/cesire_historic\/wp-content\/uploads\/usu397\/2020\/03\/pulsair-1024x574.png 1024w, https:\/\/agora.xtec.cat\/cesire_historic\/wp-content\/uploads\/usu397\/2020\/03\/pulsair-300x168.png 300w, https:\/\/agora.xtec.cat\/cesire_historic\/wp-content\/uploads\/usu397\/2020\/03\/pulsair-768x431.png 768w, https:\/\/agora.xtec.cat\/cesire_historic\/wp-content\/uploads\/usu397\/2020\/03\/pulsair.png 1154w\" sizes=\"auto, (max-width: 1024px) 100vw, 1024px\" \/><\/a><\/td>\n<td style=\"width: 240px; text-align: center;\"><a href=\"https:\/\/agora.xtec.cat\/cesire_historic\/\/wp-content\/uploads\/usu397\/2020\/03\/globe-at-night.png\"><img loading=\"lazy\" decoding=\"async\" class=\"alignnone size-full wp-image-8857\" src=\"https:\/\/agora.xtec.cat\/cesire_historic\/\/wp-content\/uploads\/usu397\/2020\/03\/globe-at-night.png\" alt=\"\" width=\"1003\" height=\"392\" srcset=\"https:\/\/agora.xtec.cat\/cesire_historic\/wp-content\/uploads\/usu397\/2020\/03\/globe-at-night.png 1003w, https:\/\/agora.xtec.cat\/cesire_historic\/wp-content\/uploads\/usu397\/2020\/03\/globe-at-night-300x117.png 300w, https:\/\/agora.xtec.cat\/cesire_historic\/wp-content\/uploads\/usu397\/2020\/03\/globe-at-night-768x300.png 768w\" sizes=\"auto, (max-width: 1003px) 100vw, 1003px\" \/><\/a><\/td>\n<\/tr>\n<tr>\n<td style=\"width: 222px; text-align: center;\"><a href=\"https:\/\/liquencity.org\/\" target=\"_blank\" rel=\"noopener noreferrer\">Liquencity<\/a><\/td>\n<td style=\"width: 257.333px; text-align: center;\"><a href=\"https:\/\/pulsair.wordpress.com\/\" target=\"_blank\" rel=\"noopener noreferrer\">Pulsair<\/a><\/td>\n<td style=\"width: 240px; text-align: center;\"><a href=\"https:\/\/www.globeatnight.org\/\" target=\"_blank\" rel=\"noopener noreferrer\">Globe at night<\/a><\/td>\n<\/tr>\n<tr>\n<td style=\"width: 222px; text-align: center;\"><a href=\"https:\/\/agora.xtec.cat\/cesire_historic\/\/wp-content\/uploads\/usu397\/2020\/04\/irsicaixa.png\"><img loading=\"lazy\" decoding=\"async\" class=\"alignnone wp-image-9069\" src=\"https:\/\/agora.xtec.cat\/cesire_historic\/\/wp-content\/uploads\/usu397\/2020\/04\/irsicaixa.png\" alt=\"\" width=\"102\" height=\"121\" srcset=\"https:\/\/agora.xtec.cat\/cesire_historic\/wp-content\/uploads\/usu397\/2020\/04\/irsicaixa.png 492w, https:\/\/agora.xtec.cat\/cesire_historic\/wp-content\/uploads\/usu397\/2020\/04\/irsicaixa-251x300.png 251w\" sizes=\"auto, (max-width: 102px) 100vw, 102px\" \/><\/a><\/td>\n<td style=\"width: 257.333px; text-align: center;\"><a href=\"https:\/\/agora.xtec.cat\/cesire_historic\/\/wp-content\/uploads\/usu397\/2020\/03\/blog.png\"><img loading=\"lazy\" decoding=\"async\" class=\"alignnone size-large wp-image-8854\" src=\"https:\/\/agora.xtec.cat\/cesire_historic\/\/wp-content\/uploads\/usu397\/2020\/03\/blog-1024x475.png\" alt=\"\" width=\"1024\" height=\"475\" srcset=\"https:\/\/agora.xtec.cat\/cesire_historic\/wp-content\/uploads\/usu397\/2020\/03\/blog-1024x475.png 1024w, https:\/\/agora.xtec.cat\/cesire_historic\/wp-content\/uploads\/usu397\/2020\/03\/blog-300x139.png 300w, https:\/\/agora.xtec.cat\/cesire_historic\/wp-content\/uploads\/usu397\/2020\/03\/blog-768x356.png 768w, https:\/\/agora.xtec.cat\/cesire_historic\/wp-content\/uploads\/usu397\/2020\/03\/blog.png 1320w\" sizes=\"auto, (max-width: 1024px) 100vw, 1024px\" \/><\/a><\/td>\n<td style=\"width: 240px; text-align: center;\"><\/td>\n<\/tr>\n<tr>\n<td style=\"width: 222px; text-align: center;\"><a href=\"https:\/\/www.educaixa.com\/ca\/coronavirus-community-lab\" target=\"_blank\" rel=\"noopener noreferrer\">Coronavirus Community Lab<\/a><\/td>\n<td style=\"width: 257.333px; text-align: center;\"><a href=\"https:\/\/cciutadana.wordpress.com\/\" target=\"_blank\" rel=\"noopener noreferrer\">Ci\u00e8ncia ciutadana a les escoles<\/a><\/td>\n<td style=\"width: 240px; text-align: center;\"><\/td>\n<\/tr>\n<\/tbody>\n<\/table>\n","protected":false},"excerpt":{"rendered":"<p>\u201cLa ci\u00e8ncia ciutadana \u00e9s aquella recerca cient\u00edfica que nom\u00e9s \u00e9s possible gr\u00e0cies a la col\u00b7laboraci\u00f3 i participaci\u00f3 de persones no-expertes. Es tracta d&#8217;investigacions on la ciutadania juga un paper clau i imprescindible en els diferents estadis de la recerca cient\u00edfica\u201d. (<a href=\"https:\/\/cciutadana.files.wordpress.com\/2016\/05\/cic3a8nciaciutadana-recercaieducacic3b3_v5.pdf\">Impacte de la introducci\u00f3&hellip;  <a href=\"https:\/\/agora.xtec.cat\/cesire_historic\/ambit-cientific-i-medi\/recursos-per-a-laula_cm\/ciencia-ciutadana\/\" title=\"Read Ci\u00e8ncia ciutadana\">Llegeix m\u00e9s\u00bb<\/a><\/p>\n","protected":false},"author":239,"featured_media":0,"parent":4598,"menu_order":4,"comment_status":"closed","ping_status":"closed","template":"page-templates\/side-menu.php","meta":{"_bbp_topic_count":0,"_bbp_reply_count":0,"_bbp_total_topic_count":0,"_bbp_total_reply_count":0,"_bbp_voice_count":0,"_bbp_anonymous_reply_count":0,"_bbp_topic_count_hidden":0,"_bbp_reply_count_hidden":0,"_bbp_forum_subforum_count":0,"footnotes":""},"class_list":["post-8846","page","type-page","status-publish","hentry"],"post_mailing_queue_ids":[],"_links":{"self":[{"href":"https:\/\/agora.xtec.cat\/cesire_historic\/wp-json\/wp\/v2\/pages\/8846","targetHints":{"allow":["GET"]}}],"collection":[{"href":"https:\/\/agora.xtec.cat\/cesire_historic\/wp-json\/wp\/v2\/pages"}],"about":[{"href":"https:\/\/agora.xtec.cat\/cesire_historic\/wp-json\/wp\/v2\/types\/page"}],"author":[{"embeddable":true,"href":"https:\/\/agora.xtec.cat\/cesire_historic\/wp-json\/wp\/v2\/users\/239"}],"replies":[{"embeddable":true,"href":"https:\/\/agora.xtec.cat\/cesire_historic\/wp-json\/wp\/v2\/comments?post=8846"}],"version-history":[{"count":3,"href":"https:\/\/agora.xtec.cat\/cesire_historic\/wp-json\/wp\/v2\/pages\/8846\/revisions"}],"predecessor-version":[{"id":8866,"href":"https:\/\/agora.xtec.cat\/cesire_historic\/wp-json\/wp\/v2\/pages\/8846\/revisions\/8866"}],"up":[{"embeddable":true,"href":"https:\/\/agora.xtec.cat\/cesire_historic\/wp-json\/wp\/v2\/pages\/4598"}],"wp:attachment":[{"href":"https:\/\/agora.xtec.cat\/cesire_historic\/wp-json\/wp\/v2\/media?parent=8846"}],"curies":[{"name":"wp","href":"https:\/\/api.w.org\/{rel}","templated":true}]}}