{"id":7781,"date":"2019-10-28T08:39:26","date_gmt":"2019-10-28T07:39:26","guid":{"rendered":"http:\/\/agora.xtec.cat\/cesire_historic\/\/?page_id=7781"},"modified":"2019-12-16T13:42:56","modified_gmt":"2019-12-16T12:42:56","slug":"mapes-de-llocs-que-encara-no-existeixen-design-fiction-en-projectes-steam-a-primaria","status":"publish","type":"page","link":"https:\/\/agora.xtec.cat\/cesire_historic\/projectes\/connectat-a-la-recerca-apropem-la-recerca-educativa-a-les-aules\/mapes-de-llocs-que-encara-no-existeixen-design-fiction-en-projectes-steam-a-primaria\/","title":{"rendered":"Mapes de llocs que encara no existeixen. Design Fiction en projectes STEAM a prim\u00e0ria"},"content":{"rendered":"<ul>\n<li><strong>Dia i hora<\/strong>: Dimarts, 12 de novembre de 2019 (de 18.00 a 20.00 h)<\/li>\n<li><strong>Sessi\u00f3 a c\u00e0rrec <\/strong>de Laura Malinverni (investigadora postdoctoral en el grup Esbrina \u2013UB\u2013) i Cristina Valero (investigadora en el grup <a href=\"https:\/\/www.ibecbarcelona.eu\/ca\/research-groups\/synthetic-perceptive-emotive-and-cognitive-systems-specs\/\" target=\"_blank\" rel=\"noopener noreferrer\">SPECS \u2013IBEC<\/a>), ambdues cofundadores de l\u2019<a href=\"http:\/\/www.cosicosa.tech\/\" target=\"_blank\" rel=\"noopener noreferrer\">Associaci\u00f3 CosiCosa<\/a> dedicada a la recerca educativa.<strong><br \/>\n<\/strong><\/li>\n<li><strong>Organitzaci\u00f3<\/strong>: CESIRE<\/li>\n<li><strong>Lloc<\/strong>: CESIRE, Av. de les Drassanes, 10, 08001 Barcelona<\/li>\n<li><a href=\"https:\/\/docs.google.com\/forms\/d\/e\/1FAIpQLSexBa7VgdozxNGlBSJgTII--p9n4qHqxnKkQaEGeC7nrPa3pA\/viewform\" target=\"_blank\" rel=\"noopener noreferrer\">Inscripci\u00f3<\/a> (fins al 8 de novembre)<\/li>\n<li><a href=\"https:\/\/agora.xtec.cat\/cesire_historic\/\/wp-content\/uploads\/usu397\/2019\/12\/Cr\u00f2nicaMapesQueNoExisteixen.docx-1.pdf\" target=\"_blank\" rel=\"noopener noreferrer\">Cr\u00f2nica de la sessi\u00f3<\/a><\/li>\n<\/ul>\n<p style=\"text-align: center;\"><a href=\"https:\/\/agora.xtec.cat\/cesire_historic\/\/wp-content\/uploads\/usu397\/2019\/10\/cr_cl.jpg\"><img loading=\"lazy\" decoding=\"async\" class=\"alignnone size-full wp-image-7782\" src=\"https:\/\/agora.xtec.cat\/cesire_historic\/\/wp-content\/uploads\/usu397\/2019\/10\/cr_cl.jpg\" alt=\"\" width=\"568\" height=\"233\" srcset=\"https:\/\/agora.xtec.cat\/cesire_historic\/wp-content\/uploads\/usu397\/2019\/10\/cr_cl.jpg 568w, https:\/\/agora.xtec.cat\/cesire_historic\/wp-content\/uploads\/usu397\/2019\/10\/cr_cl-300x123.jpg 300w\" sizes=\"auto, (max-width: 568px) 100vw, 568px\" \/><\/a><\/p>\n<p><strong>Presentaci\u00f3<\/strong><\/p>\n<p>En l\u2019\u00e0mbit educatiu, el concepte de <em>Design Fiction<\/em>, definit com l&#8217;\u00fas del disseny i de la ficci\u00f3 com a mitjans per a obrir espais de discussi\u00f3 i reflexi\u00f3 sobre els futurs que volem, ofereix un potencial innovador per a generar contextos evocatius on explorar diferents possibilitats creatives i imaginatives amb l&#8217;alumnat en la realitzaci\u00f3 de projectes vinculats a disciplines STEAM.<\/p>\n<p>Per a descriure i reflexionar sobre els potencials d&#8217;aquest enfocament presentem els resultats del projecte \u201cMapes de llocs que encara no existeixen\u201d realitzat en col\u00b7laboraci\u00f3 amb els grups de 3r i 4t de prim\u00e0ria de l&#8217;Escola Prim\u00e0ria Ferrer i Gu\u00e0rdia, la Sala d\u2019Art Jove i l\u2019Ateneu de Fabricaci\u00f3 de Ciutat Meridiana.<\/p>\n<p><b>Organitzaci\u00f3 de la sessi\u00f3<\/b><\/p>\n<p>La sessi\u00f3, d\u2019una durada de 2 hores, s\u2019ha organitzat en tres parts: en la primera introduirem el concepte de Design Fiction i el seu potencial en l&#8217;\u00e0mbit educatiu. En la segona part exposarem el treball realitzat a l&#8217;escola, les t\u00e8cniques utilitzades i els seus resultats. Finalment, proposarem unes din\u00e0miques per a explorar activament algunes de les t\u00e8cniques utilitzades.<\/p>\n<p><b>A qui va dirigida?<\/b><\/p>\n<p>Dirigit al professorat i altres professionals d&#8217;educaci\u00f3 que vulguin explorar el concepte <em>Design Fiction<\/em> a les seves classes. Les din\u00e0miques presentades es poden aplicar a segon i tercer cicle de prim\u00e0ria<\/p>\n<p><b> Per saber-ne m\u00e9s<\/b><\/p>\n<ul>\n<li><a href=\"https:\/\/mapesquenoexisteixen.tumblr.com\/\" target=\"_blank\" rel=\"noopener noreferrer\">Mapes de llocs que encara no existeixen. Projecte d&#8217;art i educaci\u00f3 a Ciutat Meridiana \/ Torre Bar\u00f3<\/a><\/li>\n<\/ul>\n","protected":false},"excerpt":{"rendered":"<ul>\n<li>Dia i hora: Dimarts, 12 de novembre de 2019 (de 18.00 a 20.00 h)<\/li>\n<li>Sessi\u00f3 a c\u00e0rrec de Laura Malinverni (investigadora postdoctoral en el grup Esbrina \u2013UB\u2013) i Cristina Valero (investigadora en el grup <a href=\"https:\/\/www.ibecbarcelona.eu\/ca\/research-groups\/synthetic-perceptive-emotive-and-cognitive-systems-specs\/\" target=\"_blank\" rel=\"noopener noreferrer\">SPECS \u2013IBEC<\/a>), ambdues cofundadores de l\u2019<a href=\"http:\/\/www.cosicosa.tech\/\" target=\"_blank\"&hellip;  <a href=\"https:\/\/agora.xtec.cat\/cesire_historic\/projectes\/connectat-a-la-recerca-apropem-la-recerca-educativa-a-les-aules\/mapes-de-llocs-que-encara-no-existeixen-design-fiction-en-projectes-steam-a-primaria\/\" title=\"Read Mapes de llocs que encara no existeixen. Design Fiction en projectes STEAM a prim\u00e0ria\">Llegeix m\u00e9s\u00bb<\/a><br \/>\n","protected":false},"author":1,"featured_media":0,"parent":2954,"menu_order":1,"comment_status":"closed","ping_status":"closed","template":"page-templates\/side-menu.php","meta":{"_bbp_topic_count":0,"_bbp_reply_count":0,"_bbp_total_topic_count":0,"_bbp_total_reply_count":0,"_bbp_voice_count":0,"_bbp_anonymous_reply_count":0,"_bbp_topic_count_hidden":0,"_bbp_reply_count_hidden":0,"_bbp_forum_subforum_count":0,"footnotes":""},"class_list":["post-7781","page","type-page","status-publish","hentry"],"post_mailing_queue_ids":[],"_links":{"self":[{"href":"https:\/\/agora.xtec.cat\/cesire_historic\/wp-json\/wp\/v2\/pages\/7781","targetHints":{"allow":["GET"]}}],"collection":[{"href":"https:\/\/agora.xtec.cat\/cesire_historic\/wp-json\/wp\/v2\/pages"}],"about":[{"href":"https:\/\/agora.xtec.cat\/cesire_historic\/wp-json\/wp\/v2\/types\/page"}],"author":[{"embeddable":true,"href":"https:\/\/agora.xtec.cat\/cesire_historic\/wp-json\/wp\/v2\/users\/1"}],"replies":[{"embeddable":true,"href":"https:\/\/agora.xtec.cat\/cesire_historic\/wp-json\/wp\/v2\/comments?post=7781"}],"version-history":[{"count":2,"href":"https:\/\/agora.xtec.cat\/cesire_historic\/wp-json\/wp\/v2\/pages\/7781\/revisions"}],"predecessor-version":[{"id":8013,"href":"https:\/\/agora.xtec.cat\/cesire_historic\/wp-json\/wp\/v2\/pages\/7781\/revisions\/8013"}],"up":[{"embeddable":true,"href":"https:\/\/agora.xtec.cat\/cesire_historic\/wp-json\/wp\/v2\/pages\/2954"}],"wp:attachment":[{"href":"https:\/\/agora.xtec.cat\/cesire_historic\/wp-json\/wp\/v2\/media?parent=7781"}],"curies":[{"name":"wp","href":"https:\/\/api.w.org\/{rel}","templated":true}]}}