{"id":7736,"date":"2019-10-23T13:57:04","date_gmt":"2019-10-23T11:57:04","guid":{"rendered":"http:\/\/agora.xtec.cat\/cesire_historic\/\/?page_id=7736"},"modified":"2019-10-25T08:23:50","modified_gmt":"2019-10-25T06:23:50","slug":"recursos-infantil-i-primaria","status":"publish","type":"page","link":"https:\/\/agora.xtec.cat\/cesire_historic\/ambit-cientific-i-medi\/recursos-per-a-laula_cm\/recursos-infantil-i-primaria\/","title":{"rendered":"Recursos infantil i prim\u00e0ria"},"content":{"rendered":"<p>&nbsp;<\/p>\n<table style=\"width: 100%; height: 717px;\">\n<tbody>\n<tr style=\"height: 134px;\">\n<td style=\"width: 397.778px; text-align: center; border-style: hidden; height: 134px;\"><a href=\"http:\/\/grupkimeia.blogspot.com\/\" target=\"_blank\" rel=\"noopener noreferrer\"><img loading=\"lazy\" decoding=\"async\" class=\"alignnone size-full wp-image-7742\" src=\"https:\/\/agora.xtec.cat\/cesire_historic\/\/wp-content\/uploads\/usu397\/2019\/10\/Kimeia.jpg\" alt=\"\" width=\"801\" height=\"98\" srcset=\"https:\/\/agora.xtec.cat\/cesire_historic\/wp-content\/uploads\/usu397\/2019\/10\/Kimeia.jpg 801w, https:\/\/agora.xtec.cat\/cesire_historic\/wp-content\/uploads\/usu397\/2019\/10\/Kimeia-300x37.jpg 300w, https:\/\/agora.xtec.cat\/cesire_historic\/wp-content\/uploads\/usu397\/2019\/10\/Kimeia-768x94.jpg 768w\" sizes=\"auto, (max-width: 801px) 100vw, 801px\" \/><\/a><\/td>\n<td style=\"width: 398.889px; border-style: hidden; height: 134px;\"><a href=\"http:\/\/fisicaperinfantiliprimaria.blogspot.com\/\" target=\"_blank\" rel=\"noopener noreferrer\"><img loading=\"lazy\" decoding=\"async\" class=\"wp-image-7744 aligncenter\" src=\"https:\/\/agora.xtec.cat\/cesire_historic\/\/wp-content\/uploads\/usu397\/2019\/10\/f\u00edsica.jpg\" alt=\"\" width=\"442\" height=\"65\" srcset=\"https:\/\/agora.xtec.cat\/cesire_historic\/wp-content\/uploads\/usu397\/2019\/10\/f\u00edsica.jpg 734w, https:\/\/agora.xtec.cat\/cesire_historic\/wp-content\/uploads\/usu397\/2019\/10\/f\u00edsica-300x44.jpg 300w\" sizes=\"auto, (max-width: 442px) 100vw, 442px\" \/><\/a><\/td>\n<\/tr>\n<tr style=\"height: 46px;\">\n<td style=\"width: 397.778px; text-align: center; border-style: hidden; height: 46px;\">Blog del grup de treball Kimea amb exemples d&#8217;activitats per treballar la qu\u00edmica a l&#8217;etapa infantil i prim\u00e0ria<\/td>\n<td style=\"width: 398.889px; text-align: center; border-style: hidden; height: 46px;\">Blog del grup de treball de f\u00edsica per infantil i prim\u00e0ria. Hi ha activitats relacionades amb els mapes de progressi\u00f3 de les idees<\/td>\n<\/tr>\n<tr style=\"height: 94px;\">\n<td style=\"width: 397.778px; border-style: hidden; height: 94px;\"><a href=\"https:\/\/elssolsquetrepitgem.wixsite.com\/el-sol\" target=\"_blank\" rel=\"noopener noreferrer\"><img loading=\"lazy\" decoding=\"async\" class=\"wp-image-7741 aligncenter\" src=\"https:\/\/agora.xtec.cat\/cesire_historic\/\/wp-content\/uploads\/usu397\/2019\/10\/el-s\u00f2l.jpg\" alt=\"\" width=\"381\" height=\"54\" srcset=\"https:\/\/agora.xtec.cat\/cesire_historic\/wp-content\/uploads\/usu397\/2019\/10\/el-s\u00f2l.jpg 594w, https:\/\/agora.xtec.cat\/cesire_historic\/wp-content\/uploads\/usu397\/2019\/10\/el-s\u00f2l-300x43.jpg 300w\" sizes=\"auto, (max-width: 381px) 100vw, 381px\" \/><\/a><\/td>\n<td style=\"width: 398.889px; border-style: hidden; height: 94px;\"><a href=\"https:\/\/agora.xtec.cat\/cesire_historic\/\/projectes\/stem-steam\/nanotecnologia\/\" target=\"_blank\" rel=\"noopener noreferrer\"><img loading=\"lazy\" decoding=\"async\" class=\"wp-image-7776 aligncenter\" src=\"https:\/\/agora.xtec.cat\/cesire_historic\/\/wp-content\/uploads\/usu397\/2019\/10\/nanoexplora-1024x220.jpg\" alt=\"\" width=\"394\" height=\"85\" srcset=\"https:\/\/agora.xtec.cat\/cesire_historic\/wp-content\/uploads\/usu397\/2019\/10\/nanoexplora-1024x220.jpg 1024w, https:\/\/agora.xtec.cat\/cesire_historic\/wp-content\/uploads\/usu397\/2019\/10\/nanoexplora-300x65.jpg 300w, https:\/\/agora.xtec.cat\/cesire_historic\/wp-content\/uploads\/usu397\/2019\/10\/nanoexplora-768x165.jpg 768w, https:\/\/agora.xtec.cat\/cesire_historic\/wp-content\/uploads\/usu397\/2019\/10\/nanoexplora.jpg 1032w\" sizes=\"auto, (max-width: 394px) 100vw, 394px\" \/><\/a><\/td>\n<\/tr>\n<tr style=\"height: 31px;\">\n<td style=\"width: 397.778px; text-align: center; border-style: hidden; height: 31px;\">Activitats i recursos per treballar els s\u00f2ls a les etapes infantil i prim\u00e0ria<\/td>\n<td style=\"width: 398.889px; border-style: hidden; height: 31px; text-align: left;\">Proposta did\u00e0ctica amb l\u2019objectiu de presentar els conceptes b\u00e0sics de la nanoci\u00e8ncia i la nanotecnologia a alumnes de Cicle Superior d\u2019Educaci\u00f3 Prim\u00e0ria i de primer cicle d\u2019Educaci\u00f3 Secund\u00e0ria. Aquest web complementa el kit &#8220;Nano Explora&#8221; que es pot demanar al servei de pr\u00e9stec del CESIRE.<\/td>\n<\/tr>\n<tr style=\"height: 91px;\">\n<td style=\"width: 397.778px; border-style: hidden; height: 91px;\"><\/td>\n<td style=\"width: 398.889px; border-style: hidden; height: 91px;\"><\/td>\n<\/tr>\n<tr style=\"height: 31px;\">\n<td style=\"width: 397.778px; text-align: center; border-style: hidden; height: 31px;\"><\/td>\n<td style=\"width: 398.889px; text-align: center; border-style: hidden; height: 31px;\"><\/td>\n<\/tr>\n<tr style=\"height: 134px;\">\n<td style=\"width: 397.778px; border-style: hidden; height: 134px;\">&nbsp;<\/p>\n<p>&nbsp;<\/td>\n<td style=\"width: 398.889px; border-style: hidden; height: 134px;\">&nbsp;<\/p>\n<p>&nbsp;<\/p>\n<p>&nbsp;<\/td>\n<\/tr>\n<tr style=\"height: 31px;\">\n<td style=\"width: 397.778px; text-align: center; border-style: hidden; height: 31px;\"><\/td>\n<td style=\"width: 398.889px; text-align: center; border-style: hidden; height: 31px;\"><\/td>\n<\/tr>\n<tr style=\"height: 94px;\">\n<td style=\"width: 397.778px; border-style: hidden; height: 94px;\">&nbsp;<\/p>\n<p>&nbsp;<\/td>\n<td style=\"width: 398.889px; border-style: hidden; height: 94px;\"><\/td>\n<\/tr>\n<tr style=\"height: 31px;\">\n<td style=\"width: 397.778px; text-align: center; border-style: hidden; height: 31px;\"><\/td>\n<td style=\"width: 398.889px; border-style: hidden; height: 31px;\"><\/td>\n<\/tr>\n<\/tbody>\n<\/table>\n<p>&nbsp;<\/p>\n<p>&nbsp;<\/p>\n","protected":false},"excerpt":{"rendered":"<p>&nbsp;<\/p>\n<p><a href=\"http:\/\/grupkimeia.blogspot.com\/\" target=\"_blank\" rel=\"noopener noreferrer\"><\/a><br \/>\n<a href=\"http:\/\/fisicaperinfantiliprimaria.blogspot.com\/\" target=\"_blank\" rel=\"noopener noreferrer\"><\/a><\/p>\n<p>Blog del grup de treball Kimea amb exemples d&#8217;activitats per treballar la qu\u00edmica a l&#8217;etapa infantil i prim\u00e0ria<br \/>\nBlog del grup de treball de f\u00edsica per infantil i prim\u00e0ria. Hi ha activitats relacionades amb els mapes de progressi\u00f3&hellip;  <a href=\"https:\/\/agora.xtec.cat\/cesire_historic\/ambit-cientific-i-medi\/recursos-per-a-laula_cm\/recursos-infantil-i-primaria\/\" title=\"Read Recursos infantil i prim\u00e0ria\">Llegeix m\u00e9s\u00bb<\/a><\/p>\n","protected":false},"author":239,"featured_media":0,"parent":4598,"menu_order":1,"comment_status":"closed","ping_status":"closed","template":"page-templates\/side-menu.php","meta":{"_bbp_topic_count":0,"_bbp_reply_count":0,"_bbp_total_topic_count":0,"_bbp_total_reply_count":0,"_bbp_voice_count":0,"_bbp_anonymous_reply_count":0,"_bbp_topic_count_hidden":0,"_bbp_reply_count_hidden":0,"_bbp_forum_subforum_count":0,"footnotes":""},"class_list":["post-7736","page","type-page","status-publish","hentry"],"post_mailing_queue_ids":[],"_links":{"self":[{"href":"https:\/\/agora.xtec.cat\/cesire_historic\/wp-json\/wp\/v2\/pages\/7736","targetHints":{"allow":["GET"]}}],"collection":[{"href":"https:\/\/agora.xtec.cat\/cesire_historic\/wp-json\/wp\/v2\/pages"}],"about":[{"href":"https:\/\/agora.xtec.cat\/cesire_historic\/wp-json\/wp\/v2\/types\/page"}],"author":[{"embeddable":true,"href":"https:\/\/agora.xtec.cat\/cesire_historic\/wp-json\/wp\/v2\/users\/239"}],"replies":[{"embeddable":true,"href":"https:\/\/agora.xtec.cat\/cesire_historic\/wp-json\/wp\/v2\/comments?post=7736"}],"version-history":[{"count":3,"href":"https:\/\/agora.xtec.cat\/cesire_historic\/wp-json\/wp\/v2\/pages\/7736\/revisions"}],"predecessor-version":[{"id":7778,"href":"https:\/\/agora.xtec.cat\/cesire_historic\/wp-json\/wp\/v2\/pages\/7736\/revisions\/7778"}],"up":[{"embeddable":true,"href":"https:\/\/agora.xtec.cat\/cesire_historic\/wp-json\/wp\/v2\/pages\/4598"}],"wp:attachment":[{"href":"https:\/\/agora.xtec.cat\/cesire_historic\/wp-json\/wp\/v2\/media?parent=7736"}],"curies":[{"name":"wp","href":"https:\/\/api.w.org\/{rel}","templated":true}]}}