{"id":7377,"date":"2019-09-17T10:59:40","date_gmt":"2019-09-17T08:59:40","guid":{"rendered":"http:\/\/agora.xtec.cat\/cesire_historic\/\/?page_id=7377"},"modified":"2021-01-30T13:01:08","modified_gmt":"2021-01-30T12:01:08","slug":"eines-digitals","status":"publish","type":"page","link":"https:\/\/agora.xtec.cat\/cesire_historic\/ambit-linguistic\/recursos-per-a-laula_ll\/eines-digitals\/","title":{"rendered":"Eines digitals"},"content":{"rendered":"<p style=\"text-align: left;\">Eines digitals per a l&#8217;aprenentatge de les lleng\u00fces i la literatura<\/p>\n<p style=\"text-align: center;\"><a href=\"https:\/\/agora.xtec.cat\/cesire_historic\/\/wp-content\/uploads\/usu397\/2019\/09\/2019-09-17_131119.jpg\"><img loading=\"lazy\" decoding=\"async\" class=\"wp-image-7442 aligncenter\" src=\"https:\/\/agora.xtec.cat\/cesire_historic\/\/wp-content\/uploads\/usu397\/2019\/09\/2019-09-17_131119.jpg\" alt=\"\" width=\"200\" height=\"149\" \/><\/a><\/p>\n<hr \/>\n<h5>V\u00eddeojocs\u00a0 i educaci\u00f3 en catal\u00e0<\/h5>\n<p>Videojocs i Educaci\u00f3 com a projecte, el canal de Youtube amb el mateix nom, i la p\u00e0gina web http:\/\/minecraft.funcadiorecerca.cat en la que ens trobem, formen part d\u2019un projecte que, amb el suport de la Fundaci\u00f3 Catalana per a la Recerca i la Innovaci\u00f3 (web), pret\u00e9n acostar l\u2019\u00fas dels videojocs comercials a l\u2019educaci\u00f3 en el marc de la cultura catalana.<\/p>\n<p>Amb aquesta intenci\u00f3, s\u2019ofereixen un seguit de recursos de diferents tipus per a acomplir dos objectius principals. En primer lloc, acostar els videojocs als professors i docents ensenyant-los a jugar, a con\u00e8ixer l\u2019ecosistema dels videojocs i a destriar quins s\u00f3n els m\u00e9s \u00fatils per a implementar projectes educatius. En segon lloc aportar la informaci\u00f3 i els recursos necessaris per a la creaci\u00f3 de din\u00e0miques educatives pr\u00f2pies, personalitzades i adaptades a les necessitats particulars de cada centre, grup o entorn educatiu.<\/p>\n<p style=\"text-align: center;\"><img loading=\"lazy\" decoding=\"async\" class=\"wp-image-10727\" src=\"https:\/\/agora.xtec.cat\/cesire_historic\/\/wp-content\/uploads\/usu397\/2021\/01\/COVER_FerranAdell-480x296.jpg\" alt=\"\" width=\"332\" height=\"205\" srcset=\"https:\/\/agora.xtec.cat\/cesire_historic\/wp-content\/uploads\/usu397\/2021\/01\/COVER_FerranAdell-480x296.jpg 480w, https:\/\/agora.xtec.cat\/cesire_historic\/wp-content\/uploads\/usu397\/2021\/01\/COVER_FerranAdell-480x296-300x185.jpg 300w\" sizes=\"auto, (max-width: 332px) 100vw, 332px\" \/><\/p>\n<p style=\"text-align: center;\"><a href=\"http:\/\/vjeducacio.org\/\" target=\"_blank\" rel=\"noopener noreferrer\">web del projecte<\/a><\/p>\n<p style=\"text-align: center;\"><a href=\"https:\/\/www.youtube.com\/channel\/UCy-s3esvPdpXE9oB2Sca_jA\/playlists?disable_polymer=1\" target=\"_blank\" rel=\"noopener noreferrer\">Canal youtube<\/a><\/p>\n<p>_____________________________________________________________________________________________________________<\/p>\n<h5><strong>Recursos per a l&#8217;aula &#8211; Apps<\/strong><\/h5>\n<p>&nbsp;<\/p>\n<p><a href=\"https:\/\/agora.xtec.cat\/cesire_historic\/\/wp-content\/uploads\/usu397\/2019\/09\/iphone-3087842_640.jpg\"><img loading=\"lazy\" decoding=\"async\" class=\"wp-image-7378 aligncenter\" src=\"https:\/\/agora.xtec.cat\/cesire_historic\/\/wp-content\/uploads\/usu397\/2019\/09\/iphone-3087842_640.jpg\" alt=\"\" width=\"157\" height=\"210\" srcset=\"https:\/\/agora.xtec.cat\/cesire_historic\/wp-content\/uploads\/usu397\/2019\/09\/iphone-3087842_640.jpg 480w, https:\/\/agora.xtec.cat\/cesire_historic\/wp-content\/uploads\/usu397\/2019\/09\/iphone-3087842_640-225x300.jpg 225w\" sizes=\"auto, (max-width: 157px) 100vw, 157px\" \/><\/a><\/p>\n<p><a href=\"https:\/\/padlet.com\/clopez17\/einesdigitals\" target=\"_blank\" rel=\"noopener noreferrer\">Padlet<\/a><\/p>\n<hr \/>\n<h5><strong>Toolbox<\/strong><\/h5>\n<p>Experi\u00e8ncies validades per docents<\/p>\n<p style=\"text-align: center;\"><a href=\"https:\/\/agora.xtec.cat\/cesire_historic\/\/wp-content\/uploads\/usu397\/2019\/09\/logo-def.png\"><img loading=\"lazy\" decoding=\"async\" class=\"alignnone size-full wp-image-7472\" src=\"https:\/\/agora.xtec.cat\/cesire_historic\/\/wp-content\/uploads\/usu397\/2019\/09\/logo-def.png\" alt=\"\" width=\"338\" height=\"35\" srcset=\"https:\/\/agora.xtec.cat\/cesire_historic\/wp-content\/uploads\/usu397\/2019\/09\/logo-def.png 338w, https:\/\/agora.xtec.cat\/cesire_historic\/wp-content\/uploads\/usu397\/2019\/09\/logo-def-300x31.png 300w\" sizes=\"auto, (max-width: 338px) 100vw, 338px\" \/><\/a><\/p>\n<p><a href=\"https:\/\/toolbox.mobileworldcapital.com\/experiencies\" target=\"_blank\" rel=\"noopener noreferrer\">Web<\/a><\/p>\n<hr \/>\n<h5><strong>European Word Translator<\/strong><\/h5>\n<p style=\"text-align: center;\"><a href=\"https:\/\/ukdataexplorer.com\/european-translator\/?word=HORSE\"><img loading=\"lazy\" decoding=\"async\" class=\"alignnone wp-image-7805\" src=\"https:\/\/agora.xtec.cat\/cesire_historic\/\/wp-content\/uploads\/usu397\/2019\/10\/welcome-905562_640.png\" alt=\"\" width=\"243\" height=\"162\" srcset=\"https:\/\/agora.xtec.cat\/cesire_historic\/wp-content\/uploads\/usu397\/2019\/10\/welcome-905562_640.png 640w, https:\/\/agora.xtec.cat\/cesire_historic\/wp-content\/uploads\/usu397\/2019\/10\/welcome-905562_640-300x200.png 300w\" sizes=\"auto, (max-width: 243px) 100vw, 243px\" \/><\/a><\/p>\n<p><a href=\"https:\/\/ukdataexplorer.com\/european-translator\/?word=HORSE\" target=\"_blank\" rel=\"noopener noreferrer\">Enlla\u00e7<\/a><\/p>\n","protected":false},"excerpt":{"rendered":"<p>Eines digitals per a l&#8217;aprenentatge de les lleng\u00fces i la literatura<br \/>\n<a href=\"https:\/\/agora.xtec.cat\/cesire_historic\/\/wp-content\/uploads\/usu397\/2019\/09\/2019-09-17_131119.jpg\"><\/a><\/p>\n<p>V\u00eddeojocs\u00a0 i educaci\u00f3 en catal\u00e0<br \/>\nVideojocs i Educaci\u00f3 com a projecte, el canal de Youtube amb el mateix nom, i la p\u00e0gina web http:\/\/minecraft.funcadiorecerca.cat en la que ens trobem, formen part d\u2019un projecte que, amb&hellip;  <a href=\"https:\/\/agora.xtec.cat\/cesire_historic\/ambit-linguistic\/recursos-per-a-laula_ll\/eines-digitals\/\" title=\"Read Eines digitals\">Llegeix m\u00e9s\u00bb<\/a><\/p>\n","protected":false},"author":1,"featured_media":0,"parent":4583,"menu_order":8,"comment_status":"closed","ping_status":"closed","template":"page-templates\/side-menu.php","meta":{"_bbp_topic_count":0,"_bbp_reply_count":0,"_bbp_total_topic_count":0,"_bbp_total_reply_count":0,"_bbp_voice_count":0,"_bbp_anonymous_reply_count":0,"_bbp_topic_count_hidden":0,"_bbp_reply_count_hidden":0,"_bbp_forum_subforum_count":0,"footnotes":""},"class_list":["post-7377","page","type-page","status-publish","hentry"],"post_mailing_queue_ids":[],"_links":{"self":[{"href":"https:\/\/agora.xtec.cat\/cesire_historic\/wp-json\/wp\/v2\/pages\/7377","targetHints":{"allow":["GET"]}}],"collection":[{"href":"https:\/\/agora.xtec.cat\/cesire_historic\/wp-json\/wp\/v2\/pages"}],"about":[{"href":"https:\/\/agora.xtec.cat\/cesire_historic\/wp-json\/wp\/v2\/types\/page"}],"author":[{"embeddable":true,"href":"https:\/\/agora.xtec.cat\/cesire_historic\/wp-json\/wp\/v2\/users\/1"}],"replies":[{"embeddable":true,"href":"https:\/\/agora.xtec.cat\/cesire_historic\/wp-json\/wp\/v2\/comments?post=7377"}],"version-history":[{"count":3,"href":"https:\/\/agora.xtec.cat\/cesire_historic\/wp-json\/wp\/v2\/pages\/7377\/revisions"}],"predecessor-version":[{"id":10728,"href":"https:\/\/agora.xtec.cat\/cesire_historic\/wp-json\/wp\/v2\/pages\/7377\/revisions\/10728"}],"up":[{"embeddable":true,"href":"https:\/\/agora.xtec.cat\/cesire_historic\/wp-json\/wp\/v2\/pages\/4583"}],"wp:attachment":[{"href":"https:\/\/agora.xtec.cat\/cesire_historic\/wp-json\/wp\/v2\/media?parent=7377"}],"curies":[{"name":"wp","href":"https:\/\/api.w.org\/{rel}","templated":true}]}}