{"id":6379,"date":"2019-06-11T09:33:48","date_gmt":"2019-06-11T07:33:48","guid":{"rendered":"http:\/\/agora.xtec.cat\/cesire_historic\/\/?page_id=6379"},"modified":"2019-06-11T10:03:11","modified_gmt":"2019-06-11T08:03:11","slug":"integracio-de-coneixements","status":"publish","type":"page","link":"https:\/\/agora.xtec.cat\/cesire_historic\/ambit-artistic\/integracio-de-coneixements\/","title":{"rendered":"Integraci\u00f3 de coneixements"},"content":{"rendered":"<p>L\u2019aprenentatge basat en el desenvolupament de compet\u00e8ncies porta a la integraci\u00f3 de coneixements. Per tant, tenim en compte els m\u00faltiples alfabetismes per qu\u00e8 creiem que hi ha diferents maneres d&#8217;aprendre, i les condicions a l&#8217;hora de dissenyar les propostes d&#8217;ensenyament haurien de fomentar-les.<\/p>\n<p><img loading=\"lazy\" decoding=\"async\" class=\"alignleft\" src=\"https:\/\/agora.xtec.cat\/cesire_historic\/\/wp-content\/uploads\/usu397\/2017\/10\/matart.jpg\" alt=\"\" width=\"177\" height=\"130\" \/><\/p>\n<p>&nbsp;<\/p>\n<p><a href=\"https:\/\/agora.xtec.cat\/cesire_historic\/\/projectes\/integracio-de-coneixements-3-12\/tenen-forma-les-sumes-una-proposta-dintegracio-de-matematiques-i-art-a-educacio-primaria\/\">Tenen forma les sumes?. Una proposta d&#8217;integraci\u00f3 d&#8217;art i matem\u00e0tiques a l&#8217;Educaci\u00f3 Prim\u00e0ria.<\/a><\/p>\n<p>&nbsp;<\/p>\n<p><img loading=\"lazy\" decoding=\"async\" class=\"alignleft\" src=\"https:\/\/agora.xtec.cat\/cesire_historic\/\/wp-content\/uploads\/usu397\/2019\/06\/estructuren.png\" alt=\"\" width=\"186\" height=\"129\" \/><\/p>\n<p>&nbsp;<\/p>\n<p><a href=\"https:\/\/agora.xtec.cat\/cesire_historic\/\/projectes\/integracio-de-coneixements-3-12\/aprenentatges-que-estructuren-cicle-inicial\/\">Aprenentatges que estructuren els coneixements a Cicle Inicial<\/a><\/p>\n<p>&nbsp;<\/p>\n<p>&nbsp;<\/p>\n<p><img loading=\"lazy\" decoding=\"async\" class=\"alignleft\" src=\"https:\/\/agora.xtec.cat\/cesire_historic\/\/wp-content\/uploads\/usu397\/2018\/04\/Casas.jpg\" alt=\"\" width=\"183\" height=\"136\" \/><\/p>\n<p>&nbsp;<\/p>\n<p><a href=\"https:\/\/agora.xtec.cat\/cesire_historic\/\/projectes\/integracio-de-coneixements-3-12\/com-lart-majuda-a-entendre-el-mon\/\">Com l&#8217;Art m&#8217;ajuda a entendre el m\u00f3n? <\/a><\/p>\n<p>&nbsp;<\/p>\n<p>&nbsp;<\/p>\n<p><img loading=\"lazy\" decoding=\"async\" class=\"\" src=\"https:\/\/agora.xtec.cat\/cesire_historic\/\/wp-content\/uploads\/usu397\/2016\/09\/Imatgel_llull_circumrelator.jpg\" alt=\"\" width=\"184\" height=\"138\" \/>\u00a0 <a href=\"https:\/\/agora.xtec.cat\/cesire_historic\/\/projectes\/llengua-a-totes-les-arees\/llengua-i-tecnologia\/\">Circumrelator: construeix un poema lul.li\u00e0<\/a><\/p>\n<p><img loading=\"lazy\" decoding=\"async\" class=\"alignleft\" src=\"https:\/\/agora.xtec.cat\/cesire_historic\/\/wp-content\/uploads\/usu397\/2019\/03\/Captura-de-2019-03-20-10-29-50.png\" alt=\"\" width=\"183\" height=\"53\" \/><a href=\"https:\/\/docs.google.com\/document\/d\/1aphKdR_qHgMjyw5oivjjAEaLXCbllVrDT0QiuEywEaw\/edit?usp=sharing\">Elemental secrets. An escape room of the periodic table<\/a>. Materials<\/p>\n<p><a href=\"https:\/\/agora.xtec.cat\/cesire_historic\/\/general\/steamconf-barcelona-2019\/\">STEAM.Conf . Barcelona2019.<\/a> Difusi\u00f3<\/p>\n<p><img loading=\"lazy\" decoding=\"async\" class=\"\" src=\"https:\/\/agora.xtec.cat\/cesire_historic\/\/wp-content\/uploads\/usu397\/2019\/06\/Captura-3.jpg\" alt=\"\" width=\"188\" height=\"161\" \/> <a href=\"http:\/\/xtec.gencat.cat\/ca\/centres\/espais_escolars\/espais_mirada_estetica\/\">Els espais, una mirada est\u00e8tica<\/a>. Document. Departament d&#8217;Educaci\u00f3.<\/p>\n<p><img loading=\"lazy\" decoding=\"async\" class=\"\" src=\"https:\/\/agora.xtec.cat\/cesire_historic\/\/wp-content\/uploads\/usu397\/2019\/06\/3D_2.jpg\" alt=\"\" width=\"182\" height=\"137\" \/> <a href=\"https:\/\/docs.google.com\/document\/d\/1nXWOzs4qQxqMQ24Yj4t0ngqrymU798HXTChX1rjwwsk\/edit?usp=sharing\">Impressi\u00f3 3D<\/a>. Materials de formaci\u00f3 i propostes d&#8217;activitats<\/p>\n<p>Congr\u00e9s de Ci\u00e8ncies.<\/p>\n","protected":false},"excerpt":{"rendered":"<p>L\u2019aprenentatge basat en el desenvolupament de compet\u00e8ncies porta a la integraci\u00f3 de coneixements. Per tant, tenim en compte els m\u00faltiples alfabetismes per qu\u00e8 creiem que hi ha diferents maneres d&#8217;aprendre, i les condicions a l&#8217;hora de dissenyar les propostes d&#8217;ensenyament haurien de fomentar-les.<\/p>\n<p>&nbsp;<br \/>\n<a href=\"https:\/\/agora.xtec.cat\/cesire_historic\/\/projectes\/integracio-de-coneixements-3-12\/tenen-forma-les-sumes-una-proposta-dintegracio-de-matematiques-i-art-a-educacio-primaria\/\">Tenen forma&hellip;  <a href=\"https:\/\/agora.xtec.cat\/cesire_historic\/ambit-artistic\/integracio-de-coneixements\/\" title=\"Read Integraci\u00f3 de coneixements\">Llegeix m\u00e9s\u00bb<\/a><\/p>\n","protected":false},"author":9,"featured_media":0,"parent":4034,"menu_order":0,"comment_status":"closed","ping_status":"closed","template":"page-templates\/side-menu.php","meta":{"_bbp_topic_count":0,"_bbp_reply_count":0,"_bbp_total_topic_count":0,"_bbp_total_reply_count":0,"_bbp_voice_count":0,"_bbp_anonymous_reply_count":0,"_bbp_topic_count_hidden":0,"_bbp_reply_count_hidden":0,"_bbp_forum_subforum_count":0,"footnotes":""},"class_list":["post-6379","page","type-page","status-publish","hentry"],"post_mailing_queue_ids":[],"_links":{"self":[{"href":"https:\/\/agora.xtec.cat\/cesire_historic\/wp-json\/wp\/v2\/pages\/6379","targetHints":{"allow":["GET"]}}],"collection":[{"href":"https:\/\/agora.xtec.cat\/cesire_historic\/wp-json\/wp\/v2\/pages"}],"about":[{"href":"https:\/\/agora.xtec.cat\/cesire_historic\/wp-json\/wp\/v2\/types\/page"}],"author":[{"embeddable":true,"href":"https:\/\/agora.xtec.cat\/cesire_historic\/wp-json\/wp\/v2\/users\/9"}],"replies":[{"embeddable":true,"href":"https:\/\/agora.xtec.cat\/cesire_historic\/wp-json\/wp\/v2\/comments?post=6379"}],"version-history":[{"count":3,"href":"https:\/\/agora.xtec.cat\/cesire_historic\/wp-json\/wp\/v2\/pages\/6379\/revisions"}],"predecessor-version":[{"id":6401,"href":"https:\/\/agora.xtec.cat\/cesire_historic\/wp-json\/wp\/v2\/pages\/6379\/revisions\/6401"}],"up":[{"embeddable":true,"href":"https:\/\/agora.xtec.cat\/cesire_historic\/wp-json\/wp\/v2\/pages\/4034"}],"wp:attachment":[{"href":"https:\/\/agora.xtec.cat\/cesire_historic\/wp-json\/wp\/v2\/media?parent=6379"}],"curies":[{"name":"wp","href":"https:\/\/api.w.org\/{rel}","templated":true}]}}