{"id":6349,"date":"2019-06-06T19:39:59","date_gmt":"2019-06-06T17:39:59","guid":{"rendered":"http:\/\/agora.xtec.cat\/cesire_historic\/\/?page_id=6349"},"modified":"2020-09-08T13:10:45","modified_gmt":"2020-09-08T11:10:45","slug":"comunicacio-cientifica","status":"publish","type":"page","link":"https:\/\/agora.xtec.cat\/cesire_historic\/ambit-cientific-i-medi\/suport-professorat_cm\/comunicacio-cientifica\/","title":{"rendered":"Comunicaci\u00f3 cient\u00edfica"},"content":{"rendered":"<h4><b>Revistes i blogs de Did\u00e0ctica de les Ci\u00e8ncies.<\/b><\/h4>\n<h4><\/h4>\n<ul>\n<li><b>Tresor de recursos. Blog. Per totes les etapes educatives. <\/b><span style=\"font-weight: 400;\">Desenvolupament de la compet\u00e8ncia cient\u00edfica (desplegament dels models d&#8217;\u00e9sser viu, de mat\u00e8ria, model geol\u00f2gic i el model f\u00edsic) i comunicativa. Reflexi\u00f3 sobre l&#8217;avaluaci\u00f3 i recursos per dur-la a terme (banc de r\u00fabriques). <a href=\"https:\/\/www.tresorderecursos.com\/\" target=\"_blank\" rel=\"noopener noreferrer\">Acc\u00e9s lliure<\/a>.<\/span><\/li>\n<li><b>Eureka. Revista. <\/b><b>Per totes les etapes educatives. <\/b><i><span style=\"font-weight: 400;\">Revista de Did\u00e0ctica de les Ci\u00e8ncies publicada per la Universitat de C\u00e1diz.<\/span><\/i><a href=\"https:\/\/reuredc.uca.es\/index.php\/eureka\/index\" target=\"_blank\" rel=\"noopener noreferrer\"><span style=\"font-weight: 400;\"> Acc\u00e9s lliure.<\/span><\/a><\/li>\n<li><b>Science in School. Blog.<\/b><b> Per totes les etapes educatives. <\/b><i><span style=\"font-weight: 400;\">EIROForum. Ofereix actualitzaci\u00f3 i recursos per fer servir a l&#8217;aula. <\/span><\/i><a href=\"https:\/\/www.scienceinschool.org\/\" target=\"_blank\" rel=\"noopener noreferrer\"><span style=\"font-weight: 400;\">Acc\u00e9s lliure.<\/span><\/a><\/li>\n<li><b>Ense\u00f1anza de las Ciencias de la Tierra. <\/b><b>Per totes les etapes educatives. <\/b><i><span style=\"font-weight: 400;\">AEPECT Universitat de Girona. Did\u00e0ctica de les ci\u00e8ncies de la terra. <\/span><\/i><a href=\"https:\/\/www.raco.cat\/index.php\/ECT\/index\" target=\"_blank\" rel=\"noopener noreferrer\"><span style=\"font-weight: 400;\">Acc\u00e9s lliure.<\/span><\/a><\/li>\n<li><b>Alambique. Revista. <\/b><b>Per totes les etapes educatives. <\/b><i><span style=\"font-weight: 400;\">Editorial Gra\u00f3. Monogr\u00e0fics i experi\u00e8ncies did\u00e0ctiques. <\/span><\/i><a href=\"https:\/\/www.grao.com\/ca\/alambique\" target=\"_blank\" rel=\"noopener noreferrer\"><span style=\"font-weight: 400;\">Acc\u00e9s lliure a alguns articles<\/span><\/a><\/li>\n<li><b>Recursos de F\u00edsica. Revista. Per educaci\u00f3 secund\u00e0ria. <\/b><i><span style=\"font-weight: 400;\">Publicada per la Societat Catalana de F\u00edsica. <\/span><\/i><span style=\"font-weight: 400;\"><a href=\"https:\/\/www.grao.com\/ca\/alambique\" target=\"_blank\" rel=\"noopener noreferrer\">Acc\u00e9s lliure<\/a>.<\/span><\/li>\n<li><b>Did\u00e0ctica de les Ci\u00e8ncies: Divulgaci\u00f3 d&#8217;experi\u00e8ncies cient\u00edfiques. Blog. Per educaci\u00f3 secund\u00e0ria. <\/b><i><span style=\"font-weight: 400;\">Selecci\u00f3 d&#8217;articles cient\u00edfics per treballar les ci\u00e8ncies naturals. <\/span><\/i><a href=\"http:\/\/articlesdeciencies.blogspot.com\/\" target=\"_blank\" rel=\"noopener noreferrer\"><span style=\"font-weight: 400;\">Acc\u00e9s lliure.<\/span><\/a><\/li>\n<li><b><i>EduWikiLab. Blog. Per educaci\u00f3 secund\u00e0ria. <\/i><\/b><i><span style=\"font-weight: 400;\">Blog d\u2019un grup de treball de professors de secund\u00e0ria amb seguiment de la formaci\u00f3 i amb recursos interessants compartits en un Drive (Projectes, pr\u00e0ctiques&#8230;). <\/span><\/i><a href=\"https:\/\/eduwikilab.wordpress.com\/\" target=\"_blank\" rel=\"noopener noreferrer\"><span style=\"font-weight: 400;\">Acc\u00e9s lliure.<\/span><\/a><\/li>\n<li><b>Ci\u00e8ncies en Context. Blog. Per educaci\u00f3 secund\u00e0ria. <\/b><i><span style=\"font-weight: 400;\">Publicat pel grup LIEC de la UAB. Recull de materials per treballar a l&#8217;aula al voltant d&#8217;un context concret. <\/span><\/i><a href=\"http:\/\/www.cienciesencontext.com\/category\/recursos\/\" target=\"_blank\" rel=\"noopener noreferrer\"><span style=\"font-weight: 400;\">Acc\u00e9s lliure.<\/span><\/a><\/li>\n<li><b>Apice. Revista. Per educaci\u00f3 secund\u00e0ria. <\/b><i><span style=\"font-weight: 400;\">Revista publicada per la Asociaci\u00f3n Espa\u00f1ola de Profesores e Investigadores en Did\u00e1ctica de las Ciencias Experimentales (APICE). <\/span><\/i><a href=\"http:\/\/revistas.udc.es\/index.php\/apice\/index\" target=\"_blank\" rel=\"noopener noreferrer\"><span style=\"font-weight: 400;\">Acc\u00e9s lliure.<\/span><\/a><\/li>\n<li><b>Pupitrelandia. Blog. Per educaci\u00f3 secund\u00e0ria. <\/b><i><span style=\"font-weight: 400;\">Reflexions sobre did\u00e0ctica i recursos per aplicar a l&#8217;aula. <\/span><\/i><span style=\"font-weight: 400;\"><a href=\"https:\/\/jordidomenechportfolio.wordpress.com\/\" target=\"_blank\" rel=\"noopener noreferrer\">Acc\u00e9s lliure<\/a>.<\/span><\/li>\n<li><b>Jordi Dom\u00e8nech ePortfoli. Blog. Per educaci\u00f3 secund\u00e0ria. <\/b><i><span style=\"font-weight: 400;\">Publicacions, STEAM, did\u00e0ctica. <\/span><\/i><span style=\"font-weight: 400;\"><a href=\"https:\/\/jordidomenechportfolio.wordpress.com\/\" target=\"_blank\" rel=\"noopener noreferrer\">Acc\u00e9s lliure<\/a>.<\/span><\/li>\n<li><strong>EduglobalSTEM. <\/strong><em>Recursos per a la integraci\u00f3 de l\u2019educaci\u00f3 per la just\u00edcia global i la transformaci\u00f3 social<\/em><br \/>\n<em>als estudis cientificot\u00e8cnics a l\u2019educaci\u00f3 secund\u00e0ria i universit\u00e0ria. <\/em><a href=\"http:\/\/www.eduglobalstem.cat\/\" target=\"_blank\" rel=\"noopener noreferrer\">Acc\u00e9s lliure.<\/a><\/li>\n<\/ul>\n<p>Podeu col\u00b7laborar a ampliar la llista enviant les vostres propostes a cesire@xtec.cat.<\/p>\n<hr \/>\n<h4><strong>Revistes, programes i webs de Ci\u00e8ncies<\/strong><\/h4>\n<ul>\n<li><b><a href=\"https:\/\/www.ccma.cat\/tv3\/quequicom\/\" target=\"_blank\" rel=\"noopener noreferrer\">Quequicom<\/a>. Programa TV3. <\/b><i><span style=\"font-weight: 400;\">Programa de divulgaci\u00f3 cient\u00edfica. <\/span><\/i><\/li>\n<li><b><a href=\"https:\/\/www.bbc.co.uk\/science\" target=\"_blank\" rel=\"noopener noreferrer\">BBC<\/a>. Secci\u00f3 de Ci\u00e8ncies<\/b><\/li>\n<li><b><a href=\"http:\/\/danielclosa.cat\/centpeus\/\" target=\"_blank\" rel=\"noopener noreferrer\">Centpeus<\/a>. Blog. <\/b><i><span style=\"font-weight: 400;\">Blog de Daniel Closas on comenta di\u00e0riament els temes cient\u00edfics d\u2019actualitat.<\/span><\/i><\/li>\n<\/ul>\n<p>Podeu col\u00b7laborar a ampliar la llista enviant les vostres propostes a cesire@xtec.cat.<\/p>\n<hr \/>\n<h4><strong>Literatura i Ci\u00e8ncia<\/strong><\/h4>\n<p><a href=\"https:\/\/mon.uvic.cat\/tlc\/\" target=\"_blank\" rel=\"noopener noreferrer\">Tert\u00falies de literatura cient\u00edfica de la UVIC<\/a>.<\/p>\n<hr \/>\n<h4><\/h4>\n<p>&nbsp;<\/p>\n","protected":false},"excerpt":{"rendered":"<p>Revistes i blogs de Did\u00e0ctica de les Ci\u00e8ncies.<\/p>\n<ul>\n<li>Tresor de recursos. Blog. Per totes les etapes educatives. Desenvolupament de la compet\u00e8ncia cient\u00edfica (desplegament dels models d&#8217;\u00e9sser viu, de mat\u00e8ria, model geol\u00f2gic i el model f\u00edsic) i comunicativa. Reflexi\u00f3 sobre l&#8217;avaluaci\u00f3 i recursos per dur-la a terme&hellip;  <a href=\"https:\/\/agora.xtec.cat\/cesire_historic\/ambit-cientific-i-medi\/suport-professorat_cm\/comunicacio-cientifica\/\" title=\"Read Comunicaci\u00f3 cient\u00edfica\">Llegeix m\u00e9s\u00bb<\/a><br \/>\n","protected":false},"author":239,"featured_media":0,"parent":4600,"menu_order":3,"comment_status":"closed","ping_status":"closed","template":"page-templates\/side-menu.php","meta":{"_bbp_topic_count":0,"_bbp_reply_count":0,"_bbp_total_topic_count":0,"_bbp_total_reply_count":0,"_bbp_voice_count":0,"_bbp_anonymous_reply_count":0,"_bbp_topic_count_hidden":0,"_bbp_reply_count_hidden":0,"_bbp_forum_subforum_count":0,"footnotes":""},"class_list":["post-6349","page","type-page","status-publish","hentry"],"post_mailing_queue_ids":[],"_links":{"self":[{"href":"https:\/\/agora.xtec.cat\/cesire_historic\/wp-json\/wp\/v2\/pages\/6349","targetHints":{"allow":["GET"]}}],"collection":[{"href":"https:\/\/agora.xtec.cat\/cesire_historic\/wp-json\/wp\/v2\/pages"}],"about":[{"href":"https:\/\/agora.xtec.cat\/cesire_historic\/wp-json\/wp\/v2\/types\/page"}],"author":[{"embeddable":true,"href":"https:\/\/agora.xtec.cat\/cesire_historic\/wp-json\/wp\/v2\/users\/239"}],"replies":[{"embeddable":true,"href":"https:\/\/agora.xtec.cat\/cesire_historic\/wp-json\/wp\/v2\/comments?post=6349"}],"version-history":[{"count":4,"href":"https:\/\/agora.xtec.cat\/cesire_historic\/wp-json\/wp\/v2\/pages\/6349\/revisions"}],"predecessor-version":[{"id":9932,"href":"https:\/\/agora.xtec.cat\/cesire_historic\/wp-json\/wp\/v2\/pages\/6349\/revisions\/9932"}],"up":[{"embeddable":true,"href":"https:\/\/agora.xtec.cat\/cesire_historic\/wp-json\/wp\/v2\/pages\/4600"}],"wp:attachment":[{"href":"https:\/\/agora.xtec.cat\/cesire_historic\/wp-json\/wp\/v2\/media?parent=6349"}],"curies":[{"name":"wp","href":"https:\/\/api.w.org\/{rel}","templated":true}]}}