{"id":6138,"date":"2019-05-27T09:58:43","date_gmt":"2019-05-27T07:58:43","guid":{"rendered":"http:\/\/agora.xtec.cat\/cesire_historic\/\/?page_id=6138"},"modified":"2019-06-03T13:25:44","modified_gmt":"2019-06-03T11:25:44","slug":"escolab-connectem-recerca-i-aula","status":"publish","type":"page","link":"https:\/\/agora.xtec.cat\/cesire_historic\/projectes\/escolab-connectem-recerca-i-aula\/","title":{"rendered":"Escolab: Connectem recerca i aula"},"content":{"rendered":"<p>L\u2019Ajuntament de Barcelona, dins del programa <strong>Escolab<\/strong>, organitza cada any visites a alguns laboratoris i centres de recerca de tot el pa\u00eds dirigides a l\u2019alumnat de l\u2019ESO, batxillerat i cicles formatius.\u00a0 <a href=\"http:\/\/escolab.bcn.cat\/ca\/home\" target=\"_blank\" rel=\"noopener noreferrer\">Aqu\u00ed<\/a> trobareu informaci\u00f3 m\u00e9s detallada sobre el per\u00edode d\u2019inscripci\u00f3, el centres de recerca participants i el procediment\u00a0 per fer-ne una reserva.<\/p>\n<p>Amb l\u2019objectiu de millorar l\u2019aprofitament pedag\u00f2gic d\u2019aquesta activitat, els investigadors d\u2019alguns dels centres de recerca i el professorat participen en el programa <strong>Connectem recerca i aula<\/strong>. Aquesta iniciativa els posa en contacte per generar recursos educatius al voltant de la visita i es preparen activitats pr\u00e8vies i posteriors, generant materials que treballen continguts del curr\u00edculum. Les programacions did\u00e0ctiques resultants es publiquen amb l\u2019objectiu de ser implementades en visites posteriors per a d&#8217;altres centres educatius.<\/p>\n<p>El <strong>CESIRE<\/strong> hi participa assessorant els professors i investigadors que desenvolupen aquests materials, i alhora, els dona orientacions did\u00e0ctiques i en fa una revisi\u00f3 per tal que les unitats did\u00e0ctiques que es generen s\u2019adeq\u00fcin a la proposta de programaci\u00f3 competencial del Departament d\u2019Educaci\u00f3.<\/p>\n<p>En <a href=\"http:\/\/escolab.bcn.cat\/ca\/resources\" target=\"_blank\" rel=\"noopener noreferrer\">aquest enlla\u00e7<\/a> trobareu els materials generats en el marc de la iniciativa d\u2019Escolab <strong>Connectem recerca i aula <\/strong>del curs 2017\/18.<\/p>\n<p><a href=\"https:\/\/agora.xtec.cat\/cesire_historic\/\/wp-content\/uploads\/usu397\/2019\/05\/imatge-Escolab.jpg\"><img loading=\"lazy\" decoding=\"async\" class=\"size-full wp-image-6226 aligncenter\" src=\"https:\/\/agora.xtec.cat\/cesire_historic\/\/wp-content\/uploads\/usu397\/2019\/05\/imatge-Escolab.jpg\" alt=\"\" width=\"792\" height=\"342\" srcset=\"https:\/\/agora.xtec.cat\/cesire_historic\/wp-content\/uploads\/usu397\/2019\/05\/imatge-Escolab.jpg 792w, https:\/\/agora.xtec.cat\/cesire_historic\/wp-content\/uploads\/usu397\/2019\/05\/imatge-Escolab-300x130.jpg 300w, https:\/\/agora.xtec.cat\/cesire_historic\/wp-content\/uploads\/usu397\/2019\/05\/imatge-Escolab-768x332.jpg 768w\" sizes=\"auto, (max-width: 792px) 100vw, 792px\" \/><\/a><\/p>\n<ul>\n<li><strong>Com evolucionen les plantes?<\/strong> Visita a l\u2019Institut Bot\u00e0nic de Barcelona (IBB, CSIC-ICUB). Institut Doctor Puigvert.<\/li>\n<li><strong>La vida a trav\u00e9s del microscopi<\/strong>. Unitats de Microsc\u00f2pia \u00d2ptica Avan\u00e7ada i Microsc\u00f2pia Electr\u00f2nica del Campus de Medicina &#8211; Cl\u00ednic dels Centres Cient\u00edfics i Tecnol\u00f2gics de la Universitat de Barcelona (CCiT-UB). INS XXV Olimp\u00edada, Oak House School i Institut Vicen\u00e7 Plantada.<\/li>\n<li><strong>Resist\u00e8ncia bacteriana: l\u2019amena\u00e7a fantasma. <\/strong>Visita a l\u2019Institut de Salut Global Barcelona (ISGlobal). Escola Vedruna Gr\u00e0cia.<\/li>\n<\/ul>\n","protected":false},"excerpt":{"rendered":"<p>L\u2019Ajuntament de Barcelona, dins del programa Escolab, organitza cada any visites a alguns laboratoris i centres de recerca de tot el pa\u00eds dirigides a l\u2019alumnat de l\u2019ESO, batxillerat i cicles formatius.\u00a0 <a href=\"http:\/\/escolab.bcn.cat\/ca\/home\" target=\"_blank\" rel=\"noopener noreferrer\">Aqu\u00ed<\/a> trobareu informaci\u00f3 m\u00e9s detallada sobre el per\u00edode d\u2019inscripci\u00f3, el&hellip;  <a href=\"https:\/\/agora.xtec.cat\/cesire_historic\/projectes\/escolab-connectem-recerca-i-aula\/\" title=\"Read Escolab: Connectem recerca i aula\">Llegeix m\u00e9s\u00bb<\/a><\/p>\n","protected":false},"author":239,"featured_media":0,"parent":57,"menu_order":2,"comment_status":"closed","ping_status":"closed","template":"page-templates\/side-menu.php","meta":{"_bbp_topic_count":0,"_bbp_reply_count":0,"_bbp_total_topic_count":0,"_bbp_total_reply_count":0,"_bbp_voice_count":0,"_bbp_anonymous_reply_count":0,"_bbp_topic_count_hidden":0,"_bbp_reply_count_hidden":0,"_bbp_forum_subforum_count":0,"footnotes":""},"class_list":["post-6138","page","type-page","status-publish","hentry"],"post_mailing_queue_ids":[],"_links":{"self":[{"href":"https:\/\/agora.xtec.cat\/cesire_historic\/wp-json\/wp\/v2\/pages\/6138","targetHints":{"allow":["GET"]}}],"collection":[{"href":"https:\/\/agora.xtec.cat\/cesire_historic\/wp-json\/wp\/v2\/pages"}],"about":[{"href":"https:\/\/agora.xtec.cat\/cesire_historic\/wp-json\/wp\/v2\/types\/page"}],"author":[{"embeddable":true,"href":"https:\/\/agora.xtec.cat\/cesire_historic\/wp-json\/wp\/v2\/users\/239"}],"replies":[{"embeddable":true,"href":"https:\/\/agora.xtec.cat\/cesire_historic\/wp-json\/wp\/v2\/comments?post=6138"}],"version-history":[{"count":5,"href":"https:\/\/agora.xtec.cat\/cesire_historic\/wp-json\/wp\/v2\/pages\/6138\/revisions"}],"predecessor-version":[{"id":6271,"href":"https:\/\/agora.xtec.cat\/cesire_historic\/wp-json\/wp\/v2\/pages\/6138\/revisions\/6271"}],"up":[{"embeddable":true,"href":"https:\/\/agora.xtec.cat\/cesire_historic\/wp-json\/wp\/v2\/pages\/57"}],"wp:attachment":[{"href":"https:\/\/agora.xtec.cat\/cesire_historic\/wp-json\/wp\/v2\/media?parent=6138"}],"curies":[{"name":"wp","href":"https:\/\/api.w.org\/{rel}","templated":true}]}}