{"id":6113,"date":"2019-05-22T13:27:11","date_gmt":"2019-05-22T11:27:11","guid":{"rendered":"http:\/\/agora.xtec.cat\/cesire_historic\/\/?page_id=6113"},"modified":"2019-09-16T11:38:56","modified_gmt":"2019-09-16T09:38:56","slug":"premis-a-treballs-de-recerca","status":"publish","type":"page","link":"https:\/\/agora.xtec.cat\/cesire_historic\/ambit-cientific-i-medi\/dinamitzacio-de-lalumnat_cm\/premis-a-treballs-de-recerca\/","title":{"rendered":"Premis a treballs de recerca"},"content":{"rendered":"<p>Tot seguit trobareu les adreces d&#8217;algunes universitats o institucions que premien treballs de recerca realitzats per alumnes de batxillerat.<\/p>\n<ul>\n<li><span style=\"font-weight: 400;\"><a href=\"http:\/\/premisrecercajove.cat\/\" target=\"_blank\" rel=\"noopener noreferrer\">Premis Recerca Jove<\/a> <\/span><\/li>\n<li><a href=\"https:\/\/www.uab.cat\/web\/programa-argo-1345714880943.html\" target=\"_blank\" rel=\"noopener noreferrer\">Premis Arg\u00f3 de la UAB<\/a><\/li>\n<li><a href=\"https:\/\/www.ub.edu\/futurs\/treball-de-recerca-de-batxillerat\" target=\"_blank\" rel=\"noopener noreferrer\">Premis Universitat de Barcelona<\/a><\/li>\n<li><a href=\"http:\/\/www.udl.cat\/ca\/serveis\/seu\/treballsrecerca\/\" target=\"_blank\" rel=\"noopener noreferrer\">Premis Universitat de Lleida<\/a><\/li>\n<li><a href=\"https:\/\/www.upc.edu\/premi-secundaria\/ca\" target=\"_blank\" rel=\"noopener noreferrer\">Premis UPC per treballs de recerca<\/a><\/li>\n<li><a href=\"http:\/\/premisrecerca.udg.edu\/Inici.aspx\" target=\"_blank\" rel=\"noopener noreferrer\">Premis treballs de recerca Universitat de Girona<\/a><\/li>\n<li><a href=\"http:\/\/premi.prbb.org\/\" target=\"_blank\" rel=\"noopener noreferrer\">Premis treballs de recerca UPF<\/a><\/li>\n<li><a href=\"http:\/\/premisrecerca.uvic.cat\/\" target=\"_blank\" rel=\"noopener noreferrer\">Premis treballs de recerca Universitat de Vic<\/a><\/li>\n<li><a href=\"https:\/\/www.fundaciogrifols.org\/ca\/web\/fundacio\/secondary-school-prize\" target=\"_blank\" rel=\"noopener noreferrer\">Premis Fundaci\u00f3 V\u00edctor Gr\u00edfols i Lucas per a treballs sobre bio\u00e8tica<\/a><\/li>\n<li><a href=\"http:\/\/blogs.iec.cat\/scq\/premis\/premis-als-treballs-de-recerca-de-batxillerat\/\" target=\"_blank\" rel=\"noopener noreferrer\">Premis als Treballs de Recerca de Batxillerat dins l\u2019\u00c0mbit de la Qu\u00edmica.<\/a><\/li>\n<li><a href=\"https:\/\/blogs.iec.cat\/scfis\/category\/treball-de-recerca\/\" target=\"_blank\" rel=\"noopener noreferrer\">Premis als Treballs de Recerca de Batxillerat dins l\u2019\u00c0mbit de la F\u00edsica.<\/a><\/li>\n<li><a href=\"https:\/\/scb.iec.cat\/\" target=\"_blank\" rel=\"noopener noreferrer\">Premis als Treballs de Recerca de Batxillerat dins l\u2019\u00c0mbit de la Biologia.<\/a><\/li>\n<li><a href=\"http:\/\/www.colgeocat.org\/ca\/\" target=\"_blank\" rel=\"noopener noreferrer\">Premis als Treballs de Recerca de Batxillerat dins l\u2019\u00c0mbit de la Geologia.<\/a><\/li>\n<\/ul>\n<p>Podeu escriure a cesire@xtec.cat per afegir a la llista altres premis que vosaltres conegueu.<\/p>\n","protected":false},"excerpt":{"rendered":"<p>Tot seguit trobareu les adreces d&#8217;algunes universitats o institucions que premien treballs de recerca realitzats per alumnes de batxillerat.<\/p>\n<ul>\n<li><a href=\"http:\/\/premisrecercajove.cat\/\" target=\"_blank\" rel=\"noopener noreferrer\">Premis Recerca Jove<\/a> <\/li>\n<li><a href=\"https:\/\/www.uab.cat\/web\/programa-argo-1345714880943.html\" target=\"_blank\" rel=\"noopener noreferrer\">Premis Arg\u00f3 de la UAB<\/a><\/li>\n<li><a href=\"https:\/\/www.ub.edu\/futurs\/treball-de-recerca-de-batxillerat\" target=\"_blank\" rel=\"noopener noreferrer\">Premis Universitat de Barcelona<\/a><\/li>\n<li><a href=\"http:\/\/www.udl.cat\/ca\/serveis\/seu\/treballsrecerca\/\" target=\"_blank\" rel=\"noopener noreferrer\">Premis&hellip;  <a href=\"https:\/\/agora.xtec.cat\/cesire_historic\/ambit-cientific-i-medi\/dinamitzacio-de-lalumnat_cm\/premis-a-treballs-de-recerca\/\" title=\"Read Premis a treballs de recerca\">Llegeix m\u00e9s\u00bb<\/a><br \/>\n","protected":false},"author":239,"featured_media":0,"parent":4604,"menu_order":2,"comment_status":"closed","ping_status":"closed","template":"page-templates\/side-menu.php","meta":{"_bbp_topic_count":0,"_bbp_reply_count":0,"_bbp_total_topic_count":0,"_bbp_total_reply_count":0,"_bbp_voice_count":0,"_bbp_anonymous_reply_count":0,"_bbp_topic_count_hidden":0,"_bbp_reply_count_hidden":0,"_bbp_forum_subforum_count":0,"footnotes":""},"class_list":["post-6113","page","type-page","status-publish","hentry"],"post_mailing_queue_ids":[],"_links":{"self":[{"href":"https:\/\/agora.xtec.cat\/cesire_historic\/wp-json\/wp\/v2\/pages\/6113","targetHints":{"allow":["GET"]}}],"collection":[{"href":"https:\/\/agora.xtec.cat\/cesire_historic\/wp-json\/wp\/v2\/pages"}],"about":[{"href":"https:\/\/agora.xtec.cat\/cesire_historic\/wp-json\/wp\/v2\/types\/page"}],"author":[{"embeddable":true,"href":"https:\/\/agora.xtec.cat\/cesire_historic\/wp-json\/wp\/v2\/users\/239"}],"replies":[{"embeddable":true,"href":"https:\/\/agora.xtec.cat\/cesire_historic\/wp-json\/wp\/v2\/comments?post=6113"}],"version-history":[{"count":3,"href":"https:\/\/agora.xtec.cat\/cesire_historic\/wp-json\/wp\/v2\/pages\/6113\/revisions"}],"predecessor-version":[{"id":7318,"href":"https:\/\/agora.xtec.cat\/cesire_historic\/wp-json\/wp\/v2\/pages\/6113\/revisions\/7318"}],"up":[{"embeddable":true,"href":"https:\/\/agora.xtec.cat\/cesire_historic\/wp-json\/wp\/v2\/pages\/4604"}],"wp:attachment":[{"href":"https:\/\/agora.xtec.cat\/cesire_historic\/wp-json\/wp\/v2\/media?parent=6113"}],"curies":[{"name":"wp","href":"https:\/\/api.w.org\/{rel}","templated":true}]}}