{"id":6109,"date":"2019-05-22T13:07:32","date_gmt":"2019-05-22T11:07:32","guid":{"rendered":"http:\/\/agora.xtec.cat\/cesire_historic\/\/?page_id=6109"},"modified":"2019-05-22T13:08:26","modified_gmt":"2019-05-22T11:08:26","slug":"olimpiades","status":"publish","type":"page","link":"https:\/\/agora.xtec.cat\/cesire_historic\/ambit-cientific-i-medi\/dinamitzacio-de-lalumnat_cm\/olimpiades\/","title":{"rendered":"Olimp\u00edades"},"content":{"rendered":"<p><span style=\"font-weight: 400;\">Els alumnes de batxillerat poden participar a les Olimp\u00edades de les seg\u00fcents mat\u00e8ries del batxillerat cient\u00edfic:<\/span><\/p>\n<ul>\n<li><span style=\"font-weight: 400;\"><a href=\"http:\/\/olimpiadadebiologia.cat\/\" target=\"_blank\" rel=\"noopener noreferrer\">Olimp\u00edada de Biologia<\/a> <\/span><\/li>\n<li><a href=\"http:\/\/scfis.iec.cat\/olimpiada\/\" target=\"_blank\" rel=\"noopener noreferrer\">Olimp\u00edada de F\u00edsica<\/a><\/li>\n<li><a href=\"http:\/\/www.aepect.org\/actividades-geologicas\/olimpiada-geologia\/\" target=\"_blank\" rel=\"noopener noreferrer\">Olimp\u00edada de Geologia<\/a><\/li>\n<li><a href=\"https:\/\/olimpiacat.wixsite.com\/olimpiades-quimica\" target=\"_blank\" rel=\"noopener noreferrer\">Olimp\u00edada de Qu\u00edmica<\/a><\/li>\n<\/ul>\n<p>&nbsp;<\/p>\n","protected":false},"excerpt":{"rendered":"<p>Els alumnes de batxillerat poden participar a les Olimp\u00edades de les seg\u00fcents mat\u00e8ries del batxillerat cient\u00edfic:<\/p>\n<ul>\n<li><a href=\"http:\/\/olimpiadadebiologia.cat\/\" target=\"_blank\" rel=\"noopener noreferrer\">Olimp\u00edada de Biologia<\/a> <\/li>\n<li><a href=\"http:\/\/scfis.iec.cat\/olimpiada\/\" target=\"_blank\" rel=\"noopener noreferrer\">Olimp\u00edada de F\u00edsica<\/a><\/li>\n<li><a href=\"http:\/\/www.aepect.org\/actividades-geologicas\/olimpiada-geologia\/\" target=\"_blank\" rel=\"noopener noreferrer\">Olimp\u00edada de Geologia<\/a><\/li>\n<li><a href=\"https:\/\/olimpiacat.wixsite.com\/olimpiades-quimica\" target=\"_blank\" rel=\"noopener noreferrer\">Olimp\u00edada de Qu\u00edmica<\/a><\/li>\n<\/ul>\n<p>&nbsp;<\/p>\n","protected":false},"author":239,"featured_media":0,"parent":4604,"menu_order":1,"comment_status":"closed","ping_status":"closed","template":"page-templates\/side-menu.php","meta":{"_bbp_topic_count":0,"_bbp_reply_count":0,"_bbp_total_topic_count":0,"_bbp_total_reply_count":0,"_bbp_voice_count":0,"_bbp_anonymous_reply_count":0,"_bbp_topic_count_hidden":0,"_bbp_reply_count_hidden":0,"_bbp_forum_subforum_count":0,"footnotes":""},"class_list":["post-6109","page","type-page","status-publish","hentry"],"post_mailing_queue_ids":[],"_links":{"self":[{"href":"https:\/\/agora.xtec.cat\/cesire_historic\/wp-json\/wp\/v2\/pages\/6109","targetHints":{"allow":["GET"]}}],"collection":[{"href":"https:\/\/agora.xtec.cat\/cesire_historic\/wp-json\/wp\/v2\/pages"}],"about":[{"href":"https:\/\/agora.xtec.cat\/cesire_historic\/wp-json\/wp\/v2\/types\/page"}],"author":[{"embeddable":true,"href":"https:\/\/agora.xtec.cat\/cesire_historic\/wp-json\/wp\/v2\/users\/239"}],"replies":[{"embeddable":true,"href":"https:\/\/agora.xtec.cat\/cesire_historic\/wp-json\/wp\/v2\/comments?post=6109"}],"version-history":[{"count":3,"href":"https:\/\/agora.xtec.cat\/cesire_historic\/wp-json\/wp\/v2\/pages\/6109\/revisions"}],"predecessor-version":[{"id":6112,"href":"https:\/\/agora.xtec.cat\/cesire_historic\/wp-json\/wp\/v2\/pages\/6109\/revisions\/6112"}],"up":[{"embeddable":true,"href":"https:\/\/agora.xtec.cat\/cesire_historic\/wp-json\/wp\/v2\/pages\/4604"}],"wp:attachment":[{"href":"https:\/\/agora.xtec.cat\/cesire_historic\/wp-json\/wp\/v2\/media?parent=6109"}],"curies":[{"name":"wp","href":"https:\/\/api.w.org\/{rel}","templated":true}]}}