{"id":5882,"date":"2019-05-10T10:20:31","date_gmt":"2019-05-10T08:20:31","guid":{"rendered":"http:\/\/agora.xtec.cat\/cesire_historic\/\/?page_id=5882"},"modified":"2020-06-19T13:49:57","modified_gmt":"2020-06-19T11:49:57","slug":"aicle","status":"publish","type":"page","link":"https:\/\/agora.xtec.cat\/cesire_historic\/ambit-linguistic\/recursos-per-a-laula_ll\/aicle\/","title":{"rendered":"AICLE"},"content":{"rendered":"<h5>Propostes did\u00e0ctiques AICLE (Aprenentatge Integrat de Continguts no ling\u00fc\u00edstics i Llengua Estrangera: CLIL-llengua anglesa i EMILE-llengua francesa), dissenyades per professorat catal\u00e0 en llic\u00e8ncia d&#8217;estudis al Regne Unit o Fran\u00e7a &#8211; Llic\u00e8ncies d&#8217;estudis C i D<\/h5>\n<div class=\"bloque_propostes aicle1\">\n<div class=\"left_propostes\">\n<h6>Unitats CLIL per a prim\u00e0ria i secund\u00e0ria de 15 hores<\/h6>\n<table style=\"height: 124px;\" border=\"1\" cellspacing=\"0\" cellpadding=\"5\" align=\"center\">\n<tbody>\n<tr style=\"height: 31px;\">\n<td style=\"height: 31px; width: 118px;\"><a href=\"https:\/\/agora.xtec.cat\/cesire_historic\/\/wp-content\/uploads\/usu397\/2020\/04\/Llic\u00e8ncies-D-Science.pdf\" target=\"_blank\" rel=\"noopener noreferrer\">Science<\/a><\/td>\n<td style=\"height: 31px; width: 138px;\"><a href=\"https:\/\/agora.xtec.cat\/cesire_historic\/\/wp-content\/uploads\/usu397\/2020\/04\/Llic\u00e8ncies-D-Maths.pdf\" target=\"_blank\" rel=\"noopener noreferrer\">Maths<\/a><\/td>\n<td style=\"height: 31px; width: 91px;\"><a href=\"https:\/\/agora.xtec.cat\/cesire_historic\/\/wp-content\/uploads\/usu397\/2020\/04\/Llic\u00e8ncies-D-Economy.pdf\" target=\"_blank\" rel=\"noopener noreferrer\">Economy<\/a><\/td>\n<\/tr>\n<tr style=\"height: 31px;\">\n<td style=\"height: 31px; width: 118px;\"><a href=\"https:\/\/agora.xtec.cat\/cesire_historic\/\/wp-content\/uploads\/usu397\/2020\/04\/Llic\u00e8ncies-D-Arts-and-crafts.pdf\" target=\"_blank\" rel=\"noopener noreferrer\">Arts &amp; Crafts<\/a><\/td>\n<td style=\"height: 31px; width: 138px;\"><a href=\"https:\/\/agora.xtec.cat\/cesire_historic\/\/wp-content\/uploads\/usu397\/2020\/04\/Llic\u00e8ncies-D-Physical-education.pdf\" target=\"_blank\" rel=\"noopener noreferrer\">Physical Education<\/a><\/td>\n<td style=\"height: 31px; width: 91px;\"><a href=\"https:\/\/agora.xtec.cat\/cesire_historic\/\/wp-content\/uploads\/usu397\/2020\/04\/Llic\u00e8ncies-D-Philosophy.pdf\" target=\"_blank\" rel=\"noopener noreferrer\">Philosophy<\/a><\/td>\n<\/tr>\n<tr style=\"height: 31px;\">\n<td style=\"height: 31px; width: 118px;\"><a href=\"https:\/\/agora.xtec.cat\/cesire_historic\/\/wp-content\/uploads\/usu397\/2020\/04\/Llic\u00e8ncies-D-Cross-curricular.pdf\" target=\"_blank\" rel=\"noopener noreferrer\">Cross curricular<\/a><\/td>\n<td style=\"height: 31px; width: 138px;\"><a href=\"https:\/\/agora.xtec.cat\/cesire_historic\/\/wp-content\/uploads\/usu397\/2020\/04\/Llic\u00e8ncies-D-Social-science.pdf\" target=\"_blank\" rel=\"noopener noreferrer\">Social Science<\/a><\/td>\n<td style=\"height: 31px; width: 91px;\"><a href=\"https:\/\/agora.xtec.cat\/cesire_historic\/\/wp-content\/uploads\/usu397\/2020\/04\/Llic\u00e8ncies-D-Technology-1.pdf\" target=\"_blank\" rel=\"noopener noreferrer\">Technology<\/a><\/td>\n<\/tr>\n<tr style=\"height: 31px;\">\n<td style=\"height: 31px; width: 118px;\"><a href=\"https:\/\/agora.xtec.cat\/cesire_historic\/\/wp-content\/uploads\/usu397\/2020\/04\/Llic\u00e8ncies-D-Music.pdf\" target=\"_blank\" rel=\"noopener noreferrer\">Music<\/a><\/td>\n<td style=\"height: 31px; width: 138px;\"><a href=\"https:\/\/agora.xtec.cat\/cesire_historic\/\/wp-content\/uploads\/usu397\/2020\/04\/Llic\u00e8ncies-D-Biology.pdf\" target=\"_blank\" rel=\"noopener noreferrer\">Biology<\/a><\/td>\n<td style=\"height: 31px; width: 91px;\"><a href=\"https:\/\/agora.xtec.cat\/cesire_historic\/\/wp-content\/uploads\/usu397\/2020\/04\/Llic\u00e8ncies-D-Citizenship.pdf\" target=\"_blank\" rel=\"noopener noreferrer\">Citizenship<\/a><\/td>\n<\/tr>\n<\/tbody>\n<\/table>\n<\/div>\n<div class=\"clr\"><\/div>\n<\/div>\n<div class=\"bloque_propostes aicle2\">\n<div class=\"left_propostes\">\n<h6>Unitats CLIL per a prim\u00e0ria i secund\u00e0ria de 30 hores<\/h6>\n<table border=\"1\" cellspacing=\"0\" cellpadding=\"5\" align=\"center\">\n<tbody>\n<tr>\n<td><a href=\"https:\/\/agora.xtec.cat\/cesire_historic\/\/wp-content\/uploads\/usu397\/2020\/06\/Llic\u00e8ncies-C-Science.pdf\" target=\"_blank\" rel=\"noopener noreferrer\">Science<\/a><\/td>\n<td><a href=\"https:\/\/agora.xtec.cat\/cesire_historic\/\/wp-content\/uploads\/usu397\/2020\/06\/Llic\u00e8ncies-C-Maths.pdf\" target=\"_blank\" rel=\"noopener noreferrer\">Maths<\/a><\/td>\n<td><a href=\"https:\/\/agora.xtec.cat\/cesire_historic\/\/wp-content\/uploads\/usu397\/2020\/06\/Llic\u00e8ncies-C-Citizenship.pdf\" target=\"_blank\" rel=\"noopener noreferrer\">Citizenship<\/a><\/td>\n<\/tr>\n<tr>\n<td><a href=\"https:\/\/agora.xtec.cat\/cesire_historic\/\/wp-content\/uploads\/usu397\/2020\/06\/Llic\u00e8ncies-C-Arts-and-Crafts.pdf\" target=\"_blank\" rel=\"noopener noreferrer\">Arts &amp; Crafts<\/a><\/td>\n<td><a href=\"https:\/\/agora.xtec.cat\/cesire_historic\/\/wp-content\/uploads\/usu397\/2020\/06\/Llic\u00e8ncies-C-Physical-Education.pdf\" target=\"_blank\" rel=\"noopener noreferrer\">Physical Education<\/a><\/td>\n<td><a href=\"https:\/\/agora.xtec.cat\/cesire_historic\/\/wp-content\/uploads\/usu397\/2020\/06\/Llic\u00e8ncies-C-Tourism.pdf\" target=\"_blank\" rel=\"noopener noreferrer\">Tourism<\/a><\/td>\n<\/tr>\n<tr>\n<td><a href=\"https:\/\/agora.xtec.cat\/cesire_historic\/\/wp-content\/uploads\/usu397\/2020\/06\/Llic\u00e8ncies-C-Cross-curricular.pdf\" target=\"_blank\" rel=\"noopener noreferrer\">Cross curricular<\/a><\/td>\n<td><a href=\"https:\/\/agora.xtec.cat\/cesire_historic\/\/wp-content\/uploads\/usu397\/2020\/06\/Llic\u00e8ncies-C-Social-Science-.pdf\" target=\"_blank\" rel=\"noopener noreferrer\">Social Science<\/a><\/td>\n<td><a href=\"https:\/\/agora.xtec.cat\/cesire_historic\/\/wp-content\/uploads\/usu397\/2020\/06\/Llic\u00e8ncies-C-Technology.pdf\" target=\"_blank\" rel=\"noopener noreferrer\">Technology<\/a><\/td>\n<\/tr>\n<tr>\n<td><a href=\"https:\/\/agora.xtec.cat\/cesire_historic\/\/wp-content\/uploads\/usu397\/2020\/06\/Llic\u00e8ncies-C-Music.pdf\" target=\"_blank\" rel=\"noopener noreferrer\">Music<\/a><\/td>\n<td><\/td>\n<td><\/td>\n<\/tr>\n<\/tbody>\n<\/table>\n<\/div>\n<\/div>\n<div class=\"bloque_propostes aicle3\">\n<div class=\"left_propostes\">\n<h6>Unitats EMILE de 15 hores per a secund\u00e0ria<\/h6>\n<table border=\"1\" cellspacing=\"0\" cellpadding=\"5\" align=\"center\">\n<tbody>\n<tr>\n<td><a href=\"https:\/\/agora.xtec.cat\/cesire_historic\/\/wp-content\/uploads\/usu397\/2020\/04\/Llic\u00e8ncies-D-G\u00e9ographie.pdf\" target=\"_blank\" rel=\"noopener noreferrer\">G\u00e9ographie<\/a><\/td>\n<td><a href=\"https:\/\/agora.xtec.cat\/cesire_historic\/\/wp-content\/uploads\/usu397\/2020\/04\/Llic\u00e8ncies-D-Histoire.pdf\" target=\"_blank\" rel=\"noopener noreferrer\">Histoire<\/a><\/td>\n<td><a href=\"https:\/\/agora.xtec.cat\/cesire_historic\/\/wp-content\/uploads\/usu397\/2020\/04\/Llic\u00e8ncies-D-Science-1.pdf\" target=\"_blank\" rel=\"noopener noreferrer\">Science<\/a><\/td>\n<\/tr>\n<tr>\n<td><a href=\"https:\/\/agora.xtec.cat\/cesire_historic\/\/wp-content\/uploads\/usu397\/2020\/04\/Llic\u00e8ncies-D-\u00c9ducation-Physique.pdf\" target=\"_blank\" rel=\"noopener noreferrer\">\u00c9ducation Physique<\/a><\/td>\n<td><a href=\"https:\/\/agora.xtec.cat\/cesire_historic\/\/wp-content\/uploads\/usu397\/2020\/04\/Llic\u00e8ncies-D-Tourisme.pdf\" target=\"_blank\" rel=\"noopener noreferrer\">Tourisme<\/a><\/td>\n<td><\/td>\n<\/tr>\n<\/tbody>\n<\/table>\n<\/div>\n<\/div>\n<p>&nbsp;<\/p>\n<hr \/>\n<h5><strong>Unitats did\u00e0ctiques AICLE<\/strong><\/h5>\n<p><img loading=\"lazy\" decoding=\"async\" class=\"aligncenter wp-image-7300\" src=\"https:\/\/agora.xtec.cat\/cesire_historic\/\/wp-content\/uploads\/usu397\/2019\/09\/english-3249829_640-300x168.jpg\" alt=\"\" width=\"245\" height=\"137\" srcset=\"https:\/\/agora.xtec.cat\/cesire_historic\/wp-content\/uploads\/usu397\/2019\/09\/english-3249829_640-300x168.jpg 300w, https:\/\/agora.xtec.cat\/cesire_historic\/wp-content\/uploads\/usu397\/2019\/09\/english-3249829_640.jpg 640w\" sizes=\"auto, (max-width: 245px) 100vw, 245px\" \/><\/p>\n<p><a href=\"http:\/\/www.juntadeandalucia.es\/educacion\/webportal\/web\/aicle\" target=\"_blank\" rel=\"noopener noreferrer\">130 unitats did\u00e0ctiques<\/a>\u00a0que la Conselleria d\u2019Educaci\u00f3 d\u2019Andalusia posa a l\u2019abast dels centres biling\u00fces d\u2019aquesta comunitat<\/p>\n<hr \/>\n<p>&nbsp;<\/p>\n","protected":false},"excerpt":{"rendered":"<p>Propostes did\u00e0ctiques AICLE (Aprenentatge Integrat de Continguts no ling\u00fc\u00edstics i Llengua Estrangera: CLIL-llengua anglesa i EMILE-llengua francesa), dissenyades per professorat catal\u00e0 en llic\u00e8ncia d&#8217;estudis al Regne Unit o Fran\u00e7a &#8211; Llic\u00e8ncies d&#8217;estudis C i D<\/p>\n<p>Unitats CLIL per a prim\u00e0ria i secund\u00e0ria de 15 hores<\/p>\n<p><a href=\"https:\/\/agora.xtec.cat\/cesire_historic\/\/wp-content\/uploads\/usu397\/2020\/04\/Llic\u00e8ncies-D-Science.pdf\"&hellip;  <a href=\"https:\/\/agora.xtec.cat\/cesire_historic\/ambit-linguistic\/recursos-per-a-laula_ll\/aicle\/\" title=\"Read AICLE\">Llegeix m\u00e9s\u00bb<\/a><\/p>\n","protected":false},"author":1,"featured_media":0,"parent":4583,"menu_order":7,"comment_status":"closed","ping_status":"closed","template":"page-templates\/side-menu.php","meta":{"_bbp_topic_count":0,"_bbp_reply_count":0,"_bbp_total_topic_count":0,"_bbp_total_reply_count":0,"_bbp_voice_count":0,"_bbp_anonymous_reply_count":0,"_bbp_topic_count_hidden":0,"_bbp_reply_count_hidden":0,"_bbp_forum_subforum_count":0,"footnotes":""},"class_list":["post-5882","page","type-page","status-publish","hentry"],"post_mailing_queue_ids":[],"_links":{"self":[{"href":"https:\/\/agora.xtec.cat\/cesire_historic\/wp-json\/wp\/v2\/pages\/5882","targetHints":{"allow":["GET"]}}],"collection":[{"href":"https:\/\/agora.xtec.cat\/cesire_historic\/wp-json\/wp\/v2\/pages"}],"about":[{"href":"https:\/\/agora.xtec.cat\/cesire_historic\/wp-json\/wp\/v2\/types\/page"}],"author":[{"embeddable":true,"href":"https:\/\/agora.xtec.cat\/cesire_historic\/wp-json\/wp\/v2\/users\/1"}],"replies":[{"embeddable":true,"href":"https:\/\/agora.xtec.cat\/cesire_historic\/wp-json\/wp\/v2\/comments?post=5882"}],"version-history":[{"count":3,"href":"https:\/\/agora.xtec.cat\/cesire_historic\/wp-json\/wp\/v2\/pages\/5882\/revisions"}],"predecessor-version":[{"id":9733,"href":"https:\/\/agora.xtec.cat\/cesire_historic\/wp-json\/wp\/v2\/pages\/5882\/revisions\/9733"}],"up":[{"embeddable":true,"href":"https:\/\/agora.xtec.cat\/cesire_historic\/wp-json\/wp\/v2\/pages\/4583"}],"wp:attachment":[{"href":"https:\/\/agora.xtec.cat\/cesire_historic\/wp-json\/wp\/v2\/media?parent=5882"}],"curies":[{"name":"wp","href":"https:\/\/api.w.org\/{rel}","templated":true}]}}