{"id":5774,"date":"2019-05-08T15:29:02","date_gmt":"2019-05-08T13:29:02","guid":{"rendered":"http:\/\/agora.xtec.cat\/cesire_historic\/\/?page_id=5774"},"modified":"2019-05-08T15:29:02","modified_gmt":"2019-05-08T13:29:02","slug":"escultures-de-llum-i-ombres","status":"publish","type":"page","link":"https:\/\/agora.xtec.cat\/cesire_historic\/ambit-artistic\/itineraris-artistics\/sessions-itineraris-artistics\/escultures-de-llum-i-ombres\/","title":{"rendered":"Escultures de llum i ombres"},"content":{"rendered":"<p style=\"text-align: center;\"><iframe loading=\"lazy\" src=\"https:\/\/www.youtube.com\/embed\/3_IsyRj3-rc\" width=\"560\" height=\"315\" frameborder=\"0\" allowfullscreen=\"allowfullscreen\"><\/iframe><\/p>\n<p>Amb aquesta proposta es pret\u00e9n que els alumnes aprenguin a gaudir de l&#8217;aprenentatge, a pensar i crear, tot q\u00fcestionant-se coses que impulsin a la comprensi\u00f3 i relaci\u00f3 de les arts amb el m\u00f3n. La proposta \u00e9s global amb una mirada competencial.<\/p>\n<table class=\"alignleft\" border=\"1\" width=\"280\">\n<thead>\n<tr>\n<td>Integraci\u00f3 de coneixements:<\/p>\n<p>\u00c0mbit art\u00edstic, \u00e0mbit matem\u00e0tic, \u00e0mbit tecnol\u00f2gic, \u00e0mbit de\u00a0 medi<\/p>\n<p>&nbsp;<\/td>\n<\/tr>\n<\/thead>\n<\/table>\n<p>Fitxa de programaci\u00f3: <a href=\"https:\/\/agora.xtec.cat\/cesire_historic\/\/wp-content\/uploads\/usu397\/2019\/05\/FITXA-programaci\u00f3-ESCULTURES-LLUM-OMBRES-2.pdf\">Escultures de llum i ombres<\/a><\/p>\n<p>Presentaci\u00f3:<a href=\"https:\/\/agora.xtec.cat\/cesire_historic\/\/wp-content\/uploads\/usu397\/2019\/05\/presentaci\u00f3-llum-i-ombres.pdf\"> Escultures de llum i ombres<\/a><\/p>\n<p>&nbsp;<\/p>\n","protected":false},"excerpt":{"rendered":"<p>Amb aquesta proposta es pret\u00e9n que els alumnes aprenguin a gaudir de l&#8217;aprenentatge, a pensar i crear, tot q\u00fcestionant-se coses que impulsin a la comprensi\u00f3 i relaci\u00f3 de les arts amb el m\u00f3n. La proposta \u00e9s global amb una mirada competencial.<\/p>\n<p>Integraci\u00f3 de coneixements:<br \/>\n\u00c0mbit art\u00edstic, \u00e0mbit&hellip;  <a href=\"https:\/\/agora.xtec.cat\/cesire_historic\/ambit-artistic\/itineraris-artistics\/sessions-itineraris-artistics\/escultures-de-llum-i-ombres\/\" title=\"Read Escultures de llum i ombres\">Llegeix m\u00e9s\u00bb<\/a><\/p>\n","protected":false},"author":9,"featured_media":0,"parent":3174,"menu_order":0,"comment_status":"closed","ping_status":"closed","template":"page-templates\/side-menu.php","meta":{"_bbp_topic_count":0,"_bbp_reply_count":0,"_bbp_total_topic_count":0,"_bbp_total_reply_count":0,"_bbp_voice_count":0,"_bbp_anonymous_reply_count":0,"_bbp_topic_count_hidden":0,"_bbp_reply_count_hidden":0,"_bbp_forum_subforum_count":0,"footnotes":""},"class_list":["post-5774","page","type-page","status-publish","hentry"],"post_mailing_queue_ids":[],"_links":{"self":[{"href":"https:\/\/agora.xtec.cat\/cesire_historic\/wp-json\/wp\/v2\/pages\/5774","targetHints":{"allow":["GET"]}}],"collection":[{"href":"https:\/\/agora.xtec.cat\/cesire_historic\/wp-json\/wp\/v2\/pages"}],"about":[{"href":"https:\/\/agora.xtec.cat\/cesire_historic\/wp-json\/wp\/v2\/types\/page"}],"author":[{"embeddable":true,"href":"https:\/\/agora.xtec.cat\/cesire_historic\/wp-json\/wp\/v2\/users\/9"}],"replies":[{"embeddable":true,"href":"https:\/\/agora.xtec.cat\/cesire_historic\/wp-json\/wp\/v2\/comments?post=5774"}],"version-history":[{"count":1,"href":"https:\/\/agora.xtec.cat\/cesire_historic\/wp-json\/wp\/v2\/pages\/5774\/revisions"}],"predecessor-version":[{"id":5783,"href":"https:\/\/agora.xtec.cat\/cesire_historic\/wp-json\/wp\/v2\/pages\/5774\/revisions\/5783"}],"up":[{"embeddable":true,"href":"https:\/\/agora.xtec.cat\/cesire_historic\/wp-json\/wp\/v2\/pages\/3174"}],"wp:attachment":[{"href":"https:\/\/agora.xtec.cat\/cesire_historic\/wp-json\/wp\/v2\/media?parent=5774"}],"curies":[{"name":"wp","href":"https:\/\/api.w.org\/{rel}","templated":true}]}}