{"id":5767,"date":"2019-05-08T15:08:03","date_gmt":"2019-05-08T13:08:03","guid":{"rendered":"http:\/\/agora.xtec.cat\/cesire_historic\/\/?page_id=5767"},"modified":"2019-05-14T09:01:41","modified_gmt":"2019-05-14T07:01:41","slug":"fonteres-de-fil-desteixint-emocions","status":"publish","type":"page","link":"https:\/\/agora.xtec.cat\/cesire_historic\/fonteres-de-fil-desteixint-emocions\/","title":{"rendered":"Fonteres de fil: (des)teixint emocions"},"content":{"rendered":"<p style=\"text-align: center;\"><iframe loading=\"lazy\" src=\"https:\/\/www.youtube.com\/embed\/Pheq-zM3Yho\" width=\"560\" height=\"315\" frameborder=\"0\" allowfullscreen=\"allowfullscreen\"><\/iframe><\/p>\n<p>Les fronteres s\u00f3n l\u00ednies invisibles i tamb\u00e9 s\u00f3n espais constru\u00efts. A partir de la seq\u00fc\u00e8ncia punt-l\u00ednia-espai crearem una petita instal.laci\u00f3 art\u00edstica per apropar-nos a les emocions de les persones a qui les migracions for\u00e7ades obliguen a enfrontar-se amb una o m\u00e9s fronteres. Durant la sessi\u00f3 veurem com manipulant diferents fils i cordes podem aprofundir en conceptes matem\u00e0tics, art\u00edstics i de la cultura visual que ens ajudin a teixir un espai que forci a l&#8217;espectador a interactuar i a reaccionar, per despr\u00e9s establir reflexions tant necess\u00e0ries i actuals com poden ser l&#8217;acollida o el refugi.<\/p>\n<p>Fitxa de programaci\u00f3: <a href=\"https:\/\/agora.xtec.cat\/cesire_historic\/\/wp-content\/uploads\/usu397\/2019\/05\/Fitxa-PROGRAMACI\u00d3-Fronteres-de-Fil-1-1.pdf\">Fronteres de fil<\/a><\/p>\n<p>Presentaci\u00f3: <a href=\"https:\/\/agora.xtec.cat\/cesire_historic\/\/wp-content\/uploads\/usu397\/2019\/05\/Presentacio-FRONTERES-FIL-1.pdf\">Fronteres de fil<\/a><\/p>\n<table class=\"alignleft\" border=\"1\">\n<thead>\n<tr>\n<td>Integraci\u00f3 de coneixements<\/p>\n<p>&nbsp;<\/p>\n<p>\u00c0mbit art\u00edstic: expressi\u00f3 d&#8217;idees i emocions. Recursos dels elements del llenguatge corporal i visual i pl\u00e0stic.<\/p>\n<p>\u00c0mbit matem\u00e0tic: geometria i mesura<\/p>\n<p>\u00c0mbit d&#8217;educaci\u00f3 en valors: educaci\u00f3 emocional, empatia, solidaritat<\/p>\n<p>\u00c0mbit de coneixement del medi: migracions, geografia pol\u00edtica, actualitat, materials<\/p>\n<p>Tecnologia: construcci\u00f3 d&#8217;estructures, ancoratges i suports<\/p>\n<p>&nbsp;<\/td>\n<\/tr>\n<\/thead>\n<\/table>\n<p>&nbsp;<\/p>\n<p>&nbsp;<\/p>\n<p>&nbsp;<\/p>\n<p>&nbsp;<\/p>\n<p>&nbsp;<\/p>\n<p>&nbsp;<\/p>\n<p>&nbsp;<\/p>\n<p>&nbsp;<\/p>\n<p>&nbsp;<\/p>\n<p>&nbsp;<\/p>\n","protected":false},"excerpt":{"rendered":"<p>Les fronteres s\u00f3n l\u00ednies invisibles i tamb\u00e9 s\u00f3n espais constru\u00efts. A partir de la seq\u00fc\u00e8ncia punt-l\u00ednia-espai crearem una petita instal.laci\u00f3 art\u00edstica per apropar-nos a les emocions de les persones a qui les migracions for\u00e7ades obliguen a enfrontar-se amb una o m\u00e9s fronteres. Durant la sessi\u00f3&hellip;  <a href=\"https:\/\/agora.xtec.cat\/cesire_historic\/fonteres-de-fil-desteixint-emocions\/\" title=\"Read Fonteres de fil: (des)teixint emocions\">Llegeix m\u00e9s\u00bb<\/a><\/p>\n","protected":false},"author":9,"featured_media":0,"parent":0,"menu_order":0,"comment_status":"closed","ping_status":"closed","template":"","meta":{"_bbp_topic_count":0,"_bbp_reply_count":0,"_bbp_total_topic_count":0,"_bbp_total_reply_count":0,"_bbp_voice_count":0,"_bbp_anonymous_reply_count":0,"_bbp_topic_count_hidden":0,"_bbp_reply_count_hidden":0,"_bbp_forum_subforum_count":0,"footnotes":""},"class_list":["post-5767","page","type-page","status-publish","hentry"],"post_mailing_queue_ids":[],"_links":{"self":[{"href":"https:\/\/agora.xtec.cat\/cesire_historic\/wp-json\/wp\/v2\/pages\/5767","targetHints":{"allow":["GET"]}}],"collection":[{"href":"https:\/\/agora.xtec.cat\/cesire_historic\/wp-json\/wp\/v2\/pages"}],"about":[{"href":"https:\/\/agora.xtec.cat\/cesire_historic\/wp-json\/wp\/v2\/types\/page"}],"author":[{"embeddable":true,"href":"https:\/\/agora.xtec.cat\/cesire_historic\/wp-json\/wp\/v2\/users\/9"}],"replies":[{"embeddable":true,"href":"https:\/\/agora.xtec.cat\/cesire_historic\/wp-json\/wp\/v2\/comments?post=5767"}],"version-history":[{"count":3,"href":"https:\/\/agora.xtec.cat\/cesire_historic\/wp-json\/wp\/v2\/pages\/5767\/revisions"}],"predecessor-version":[{"id":5941,"href":"https:\/\/agora.xtec.cat\/cesire_historic\/wp-json\/wp\/v2\/pages\/5767\/revisions\/5941"}],"wp:attachment":[{"href":"https:\/\/agora.xtec.cat\/cesire_historic\/wp-json\/wp\/v2\/media?parent=5767"}],"curies":[{"name":"wp","href":"https:\/\/api.w.org\/{rel}","templated":true}]}}