{"id":5758,"date":"2019-05-08T14:57:55","date_gmt":"2019-05-08T12:57:55","guid":{"rendered":"http:\/\/agora.xtec.cat\/cesire_historic\/\/?page_id=5758"},"modified":"2019-05-20T09:01:19","modified_gmt":"2019-05-20T07:01:19","slug":"artgrames","status":"publish","type":"page","link":"https:\/\/agora.xtec.cat\/cesire_historic\/ambit-artistic\/itineraris-artistics\/sessions-itineraris-artistics\/artgrames\/","title":{"rendered":"Artgrames"},"content":{"rendered":"<p style=\"text-align: center;\"><iframe loading=\"lazy\" src=\"https:\/\/www.youtube.com\/embed\/fMJmbUsd8Hk\" width=\"560\" height=\"315\" frameborder=\"0\" allowfullscreen=\"allowfullscreen\"><\/iframe><\/p>\n<p>Quina pot ser l&#8217;expressi\u00f3 pl\u00e0stica d&#8217;una can\u00e7\u00f3 a partir del seu text o la seva estructura musical? Les formes, els colors i les emocions que es desprenen d&#8217;una pe\u00e7a musical ens ajudaran a descobrir&#8221;amb les nostres pr\u00f2pies mans&#8221; la possible relaci\u00f3 entre la m\u00fasica i el color.<\/p>\n<table class=\"alignleft\" border=\"1\">\n<thead>\n<tr>\n<td>Integraci\u00f3 de coneixements<\/p>\n<p>Compet\u00e8ncies b\u00e0siques de l&#8217;\u00e0mbit art\u00edstic<\/p>\n<p>Compet\u00e8ncies digitals<\/p>\n<p>Compet\u00e8ncies de l&#8217;\u00e0mbit ling\u00fc\u00edstic<\/td>\n<\/tr>\n<\/thead>\n<\/table>\n<p>Fitxa de programaci\u00f3: <a href=\"https:\/\/agora.xtec.cat\/cesire_historic\/\/wp-content\/uploads\/usu397\/2019\/05\/ARTGRAMES-FITXA-ITINERARIS-II-.pdf\">Artgrames<\/a><\/p>\n<p>Presentaci\u00f3: <a href=\"https:\/\/agora.xtec.cat\/cesire_historic\/\/wp-content\/uploads\/usu397\/2019\/05\/ARTGRAMES-2.pdf\">Artgrames<\/a><\/p>\n<p>&nbsp;<\/p>\n<p>&nbsp;<\/p>\n","protected":false},"excerpt":{"rendered":"<p>Quina pot ser l&#8217;expressi\u00f3 pl\u00e0stica d&#8217;una can\u00e7\u00f3 a partir del seu text o la seva estructura musical? Les formes, els colors i les emocions que es desprenen d&#8217;una pe\u00e7a musical ens ajudaran a descobrir&#8221;amb les nostres pr\u00f2pies mans&#8221; la possible relaci\u00f3 entre la m\u00fasica i&hellip;  <a href=\"https:\/\/agora.xtec.cat\/cesire_historic\/ambit-artistic\/itineraris-artistics\/sessions-itineraris-artistics\/artgrames\/\" title=\"Read Artgrames\">Llegeix m\u00e9s\u00bb<\/a><\/p>\n","protected":false},"author":9,"featured_media":0,"parent":3174,"menu_order":0,"comment_status":"closed","ping_status":"closed","template":"page-templates\/side-menu.php","meta":{"_bbp_topic_count":0,"_bbp_reply_count":0,"_bbp_total_topic_count":0,"_bbp_total_reply_count":0,"_bbp_voice_count":0,"_bbp_anonymous_reply_count":0,"_bbp_topic_count_hidden":0,"_bbp_reply_count_hidden":0,"_bbp_forum_subforum_count":0,"footnotes":""},"class_list":["post-5758","page","type-page","status-publish","hentry"],"post_mailing_queue_ids":[],"_links":{"self":[{"href":"https:\/\/agora.xtec.cat\/cesire_historic\/wp-json\/wp\/v2\/pages\/5758","targetHints":{"allow":["GET"]}}],"collection":[{"href":"https:\/\/agora.xtec.cat\/cesire_historic\/wp-json\/wp\/v2\/pages"}],"about":[{"href":"https:\/\/agora.xtec.cat\/cesire_historic\/wp-json\/wp\/v2\/types\/page"}],"author":[{"embeddable":true,"href":"https:\/\/agora.xtec.cat\/cesire_historic\/wp-json\/wp\/v2\/users\/9"}],"replies":[{"embeddable":true,"href":"https:\/\/agora.xtec.cat\/cesire_historic\/wp-json\/wp\/v2\/comments?post=5758"}],"version-history":[{"count":2,"href":"https:\/\/agora.xtec.cat\/cesire_historic\/wp-json\/wp\/v2\/pages\/5758\/revisions"}],"predecessor-version":[{"id":6040,"href":"https:\/\/agora.xtec.cat\/cesire_historic\/wp-json\/wp\/v2\/pages\/5758\/revisions\/6040"}],"up":[{"embeddable":true,"href":"https:\/\/agora.xtec.cat\/cesire_historic\/wp-json\/wp\/v2\/pages\/3174"}],"wp:attachment":[{"href":"https:\/\/agora.xtec.cat\/cesire_historic\/wp-json\/wp\/v2\/media?parent=5758"}],"curies":[{"name":"wp","href":"https:\/\/api.w.org\/{rel}","templated":true}]}}