{"id":5749,"date":"2019-05-08T14:34:42","date_gmt":"2019-05-08T12:34:42","guid":{"rendered":"http:\/\/agora.xtec.cat\/cesire_historic\/\/?page_id=5749"},"modified":"2019-05-08T14:50:54","modified_gmt":"2019-05-08T12:50:54","slug":"mirada-lorquiana","status":"publish","type":"page","link":"https:\/\/agora.xtec.cat\/cesire_historic\/ambit-artistic\/itineraris-artistics\/sessions-itineraris-artistics\/mirada-lorquiana\/","title":{"rendered":"Mirada Lorquiana"},"content":{"rendered":"<p style=\"text-align: center;\"><iframe loading=\"lazy\" src=\"https:\/\/www.youtube.com\/embed\/VFGRcUuvs4I\" width=\"560\" height=\"315\" frameborder=\"0\" allowfullscreen=\"allowfullscreen\"><\/iframe><\/p>\n<p>Viatge pel m\u00f3n on\u00edric de Federico Garc\u00eda Lorca a trav\u00e9s dels diversos llenguatges art\u00edstics: la poesia, l&#8217;art visual i pl\u00e0stic, el teatre, la dansa, la m\u00fasica i el cinema. Recorregut pel context hist\u00f2ric de l&#8217;artista.<\/p>\n<table class=\"alignleft\" border=\"1\">\n<thead>\n<tr>\n<td>Integraci\u00f3 de coneixements:<\/p>\n<p><em>\u00c0mbit ling\u00fc\u00edstic<\/em>: llengua castellana, la poesia i el teatre<\/p>\n<p><em>\u00c0mbit art\u00edstic:<\/em> visual i pl\u00e0stica, dansa i m\u00fasica.<\/p>\n<p>Els artistes relacionats. El moviment i la coreografia.<\/p>\n<p>Els arranjaments i les composicions.<\/p>\n<p><em>\u00c0mbit de medi<\/em>: coneixement del medi social i cultural. El context hist\u00f2ric.<\/p>\n<p><em>\u00c0mbit d&#8217;educaci\u00f3 en valors<\/em>: respecte envers la diversitat.<\/p>\n<p><em>\u00c0mbit digital<\/em>: \u00fas de dispositius m\u00f2bils<\/p>\n<p>&nbsp;<\/td>\n<\/tr>\n<\/thead>\n<\/table>\n<p>&nbsp;<\/p>\n<p>Fitxa de programaci\u00f3: <a href=\"https:\/\/agora.xtec.cat\/cesire_historic\/\/wp-content\/uploads\/usu397\/2019\/05\/FITXA-programaci\u00f3-Mirada-Lorquiana.pdf\">Mirada Lorquiana<\/a><\/p>\n<p>Presentaci\u00f3: <a href=\"https:\/\/agora.xtec.cat\/cesire_historic\/\/wp-content\/uploads\/usu397\/2019\/05\/presentaci\u00f3-MIRADA-LORQUIANA.pdf\">Mirada Lorquiana<\/a><\/p>\n<p>Activitats complement\u00e0ries: Enlla\u00e7 al Blog <a href=\"https:\/\/blocs.xtec.cat\/miradeslorquianes\/\">Mirades Lorquianes<\/a><\/p>\n","protected":false},"excerpt":{"rendered":"<p>Viatge pel m\u00f3n on\u00edric de Federico Garc\u00eda Lorca a trav\u00e9s dels diversos llenguatges art\u00edstics: la poesia, l&#8217;art visual i pl\u00e0stic, el teatre, la dansa, la m\u00fasica i el cinema. Recorregut pel context hist\u00f2ric de l&#8217;artista.<\/p>\n<p>Integraci\u00f3 de coneixements:<br \/>\n\u00c0mbit ling\u00fc\u00edstic: llengua castellana, la poesia i el teatre<br \/>\n\u00c0mbit&hellip;  <a href=\"https:\/\/agora.xtec.cat\/cesire_historic\/ambit-artistic\/itineraris-artistics\/sessions-itineraris-artistics\/mirada-lorquiana\/\" title=\"Read Mirada Lorquiana\">Llegeix m\u00e9s\u00bb<\/a><\/p>\n","protected":false},"author":9,"featured_media":0,"parent":3174,"menu_order":0,"comment_status":"closed","ping_status":"closed","template":"page-templates\/side-menu.php","meta":{"_bbp_topic_count":0,"_bbp_reply_count":0,"_bbp_total_topic_count":0,"_bbp_total_reply_count":0,"_bbp_voice_count":0,"_bbp_anonymous_reply_count":0,"_bbp_topic_count_hidden":0,"_bbp_reply_count_hidden":0,"_bbp_forum_subforum_count":0,"footnotes":""},"class_list":["post-5749","page","type-page","status-publish","hentry"],"post_mailing_queue_ids":[],"_links":{"self":[{"href":"https:\/\/agora.xtec.cat\/cesire_historic\/wp-json\/wp\/v2\/pages\/5749","targetHints":{"allow":["GET"]}}],"collection":[{"href":"https:\/\/agora.xtec.cat\/cesire_historic\/wp-json\/wp\/v2\/pages"}],"about":[{"href":"https:\/\/agora.xtec.cat\/cesire_historic\/wp-json\/wp\/v2\/types\/page"}],"author":[{"embeddable":true,"href":"https:\/\/agora.xtec.cat\/cesire_historic\/wp-json\/wp\/v2\/users\/9"}],"replies":[{"embeddable":true,"href":"https:\/\/agora.xtec.cat\/cesire_historic\/wp-json\/wp\/v2\/comments?post=5749"}],"version-history":[{"count":4,"href":"https:\/\/agora.xtec.cat\/cesire_historic\/wp-json\/wp\/v2\/pages\/5749\/revisions"}],"predecessor-version":[{"id":5757,"href":"https:\/\/agora.xtec.cat\/cesire_historic\/wp-json\/wp\/v2\/pages\/5749\/revisions\/5757"}],"up":[{"embeddable":true,"href":"https:\/\/agora.xtec.cat\/cesire_historic\/wp-json\/wp\/v2\/pages\/3174"}],"wp:attachment":[{"href":"https:\/\/agora.xtec.cat\/cesire_historic\/wp-json\/wp\/v2\/media?parent=5749"}],"curies":[{"name":"wp","href":"https:\/\/api.w.org\/{rel}","templated":true}]}}