{"id":5741,"date":"2019-05-08T14:27:23","date_gmt":"2019-05-08T12:27:23","guid":{"rendered":"http:\/\/agora.xtec.cat\/cesire_historic\/\/?page_id=5741"},"modified":"2019-05-08T14:27:23","modified_gmt":"2019-05-08T12:27:23","slug":"ritmart","status":"publish","type":"page","link":"https:\/\/agora.xtec.cat\/cesire_historic\/ambit-artistic\/itineraris-artistics\/sessions-itineraris-artistics\/ritmart\/","title":{"rendered":"RitmART"},"content":{"rendered":"<p style=\"text-align: center;\"><iframe loading=\"lazy\" src=\"https:\/\/www.youtube.com\/embed\/MS948aI7uoY\" width=\"560\" height=\"315\" frameborder=\"0\" allowfullscreen=\"allowfullscreen\"><\/iframe><\/p>\n<p style=\"text-align: left;\">Sessi\u00f3 on s&#8217;experimenta a partir de la producci\u00f3 de ritmes amb diferents materials (pilotes i pals i pots del ritme). A partir de peces conegudes,de manera cooperativa, crearem una composici\u00f3 r\u00edtmica amb els pals i els pots del ritme i una petita coreografia amb les pilotes de b\u00e0squet. Una manera d&#8217;aprendre i practicar els ritmes l\u00fadica i creativament. Finalment es proposen propostes d&#8217;ampliaci\u00f3 fent connexions amb altres \u00e0mbits.<\/p>\n<table class=\"alignleft\" border=\"1\">\n<thead>\n<tr>\n<td>Integraci\u00f3 de coneixements:&nbsp;<\/p>\n<p>Educaci\u00f3 musical<\/p>\n<p>Educaci\u00f3 pl\u00e0stica<\/p>\n<p>Educaci\u00f3 psicomotriu-Educaci\u00f3 f\u00edsica<\/td>\n<\/tr>\n<\/thead>\n<\/table>\n<p>Fitxa de programaci\u00f3: <a href=\"https:\/\/agora.xtec.cat\/cesire_historic\/\/wp-content\/uploads\/usu397\/2019\/05\/Fitxa-programaci\u00f3-RITMART-.pdf\">RitmART<\/a><\/p>\n<p>Presentaci\u00f3: <a href=\"https:\/\/agora.xtec.cat\/cesire_historic\/\/wp-content\/uploads\/usu397\/2019\/05\/Ritmart.pdf\">RitmART<\/a><\/p>\n<p>&nbsp;<\/p>\n<p>&nbsp;<\/p>\n","protected":false},"excerpt":{"rendered":"<p>Sessi\u00f3 on s&#8217;experimenta a partir de la producci\u00f3 de ritmes amb diferents materials (pilotes i pals i pots del ritme). A partir de peces conegudes,de manera cooperativa, crearem una composici\u00f3 r\u00edtmica amb els pals i els pots del ritme i una petita coreografia amb les&hellip;  <a href=\"https:\/\/agora.xtec.cat\/cesire_historic\/ambit-artistic\/itineraris-artistics\/sessions-itineraris-artistics\/ritmart\/\" title=\"Read RitmART\">Llegeix m\u00e9s\u00bb<\/a><\/p>\n","protected":false},"author":9,"featured_media":0,"parent":3174,"menu_order":0,"comment_status":"closed","ping_status":"closed","template":"page-templates\/side-menu.php","meta":{"_bbp_topic_count":0,"_bbp_reply_count":0,"_bbp_total_topic_count":0,"_bbp_total_reply_count":0,"_bbp_voice_count":0,"_bbp_anonymous_reply_count":0,"_bbp_topic_count_hidden":0,"_bbp_reply_count_hidden":0,"_bbp_forum_subforum_count":0,"footnotes":""},"class_list":["post-5741","page","type-page","status-publish","hentry"],"post_mailing_queue_ids":[],"_links":{"self":[{"href":"https:\/\/agora.xtec.cat\/cesire_historic\/wp-json\/wp\/v2\/pages\/5741","targetHints":{"allow":["GET"]}}],"collection":[{"href":"https:\/\/agora.xtec.cat\/cesire_historic\/wp-json\/wp\/v2\/pages"}],"about":[{"href":"https:\/\/agora.xtec.cat\/cesire_historic\/wp-json\/wp\/v2\/types\/page"}],"author":[{"embeddable":true,"href":"https:\/\/agora.xtec.cat\/cesire_historic\/wp-json\/wp\/v2\/users\/9"}],"replies":[{"embeddable":true,"href":"https:\/\/agora.xtec.cat\/cesire_historic\/wp-json\/wp\/v2\/comments?post=5741"}],"version-history":[{"count":1,"href":"https:\/\/agora.xtec.cat\/cesire_historic\/wp-json\/wp\/v2\/pages\/5741\/revisions"}],"predecessor-version":[{"id":5748,"href":"https:\/\/agora.xtec.cat\/cesire_historic\/wp-json\/wp\/v2\/pages\/5741\/revisions\/5748"}],"up":[{"embeddable":true,"href":"https:\/\/agora.xtec.cat\/cesire_historic\/wp-json\/wp\/v2\/pages\/3174"}],"wp:attachment":[{"href":"https:\/\/agora.xtec.cat\/cesire_historic\/wp-json\/wp\/v2\/media?parent=5741"}],"curies":[{"name":"wp","href":"https:\/\/api.w.org\/{rel}","templated":true}]}}