{"id":57,"date":"2014-09-17T17:01:07","date_gmt":"2014-09-17T15:01:07","guid":{"rendered":"http:\/\/agora.xtec.cat\/cesire_historic\/\/?page_id=57"},"modified":"2017-10-20T09:43:50","modified_gmt":"2017-10-20T07:43:50","slug":"projectes","status":"publish","type":"page","link":"https:\/\/agora.xtec.cat\/cesire_historic\/projectes\/","title":{"rendered":"Projectes"},"content":{"rendered":"<p style=\"text-align: justify;\"><a href=\"http:\/\/agora.xtec.cat\/cesire_historic\/\/wp-content\/uploads\/usu397\/2014\/09\/conference-2533871_960_720.jpg\"><img loading=\"lazy\" decoding=\"async\" class=\"aligncenter wp-image-2174 \" src=\"http:\/\/agora.xtec.cat\/cesire_historic\/\/wp-content\/uploads\/usu397\/2014\/09\/conference-2533871_960_720.jpg\" alt=\"\" width=\"443\" height=\"295\" srcset=\"https:\/\/agora.xtec.cat\/cesire_historic\/wp-content\/uploads\/usu397\/2014\/09\/conference-2533871_960_720.jpg 960w, https:\/\/agora.xtec.cat\/cesire_historic\/wp-content\/uploads\/usu397\/2014\/09\/conference-2533871_960_720-300x200.jpg 300w, https:\/\/agora.xtec.cat\/cesire_historic\/wp-content\/uploads\/usu397\/2014\/09\/conference-2533871_960_720-768x512.jpg 768w\" sizes=\"auto, (max-width: 443px) 100vw, 443px\" \/><\/a><\/p>\n<p style=\"text-align: justify;\">S\u00f3n projectes espec\u00edfics, que recollint la tradici\u00f3 i la renovaci\u00f3 pedag\u00f2gica, avancen cap a la creaci\u00f3 d\u2019espais interactius i innovadors d\u2019aprenentatge i de formaci\u00f3, per donar resposta a les necessitats actuals i futures dels centres educatius.<\/p>\n<p style=\"text-align: justify;\">Aquests projectes es construeixen a partir de la col\u00b7laboraci\u00f3 amb entitats, institucions i centres educatius de l\u2019entorn, amb la finalitat de crear una xarxa d\u2019intercanvi d\u2019experi\u00e8ncies contrastades que contribueixin a l\u2019\u00e8xit educatiu.<\/p>\n","protected":false},"excerpt":{"rendered":"<p><a href=\"http:\/\/agora.xtec.cat\/cesire_historic\/\/wp-content\/uploads\/usu397\/2014\/09\/conference-2533871_960_720.jpg\"><\/a><br \/>\nS\u00f3n projectes espec\u00edfics, que recollint la tradici\u00f3 i la renovaci\u00f3 pedag\u00f2gica, avancen cap a la creaci\u00f3 d\u2019espais interactius i innovadors d\u2019aprenentatge i de formaci\u00f3, per donar resposta a les necessitats actuals i futures dels centres educatius.<br \/>\nAquests projectes es construeixen a partir de la col\u00b7laboraci\u00f3&hellip;  <a href=\"https:\/\/agora.xtec.cat\/cesire_historic\/projectes\/\" title=\"Read Projectes\">Llegeix m\u00e9s\u00bb<\/a><\/p>\n","protected":false},"author":1,"featured_media":0,"parent":0,"menu_order":0,"comment_status":"closed","ping_status":"closed","template":"page-templates\/side-menu.php","meta":{"_bbp_topic_count":0,"_bbp_reply_count":0,"_bbp_total_topic_count":0,"_bbp_total_reply_count":0,"_bbp_voice_count":0,"_bbp_anonymous_reply_count":0,"_bbp_topic_count_hidden":0,"_bbp_reply_count_hidden":0,"_bbp_forum_subforum_count":0,"footnotes":""},"class_list":["post-57","page","type-page","status-publish","hentry"],"post_mailing_queue_ids":[],"_links":{"self":[{"href":"https:\/\/agora.xtec.cat\/cesire_historic\/wp-json\/wp\/v2\/pages\/57","targetHints":{"allow":["GET"]}}],"collection":[{"href":"https:\/\/agora.xtec.cat\/cesire_historic\/wp-json\/wp\/v2\/pages"}],"about":[{"href":"https:\/\/agora.xtec.cat\/cesire_historic\/wp-json\/wp\/v2\/types\/page"}],"author":[{"embeddable":true,"href":"https:\/\/agora.xtec.cat\/cesire_historic\/wp-json\/wp\/v2\/users\/1"}],"replies":[{"embeddable":true,"href":"https:\/\/agora.xtec.cat\/cesire_historic\/wp-json\/wp\/v2\/comments?post=57"}],"version-history":[{"count":4,"href":"https:\/\/agora.xtec.cat\/cesire_historic\/wp-json\/wp\/v2\/pages\/57\/revisions"}],"predecessor-version":[{"id":2176,"href":"https:\/\/agora.xtec.cat\/cesire_historic\/wp-json\/wp\/v2\/pages\/57\/revisions\/2176"}],"wp:attachment":[{"href":"https:\/\/agora.xtec.cat\/cesire_historic\/wp-json\/wp\/v2\/media?parent=57"}],"curies":[{"name":"wp","href":"https:\/\/api.w.org\/{rel}","templated":true}]}}