{"id":5655,"date":"2019-05-06T13:18:31","date_gmt":"2019-05-06T11:18:31","guid":{"rendered":"http:\/\/agora.xtec.cat\/cesire_historic\/\/?page_id=5655"},"modified":"2019-05-06T13:18:31","modified_gmt":"2019-05-06T11:18:31","slug":"que-puc-jugar-stargate-una-aventura-per-lhiperespai","status":"publish","type":"page","link":"https:\/\/agora.xtec.cat\/cesire_historic\/ambit-artistic\/itineraris-artistics\/sessions-itineraris-artistics\/que-puc-jugar-stargate-una-aventura-per-lhiperespai\/","title":{"rendered":"Que puc jugar? Stargate, una aventura per l&#8217;hiperespai."},"content":{"rendered":"<p style=\"text-align: center;\"><iframe loading=\"lazy\" src=\"https:\/\/www.youtube.com\/embed\/TqndAMx8avI\" width=\"560\" height=\"315\" frameborder=\"0\" allowfullscreen=\"allowfullscreen\"><\/iframe><\/p>\n<p>Comen\u00e7a el curs, comen\u00e7a el jo. Qui s&#8217;apunta? Quants m\u00e9s serem&#8230; millor!<\/p>\n<p>Comen\u00e7a el viatge interestel\u00b7lar i hem d&#8217;estar preparats: viatgers alien\u00edgenes, naus, portals, empreses, mapes, missions&#8230; Juguem per aprendre, aprenem jugant. Divertir-se, cregueu-nos, \u00e9s molt seri\u00f3s.<\/p>\n<table class=\"alignleft\" border=\"1\">\n<thead>\n<tr>\n<td>Integraci\u00f3 de coneixements<\/p>\n<p>Taller de visual i pl\u00e0stica<\/p>\n<p>a l&#8217;educaci\u00f3 prim\u00e0ria i a l&#8217;educaci\u00f3 secund\u00e0ria<\/p>\n<p>Ludificaci\u00f3<\/p>\n<p>&nbsp;<\/p>\n<p>&nbsp;<\/td>\n<\/tr>\n<\/thead>\n<\/table>\n<p>Fitxa de programaci\u00f3: <a href=\"https:\/\/agora.xtec.cat\/cesire_historic\/\/wp-content\/uploads\/usu397\/2019\/05\/Fitxa-programaci\u00f3-Que-puc-jugar.pdf\">Que puc jugar?<\/a><\/p>\n<p>Presentaci\u00f3: <a href=\"https:\/\/agora.xtec.cat\/cesire_historic\/\/wp-content\/uploads\/usu397\/2019\/05\/presentaci\u00f3-_-que-puc-jugar_cesire.pdf\">Que puc jugar?<\/a><\/p>\n<p>Material complementari:<\/p>\n<ul>\n<li><a href=\"https:\/\/agora.xtec.cat\/cesire_historic\/\/wp-content\/uploads\/usu397\/2019\/05\/ideari-1-2.png\">Ideari<\/a><\/li>\n<li><a href=\"https:\/\/agora.xtec.cat\/cesire_historic\/\/wp-content\/uploads\/usu397\/2019\/05\/nou-projecte-2-1.png\">Pauta per a crear un projecte<\/a><\/li>\n<li><a href=\"https:\/\/agora.xtec.cat\/cesire_historic\/\/wp-content\/uploads\/usu397\/2019\/05\/plantilla-activitats-2.png\">Plantilla per activitats <\/a><\/li>\n<\/ul>\n","protected":false},"excerpt":{"rendered":"<p>Comen\u00e7a el curs, comen\u00e7a el jo. Qui s&#8217;apunta? Quants m\u00e9s serem&#8230; millor!<br \/>\nComen\u00e7a el viatge interestel\u00b7lar i hem d&#8217;estar preparats: viatgers alien\u00edgenes, naus, portals, empreses, mapes, missions&#8230; Juguem per aprendre, aprenem jugant. Divertir-se, cregueu-nos, \u00e9s molt seri\u00f3s.<\/p>\n<p>Integraci\u00f3 de coneixements<br \/>\nTaller de visual i pl\u00e0stica<br \/>\na l&#8217;educaci\u00f3 prim\u00e0ria i&hellip;  <a href=\"https:\/\/agora.xtec.cat\/cesire_historic\/ambit-artistic\/itineraris-artistics\/sessions-itineraris-artistics\/que-puc-jugar-stargate-una-aventura-per-lhiperespai\/\" title=\"Read Que puc jugar? Stargate, una aventura per l&#8217;hiperespai.\">Llegeix m\u00e9s\u00bb<\/a><\/p>\n","protected":false},"author":9,"featured_media":0,"parent":3174,"menu_order":0,"comment_status":"closed","ping_status":"closed","template":"page-templates\/side-menu.php","meta":{"_bbp_topic_count":0,"_bbp_reply_count":0,"_bbp_total_topic_count":0,"_bbp_total_reply_count":0,"_bbp_voice_count":0,"_bbp_anonymous_reply_count":0,"_bbp_topic_count_hidden":0,"_bbp_reply_count_hidden":0,"_bbp_forum_subforum_count":0,"footnotes":""},"class_list":["post-5655","page","type-page","status-publish","hentry"],"post_mailing_queue_ids":[],"_links":{"self":[{"href":"https:\/\/agora.xtec.cat\/cesire_historic\/wp-json\/wp\/v2\/pages\/5655","targetHints":{"allow":["GET"]}}],"collection":[{"href":"https:\/\/agora.xtec.cat\/cesire_historic\/wp-json\/wp\/v2\/pages"}],"about":[{"href":"https:\/\/agora.xtec.cat\/cesire_historic\/wp-json\/wp\/v2\/types\/page"}],"author":[{"embeddable":true,"href":"https:\/\/agora.xtec.cat\/cesire_historic\/wp-json\/wp\/v2\/users\/9"}],"replies":[{"embeddable":true,"href":"https:\/\/agora.xtec.cat\/cesire_historic\/wp-json\/wp\/v2\/comments?post=5655"}],"version-history":[{"count":1,"href":"https:\/\/agora.xtec.cat\/cesire_historic\/wp-json\/wp\/v2\/pages\/5655\/revisions"}],"predecessor-version":[{"id":5662,"href":"https:\/\/agora.xtec.cat\/cesire_historic\/wp-json\/wp\/v2\/pages\/5655\/revisions\/5662"}],"up":[{"embeddable":true,"href":"https:\/\/agora.xtec.cat\/cesire_historic\/wp-json\/wp\/v2\/pages\/3174"}],"wp:attachment":[{"href":"https:\/\/agora.xtec.cat\/cesire_historic\/wp-json\/wp\/v2\/media?parent=5655"}],"curies":[{"name":"wp","href":"https:\/\/api.w.org\/{rel}","templated":true}]}}