{"id":5650,"date":"2019-05-06T12:55:37","date_gmt":"2019-05-06T10:55:37","guid":{"rendered":"http:\/\/agora.xtec.cat\/cesire_historic\/\/?page_id=5650"},"modified":"2019-05-06T12:55:37","modified_gmt":"2019-05-06T10:55:37","slug":"estirant-el-fil-a-partir-duna-canco","status":"publish","type":"page","link":"https:\/\/agora.xtec.cat\/cesire_historic\/ambit-artistic\/itineraris-artistics\/sessions-itineraris-artistics\/estirant-el-fil-a-partir-duna-canco\/","title":{"rendered":"Estirant el fil a partir d&#8217;una can\u00e7\u00f3"},"content":{"rendered":"<p><strong>La m\u00fasica com eina socioeducativa<\/strong><\/p>\n<p style=\"text-align: center;\">\u00a0<iframe loading=\"lazy\" src=\"https:\/\/www.youtube.com\/embed\/qY15ehK86qs\" width=\"560\" height=\"315\" frameborder=\"0\" allowfullscreen=\"allowfullscreen\"><\/iframe><\/p>\n<p>Partim de la idea que l&#8217;art, i per tant la m\u00fasica, \u00e9s una eina per a explorar dins nostre -qui som- i explorar el nostre entorn -com vivim-. A trav\u00e9s d&#8217;un element art\u00edstic molt a l&#8217;abast, com pot ser una can\u00e7\u00f3, ens proposem obrir camins que permetin aquesta exploraci\u00f3 individual i grupal sobre qui som i com ens relacionem amb el nostre entorn. Comencem cantant una can\u00f3, i seguim fent teatre i dansa, rodolins i cantarelles, treballs d&#8217;arts pl\u00e0stiques, endevinant animals, imaginant situacions diverses&#8230;. i encara\u00a0 en podr\u00edem estirar m\u00e9s!<\/p>\n<table class=\"alignleft\" border=\"1\">\n<thead>\n<tr>\n<td>Integraci\u00f3 de coneixements<\/p>\n<p>\u00c0mbit Art\u00edstic: ritme, percepci\u00f3,comprensi\u00f3 i valoraci\u00f3, imaginaci\u00f3 i creativitat<\/p>\n<p>\u00c0mbit ling\u00fc\u00edstic: comunicaci\u00f3 oral, rimes,<\/p>\n<p>Coneixement del medi: salut i equilibri personal. Ciutadania.<\/p>\n<p>Dimensi\u00f3 personal i interpersonal<\/td>\n<\/tr>\n<\/thead>\n<\/table>\n<p>Fitxa de programaci\u00f3: <a href=\"https:\/\/agora.xtec.cat\/cesire_historic\/\/wp-content\/uploads\/usu397\/2019\/05\/Fixa-programaci\u00f3_Estirant_fil_can\u00e7o-def.pdf\">Estirant el fil<\/a><\/p>\n<p>Material complementari:\u00a0 <a href=\"https:\/\/agora.xtec.cat\/cesire_historic\/\/wp-content\/uploads\/usu397\/2019\/05\/MatComplementari_Enlla\u00e7os_estirant_el_fil_can\u00e7o-def.pdf\">Enlla\u00e7os d&#8217;inter\u00e8s <\/a><\/p>\n","protected":false},"excerpt":{"rendered":"<p>La m\u00fasica com eina socioeducativa<br \/>\n\u00a0<br \/>\nPartim de la idea que l&#8217;art, i per tant la m\u00fasica, \u00e9s una eina per a explorar dins nostre -qui som- i explorar el nostre entorn -com vivim-. A trav\u00e9s d&#8217;un element art\u00edstic molt a l&#8217;abast, com pot ser una can\u00e7\u00f3,&hellip;  <a href=\"https:\/\/agora.xtec.cat\/cesire_historic\/ambit-artistic\/itineraris-artistics\/sessions-itineraris-artistics\/estirant-el-fil-a-partir-duna-canco\/\" title=\"Read Estirant el fil a partir d&#8217;una can\u00e7\u00f3\">Llegeix m\u00e9s\u00bb<\/a><\/p>\n","protected":false},"author":9,"featured_media":0,"parent":3174,"menu_order":0,"comment_status":"closed","ping_status":"closed","template":"page-templates\/side-menu.php","meta":{"_bbp_topic_count":0,"_bbp_reply_count":0,"_bbp_total_topic_count":0,"_bbp_total_reply_count":0,"_bbp_voice_count":0,"_bbp_anonymous_reply_count":0,"_bbp_topic_count_hidden":0,"_bbp_reply_count_hidden":0,"_bbp_forum_subforum_count":0,"footnotes":""},"class_list":["post-5650","page","type-page","status-publish","hentry"],"post_mailing_queue_ids":[],"_links":{"self":[{"href":"https:\/\/agora.xtec.cat\/cesire_historic\/wp-json\/wp\/v2\/pages\/5650","targetHints":{"allow":["GET"]}}],"collection":[{"href":"https:\/\/agora.xtec.cat\/cesire_historic\/wp-json\/wp\/v2\/pages"}],"about":[{"href":"https:\/\/agora.xtec.cat\/cesire_historic\/wp-json\/wp\/v2\/types\/page"}],"author":[{"embeddable":true,"href":"https:\/\/agora.xtec.cat\/cesire_historic\/wp-json\/wp\/v2\/users\/9"}],"replies":[{"embeddable":true,"href":"https:\/\/agora.xtec.cat\/cesire_historic\/wp-json\/wp\/v2\/comments?post=5650"}],"version-history":[{"count":1,"href":"https:\/\/agora.xtec.cat\/cesire_historic\/wp-json\/wp\/v2\/pages\/5650\/revisions"}],"predecessor-version":[{"id":5653,"href":"https:\/\/agora.xtec.cat\/cesire_historic\/wp-json\/wp\/v2\/pages\/5650\/revisions\/5653"}],"up":[{"embeddable":true,"href":"https:\/\/agora.xtec.cat\/cesire_historic\/wp-json\/wp\/v2\/pages\/3174"}],"wp:attachment":[{"href":"https:\/\/agora.xtec.cat\/cesire_historic\/wp-json\/wp\/v2\/media?parent=5650"}],"curies":[{"name":"wp","href":"https:\/\/api.w.org\/{rel}","templated":true}]}}