{"id":5642,"date":"2019-05-06T11:05:39","date_gmt":"2019-05-06T09:05:39","guid":{"rendered":"http:\/\/agora.xtec.cat\/cesire_historic\/\/?page_id=5642"},"modified":"2019-05-06T11:05:39","modified_gmt":"2019-05-06T09:05:39","slug":"mirades","status":"publish","type":"page","link":"https:\/\/agora.xtec.cat\/cesire_historic\/ambit-artistic\/itineraris-artistics\/sessions-itineraris-artistics\/mirades\/","title":{"rendered":"Mirades"},"content":{"rendered":"<p style=\"text-align: center;\">\u00a0<iframe loading=\"lazy\" src=\"https:\/\/www.youtube.com\/embed\/Sr_ToaMSkNQ\" width=\"560\" height=\"315\" frameborder=\"0\" allowfullscreen=\"allowfullscreen\"><\/iframe><\/p>\n<p>&#8220;Mirades&#8221; \u00e9s una proposta per treballar la poesia i l&#8217;art com a eines al servei de la comunicaci\u00f3 que ens ajudin a reflexionar amb els nostres alumnes i a veure el m\u00f3n des d&#8217;una altra perspectiva. A partir del treball de diversos poetes visuals, aprendrem a transformar la realitat i a eixamplar la nostra pr\u00f2pia mirada. Treballarem sempre des del di\u00e0leg i la reflexi\u00f3 conjunta, emfasitzant la import\u00e0ncia que t\u00e9 el proc\u00e9s creatiu. La sessi\u00f3 constar\u00e0 d&#8217;un marc te\u00f2ric breu, d&#8217;un exercici creatiu i d&#8217;una posada en com\u00fa i avaluaci\u00f3 dels resultats assolits.<\/p>\n<table class=\"alignleft\" border=\"1\">\n<thead>\n<tr>\n<td>Integraci\u00f3 de coneixements:&nbsp;<\/p>\n<p>Compet\u00e8ncies de l\u2019\u00e0mbit art\u00edstic i ling\u00fc\u00edstic.<\/p>\n<p>Joan Brossa. Chema Madoz. Jordi Larroch<\/p>\n<p>Poesia visual, poesia, poesia objectual, fotografia,<\/p>\n<p>met\u00e0fora, polis\u00e8mia, reflexi\u00f3 , creaci\u00f3, minimalisme<\/p>\n<p>llenguatge po\u00e8tic, comunicaci\u00f3 visual<\/p>\n<p>&nbsp;<\/td>\n<\/tr>\n<\/thead>\n<\/table>\n<p>Fitxa de programaci\u00f3:<a href=\"https:\/\/agora.xtec.cat\/cesire_historic\/\/wp-content\/uploads\/usu397\/2019\/05\/FITXA-ITINERARIS-programacio_Judit-Barn\u00e9s.pdf\"> Mirades<\/a><\/p>\n<p>Presentaci\u00f3 : <a href=\"https:\/\/agora.xtec.cat\/cesire_historic\/\/wp-content\/uploads\/usu397\/2019\/05\/presentacio-Mirades-2.pdf\">Mirades<\/a><\/p>\n<p>Material complementari: <a href=\"https:\/\/agora.xtec.cat\/cesire_historic\/\/wp-content\/uploads\/usu397\/2019\/05\/Graella-CESIRE_logos.pdf\">Gui\u00f3<\/a><\/p>\n<p>&nbsp;<\/p>\n<div class=\"addtoany_share_save_container addtoany_content_bottom\">\n<div class=\"a2a_kit a2a_kit_size_25 addtoany_list\" data-a2a-url=\"https:\/\/agora.xtec.cat\/cesire_historic\/\/ambit-artistic\/itineraris-artistics\/sessions-itineraris-artistics\/com-es-la-meva-ciutat\/\" data-a2a-title=\"Com \u00e9s la meva ciutat\"><\/div>\n<\/div>\n","protected":false},"excerpt":{"rendered":"<p>\u00a0<br \/>\n&#8220;Mirades&#8221; \u00e9s una proposta per treballar la poesia i l&#8217;art com a eines al servei de la comunicaci\u00f3 que ens ajudin a reflexionar amb els nostres alumnes i a veure el m\u00f3n des d&#8217;una altra perspectiva. A partir del treball de diversos poetes visuals, aprendrem&hellip;  <a href=\"https:\/\/agora.xtec.cat\/cesire_historic\/ambit-artistic\/itineraris-artistics\/sessions-itineraris-artistics\/mirades\/\" title=\"Read Mirades\">Llegeix m\u00e9s\u00bb<\/a><\/p>\n","protected":false},"author":9,"featured_media":0,"parent":3174,"menu_order":0,"comment_status":"closed","ping_status":"closed","template":"page-templates\/side-menu.php","meta":{"_bbp_topic_count":0,"_bbp_reply_count":0,"_bbp_total_topic_count":0,"_bbp_total_reply_count":0,"_bbp_voice_count":0,"_bbp_anonymous_reply_count":0,"_bbp_topic_count_hidden":0,"_bbp_reply_count_hidden":0,"_bbp_forum_subforum_count":0,"footnotes":""},"class_list":["post-5642","page","type-page","status-publish","hentry"],"post_mailing_queue_ids":[],"_links":{"self":[{"href":"https:\/\/agora.xtec.cat\/cesire_historic\/wp-json\/wp\/v2\/pages\/5642","targetHints":{"allow":["GET"]}}],"collection":[{"href":"https:\/\/agora.xtec.cat\/cesire_historic\/wp-json\/wp\/v2\/pages"}],"about":[{"href":"https:\/\/agora.xtec.cat\/cesire_historic\/wp-json\/wp\/v2\/types\/page"}],"author":[{"embeddable":true,"href":"https:\/\/agora.xtec.cat\/cesire_historic\/wp-json\/wp\/v2\/users\/9"}],"replies":[{"embeddable":true,"href":"https:\/\/agora.xtec.cat\/cesire_historic\/wp-json\/wp\/v2\/comments?post=5642"}],"version-history":[{"count":1,"href":"https:\/\/agora.xtec.cat\/cesire_historic\/wp-json\/wp\/v2\/pages\/5642\/revisions"}],"predecessor-version":[{"id":5648,"href":"https:\/\/agora.xtec.cat\/cesire_historic\/wp-json\/wp\/v2\/pages\/5642\/revisions\/5648"}],"up":[{"embeddable":true,"href":"https:\/\/agora.xtec.cat\/cesire_historic\/wp-json\/wp\/v2\/pages\/3174"}],"wp:attachment":[{"href":"https:\/\/agora.xtec.cat\/cesire_historic\/wp-json\/wp\/v2\/media?parent=5642"}],"curies":[{"name":"wp","href":"https:\/\/api.w.org\/{rel}","templated":true}]}}