{"id":5623,"date":"2019-05-06T10:19:49","date_gmt":"2019-05-06T08:19:49","guid":{"rendered":"http:\/\/agora.xtec.cat\/cesire_historic\/\/?page_id=5623"},"modified":"2019-05-06T10:20:23","modified_gmt":"2019-05-06T08:20:23","slug":"el-meu-refugi","status":"publish","type":"page","link":"https:\/\/agora.xtec.cat\/cesire_historic\/ambit-artistic\/itineraris-artistics\/sessions-itineraris-artistics\/el-meu-refugi\/","title":{"rendered":"El meu refugi"},"content":{"rendered":"<p style=\"text-align: center;\"><iframe loading=\"lazy\" src=\"https:\/\/www.youtube.com\/embed\/Cko0OvLxXG0\" width=\"560\" height=\"315\" frameborder=\"0\" allowfullscreen=\"allowfullscreen\"><\/iframe><\/p>\n<header class=\"entry-header\"><\/header>\n<div class=\"entry-content\">\n<p>Un\u00a0 refugi \u00e9s un espai o una construcci\u00f3 que permet refugiar-se, aixoplugar-se, amagar-se,protegir-se, una casa on estar segur, el teu propi espai. &#8230;Per cert&#8230;. com \u00e9s el teu refugi? Aquesta proposta consta de dues parts: en la primera es una reflexiona a partir del concepte de refugi. En la segona, de caire pr\u00e0ctic, es construeix el propi refugi a partir de apps.<\/p>\n<table class=\"alignleft\" border=\"1\">\n<thead>\n<tr>\n<td>Integraci\u00f3 de coneixements:\u00c0mbit art\u00edstic, ling\u00fc\u00edstic i digital<\/p>\n<p>Concepte de refugi, microrelats,<\/p>\n<p>Emoci\u00f3,imaginaci\u00f3 i creativitat<\/p>\n<p>Aplicacions: Stopmotion, Twitter i Thinglink<\/td>\n<\/tr>\n<\/thead>\n<\/table>\n<p>Fitxa de programaci\u00f3: <a href=\"https:\/\/agora.xtec.cat\/cesire_historic\/\/wp-content\/uploads\/usu397\/2019\/05\/FITXA-ITINERARIS-El-meu-refugi-2.pdf\">El meu refugi<\/a><\/p>\n<p>Presentaci\u00f3 : <a href=\"https:\/\/agora.xtec.cat\/cesire_historic\/\/wp-content\/uploads\/usu397\/2019\/05\/Presentaci\u00f3_el-meu-refugi.pdf\">El meu refugi<\/a><\/p>\n<p>&nbsp;<\/p>\n<\/div>\n<div class=\"entry-content\">\n<p>&nbsp;<\/p>\n<\/div>\n","protected":false},"excerpt":{"rendered":"<p>Un\u00a0 refugi \u00e9s un espai o una construcci\u00f3 que permet refugiar-se, aixoplugar-se, amagar-se,protegir-se, una casa on estar segur, el teu propi espai. &#8230;Per cert&#8230;. com \u00e9s el teu refugi? Aquesta proposta consta de dues parts: en la primera es una reflexiona a partir del concepte&hellip;  <a href=\"https:\/\/agora.xtec.cat\/cesire_historic\/ambit-artistic\/itineraris-artistics\/sessions-itineraris-artistics\/el-meu-refugi\/\" title=\"Read El meu refugi\">Llegeix m\u00e9s\u00bb<\/a><\/p>\n","protected":false},"author":9,"featured_media":0,"parent":3174,"menu_order":0,"comment_status":"closed","ping_status":"closed","template":"page-templates\/side-menu.php","meta":{"_bbp_topic_count":0,"_bbp_reply_count":0,"_bbp_total_topic_count":0,"_bbp_total_reply_count":0,"_bbp_voice_count":0,"_bbp_anonymous_reply_count":0,"_bbp_topic_count_hidden":0,"_bbp_reply_count_hidden":0,"_bbp_forum_subforum_count":0,"footnotes":""},"class_list":["post-5623","page","type-page","status-publish","hentry"],"post_mailing_queue_ids":[],"_links":{"self":[{"href":"https:\/\/agora.xtec.cat\/cesire_historic\/wp-json\/wp\/v2\/pages\/5623","targetHints":{"allow":["GET"]}}],"collection":[{"href":"https:\/\/agora.xtec.cat\/cesire_historic\/wp-json\/wp\/v2\/pages"}],"about":[{"href":"https:\/\/agora.xtec.cat\/cesire_historic\/wp-json\/wp\/v2\/types\/page"}],"author":[{"embeddable":true,"href":"https:\/\/agora.xtec.cat\/cesire_historic\/wp-json\/wp\/v2\/users\/9"}],"replies":[{"embeddable":true,"href":"https:\/\/agora.xtec.cat\/cesire_historic\/wp-json\/wp\/v2\/comments?post=5623"}],"version-history":[{"count":2,"href":"https:\/\/agora.xtec.cat\/cesire_historic\/wp-json\/wp\/v2\/pages\/5623\/revisions"}],"predecessor-version":[{"id":5628,"href":"https:\/\/agora.xtec.cat\/cesire_historic\/wp-json\/wp\/v2\/pages\/5623\/revisions\/5628"}],"up":[{"embeddable":true,"href":"https:\/\/agora.xtec.cat\/cesire_historic\/wp-json\/wp\/v2\/pages\/3174"}],"wp:attachment":[{"href":"https:\/\/agora.xtec.cat\/cesire_historic\/wp-json\/wp\/v2\/media?parent=5623"}],"curies":[{"name":"wp","href":"https:\/\/api.w.org\/{rel}","templated":true}]}}