{"id":5622,"date":"2019-05-06T10:39:41","date_gmt":"2019-05-06T08:39:41","guid":{"rendered":"http:\/\/agora.xtec.cat\/cesire_historic\/\/?page_id=5622"},"modified":"2019-05-06T10:40:38","modified_gmt":"2019-05-06T08:40:38","slug":"el-teatre-cuinar-la-realitat","status":"publish","type":"page","link":"https:\/\/agora.xtec.cat\/cesire_historic\/ambit-artistic\/itineraris-artistics\/sessions-itineraris-artistics\/el-teatre-cuinar-la-realitat\/","title":{"rendered":"El Teatre: cuinar la realitat"},"content":{"rendered":"<p><strong>Surt a l&#8217;estrada!<\/strong><\/p>\n<p style=\"text-align: center;\"><iframe loading=\"lazy\" src=\"https:\/\/www.youtube.com\/embed\/PV-bl2l7qUw\" width=\"560\" height=\"315\" frameborder=\"0\" allowfullscreen=\"allowfullscreen\" data-mce-fragment=\"1\"><\/iframe><\/p>\n<header class=\"entry-header\"><\/header>\n<div style=\"text-align: center;\"><\/div>\n<div class=\"entry-content\">En aquesta sessi\u00f3 s&#8217;improvisa i cadasc\u00fa construeix un personatge que interactua amb els altres. Es fa tamb\u00e9 una pinzellada sobre el Clown.<\/div>\n<div><\/div>\n<div class=\"entry-content\">\n<table class=\"alignleft\" border=\"1\">\n<thead>\n<tr>\n<td>Integraci\u00f3 de coneixements<\/p>\n<p>El llenguatge teatral<\/p>\n<p>Compet\u00e8ncies dels \u00e0mbits art\u00edstic i<\/p>\n<p>ling\u00fc\u00edstic.<\/td>\n<\/tr>\n<\/thead>\n<\/table>\n<p>Fitxa de programaci\u00f3: <a href=\"https:\/\/agora.xtec.cat\/cesire_historic\/\/wp-content\/uploads\/usu397\/2019\/05\/FITXA-programacio-El-Teatre_cuinar-la-realitat-2.pdf\">El Teatre:cuinar la realitat<\/a><\/p>\n<p>Presentaci\u00f3 : <a href=\"https:\/\/agora.xtec.cat\/cesire_historic\/\/wp-content\/uploads\/usu397\/2019\/05\/Presentaci\u00f3_El-Teatre_cuinar-la-realitat-def.pdf\">El Teatre: cuinar la realitat<\/a><\/p>\n<p>Materials complementaris: <a href=\"https:\/\/agora.xtec.cat\/cesire_historic\/\/wp-content\/uploads\/usu397\/2019\/05\/Manifest_El-Teatre_cuinar-la-realitat-def.pdf\">Manifest<\/a> i\u00a0 <a href=\"https:\/\/agora.xtec.cat\/cesire_historic\/\/wp-content\/uploads\/usu397\/2019\/05\/TEATRE-EXERCICIS-SESSIO\u0301-CESIRE-def.pdf\">Exercicis de la sessi\u00f3<\/a><\/p>\n<\/div>\n","protected":false},"excerpt":{"rendered":"<p>Surt a l&#8217;estrada!<\/p>\n<p>En aquesta sessi\u00f3 s&#8217;improvisa i cadasc\u00fa construeix un personatge que interactua amb els altres. Es fa tamb\u00e9 una pinzellada sobre el Clown.<\/p>\n<p>Integraci\u00f3 de coneixements<br \/>\nEl llenguatge teatral<br \/>\nCompet\u00e8ncies dels \u00e0mbits art\u00edstic i<br \/>\nling\u00fc\u00edstic.<\/p>\n<p>Fitxa de programaci\u00f3: <a href=\"https:\/\/agora.xtec.cat\/cesire_historic\/\/wp-content\/uploads\/usu397\/2019\/05\/FITXA-programacio-El-Teatre_cuinar-la-realitat-2.pdf\">El Teatre:cuinar la realitat<\/a><br \/>\nPresentaci\u00f3 : <a href=\"https:\/\/agora.xtec.cat\/cesire_historic\/\/wp-content\/uploads\/usu397\/2019\/05\/Presentaci\u00f3_El-Teatre_cuinar-la-realitat-def.pdf\">El Teatre: cuinar la&hellip;  <a href=\"https:\/\/agora.xtec.cat\/cesire_historic\/ambit-artistic\/itineraris-artistics\/sessions-itineraris-artistics\/el-teatre-cuinar-la-realitat\/\" title=\"Read El Teatre: cuinar la realitat\">Llegeix m\u00e9s\u00bb<\/a><\/p>\n","protected":false},"author":9,"featured_media":0,"parent":3174,"menu_order":0,"comment_status":"closed","ping_status":"closed","template":"page-templates\/side-menu.php","meta":{"_bbp_topic_count":0,"_bbp_reply_count":0,"_bbp_total_topic_count":0,"_bbp_total_reply_count":0,"_bbp_voice_count":0,"_bbp_anonymous_reply_count":0,"_bbp_topic_count_hidden":0,"_bbp_reply_count_hidden":0,"_bbp_forum_subforum_count":0,"footnotes":""},"class_list":["post-5622","page","type-page","status-publish","hentry"],"post_mailing_queue_ids":[],"_links":{"self":[{"href":"https:\/\/agora.xtec.cat\/cesire_historic\/wp-json\/wp\/v2\/pages\/5622","targetHints":{"allow":["GET"]}}],"collection":[{"href":"https:\/\/agora.xtec.cat\/cesire_historic\/wp-json\/wp\/v2\/pages"}],"about":[{"href":"https:\/\/agora.xtec.cat\/cesire_historic\/wp-json\/wp\/v2\/types\/page"}],"author":[{"embeddable":true,"href":"https:\/\/agora.xtec.cat\/cesire_historic\/wp-json\/wp\/v2\/users\/9"}],"replies":[{"embeddable":true,"href":"https:\/\/agora.xtec.cat\/cesire_historic\/wp-json\/wp\/v2\/comments?post=5622"}],"version-history":[{"count":2,"href":"https:\/\/agora.xtec.cat\/cesire_historic\/wp-json\/wp\/v2\/pages\/5622\/revisions"}],"predecessor-version":[{"id":5636,"href":"https:\/\/agora.xtec.cat\/cesire_historic\/wp-json\/wp\/v2\/pages\/5622\/revisions\/5636"}],"up":[{"embeddable":true,"href":"https:\/\/agora.xtec.cat\/cesire_historic\/wp-json\/wp\/v2\/pages\/3174"}],"wp:attachment":[{"href":"https:\/\/agora.xtec.cat\/cesire_historic\/wp-json\/wp\/v2\/media?parent=5622"}],"curies":[{"name":"wp","href":"https:\/\/api.w.org\/{rel}","templated":true}]}}