{"id":5617,"date":"2019-05-06T10:03:30","date_gmt":"2019-05-06T08:03:30","guid":{"rendered":"http:\/\/agora.xtec.cat\/cesire_historic\/\/?page_id=5617"},"modified":"2019-05-08T14:57:07","modified_gmt":"2019-05-08T12:57:07","slug":"e-contacontes-produccio-de-contes-digitals","status":"publish","type":"page","link":"https:\/\/agora.xtec.cat\/cesire_historic\/ambit-artistic\/itineraris-artistics\/sessions-itineraris-artistics\/e-contacontes-produccio-de-contes-digitals\/","title":{"rendered":"e-contacontes: producci\u00f3 de contes digitals"},"content":{"rendered":"<p style=\"text-align: center;\"><iframe loading=\"lazy\" src=\"https:\/\/www.youtube.com\/embed\/Igy2yblQ_lY\" width=\"560\" height=\"315\" frameborder=\"0\" allowfullscreen=\"allowfullscreen\"><\/iframe><\/p>\n<div class=\"entry-content\">\n<p>Al taller e-contacontes es realitza un conte amb eines digitals. La pr\u00e0ctica es pot portar a terme amb alumnes de cicle superior, els quals seran els creadors de v\u00eddeos destinats a nens i nenes de cicle inicial o d&#8217;educaci\u00f3 infantil.<\/p>\n<p>Mitjan\u00e7ant narracions, els alumnes poden experimentar i aprendre t\u00e8cniques digitals d&#8217;enregistrament i edici\u00f3 de petites c\u00e0psules de v\u00eddeo aix\u00ed com aprofundir en l&#8217;escriptura, el gui\u00f3, l&#8217;storyboard i l&#8217;expresi\u00f3 gr\u00e0fico-pl\u00e0stica, oral i escrita.<\/p>\n<table class=\"alignleft\" border=\"1\">\n<thead>\n<tr>\n<td>Integraci\u00f3 de coneixements<\/p>\n<p>\u00c0mbits: art\u00edstic, tecnol\u00f2gic i ling\u00fc\u00edstic<\/p>\n<p>Continguts transversals i interdisciplinaris<\/td>\n<\/tr>\n<\/thead>\n<\/table>\n<p>Fitxa de programaci\u00f3: <a href=\"https:\/\/agora.xtec.cat\/cesire_historic\/\/wp-content\/uploads\/usu397\/2019\/05\/Fitxa-programaci\u00f3-ECONTACONTES-2.pdf\">e-Contacontes<\/a><\/p>\n<p>Presentaci\u00f3 : <a href=\"https:\/\/agora.xtec.cat\/cesire_historic\/\/wp-content\/uploads\/usu397\/2019\/05\/presentaci\u00f3-e_Contacontes.pdf\">e-Contacontes<\/a><\/p>\n<p>&nbsp;<\/p>\n<\/div>\n","protected":false},"excerpt":{"rendered":"<p>Al taller e-contacontes es realitza un conte amb eines digitals. La pr\u00e0ctica es pot portar a terme amb alumnes de cicle superior, els quals seran els creadors de v\u00eddeos destinats a nens i nenes de cicle inicial o d&#8217;educaci\u00f3 infantil.<br \/>\nMitjan\u00e7ant narracions, els alumnes poden experimentar&hellip;  <a href=\"https:\/\/agora.xtec.cat\/cesire_historic\/ambit-artistic\/itineraris-artistics\/sessions-itineraris-artistics\/e-contacontes-produccio-de-contes-digitals\/\" title=\"Read e-contacontes: producci\u00f3 de contes digitals\">Llegeix m\u00e9s\u00bb<\/a><\/p>\n","protected":false},"author":9,"featured_media":0,"parent":3174,"menu_order":0,"comment_status":"closed","ping_status":"closed","template":"page-templates\/side-menu.php","meta":{"_bbp_topic_count":0,"_bbp_reply_count":0,"_bbp_total_topic_count":0,"_bbp_total_reply_count":0,"_bbp_voice_count":0,"_bbp_anonymous_reply_count":0,"_bbp_topic_count_hidden":0,"_bbp_reply_count_hidden":0,"_bbp_forum_subforum_count":0,"footnotes":""},"class_list":["post-5617","page","type-page","status-publish","hentry"],"post_mailing_queue_ids":[],"_links":{"self":[{"href":"https:\/\/agora.xtec.cat\/cesire_historic\/wp-json\/wp\/v2\/pages\/5617","targetHints":{"allow":["GET"]}}],"collection":[{"href":"https:\/\/agora.xtec.cat\/cesire_historic\/wp-json\/wp\/v2\/pages"}],"about":[{"href":"https:\/\/agora.xtec.cat\/cesire_historic\/wp-json\/wp\/v2\/types\/page"}],"author":[{"embeddable":true,"href":"https:\/\/agora.xtec.cat\/cesire_historic\/wp-json\/wp\/v2\/users\/9"}],"replies":[{"embeddable":true,"href":"https:\/\/agora.xtec.cat\/cesire_historic\/wp-json\/wp\/v2\/comments?post=5617"}],"version-history":[{"count":2,"href":"https:\/\/agora.xtec.cat\/cesire_historic\/wp-json\/wp\/v2\/pages\/5617\/revisions"}],"predecessor-version":[{"id":5761,"href":"https:\/\/agora.xtec.cat\/cesire_historic\/wp-json\/wp\/v2\/pages\/5617\/revisions\/5761"}],"up":[{"embeddable":true,"href":"https:\/\/agora.xtec.cat\/cesire_historic\/wp-json\/wp\/v2\/pages\/3174"}],"wp:attachment":[{"href":"https:\/\/agora.xtec.cat\/cesire_historic\/wp-json\/wp\/v2\/media?parent=5617"}],"curies":[{"name":"wp","href":"https:\/\/api.w.org\/{rel}","templated":true}]}}