{"id":5569,"date":"2019-05-03T14:11:49","date_gmt":"2019-05-03T12:11:49","guid":{"rendered":"http:\/\/agora.xtec.cat\/cesire_historic\/\/?page_id=5569"},"modified":"2019-05-03T14:11:49","modified_gmt":"2019-05-03T12:11:49","slug":"dissenyart","status":"publish","type":"page","link":"https:\/\/agora.xtec.cat\/cesire_historic\/dissenyart\/","title":{"rendered":"DissenyART!"},"content":{"rendered":"<p style=\"text-align: center;\"><iframe loading=\"lazy\" src=\"https:\/\/www.youtube.com\/embed\/mUO3HzCNdsI\" width=\"560\" height=\"315\" frameborder=\"0\" allowfullscreen=\"allowfullscreen\"><\/iframe><\/p>\n<p>Us presentem una manera de treballar el Disseny des d&#8217;un projecte transformador de centre, tot fent una mirada transversal i integradora de l&#8217;art amb els diferents \u00e0mbits educatius.<\/p>\n<p>T&#8217;atreveixes a dissenyar amb nosaltres?<\/p>\n<table class=\"alignleft\" border=\"1\" width=\"280\">\n<thead>\n<tr>\n<td>Integraci\u00f3 de coneixements:<\/p>\n<p>art\u00edstics, ling\u00fc\u00edstics, de coneixement del medi, d&#8217;educaci\u00f3 en valors, d&#8217;aprendre a aprendre i d&#8217;autonomia i iniciativa personal.<\/td>\n<\/tr>\n<\/thead>\n<\/table>\n<p>Fitxa de programaci\u00f3: <a href=\"https:\/\/agora.xtec.cat\/cesire_historic\/\/wp-content\/uploads\/usu397\/2019\/05\/FITXA-programaci\u00f3-ITINERARIS-Programaci\u00f3-DissenyArt.pdf\">DissenyART!<\/a><\/p>\n<p>Presentaci\u00f3 : <a href=\"https:\/\/agora.xtec.cat\/cesire_historic\/\/wp-content\/uploads\/usu397\/2019\/05\/Presentacio_DissenyArt-Ferrer-i-Gu\u00e0rdia.pdf\">DissenyART!<\/a><\/p>\n<p>&nbsp;<\/p>\n<div class=\"slideshow_container slideshow_container_style-light\" data-slideshow-id=\"5388\" data-style-name=\"style-light\" data-style-version=\"2.3.1\" data-slideshow-active=\"1\">\n<div class=\"slideshow_content\"><\/div>\n<\/div>\n","protected":false},"excerpt":{"rendered":"<p>Us presentem una manera de treballar el Disseny des d&#8217;un projecte transformador de centre, tot fent una mirada transversal i integradora de l&#8217;art amb els diferents \u00e0mbits educatius.<br \/>\nT&#8217;atreveixes a dissenyar amb nosaltres?<\/p>\n<p>Integraci\u00f3 de coneixements:<br \/>\nart\u00edstics, ling\u00fc\u00edstics, de coneixement del medi, d&#8217;educaci\u00f3 en valors, d&#8217;aprendre a aprendre&hellip;  <a href=\"https:\/\/agora.xtec.cat\/cesire_historic\/dissenyart\/\" title=\"Read DissenyART!\">Llegeix m\u00e9s\u00bb<\/a><\/p>\n","protected":false},"author":9,"featured_media":0,"parent":0,"menu_order":0,"comment_status":"closed","ping_status":"closed","template":"","meta":{"_bbp_topic_count":0,"_bbp_reply_count":0,"_bbp_total_topic_count":0,"_bbp_total_reply_count":0,"_bbp_voice_count":0,"_bbp_anonymous_reply_count":0,"_bbp_topic_count_hidden":0,"_bbp_reply_count_hidden":0,"_bbp_forum_subforum_count":0,"footnotes":""},"class_list":["post-5569","page","type-page","status-publish","hentry"],"post_mailing_queue_ids":[],"_links":{"self":[{"href":"https:\/\/agora.xtec.cat\/cesire_historic\/wp-json\/wp\/v2\/pages\/5569","targetHints":{"allow":["GET"]}}],"collection":[{"href":"https:\/\/agora.xtec.cat\/cesire_historic\/wp-json\/wp\/v2\/pages"}],"about":[{"href":"https:\/\/agora.xtec.cat\/cesire_historic\/wp-json\/wp\/v2\/types\/page"}],"author":[{"embeddable":true,"href":"https:\/\/agora.xtec.cat\/cesire_historic\/wp-json\/wp\/v2\/users\/9"}],"replies":[{"embeddable":true,"href":"https:\/\/agora.xtec.cat\/cesire_historic\/wp-json\/wp\/v2\/comments?post=5569"}],"version-history":[{"count":1,"href":"https:\/\/agora.xtec.cat\/cesire_historic\/wp-json\/wp\/v2\/pages\/5569\/revisions"}],"predecessor-version":[{"id":5574,"href":"https:\/\/agora.xtec.cat\/cesire_historic\/wp-json\/wp\/v2\/pages\/5569\/revisions\/5574"}],"wp:attachment":[{"href":"https:\/\/agora.xtec.cat\/cesire_historic\/wp-json\/wp\/v2\/media?parent=5569"}],"curies":[{"name":"wp","href":"https:\/\/api.w.org\/{rel}","templated":true}]}}