{"id":5549,"date":"2019-05-03T13:53:46","date_gmt":"2019-05-03T11:53:46","guid":{"rendered":"http:\/\/agora.xtec.cat\/cesire_historic\/\/?page_id=5549"},"modified":"2019-05-08T15:25:07","modified_gmt":"2019-05-08T13:25:07","slug":"cultura-dapat","status":"publish","type":"page","link":"https:\/\/agora.xtec.cat\/cesire_historic\/ambit-artistic\/itineraris-artistics\/sessions-itineraris-artistics\/cultura-dapat\/","title":{"rendered":"Cultura d&#8217;\u00c0pat"},"content":{"rendered":"<p style=\"text-align: center;\"><iframe loading=\"lazy\" src=\"https:\/\/www.youtube.com\/embed\/JmlRGkzkkP8\" width=\"560\" height=\"315\" frameborder=\"0\" allowfullscreen=\"allowfullscreen\"><\/iframe><\/p>\n<p>L&#8217;alimentaci\u00f3 \u00e9s part intr\u00ednseca de la vida humana. Quina relaci\u00f3 tenim amb els aliments? Pretenem, fer una reflexi\u00f3 sobre les nostres accions a l&#8217;hora de nodrir-nos. Coneixerem manifestacions de l&#8217;art vinculats a l&#8217;alimentaci\u00f3: les valorarem, treballarem i difondrem cr\u00edticament. Tamb\u00e9 investigarem, analitzarem i reflexionarem per tal d&#8217;extreure&#8217;n conclusions. Finalment, donarem eines i recursos per expressar conceptes i conclusions de manera visual.<\/p>\n<table class=\"alignleft\" border=\"1\" width=\"280\">\n<thead>\n<tr>\n<td>Integraci\u00f3 de coneixements:<br \/>\nTreball globalitzat internivells\u00c0mbit medi<\/p>\n<p>\u00c0mbit art\u00edstic<\/td>\n<\/tr>\n<\/thead>\n<\/table>\n<p>Fitxa de programaci\u00f3: <a href=\"https:\/\/agora.xtec.cat\/cesire_historic\/\/wp-content\/uploads\/usu397\/2019\/05\/FITXA-programaci\u00f3_-Cultura-da\u0300pat.pdf\">Cultura d&#8217;\u00e0pat<\/a><\/p>\n<p>Presentaci\u00f3 :<a href=\"https:\/\/agora.xtec.cat\/cesire_historic\/\/wp-content\/uploads\/usu397\/2019\/05\/Presentaci\u00f3_Cultura-da\u0300pat.pptx-2.pdf\"> Cultura d&#8217;\u00e0pat<\/a><\/p>\n<p>&nbsp;<\/p>\n<div class=\"slideshow_container slideshow_container_style-light\" data-slideshow-id=\"5388\" data-style-name=\"style-light\" data-style-version=\"2.3.1\" data-slideshow-active=\"1\">\n<div class=\"slideshow_content\"><\/div>\n<\/div>\n","protected":false},"excerpt":{"rendered":"<p>L&#8217;alimentaci\u00f3 \u00e9s part intr\u00ednseca de la vida humana. Quina relaci\u00f3 tenim amb els aliments? Pretenem, fer una reflexi\u00f3 sobre les nostres accions a l&#8217;hora de nodrir-nos. Coneixerem manifestacions de l&#8217;art vinculats a l&#8217;alimentaci\u00f3: les valorarem, treballarem i difondrem cr\u00edticament. Tamb\u00e9 investigarem, analitzarem i reflexionarem per&hellip;  <a href=\"https:\/\/agora.xtec.cat\/cesire_historic\/ambit-artistic\/itineraris-artistics\/sessions-itineraris-artistics\/cultura-dapat\/\" title=\"Read Cultura d&#8217;\u00c0pat\">Llegeix m\u00e9s\u00bb<\/a><\/p>\n","protected":false},"author":9,"featured_media":0,"parent":3174,"menu_order":0,"comment_status":"closed","ping_status":"closed","template":"page-templates\/side-menu.php","meta":{"_bbp_topic_count":0,"_bbp_reply_count":0,"_bbp_total_topic_count":0,"_bbp_total_reply_count":0,"_bbp_voice_count":0,"_bbp_anonymous_reply_count":0,"_bbp_topic_count_hidden":0,"_bbp_reply_count_hidden":0,"_bbp_forum_subforum_count":0,"footnotes":""},"class_list":["post-5549","page","type-page","status-publish","hentry"],"post_mailing_queue_ids":[],"_links":{"self":[{"href":"https:\/\/agora.xtec.cat\/cesire_historic\/wp-json\/wp\/v2\/pages\/5549","targetHints":{"allow":["GET"]}}],"collection":[{"href":"https:\/\/agora.xtec.cat\/cesire_historic\/wp-json\/wp\/v2\/pages"}],"about":[{"href":"https:\/\/agora.xtec.cat\/cesire_historic\/wp-json\/wp\/v2\/types\/page"}],"author":[{"embeddable":true,"href":"https:\/\/agora.xtec.cat\/cesire_historic\/wp-json\/wp\/v2\/users\/9"}],"replies":[{"embeddable":true,"href":"https:\/\/agora.xtec.cat\/cesire_historic\/wp-json\/wp\/v2\/comments?post=5549"}],"version-history":[{"count":3,"href":"https:\/\/agora.xtec.cat\/cesire_historic\/wp-json\/wp\/v2\/pages\/5549\/revisions"}],"predecessor-version":[{"id":5781,"href":"https:\/\/agora.xtec.cat\/cesire_historic\/wp-json\/wp\/v2\/pages\/5549\/revisions\/5781"}],"up":[{"embeddable":true,"href":"https:\/\/agora.xtec.cat\/cesire_historic\/wp-json\/wp\/v2\/pages\/3174"}],"wp:attachment":[{"href":"https:\/\/agora.xtec.cat\/cesire_historic\/wp-json\/wp\/v2\/media?parent=5549"}],"curies":[{"name":"wp","href":"https:\/\/api.w.org\/{rel}","templated":true}]}}