{"id":5484,"date":"2019-05-02T12:10:04","date_gmt":"2019-05-02T10:10:04","guid":{"rendered":"http:\/\/agora.xtec.cat\/cesire_historic\/\/?page_id=5484"},"modified":"2020-07-15T09:53:46","modified_gmt":"2020-07-15T07:53:46","slug":"expressio-escrita","status":"publish","type":"page","link":"https:\/\/agora.xtec.cat\/cesire_historic\/ambit-linguistic\/suport-professorat_ll\/expressio-escrita\/","title":{"rendered":"Expressi\u00f3 escrita"},"content":{"rendered":"<p>&nbsp;<\/p>\n<p><img loading=\"lazy\" decoding=\"async\" class=\"aligncenter wp-image-5691\" src=\"https:\/\/agora.xtec.cat\/cesire_historic\/\/wp-content\/uploads\/usu397\/2019\/05\/writing-923882_640-300x200.jpg\" alt=\"\" width=\"252\" height=\"168\" srcset=\"https:\/\/agora.xtec.cat\/cesire_historic\/wp-content\/uploads\/usu397\/2019\/05\/writing-923882_640-300x200.jpg 300w, https:\/\/agora.xtec.cat\/cesire_historic\/wp-content\/uploads\/usu397\/2019\/05\/writing-923882_640.jpg 640w\" sizes=\"auto, (max-width: 252px) 100vw, 252px\" \/><\/p>\n<hr \/>\n<h5><strong>Programa araEscric<\/strong><\/h5>\n<p>El\u00a0curs 2015-2016 el Departament d\u2019Ensenyament impulsa el programa\u00a0araESCRIC, amb el qual\u00a0s\u2019estableix com a objectiu millorar la compet\u00e8ncia escrita dels alumnes per augmentar-ne la capacitat de comunicaci\u00f3 i el rendiment acad\u00e8mic, i aix\u00ed afavorir-ne l\u2019\u00e8xit educatiu.<\/p>\n<p><img loading=\"lazy\" decoding=\"async\" class=\"aligncenter wp-image-7276\" src=\"https:\/\/agora.xtec.cat\/cesire_historic\/\/wp-content\/uploads\/usu397\/2019\/09\/baixa-1-1.jpg\" sizes=\"auto, (max-width: 211px) 100vw, 211px\" srcset=\"https:\/\/agora.xtec.cat\/cesire_historic\/\/wp-content\/uploads\/usu397\/2019\/09\/baixa-1-1.jpg 225w, https:\/\/agora.xtec.cat\/cesire_historic\/\/wp-content\/uploads\/usu397\/2019\/09\/baixa-1-1-150x150.jpg 150w\" alt=\"\" width=\"211\" height=\"211\" \/><\/p>\n<p><a href=\"http:\/\/xtec.gencat.cat\/ca\/projectes\/escriptura\/ara-escric\/\" target=\"_blank\" rel=\"noopener noreferrer\">Programa<\/a><\/p>\n<hr \/>\n<h5><strong>Dibuixant la gram\u00e0tica. Gram\u00e0tica pedag\u00f2gica per a l&#8217;aprenentatge de L2<\/strong><\/h5>\n<p><a href=\"http:\/\/eledelengua.com\/Podcasts\/LdeLengua131.mp3\" target=\"_blank\" rel=\"noopener noreferrer\">Podcast N\u00fam. 131 de LdeLengua<\/a><\/p>\n<p>Isabel Leal en aquesta entrevista parla de com explicar la gram\u00e0tica a trav\u00e9s del dibuix, quins avantatges i inconveninents pot tenir demanar a l&#8217;alumant que dibuixin ells mateixos la gram\u00e0tica i quines caracter\u00ecstiques ha de tenir un bon dibuix d&#8217;un \u00edtem gramatical, independentment de la seva cultura d&#8217;origen. Parla de la seva experi\u00e8ncia a les aules fent \u00fas de les din\u00e0miques de dibuix i il\u00b7lustraci\u00f3, aix\u00ed com de les propostes que funcionen. Recomana tamb\u00e9 algunes apps i recursos tecnol\u00f2gics per poder dibuixar la gram\u00e0tica.<\/p>\n<p style=\"text-align: center;\"><img loading=\"lazy\" decoding=\"async\" class=\"aligncenter size-full wp-image-9792\" src=\"https:\/\/agora.xtec.cat\/cesire_historic\/\/wp-content\/uploads\/usu397\/2020\/06\/eledelengua-logo.png\" alt=\"\" width=\"260\" height=\"74\" \/><\/p>\n<p>&nbsp;<\/p>\n<hr \/>\n<h5><strong>Procediments transversals de lectura i escriptura<\/strong><\/h5>\n<p style=\"text-align: justify;\">Consells i t\u00e8cniques adre\u00e7ades a l&#8217;alumnat per ajudar-los a desenvolupar i millorar els h\u00e0bits de lectura i escriptura: la presentaci\u00f3 dels treballs, la preparaci\u00f3 dels ex\u00e0mens&#8230; Aix\u00f2, forma part del document que el centre va elaborar sobre els procediments transversals, amb l\u2019objectiu de facilitar la vertebraci\u00f3 del curr\u00edculum i l\u2019assoliment de les Compet\u00e8ncies B\u00e0siques.<\/p>\n<p style=\"text-align: center;\"><a href=\"https:\/\/agora.xtec.cat\/cesire_historic\/\/wp-content\/uploads\/usu397\/2019\/09\/youtuber-2838945_640.jpg\"><img loading=\"lazy\" decoding=\"async\" class=\"alignnone wp-image-7555\" src=\"https:\/\/agora.xtec.cat\/cesire_historic\/\/wp-content\/uploads\/usu397\/2019\/09\/youtuber-2838945_640.jpg\" alt=\"\" width=\"251\" height=\"179\" srcset=\"https:\/\/agora.xtec.cat\/cesire_historic\/wp-content\/uploads\/usu397\/2019\/09\/youtuber-2838945_640.jpg 640w, https:\/\/agora.xtec.cat\/cesire_historic\/wp-content\/uploads\/usu397\/2019\/09\/youtuber-2838945_640-300x214.jpg 300w\" sizes=\"auto, (max-width: 251px) 100vw, 251px\" \/><\/a><\/p>\n<p><a href=\"http:\/\/www.xtec.cat\/~jmart336\/llegir_escriure\/llegir_escriure.html\" target=\"_blank\" rel=\"noopener noreferrer\">Blog Jes\u00fas Mart\u00ednez<\/a><\/p>\n<hr \/>\n<h5><strong>Gram\u00e0tica: de l&#8217;explicaci\u00f3 a la correcci\u00f3. Lourdes Miquel<\/strong><\/h5>\n<p>Article sobre el proc\u00e9s del treball gramatical a l&#8217;aula.<\/p>\n<p><img loading=\"lazy\" decoding=\"async\" class=\"aligncenter\" src=\"data:image\/jpeg;base64,\/9j\/4AAQSkZJRgABAQAAAQABAAD\/2wCEAAkGBxMTEhQSEBMQFBAPFA8UEA8UEBAUDw8PFBQWFhQRFBUYHCggGBolHBQUITEhJSkrLi4uFx8zODMsNygtLisBCgoKDg0OGhAQGiwcHyQsLCwsLCwsLCwsLC8sLCwtLCwsLSwsLywsLC0sLCwsLCwsLCwsLCwsLCwsLiwvLi8sLP\/AABEIALYBFAMBIgACEQEDEQH\/xAAbAAABBQEBAAAAAAAAAAAAAAAEAAIDBQYBB\/\/EADsQAAICAgAEBAMFBgQHAQAAAAECAAMEEQUSITEGE0FRImFxFDKBkaEHQlKxwdEjM3LwFiRDYoLh8RX\/xAAaAQADAQEBAQAAAAAAAAAAAAAAAQIDBAUG\/8QAKxEAAgIABQQBAwQDAAAAAAAAAAECEQMSITFBBBNR8GEiMnFCkcHxFIGh\/9oADAMBAAIRAxEAPwD0ICOAnBHTrZmRZKbUzAcYxRzmeiMNiYnxLjFW5hOHrF9NnRgb0VFNJXsTCVvYQSvK13haZAPtPLs63EJrztd4TVnCV2gZIMPfYwTJaLdb1Mk5h7yhdWSNTiO\/WPMxZS7dtyIrAK873hVeaDJzeQqiwxUk5gdWWIQMgTohOKRnJOySdkPmiJnl50KhzRySHzRHLkrBMGEBZ3UFbNE4M8TREBLCR8sibMBnUtETYx\/LEUjwZ0QVCISsaRCCsidYNARExB4lXrOOkSbGPMiIjwYjLEM1GakpEYYmBERGsY5oxhFYDYp3lnZQjXiOE4I4T02YDhKLxLjbQmXqyPMoDKRMcWOaLRpCVOzylx1jhX7Q7jODyWH5wVFngyi4uj0001ZxXIhmPxAjvBWUzipJtjcUw\/IzAwlSqnm3Cgk75cHIFBIjkiAxq1SZTFY6F5hkteSfeN5RIMiwCNJshpIPGfrvGPxkTPZGRBBkEnQ6k9gZ0xw63MJa7Ggu4z84FZxzXrBsfDZhvlB+QIJ\/SSWcLUd1IJ9jL7kVsTksY\/G2PbcjPGiO5MNXh6HXXXtsdZ08JHpo\/jF3h9tAo44feGY\/HPnBLOEgD7p9fT+0Av4Vr7p0fbf95axVyS8PwbPD4wD6y5xswGeUeZYn8XT5f2llgeICNAmaJxexm00ems3tGMZnuHcaDesuEvDDpM26GkSbnXiSdYRobItzoM6Vi1KixM4Y0zu4wx2IaROcscY1jACJop0mKOhGwEcI0Tonps50SCPEjBid9AmQykYzxpX6jvMrXaZr+Mas5ifSZRqtHpPD6h5ptnpYWkaJFtjhbHLV0kZSYGo\/zpKtkgCRwWIYSGE7yiDhDGW2ECOMbdCcqQ7Iu12lZdeTHWEt6zteCT1\/XrOxQUEc0p5mDLUW7wqrEA9vyhi45Uf\/ADpFqYyk2UqIgij0A+h\/vHCw+517dx+Rj+X\/ALfx9I0ge2v9+8zKF+KnX1B+n8p3yjr1P0IMa6D36n8d\/UmPCe\/b671+RhYCRiPUj10d\/wDudazfcgj8NyIgga9Pk3SN5iO+9f6f6iNCYr6FI6qp+nf9JR53Dl7rzD+hlyuvTX5f3kpAIPr7nW5Sm0xONmVxstqm0d\/lNhwXiwbXWUnEcAEEgD6yhF70t69PnOn70YtZWevVXAiPFkxHBvEIIGz1l+OIA9RMHJxZajZcF5G9srBnCO+1g+sfcFkC\/Ni8yC+cJ3zI1MHENDxrmDC6cNk17iIyk0UH8yKV3ELKbgGOEjjgZ65yEgMZkDakRbi3E1ZVmZycJhuUl+EwPabyxNwWzDB9Jxz6GL1RvHqWtzDMjCM0Zs7OFqfSCW8HEwl0EuDVdSjKkxK80FvBoJZwgzCXR4i4NFjxZXiyQFeYwvIxCogD8Rpq62OBr0Gyf0mmDg5fuM8XEvYs8TAB7iWicNXXbX0mLt\/aPjJ\/lpa\/z0FH6ncrcz9p93\/TpRQezMxb9BOpz4Sv35ObK\/Jv7uGexIgV+IV67X57PeeYZvjrNs\/6oT\/QoH89wX7FnZBXmF7+b9znYqrn\/t5iBJ7eb9K9\/BWZr9R6Dmcex6eljLv2Vgx\/ITuDxzEuOksHMeynat+RE88o8NWst5LVK2GGN1RYmxQO5AUHYlbgZRqtSxe9bK2vcDuPxHSZPpl5L7p7OuKG+6w\/If0iswm9wflv+8NxsCq1FsTqtiq6kdNhhsTp4aR2Zh+JP4QfReGiV1PlFacZhvYPz6f2kbNr0P5ES1OO49d\/Uf2iLOO6gzJ9HNcGi6iJR3VE9vyjq6tD3P8AvtLZ3X1rP5CRlaz3LD8TMXgSXDNFiplewBH9vSUvF+Ggg6H6CadaE9H\/AFBjLuHhgdMuvpHh3FhJpo83p2jzW8Mv2JS8f4eVO\/1Bi4Nldus06iGmZBgz4NM2\/eN5yI0WbEaTOM6aJDlGOXPMFYyMiOycqLD\/APQkyZ4lGwjhHmJcC\/GWPeKUHmGKPMLIexbnQY2vqdCHJidJ9HKSR5aQJucLwi2vUCsEjOOh5tkFmUBI7TArjFnY6QWc4SF+IiAMwg9jCJ4khqKLFuJiRniAMq2acDSO5IrKjvEsgEaHeYDi\/CXyecVvWLEI\/wAFyVZtnoAT02ZqOKXdD1A+p1+syHFeM0HJQOxKNS1WS6qTzb+6R7ke8benvvwS9yk4pwVa6BYvnCxX8u+uxVBqfXToOuj6GBYnBcizRrptZT2bkbkI9+Y9JfjxYvlWY2Qv2mpl5K8nXJkAD7vNvfNo67\/nMscl+Xk535B2TmblH4dpnat\/0VTo03C+KBFfA4gvLU2lFyBPNxm9CSv319wd\/wBJL4nxbMXHw08wM1b3PTajcyMm1Nbofb5THyzxOF5dwVa6sixV3yDkcooPU8u+i7j1f5FSRr8jNRMzHzw1Irza1XMpNqcyl15bNp35SNMDruOupieMUVJc60WCynZ8twGHwnsp5gOomgw\/2dZ7960rHvZYv8l2f0l9h\/sobob8lR7rXWT+TMR\/KPJJ8CzRXJY\/so4v5lDY7H48c7T3NL9fx02\/zE3TLM74c8GY+G\/m1G5rdMpZ3GuU9xyqAPQTQ834a\/SaJaGTasZ5YnPKBna7gRsEEb7g7H+97H4TPZ\/jGmvI+yhLbLyQvKoQKGYAgFnYDsYN1qC10LxqRI2xgfSDcez2px7bkClq63ZQdldgdN6MpPDHih7m+z5airKKhkGtJfWw5gU699f77iJyqgSb2Ly7EQfe0o9yQB+cqLeJ4YPKMmnm7aFq9\/qDqUn7QuCrV5WWAzqlo89Hd7FZSdjo5IA6EaHTqI3xXxWlsQLXiWLXcFFeS9CpRWDr41K7b9Bv03Br6qfi7qyk9LX4CuPYhKnR2JlMIabXzm5wsVPslapYtoVAPNB6MR3\/APhmMur1aR85y4iUsOzfDbUqNFinayQyLhy9IUyzymtT0UwZ5EzQl1g7pCgshYzgedYSIiFBZNzRSAtOx0Fnq3Bsslhua5TsTB4D6I+s2+G+1E9vXk8tkORK+5ZZXiC3CaIgrLEg1lUOsMGsaVQrAHokbUQp2kTNJaKTBGojLKtCOuyNQTIzdSGi7Kbi+IzghNbPudCZrH\/Z3daxL3VICfQM5\/pNUcsEyDA8RO7EY2O9yodNZ5lda83svN979I9NiHYJi\/stpH+bkWt\/oVE\/nzS7xPAPD00TUzker2OfzAIH6R\/DuPtbY9F1T495B8pX0wsX+JSOhI9QDM\/m5WVXmpj5WXYtFynktqrqpBcfuknZA+e\/USrVpJb7E6u9djcYfDMan\/KopT5rUgJ\/8tbk2fxOulDZa4StdbY70NnQH5zzziWU1N9I4fl35FjuFtxmv+0IU9WJ68vzP8tS+\/aOv\/IPvtzUc3zHmLG5PLfzROX6qNFXxBXQPUQ6svMhU9HHsN\/7EyeT498rJFGVjPSh5eaw2K5VWHwtpQRy\/Qn9JU4l9mBa1tNGWeGMQbEtrKNST0L1hjzEfUDfr6GW3i2vHdKc4clmN0pySOz4lp1v3DI+iPUH6RN3qgSrRhPjnid1ePX9ks1bfbUlbLynnDqxAUnY69OsrfDOEnEMF0yGte9WvV2sssLV3H7jAE9ABy9Na6NKh8G6nIxMZbBkYH2yizHuVg\/lkHrUWHRTo7169xrqJc4Nd+NxHJfGxrrMa\/8AzBpawLu5ZDYQGHMW7dPi+Unm2VVKkUnhfOu4eodwz4bWNVlJ3fDylPK3QH1Gj8+3cDfOL4Yv+252OQz4uTS9din71SINkfT4W\/8AEzXJwrJ+05L6xRi5ZQW02GywvyjRcKAoUsvzP46k3DfDFNNF2Oj2+VkuSdNyuqkAeUG9Roa37GCi9uAclvyC+IuLJdwiy9dAXVoNA9rGdVZPwO\/ygGR4eqysYXHNtutxqx5T1CkrQ4VW5eSpeYkaHTe\/WXeH4Tw6xpaEYb2PM5revyDkgfgJdUU8oAVQoB7ABf0EpJ6WS5LWjHYmbmZOG9GThWs7qU80tVUG\/hdg5BBBG+gPaWXhLh+TVQMfLGM9KqygAuzlT2Vtjl0Ov6TQ8n5dY9U9NwyVWu2wZrvTcyNnh2mlmehrUVjs0q\/+Hv6a3+szFte7vxm54rmVBjXzr5g38G\/i\/KZHEHNcfrFKNt2VGVGj4Xw7Yhr8KPtLDgo6dZbhBOaXSQZ0Rx5IxWZicg23aV5CnsZtuM4AsrIHsZ5rTivXY1bHsen0nNLpqdG0ca1ZYPjSB8Yy4xcUkSRsIy30E6tCXUozjY5nJfHCMUj\/AA8TwV\/kRNDjmbPg9m0ExNJmq4Bb01PROMtcgQCyWNogVglIhlfckGdJYWCB2CaIkDZZGVnMyzUCGSYmUh2Xjb\/GAXYQ\/KHCwwbKLSGikUl2KB0lX4WzVxbnx8jSLY3PRa3RG301vsD0Es8pG3H46K45LFR1PdWUMPyMSbTtA0mhnjfiFtaB8bL5XJUJjKlLvZs6JU6Lf0gviutMnhtVimx7RyGolGex7ezowVfk3fQ6CaPA4VRX8VNNSN\/ElahvpsDeoeU\/uB6RZHla+U\/xRObVMydXB6s2pHai7Dy60TV61Cr4+x5QCOYbG\/QjfeLN4NxDIo+zZF2LyB1bz1Ww3uqnY2vRfY\/hNgKP\/Xyknly3GyczRWnHd8dqci0ubAVeytRUxQ6BAAJ7jYPyMBw\/COFWNDHRuxPOWsBPvpiR+nrNClUdG0t2Tb2B6cdUXlrRUX+FVCj8hJlT\/fvM\/i8cvtobJorqNamzkpZ3F1i1sVJJ1pGOjpdH06yz4bxau6uuxDoXLtVbQY+417j11Gq4E0+SwFUruI8Zx8csLC20CM4Wux+RX2FZyoIUfCep9pVsy43EA3UpnVkN95jVdU29+vKrBte2xJONYrC\/zgjWUZNTY+XWo5m5eprt5R1bXM6nXXTQsdFnxHia1ozVgXeV8VtdbobVr7llX1IHXXTf6SUZwNXm1A2Bk56wpANgI2Nc2tb6d5RcL8OWJ9m8xqf+TFihq0YWXIwKqj77DWiR12RLHgPDDj0rUx2FawqBshFZyyoCe4AOvwiUna0G0kibMBuoZQbKnsQgEHVlTkdOqnuD7GZXgWWanrFTU2tewXJrVMnz6eXm+Nntctyg7HxAb307zX4WAlS8tahV2x5Rv7zHZPX5mS3AAfzikm40OLpmT8V183K2tleYbBAKqfXe\/cD9ZUcAT4tnqd95Z+JMkAaHrGeHMf1949w2RrsAdJaK0Dxl0IQphRSYQBsTF+LeHcpFqjqO\/wBJslMG4njB0IPtMsWFouEqZk+EZQIEuNTIKTRcUPbfT6TT4t+xNumxLjTDEjTJisU7uKdJmNpM0HArfi1M5QDLfhdmmE4jQ2TdoHYIVWdrILhBEsBtEGsWF3QRzNUQVeasCBAlpem5AaRGwQA1kGdzLDIUDtAgxMhotFVl7guM2mlzlU7EosjGYGRQywPHnSw18lQ+BrFssv5EcA6KjSnR6+sms8WotaWNTcBZX5mvgHqRyLzMOd+hOh6dZU\/ZjY1R5+RqX5lYKpOyCCOvp1miu4VXcUawEtXzBWV3RtNrmUlSOh12gpSr33x+xLSv33+wK7xFZ5ipWtArtqa6i6yxuW4LolNADkPxA9zr5yuHG8m5ksQtTj2V12V6x2uLMCRZW3Ku97HTqOmj1l1l+GaWWtE\/wlps8xQiprm1rWmBGuvaXNXL1AI+HQOiPhOh0Ou3Qjp85azP499\/b5JdIzPBse5cmxrBksjBTRbZadIHUF6inNokH1APqPSXFXCQGDs99jr2L3Pygn15F0n6Qu\/NqrXmeytVJ1zMygb9t+8BbxJjjpzsQGRGfkfkrdzpA518O9j85WV8k3exU8R8I89jlH5abPjfH5rVQ39d2\/Aw7jWwNdty04TwOuhK0Onakua2ZRtC5JIr3sqNHWt9oN\/xUgv8p67EXzGqNjK+g\/7hJ1y6Y9B131EE4yhXNqsZ25Lq3qBCKzY9qglbF2Dre2BI+W5FRWu5Vt6bGrVQJFlZ1Vf+Y6L7AkAn6D1mRwcTIuo+NrWuqvBdbtrRlV1sw0oA+EMpB7dwNwhPDdp+NGSpq8hbscHdnkV8urKt9Nqx38PYbjzx419\/2LK+WXGL4hx3dUR+Y2BjU3K3l28v3lR9crEddgH0gXFuIWDJrpblGLlKyBw7LYtw+IgFRtSV3rr6ek5X4VA+9bZpb2vrVOVBVa29hTonl6npv1lrlYi2DltRXUEfCyhhsevWPNLWtBUl8mQxeNX0LYnnJb9itVGqK811+KxBW0OG2W5WHYfu\/OPttv8AMd3e5kLlqeXQqek\/dVwT8JH0B+c1ViogPKqr9AB\/KZTxBxTXwjudyHm29\/gtUVWU3m26HpNhwXE0BM5wDDJPMR1M3XD6dCaRVITYUBOiNYznNAZOpkkhQyVZLQGM8ZcNOvMUdV6yv4Fn7ABm7z8YOpBnmWZUce\/X7rHp9Zzp9udmy+qNGyV4pW42YConZ6KkjGi2JhGI+iPrK+smE1GcjLRvMF9qIrxA+CW7QQ+0RAyttMEcwu9YI6zRGZBbBHMNdYI4lAQOu5CU+UJYyKwxUNEeoDn42xCneCX3mSUUNzFD2PSQPxdrVasFq7VAspcOwV2Ug8jdtjoAR1HWF8QUnfSUYr5W+JVPzI3qQ7Ww9zWZVq5mHzVuyPpbFK9SlyfEqkfJh2gWPhWuzXLXcozqeW9S5WzHyNBTYAx7cp9P4RqS8M4kAAOgHsBoS1yOOV1rzOwA2oPUbHMQN69uspXJutPa9\/CI2VFRi+FGFL0t5Q8ysIbgbGZnXXl28p0EII30\/OWP\/DQfzDda7+fVXXcFVVW3k7Oe55uvcGWOTkbqJpdA7D\/CL9VLemxsEys4f4lJqqssqI8xvJZgw0mQCUIYdwvMCN\/SVkXL\/gnM+Cyp4NUCG5OZhyksxLEso0rHfdug69+kO5R+MytXiS125AEAtS5UtVSRVlJ05GBPVd+pA2R84OmPm3o1ZZhzCuwOeZOWxGHNSdjemG+29ag3hx5DLNmm4tmimsvoMQCVr51UuR6AmOw+Io9C5Ck+WyCzt1A1sjXv3lPj8CfaOh8t6Gcotjm0MLB\/iKfYbAI121DOD8P+zqyl+ZXexwvKAK+clmVf+3ZMFiK9EJw03I\/+IS3KKqjz3Utdj87qEtC62m13o6IMBt8TEmsg1ivIqflU9HpyABpX69RvY9O0bxHhta+WaG8tqX5k3zMqDrzIq70Ad9pWcR4mi75AvMe5CgbPuZPcl49\/6UoRA8vi13IRZY\/Ow0V5OUow76b1B7dINwrCaxuZtnr67kuJhPc3M3abLhfDVUCXFN7g2lsS8LwdAdJcqIxbFUakN2V7S2JBBEYbQJXPc595JXisepkDDBkj0hVTbEEqxgISkKAnmS8ZcJ50LAdR1B+c1YMhzKgykTPEhaKhKmeSYvEiq6PcEgzkK45wE+c3LsA9fxinN3JLQ6KTN2wnEMc0jBnVIwRpvD9vpL+ztMnwS3TfWaonpJGwG+B2mG3CBWCaIzYMxg1ghDyBzLQiB5AxkzyBmEQ0RusgNG5O1oEb5oiKIvsq9tQLM4WD2EPbJ1OfadxaAZTN4YRvvr2lOu6+ZCAUsBVub7wXsADN3kVc0o+KcDLKfQ+klxsaYzhfFFIXzWR3QAK5UBgB89nrLTFbH2X0Nl\/MPU68z+LXbc824vwm2ollJ+gMqU4pcP32+kze+pVeD3SviFY6jlG+56Df1kdniCofvAn2XbH9J4sON2euj9dn+c6\/iC4\/vAQUorZE5G92euX+JR6K31JCj9Tv9JSZ3ioj1QfLZY\/0nmr59znXMx36CaDgHhp7CGs319JcXKWwnFLcNv4xZadKWP0Gv5Q\/hvC2bqwO5qOEeHkUD4RL+jh6r6CaqBDkZ\/h3DmEvK6DqHBAOwnZdE2CfZfcyRaRJpGzgRDHBBOxiuDHbgMdEDGlpzmiAnBiJkAtknNJoCtzMIM29RSwM5I7aKzsz5vO5MjQR36wipoMpFrw99MJsaG2sw2M02PDLNqJJTOXCCOsNvgry0ZsByFlezHctbBBWQSySvtQwQ1mWzCQWx0NFc9JjdAd4Uxgt1e5LGMYCM5wI4IPeMcrEMIrtHtO2NzdJDXaJImR17RoTRTcU4SXEw3iHw7yDnXv6j3nrLWbHaZXxIm1MmSVAm0eTGdrQsQANk9hJs1NMdS48HY6tb8XprUwjG3Rs3pZb+GfC7nTMO\/WelcK4TygbEI4PUiqIc+UB2nYkkczbZKlYURrsIE2USeka4YiMQS2QBB3y+vSQir3M6wAgMdbe2ukgrDN3j3v32EjTm3EMMrXUZdlanR26weyxRAR3z2MJQ9Osg87p0EjJYxAEtcBCKrNiBLje8KqGoATxRu4oUBTvSI3l1FFIkaRCKDNRwOzpOxTMvgOyRArDOxS0ZsGcwHJu1FFLEBPlxjWkiKKAAVhO43rqKKIoiao77xhx\/cxRSRhFGOBCkrX2iilIB9rgDtMt4kt+AxRRSFR5Vln4jLTwpvzenynYpjD7jR\/aey8JG1ELKCKKdZznFce0bbaYooAQ8p95OKxrrFFGIjZgvYTgu3OxSSiIgn1iXFHrFFGkIIRQJLFFGI4TEDFFJGODzkUUQH\/\/2Q==\" width=\"249\" height=\"165\" \/><\/p>\n<p><a href=\"http:\/\/ikasbilberri.ikasbil.net\/c\/document_library\/get_file?uuid=8d6136ad-5865-4af4-9236-241eff919093&amp;groupId=10138\" target=\"_blank\" rel=\"noopener noreferrer\">ptt de la presentaci\u00f3<\/a><\/p>\n<hr \/>\n<h5><strong>Gram\u00e0tica essencial de la llengua catalana (GEiEC)<\/strong><\/h5>\n<p style=\"text-align: justify;\">L&#8217;Institut d&#8217;Estudis Catalans ha publicat la versi\u00f3 redu\u00efda en format virtual de la Gram\u00e0tica de la Llengua Catalana,<i>\u00a0<a href=\"https:\/\/geiec.iec.cat\/\" target=\"_blank\" rel=\"noopener noreferrer\"><b>La gram\u00e0tica essencial de la llengua catalana<\/b><\/a><\/i>\u00a0pensada per posar a l&#8217;abast la normativa a tots els docents i p\u00fablic en general.<\/p>\n<p style=\"text-align: justify;\">Tamb\u00e9 teniu al vostre abast la nova <b>Gram\u00e0tica de la llengua catalana <\/b>que prescriu a trav\u00e9s de la descripci\u00f3, fixa la norma a trav\u00e9s de la descripci\u00f3 d&#8217;una manera flexible i descriu la llengua tenint en compte les varietats geogr\u00e0fiques i els registres ling\u00fc\u00edstics. Es tracta d&#8217;una gram\u00e0tica institucional, elaborada de manera cooperativa entre diversos gram\u00e0tics i revisada i complementada per diferents experts ling\u00fc\u00edstics.<\/p>\n<p style=\"text-align: center;\"><img loading=\"lazy\" decoding=\"async\" class=\"aligncenter wp-image-7111\" src=\"https:\/\/agora.xtec.cat\/cesire_historic\/\/wp-content\/uploads\/usu397\/2019\/09\/RetallGramaticaEssencial-300x289.jpg\" alt=\"\" width=\"250\" height=\"241\" srcset=\"https:\/\/agora.xtec.cat\/cesire_historic\/wp-content\/uploads\/usu397\/2019\/09\/RetallGramaticaEssencial-300x289.jpg 300w, https:\/\/agora.xtec.cat\/cesire_historic\/wp-content\/uploads\/usu397\/2019\/09\/RetallGramaticaEssencial.jpg 339w\" sizes=\"auto, (max-width: 250px) 100vw, 250px\" \/><\/p>\n<p style=\"text-align: justify;\">En aquesta mateixa l\u00ednia ja s&#8217;ha publicat l&#8217; <b><a href=\"https:\/\/www.iec.cat\/llengua\/documents\/ortografia_catalana_versio_digital.pdf\" target=\"_blank\" rel=\"noopener noreferrer\">Ortografia catalana.<\/a><\/b><\/p>\n<p style=\"text-align: justify;\">Tamb\u00e9 al vostre abast el <strong><a href=\"https:\/\/www.iec.cat\/llengua\/documents\/ortografia_catalana_versio_digital.pdf\" target=\"_blank\" rel=\"noopener noreferrer\">Diccionari descriptiu de la llengua catalana<\/a><\/strong><\/p>\n<p>Altres documents:<\/p>\n<ul>\n<li>Gram\u00e0tica de la llengua catalana. <a href=\"http:\/\/www.iec.cat\/llengua\/documents\/GIEC-Presentaci%C3%B3_MostraDeNovetats.pdf\" target=\"_blank\" rel=\"noopener noreferrer\">Presentaci\u00f3 i mostra representativa d\u2019algunes novetats<\/a><\/li>\n<li>Ortografia catalana. <a href=\"http:\/\/www.iec.cat\/activitats\/documents\/ortografia.pdf\" target=\"_blank\" rel=\"noopener noreferrer\">Text ratificat pel Ple de l&#8217;Institut d&#8217;Estudis Catalans el 24 d&#8217;octubre de 2016<\/a><\/li>\n<li>Ortografia catalana. <a href=\"http:\/\/www.iec.cat\/llengua\/documents\/ORTOGRAFIA-Presentaci%C3%B3.pdf\" target=\"_blank\" rel=\"noopener noreferrer\">Presentaci\u00f3 de la nova versi\u00f3 de l&#8217;Ortografia<\/a><\/li>\n<li>Ortografia catalana.<a href=\"http:\/\/www.iec.cat\/llengua\/documents\/ORTOGRAFIA-Modificacions%20entrades%20DIEC2.pdf\" target=\"_blank\" rel=\"noopener noreferrer\">\u00a0Modificacions en les entrades del DIEC2<\/a><\/li>\n<\/ul>\n<hr \/>\n<h5><strong>La gram\u00e0tica una eina per comprendre la complexitat dels discursos\u00a0<\/strong><\/h5>\n<p><em>&#8220;Per qu\u00e8 volem aprendre gram\u00e0tica? Quina import\u00e0ncia t\u00e9 saber, o no, qu\u00e8 coi \u00e9s un complement directe i quines funcions sint\u00e0ctiques fa? B\u00e9 que ens entenem, quan parlem, no? De deb\u00f2 cal filar tan prim?<\/em> Encara que potser no ho sembli, trobem les respostes a aquestes preguntes en els discursos pol\u00edtics, i en la capacitat de la poblaci\u00f3 general d\u2019analitzar-los i de comprendre\u2019ls en tota la seva complexitat.&#8221; Marina Castell\u00e0 reflexiona sobre la import\u00e0ncia que t\u00e9 la gram\u00e0tica en els discursos pol\u00edtics.<\/p>\n<p><a href=\"https:\/\/agora.xtec.cat\/cesire_historic\/\/wp-content\/uploads\/usu397\/2019\/09\/grammar-389907_640.jpg\"><img loading=\"lazy\" decoding=\"async\" class=\"wp-image-7491 aligncenter\" src=\"https:\/\/agora.xtec.cat\/cesire_historic\/\/wp-content\/uploads\/usu397\/2019\/09\/grammar-389907_640.jpg\" alt=\"\" width=\"249\" height=\"165\" srcset=\"https:\/\/agora.xtec.cat\/cesire_historic\/wp-content\/uploads\/usu397\/2019\/09\/grammar-389907_640.jpg 640w, https:\/\/agora.xtec.cat\/cesire_historic\/wp-content\/uploads\/usu397\/2019\/09\/grammar-389907_640-300x198.jpg 300w\" sizes=\"auto, (max-width: 249px) 100vw, 249px\" \/><\/a><a href=\"https:\/\/elmati.cat\/politica-i-llengua-aprendre-gramatica\/\" target=\"_blank\" rel=\"noopener noreferrer\">Article<\/a><\/p>\n<hr \/>\n<h5>Aprenentatge de l&#8217;escriptura a partir de la llum<\/h5>\n<p>Maria \u00c0ngels Arnau aplica una t\u00e8cnica per aprendre a escriure basada en el moviment d&#8217;una llum que dibuixa el tra\u00e7 dels grafismes<\/p>\n<p>La comprensi\u00f3 del Grafisme per la Imatge Visual \u00e9s un m\u00e8tode innovador per aprendre a escriure adaptat a les exig\u00e8ncies de la nostra societat actual (imatge visual) que motiva i facilita l&#8217;aprenentatge de l&#8217;escriptura, afavorint tamb\u00e9 als alumnes que tenen alguna discapacitat o dificultat (hiperactivitat, problemes en la coordinaci\u00f3, vista, disl\u00e8xia, falta d&#8217;atenci\u00f3, desmotivaci\u00f3&#8230;)<\/p>\n<p>El m\u00e8tode afirma que una de les causes que obstaculitza l&#8217;aprenentatge de l&#8217;escriptura \u00e9s la incomprensi\u00f3 del grafisme escrit. Si un nen no ent\u00e9n com s&#8217;ha realitzat un tra\u00e7, tindr\u00e0 dificultat per poder-lo reproduir. Un punt de llum vermell en moviment (punter) \u00e9s, en aquesta nova metodologia, la imatge visual que ajuda a comprendre i memoritzar com s&#8217;han d&#8217;escriure les lletres i els n\u00fameros (grafismes).<\/p>\n<p>Els resultats d&#8217;aquesta nova metodologia es poden comprovar immediatament, nom\u00e9s hem de preparar l&#8217;alumne perqu\u00e8 pugui observar el moviment que fa el punt de llum quan recorre el grafisme d&#8217;una lletra que hem escrit en un paper, col\u00b7locant damunt d&#8217;una pissarra o tauleta transparent, el memoritzi i, a continuaci\u00f3, l&#8217;escrigui. El punt de llum vermell el fa moure el mestre utilitzant un punter que recorre el grafisme de la lletra per darrera de la tauleta o de la pissarra transparent. El m\u00e8tode es pot aplicar individualment o amb tot el grup d&#8217;alumnes alhora.<\/p>\n<p>La Comprensi\u00f3 del Grafisme per la Imatge Visual demostra que amb l&#8217;estimulaci\u00f3 de la mem\u00f2ria visual els nens aprenen a escriure amb m\u00e9s facilitat, motivaci\u00f3 i rapidesa, agilitzant aquest aprenentatge. Si un nen no \u00e9s capa\u00e7 de recordar el moviment que ha de fer amb la m\u00e0 per escriure, encara que tingui una bona coordinaci\u00f3 visi\u00f3-motriu, tindr\u00e0 dificultats per aprendre&#8217;n.<\/p>\n<p>Sempre s&#8217;ha tingut en compte en l&#8217;avaluaci\u00f3 dels alumnes la comprensi\u00f3 escrita, oral i lectora. A partir d&#8217;ara s&#8217;haur\u00e0 de valorar tamb\u00e9 la comprensi\u00f3 del grafisme escrit, possible causa dels problemes per aprendre a escriure que es poden resoldre o evitar aplicant aquesta nova metodologia.<\/p>\n<p>Les persones interessades en aquest m\u00e8tode es poden posar en contacte amb M.\u00c0ngels Arnau, enviant-li un mail a : marnau7@xtec.cat<\/p>\n<p style=\"text-align: center;\"><a href=\"https:\/\/agora.xtec.cat\/cesire_historic\/\/wp-content\/uploads\/usu397\/2019\/09\/light-bulb-3104355_640.jpg\"><img loading=\"lazy\" decoding=\"async\" class=\"alignnone wp-image-7552\" src=\"https:\/\/agora.xtec.cat\/cesire_historic\/\/wp-content\/uploads\/usu397\/2019\/09\/light-bulb-3104355_640.jpg\" alt=\"\" width=\"263\" height=\"148\" srcset=\"https:\/\/agora.xtec.cat\/cesire_historic\/wp-content\/uploads\/usu397\/2019\/09\/light-bulb-3104355_640.jpg 640w, https:\/\/agora.xtec.cat\/cesire_historic\/wp-content\/uploads\/usu397\/2019\/09\/light-bulb-3104355_640-300x169.jpg 300w\" sizes=\"auto, (max-width: 263px) 100vw, 263px\" \/><\/a><\/p>\n<ul>\n<li><a href=\"http:\/\/hemeroteca-paginas.lavanguardia.com\/LVE05\/PUB\/2013\/05\/28\/LVG201305280351LB.pdf#navpanes=0\" target=\"_blank\" rel=\"noopener noreferrer\">Article La Vanguardia 28\/5\/2013<\/a><br \/>\n<hr \/>\n<h5><strong>Diccionario de colocaciones del espa\u00f1ol (DICE)<\/strong><\/h5>\n<\/li>\n<\/ul>\n<p style=\"text-align: center;\"><img loading=\"lazy\" decoding=\"async\" class=\"aligncenter wp-image-9901\" src=\"https:\/\/agora.xtec.cat\/cesire_historic\/\/wp-content\/uploads\/usu397\/2020\/07\/dibujo-DiCE4.jpg\" alt=\"\" width=\"233\" height=\"198\" srcset=\"https:\/\/agora.xtec.cat\/cesire_historic\/wp-content\/uploads\/usu397\/2020\/07\/dibujo-DiCE4.jpg 993w, https:\/\/agora.xtec.cat\/cesire_historic\/wp-content\/uploads\/usu397\/2020\/07\/dibujo-DiCE4-300x255.jpg 300w, https:\/\/agora.xtec.cat\/cesire_historic\/wp-content\/uploads\/usu397\/2020\/07\/dibujo-DiCE4-768x652.jpg 768w\" sizes=\"auto, (max-width: 233px) 100vw, 233px\" \/><\/p>\n<p>&nbsp;<\/p>\n<p>&nbsp;<\/p>\n","protected":false},"excerpt":{"rendered":"<p>&nbsp;<\/p>\n<p>Programa araEscric<br \/>\nEl\u00a0curs 2015-2016 el Departament d\u2019Ensenyament impulsa el programa\u00a0araESCRIC, amb el qual\u00a0s\u2019estableix com a objectiu millorar la compet\u00e8ncia escrita dels alumnes per augmentar-ne la capacitat de comunicaci\u00f3 i el rendiment acad\u00e8mic, i aix\u00ed afavorir-ne l\u2019\u00e8xit educatiu.<\/p>\n<p><a href=\"http:\/\/xtec.gencat.cat\/ca\/projectes\/escriptura\/ara-escric\/\" target=\"_blank\" rel=\"noopener noreferrer\">Programa<\/a><\/p>\n<p>Dibuixant la gram\u00e0tica. Gram\u00e0tica pedag\u00f2gica per&hellip;  <a href=\"https:\/\/agora.xtec.cat\/cesire_historic\/ambit-linguistic\/suport-professorat_ll\/expressio-escrita\/\" title=\"Read Expressi\u00f3 escrita\">Llegeix m\u00e9s\u00bb<\/a><\/p>\n","protected":false},"author":1,"featured_media":0,"parent":4585,"menu_order":3,"comment_status":"closed","ping_status":"closed","template":"page-templates\/side-menu.php","meta":{"_bbp_topic_count":0,"_bbp_reply_count":0,"_bbp_total_topic_count":0,"_bbp_total_reply_count":0,"_bbp_voice_count":0,"_bbp_anonymous_reply_count":0,"_bbp_topic_count_hidden":0,"_bbp_reply_count_hidden":0,"_bbp_forum_subforum_count":0,"footnotes":""},"class_list":["post-5484","page","type-page","status-publish","hentry"],"post_mailing_queue_ids":[],"_links":{"self":[{"href":"https:\/\/agora.xtec.cat\/cesire_historic\/wp-json\/wp\/v2\/pages\/5484","targetHints":{"allow":["GET"]}}],"collection":[{"href":"https:\/\/agora.xtec.cat\/cesire_historic\/wp-json\/wp\/v2\/pages"}],"about":[{"href":"https:\/\/agora.xtec.cat\/cesire_historic\/wp-json\/wp\/v2\/types\/page"}],"author":[{"embeddable":true,"href":"https:\/\/agora.xtec.cat\/cesire_historic\/wp-json\/wp\/v2\/users\/1"}],"replies":[{"embeddable":true,"href":"https:\/\/agora.xtec.cat\/cesire_historic\/wp-json\/wp\/v2\/comments?post=5484"}],"version-history":[{"count":4,"href":"https:\/\/agora.xtec.cat\/cesire_historic\/wp-json\/wp\/v2\/pages\/5484\/revisions"}],"predecessor-version":[{"id":9904,"href":"https:\/\/agora.xtec.cat\/cesire_historic\/wp-json\/wp\/v2\/pages\/5484\/revisions\/9904"}],"up":[{"embeddable":true,"href":"https:\/\/agora.xtec.cat\/cesire_historic\/wp-json\/wp\/v2\/pages\/4585"}],"wp:attachment":[{"href":"https:\/\/agora.xtec.cat\/cesire_historic\/wp-json\/wp\/v2\/media?parent=5484"}],"curies":[{"name":"wp","href":"https:\/\/api.w.org\/{rel}","templated":true}]}}