{"id":5480,"date":"2019-05-02T12:09:21","date_gmt":"2019-05-02T10:09:21","guid":{"rendered":"http:\/\/agora.xtec.cat\/cesire_historic\/\/?page_id=5480"},"modified":"2019-09-20T11:47:06","modified_gmt":"2019-09-20T09:47:06","slug":"comprensio-lectora","status":"publish","type":"page","link":"https:\/\/agora.xtec.cat\/cesire_historic\/ambit-linguistic\/suport-professorat_ll\/comprensio-lectora\/","title":{"rendered":"Comprensi\u00f3 lectora"},"content":{"rendered":"<p>La comprensi\u00f3 lectora \u00e9s la capacitat d\u2019entendre i valorar textos escrits, per tal d\u2019assolir objectius personals i desenvolupar el propi coneixement. Llegir \u00e9s m\u00e9s que recon\u00e8ixer paraules i accedir al significat literal dels enunciats. Un lector competent \u00e9s aquell que interactua amb el text per elaborar-ne el sentit a partir dels coneixements propis i dels objectius de la lectura<\/p>\n<p><img loading=\"lazy\" decoding=\"async\" class=\"aligncenter wp-image-5689\" src=\"https:\/\/agora.xtec.cat\/cesire_historic\/\/wp-content\/uploads\/usu397\/2019\/05\/read-3048651_640-1-300x199.jpg\" alt=\"\" width=\"260\" height=\"172\" srcset=\"https:\/\/agora.xtec.cat\/cesire_historic\/wp-content\/uploads\/usu397\/2019\/05\/read-3048651_640-1-300x199.jpg 300w, https:\/\/agora.xtec.cat\/cesire_historic\/wp-content\/uploads\/usu397\/2019\/05\/read-3048651_640-1.jpg 640w\" sizes=\"auto, (max-width: 260px) 100vw, 260px\" \/><\/p>\n<hr \/>\n<h5><strong>Banc Recursos de Lectura<\/strong><\/h5>\n<p>Portal informatiu que cont\u00e9 una selecci\u00f3 de recursos, revisats i actualitzats, sobre la lectura en tot el seu abast, fruit de la col\u00b7laboraci\u00f3 entre entre els centres de recursos pedag\u00f2gics (CRP) del Departament d\u2019Ensenyament. Ofereix informaci\u00f3 d\u2019activitats, propostes did\u00e0ctiques, pr\u00e0ctiques educatives, materials sobre compet\u00e8ncia lectora i informacional, seleccions bibliogr\u00e0fiques i guies, articles i revistes, cursos de formaci\u00f3, documentaci\u00f3 i estudis, associacions i entitats dedicades al foment lector, llibreries especialitzades, etc.<\/p>\n<p style=\"text-align: center;\"><img loading=\"lazy\" decoding=\"async\" class=\"aligncenter wp-image-6866\" src=\"https:\/\/agora.xtec.cat\/cesire_historic\/\/wp-content\/uploads\/usu397\/2019\/08\/banc-lecutra-300x300.png\" alt=\"\" width=\"157\" height=\"157\" srcset=\"https:\/\/agora.xtec.cat\/cesire_historic\/wp-content\/uploads\/usu397\/2019\/08\/banc-lecutra-300x300.png 300w, https:\/\/agora.xtec.cat\/cesire_historic\/wp-content\/uploads\/usu397\/2019\/08\/banc-lecutra-150x150.png 150w, https:\/\/agora.xtec.cat\/cesire_historic\/wp-content\/uploads\/usu397\/2019\/08\/banc-lecutra.png 538w\" sizes=\"auto, (max-width: 157px) 100vw, 157px\" \/><\/p>\n<p><a href=\"https:\/\/serveiseducatius.xtec.cat\/bdrlectura\/#_ga=2.42461293.930899115.1568030204-294081730.1559893069\" target=\"_blank\" rel=\"noopener noreferrer\">Web<\/a><\/p>\n<hr \/>\n<h5><strong>LECTURA 2.0 De videolits i booktrailers (de la literatura escrita a l\u2019audiovisual)<\/strong><\/h5>\n<p>Proposta did\u00e0ctica d\u2019ensenyament-aprenentatge adre\u00e7ada a1r de Batxillerat en l\u2019assignatura de Llengua i literatura catalanes, que sorgeix de la necessitat de replantejar la lectura i la comprensi\u00f3 de dos grans g\u00e8neres literaris cl\u00e0ssics en el m\u00f3n educatiu: la poesia i la novel\u00b7la. Experi\u00e8ncia d\u2019educaci\u00f3 en comunicaci\u00f3 audiovisual en l\u2019\u00e0mbit escolar, Imma Oliva Adroher.<br \/>\n<img loading=\"lazy\" decoding=\"async\" class=\"aligncenter wp-image-6867\" src=\"https:\/\/agora.xtec.cat\/cesire_historic\/\/wp-content\/uploads\/usu397\/2019\/08\/manipulation-4235144_640-300x200.jpg\" alt=\"\" width=\"255\" height=\"170\" srcset=\"https:\/\/agora.xtec.cat\/cesire_historic\/wp-content\/uploads\/usu397\/2019\/08\/manipulation-4235144_640-300x200.jpg 300w, https:\/\/agora.xtec.cat\/cesire_historic\/wp-content\/uploads\/usu397\/2019\/08\/manipulation-4235144_640.jpg 640w\" sizes=\"auto, (max-width: 255px) 100vw, 255px\" \/><\/p>\n<p><a href=\"https:\/\/www.educac.cat\/sites\/default\/files\/arxiusanteriors\/XII\/Imma_Oliva_Jesuites_Casp.pdf\" target=\"_blank\" rel=\"noopener noreferrer\">Proposta did\u00e0ctica<\/a><\/p>\n<hr \/>\n<h5><strong>Blog de lectura de Gemma Lluch<\/strong><\/h5>\n<p><span style=\"font-family: inherit; font-size: 1em;\">Blog tem\u00e0tic sobre narratives paraliter\u00e0ries i audiovisuals, pr\u00e0ctiques de lectura a la web 2.0. i literatura infantil i juvenil.<\/span><\/p>\n<p><img loading=\"lazy\" decoding=\"async\" class=\"aligncenter wp-image-6869\" src=\"https:\/\/agora.xtec.cat\/cesire_historic\/\/wp-content\/uploads\/usu397\/2019\/08\/books-1149959_1920-300x200.jpg\" alt=\"\" width=\"254\" height=\"169\" srcset=\"https:\/\/agora.xtec.cat\/cesire_historic\/wp-content\/uploads\/usu397\/2019\/08\/books-1149959_1920-300x200.jpg 300w, https:\/\/agora.xtec.cat\/cesire_historic\/wp-content\/uploads\/usu397\/2019\/08\/books-1149959_1920-768x512.jpg 768w, https:\/\/agora.xtec.cat\/cesire_historic\/wp-content\/uploads\/usu397\/2019\/08\/books-1149959_1920-1024x683.jpg 1024w, https:\/\/agora.xtec.cat\/cesire_historic\/wp-content\/uploads\/usu397\/2019\/08\/books-1149959_1920.jpg 1920w\" sizes=\"auto, (max-width: 254px) 100vw, 254px\" \/><\/p>\n<p><a href=\"http:\/\/www.gemmalluch.com\/\" target=\"_blank\" rel=\"noopener noreferrer\">Blog<\/a><\/p>\n<hr \/>\n<h5><strong>Marc conceptual per a la compet\u00e8ncia lectora. Pisa 2018<\/strong><\/h5>\n<p>Marc de la compet\u00e8ncia global PISA 2018. Preparant el nostre jovent per a un mon inclusiu i sostenible. Document 38 Aquest mateiral \u00e9s la traducci\u00f3 del marc conceptual de la compet\u00e8ncia global, que s&#8217;avalua per primer cop a PISA 2018.PISA avalua tres dominis principals;la compet\u00e8ncia lectora, la cient\u00edfica i la matem\u00e0tica. En cada edici\u00f3, PISA hi afegeix un domini innovador, que el 2018 ha estat la compet\u00e8ncia global.El document exposa la import\u00e0ncia de l&#8217;exist\u00e8ncia d&#8217;una avaluaci\u00f3 internacional de la compet\u00e8ncia global, el concepte de compet\u00e8ncia global i les seves implicacions per a l&#8217;educaci\u00f3 i com s&#8217;avalua la compet\u00e8ncia global a l&#8217;estudi PISA. Als annexos hi ha exemples de preguntes.<\/p>\n<p><img loading=\"lazy\" decoding=\"async\" class=\"aligncenter wp-image-6863\" src=\"https:\/\/agora.xtec.cat\/cesire_historic\/\/wp-content\/uploads\/usu397\/2019\/08\/documents38.JPG_1432828847.jpg\" alt=\"\" width=\"126\" height=\"181\" \/><\/p>\n<p><a href=\"http:\/\/csda.gencat.cat\/web\/.content\/home\/consell_superior_d_avalua\/pdf_i_altres\/static_file\/Documents39.pdf\" target=\"_blank\" rel=\"noopener noreferrer\">Document<\/a><\/p>\n<hr \/>\n<h5><strong>Els booktubers, m\u00e9s enll\u00e0 de les percepcions i les opinions<\/strong><\/h5>\n<p>Els mitjans socials parlen molt sobre els booktubers. Opinions, percepcions, cr\u00edtiques i defenses. Dins el cap\u00edtol &#8220;Los j\u00f3venes adolescentes comparten la lectura (pp.29-51)*del llibre &#8220;C\u00f3mo leemos en la sociedad digital&#8221;, Cruces F. (director), Gemma Lluch i altres autors analitzen els blogs i els canals de Youtube en catal\u00e0 i en castell\u00e0 dedicats a la lectura i administrats per joves i adolescents, per con\u00e8ixer el tipus de lectura que comparteixen i com el presenten; els objectius s\u00f3n con\u00e8ixer com s\u00f3n aquests nois i noies i, tamb\u00e9 com s\u00f3n els espais que administren i construeixen al voltant de les seves lectures.<\/p>\n<p><img loading=\"lazy\" decoding=\"async\" class=\"aligncenter wp-image-7107\" src=\"https:\/\/agora.xtec.cat\/cesire_historic\/\/wp-content\/uploads\/usu397\/2019\/09\/book230314_g-300x226.jpg\" alt=\"\" width=\"253\" height=\"191\" srcset=\"https:\/\/agora.xtec.cat\/cesire_historic\/wp-content\/uploads\/usu397\/2019\/09\/book230314_g-300x226.jpg 300w, https:\/\/agora.xtec.cat\/cesire_historic\/wp-content\/uploads\/usu397\/2019\/09\/book230314_g-200x150.jpg 200w, https:\/\/agora.xtec.cat\/cesire_historic\/wp-content\/uploads\/usu397\/2019\/09\/book230314_g.jpg 665w\" sizes=\"auto, (max-width: 253px) 100vw, 253px\" \/><\/p>\n<p><a href=\"http:\/\/www.gemmalluch.com\/els-booktubers-mes-enlla-de-les-percepcions-i-de-les-opinions\/\" target=\"_blank\" rel=\"noopener noreferrer\">Blog Gemma Lluch<\/a><\/p>\n<hr \/>\n<h5><strong>Informe PILS 2016 sobre comprensi\u00f3 lectora<\/strong><\/h5>\n<p><a href=\"http:\/\/www.educacionyfp.gob.es\/inee\/evaluaciones-internacionales\/pirls\/pirls-2016.html?platform=hootsuite\" target=\"_blank\" rel=\"noopener noreferrer\">Web Instituto Nacional de Evaluaci\u00f3n Educativa<\/a><\/p>\n<p style=\"text-align: center;\"><img loading=\"lazy\" decoding=\"async\" class=\"aligncenter size-medium wp-image-7108\" src=\"https:\/\/agora.xtec.cat\/cesire_historic\/\/wp-content\/uploads\/usu397\/2019\/09\/inee-300x91.png\" alt=\"\" width=\"300\" height=\"91\" srcset=\"https:\/\/agora.xtec.cat\/cesire_historic\/wp-content\/uploads\/usu397\/2019\/09\/inee-300x91.png 300w, https:\/\/agora.xtec.cat\/cesire_historic\/wp-content\/uploads\/usu397\/2019\/09\/inee-768x234.png 768w, https:\/\/agora.xtec.cat\/cesire_historic\/wp-content\/uploads\/usu397\/2019\/09\/inee-1024x312.png 1024w, https:\/\/agora.xtec.cat\/cesire_historic\/wp-content\/uploads\/usu397\/2019\/09\/inee.png 1854w\" sizes=\"auto, (max-width: 300px) 100vw, 300px\" \/><\/p>\n<hr \/>\n<h5><strong>Leer para escribir, escribir para leer<\/strong><\/h5>\n<p>Articulo que remite al problema central de la ense\u00f1anza de la lengua: la integraci\u00f3n de los aprendizajes de habilidadesling\u00fc\u00edstico-comunicativas<\/p>\n<p><a href=\"https:\/\/leer.es\/documents\/235507\/242734\/art_prof_ep_eso_leerparaescribir_felipezayas2.pdf\/c7217216-7a82-486d-b40c-6090ef63e15c\" target=\"_blank\" rel=\"noopener noreferrer\">Article<\/a><\/p>\n<p><img loading=\"lazy\" decoding=\"async\" class=\"aligncenter wp-image-7109\" src=\"https:\/\/agora.xtec.cat\/cesire_historic\/\/wp-content\/uploads\/usu397\/2019\/09\/leerparaescribir-300x200.jpg\" alt=\"\" width=\"252\" height=\"168\" srcset=\"https:\/\/agora.xtec.cat\/cesire_historic\/wp-content\/uploads\/usu397\/2019\/09\/leerparaescribir-300x200.jpg 300w, https:\/\/agora.xtec.cat\/cesire_historic\/wp-content\/uploads\/usu397\/2019\/09\/leerparaescribir.jpg 640w\" sizes=\"auto, (max-width: 252px) 100vw, 252px\" \/><\/p>\n<hr \/>\n<p>&nbsp;<\/p>\n<h5><strong>\u00a0&#8220;A l&#8217;institut tothom ensenya a llegir&#8221;. Un model de comprensi\u00f3 lectora de centre<\/strong><\/h5>\n<p>Aquest treball t\u00e9 com a objectiu donar eines als docents, perqu\u00e8 puguin ensenyar l\u2019alumnat de secund\u00e0ria a llegir per comprendre i aprendre, a trav\u00e9s de la lectura intensiva. Es fa una proposta d\u2019organitzaci\u00f3 de centre i es donen estrat\u00e8gies, perqu\u00e8 tot el professorat d\u2019un institut, des de totes les \u00e0rees, treballi la comprensi\u00f3 lectora a l\u2019aula. L&#8217;objectiu final \u00e9s que l&#8217;alumnata millori aquesta compet\u00e8ncia. Aquest projecte ha partit de l\u2019avaluaci\u00f3 dels resultats de comprensi\u00f3 lectora, que van obtenir els estudiants de l\u2019IES Deltebre a les proves de compet\u00e8ncies b\u00e0siques.<\/p>\n<p>Els resultats es presenten en tres parts:<\/p>\n<ul>\n<li>Un model d\u2019organitzaci\u00f3 del centre educatiu per treballar la comprensi\u00f3 lectora a totes les \u00e0rees del curr\u00edculum.<\/li>\n<\/ul>\n<ul>\n<li>Un manual pr\u00e0ctic d\u2019estrat\u00e8gies, per treballar lectura intensiva a l\u2019aula (adre\u00e7at al professorat de les \u00e0rees no ling\u00fc\u00edstiques).<\/li>\n<\/ul>\n<ul>\n<li>Un recull d\u2019activitats de lectura intensiva de totes les \u00e0rees per aplicar a l\u2019aula.<\/li>\n<\/ul>\n<p>Destaquem<\/p>\n<p>Les propostes organitzatives (p\u00e0g. 42):<\/p>\n<ul>\n<li>Crear un equip impulsor que activi el proc\u00e9s.<\/li>\n<\/ul>\n<ul>\n<li>Incloure el projecte dins del pla d\u2019avaluaci\u00f3 interna de centre.<\/li>\n<\/ul>\n<ul>\n<li>Les estrat\u00e8gies no serveixen de res si al darrera no hi ha la reflexi\u00f3 en equip, ja que les estrat\u00e8gies han d\u2019anar d\u2019acord a les necessitats de les persones que les han de fer anar.<\/li>\n<\/ul>\n<ul>\n<li>Les reunions d\u2019equip docent s\u00f3n l\u2019\u00e0mbit m\u00e9s adequat per iniciar la reflexi\u00f3.<\/li>\n<\/ul>\n<p>Les propostes d&#8217;estrat\u00e8gies lectores per a professorat d&#8217;\u00e0rees no ling\u00fc\u00edstiques (p\u00e0g. 59).<\/p>\n<p style=\"text-align: center;\"><a href=\"https:\/\/agora.xtec.cat\/cesire_historic\/\/wp-content\/uploads\/usu397\/2019\/09\/e-reader-1213214_640.jpg\"><img loading=\"lazy\" decoding=\"async\" class=\"alignnone wp-image-7559\" src=\"https:\/\/agora.xtec.cat\/cesire_historic\/\/wp-content\/uploads\/usu397\/2019\/09\/e-reader-1213214_640.jpg\" alt=\"\" width=\"250\" height=\"167\" srcset=\"https:\/\/agora.xtec.cat\/cesire_historic\/wp-content\/uploads\/usu397\/2019\/09\/e-reader-1213214_640.jpg 640w, https:\/\/agora.xtec.cat\/cesire_historic\/wp-content\/uploads\/usu397\/2019\/09\/e-reader-1213214_640-300x201.jpg 300w\" sizes=\"auto, (max-width: 250px) 100vw, 250px\" \/><\/a><\/p>\n<p><a href=\"mailto:cabril@xtec.cat\">Carme Abril i Ferrer<\/a><br \/>\nLlic\u00e8ncia d&#8217;estudis retribu\u00efda &#8211; curs 2004-2005<br \/>\nEducaci\u00f3 secund\u00e0ria<br \/>\n<a href=\"http:\/\/www.xtec.es\/sgfp\/llicencies\/200405\/memories\/969m.pdf\">Mem\u00f2ria del treball en PDF<\/a><\/p>\n<hr \/>\n<h5><strong>Contes per llegir, contes per crear<\/strong><\/h5>\n<p>L&#8217;Escola de Bamb\u00fa, programa d&#8217;educaci\u00f3 intercultural i inclusiva de Casa \u00c0sia, enceta el nou curs 2014-2015 amb alguns projectes molt engrescadors i amb la possibilitat de fer les activitats a la seva nova seu si el centre educatiu ho prefereix.<\/p>\n<p>&#8220;Contes per llegir, contes per crear&#8221;, Projecte d&#8217;Aprenentatge i Servei (APS) que fomenta les compet\u00e8ncies lectores i d&#8217;expressi\u00f3 oral i escrita de l&#8217;alumnat, alhora que els apropa al con\u00e8ixement d&#8217;un pa\u00eds d&#8217;\u00c0sia o de la regi\u00f3 del Pac\u00edfic concret i els engresca a aprendre oferint un servei a la comunitat a trav\u00e9s de la lectura de contes utilitzant diferents formats tradicionals asi\u00e0tics. Aquests contes, ambientats en la regi\u00f3 esmentada, s\u00f3n el resultat d&#8217;un proc\u00e9s de creaci\u00f3 col\u00b7lectiva, tant en el text com en les il\u00b7lustracions. Projecte per a CSP i PC d&#8217;ESO.<\/p>\n<p style=\"text-align: center;\"><a href=\"https:\/\/agora.xtec.cat\/cesire_historic\/\/wp-content\/uploads\/usu397\/2019\/09\/nature-2609978_640.jpg\"><img loading=\"lazy\" decoding=\"async\" class=\"alignnone  wp-image-7566\" src=\"https:\/\/agora.xtec.cat\/cesire_historic\/\/wp-content\/uploads\/usu397\/2019\/09\/nature-2609978_640.jpg\" alt=\"\" width=\"258\" height=\"172\" srcset=\"https:\/\/agora.xtec.cat\/cesire_historic\/wp-content\/uploads\/usu397\/2019\/09\/nature-2609978_640.jpg 640w, https:\/\/agora.xtec.cat\/cesire_historic\/wp-content\/uploads\/usu397\/2019\/09\/nature-2609978_640-300x200.jpg 300w\" sizes=\"auto, (max-width: 258px) 100vw, 258px\" \/><\/a><\/p>\n<p>Llegeix-ne m\u00e9s a:<\/p>\n<ul>\n<li><a href=\"http:\/\/www.casaasia.cat\/noticia\/detalle\/213774-proyectos-de-la-escuela-de-bambu-para-2014-2015?&amp;__utma=1.1690658959.1435672070.1435672070.14356720\" target=\"_blank\" rel=\"noopener noreferrer\">Projecte Escola Bamb\u00fa<\/a><\/li>\n<\/ul>\n","protected":false},"excerpt":{"rendered":"<p>La comprensi\u00f3 lectora \u00e9s la capacitat d\u2019entendre i valorar textos escrits, per tal d\u2019assolir objectius personals i desenvolupar el propi coneixement. Llegir \u00e9s m\u00e9s que recon\u00e8ixer paraules i accedir al significat literal dels enunciats. Un lector competent \u00e9s aquell que interactua amb el text per&hellip;  <a href=\"https:\/\/agora.xtec.cat\/cesire_historic\/ambit-linguistic\/suport-professorat_ll\/comprensio-lectora\/\" title=\"Read Comprensi\u00f3 lectora\">Llegeix m\u00e9s\u00bb<\/a><\/p>\n","protected":false},"author":1,"featured_media":0,"parent":4585,"menu_order":2,"comment_status":"closed","ping_status":"closed","template":"page-templates\/side-menu.php","meta":{"_bbp_topic_count":0,"_bbp_reply_count":0,"_bbp_total_topic_count":0,"_bbp_total_reply_count":0,"_bbp_voice_count":0,"_bbp_anonymous_reply_count":0,"_bbp_topic_count_hidden":0,"_bbp_reply_count_hidden":0,"_bbp_forum_subforum_count":0,"footnotes":""},"class_list":["post-5480","page","type-page","status-publish","hentry"],"post_mailing_queue_ids":[],"_links":{"self":[{"href":"https:\/\/agora.xtec.cat\/cesire_historic\/wp-json\/wp\/v2\/pages\/5480","targetHints":{"allow":["GET"]}}],"collection":[{"href":"https:\/\/agora.xtec.cat\/cesire_historic\/wp-json\/wp\/v2\/pages"}],"about":[{"href":"https:\/\/agora.xtec.cat\/cesire_historic\/wp-json\/wp\/v2\/types\/page"}],"author":[{"embeddable":true,"href":"https:\/\/agora.xtec.cat\/cesire_historic\/wp-json\/wp\/v2\/users\/1"}],"replies":[{"embeddable":true,"href":"https:\/\/agora.xtec.cat\/cesire_historic\/wp-json\/wp\/v2\/comments?post=5480"}],"version-history":[{"count":3,"href":"https:\/\/agora.xtec.cat\/cesire_historic\/wp-json\/wp\/v2\/pages\/5480\/revisions"}],"predecessor-version":[{"id":7567,"href":"https:\/\/agora.xtec.cat\/cesire_historic\/wp-json\/wp\/v2\/pages\/5480\/revisions\/7567"}],"up":[{"embeddable":true,"href":"https:\/\/agora.xtec.cat\/cesire_historic\/wp-json\/wp\/v2\/pages\/4585"}],"wp:attachment":[{"href":"https:\/\/agora.xtec.cat\/cesire_historic\/wp-json\/wp\/v2\/media?parent=5480"}],"curies":[{"name":"wp","href":"https:\/\/api.w.org\/{rel}","templated":true}]}}