{"id":5477,"date":"2019-05-02T12:08:10","date_gmt":"2019-05-02T10:08:10","guid":{"rendered":"http:\/\/agora.xtec.cat\/cesire_historic\/\/?page_id=5477"},"modified":"2021-01-30T13:11:25","modified_gmt":"2021-01-30T12:11:25","slug":"comunicacio-oral","status":"publish","type":"page","link":"https:\/\/agora.xtec.cat\/cesire_historic\/ambit-linguistic\/suport-professorat_ll\/comunicacio-oral\/","title":{"rendered":"Comunicaci\u00f3 oral"},"content":{"rendered":"<p>La comunicaci\u00f3 oral \u00e9s la capacitat de comprendre i expressar missatges orals tenint present el destinatari, el prop\u00f2sit i la situaci\u00f3 comunicativa. La compet\u00e8ncia oral facilita, a trav\u00e9s dels intercanvis amb els altres, elaborar i expressar idees, opinions i sentiments, construeix el propi pensament i desenvolupa l\u2019expressivitat i la flu\u00efdesa.<\/p>\n<p><img loading=\"lazy\" decoding=\"async\" class=\"aligncenter size-medium wp-image-6792\" src=\"https:\/\/agora.xtec.cat\/cesire_historic\/\/wp-content\/uploads\/usu397\/2019\/07\/microphone-1172260_640-300x193.jpg\" alt=\"\" width=\"300\" height=\"193\" srcset=\"https:\/\/agora.xtec.cat\/cesire_historic\/wp-content\/uploads\/usu397\/2019\/07\/microphone-1172260_640-300x193.jpg 300w, https:\/\/agora.xtec.cat\/cesire_historic\/wp-content\/uploads\/usu397\/2019\/07\/microphone-1172260_640.jpg 640w\" sizes=\"auto, (max-width: 300px) 100vw, 300px\" \/><\/p>\n<hr \/>\n<h5>Youtubers docents<\/h5>\n<p>Aquesta p\u00e0gina \u00e9s un recull fet a m\u00e0 de diversos canals que he trobat a\u00a0<strong>Youtube de docents de parla catalana<\/strong>, aix\u00f2 inclou principalment Val\u00e8ncia, Andorra, les illes Balears i Catalunya, docents que transmeten continguts diversos. Els objectius principals d\u2019aquesta iniciativa s\u00f3n;\u00a0<strong>animar a m\u00e9s docents<\/strong>\u00a0a que comparteixin els seus coneixements al m\u00f3n,\u00a0<strong>visibilitzar<\/strong>\u00a0una mica m\u00e9s els que ja existeixen i\u00a0<strong>facilitar la cerca<\/strong>\u00a0<strong>de continguts<\/strong>\u00a0formatius de parla catalana a Youtube.<\/p>\n<p><img loading=\"lazy\" decoding=\"async\" class=\"aligncenter  wp-image-10729\" src=\"https:\/\/agora.xtec.cat\/cesire_historic\/\/wp-content\/uploads\/usu397\/2021\/01\/cropped-COVERYT_YTDOCENTS2.jpg\" alt=\"\" width=\"405\" height=\"101\" srcset=\"https:\/\/agora.xtec.cat\/cesire_historic\/wp-content\/uploads\/usu397\/2021\/01\/cropped-COVERYT_YTDOCENTS2.jpg 1090w, https:\/\/agora.xtec.cat\/cesire_historic\/wp-content\/uploads\/usu397\/2021\/01\/cropped-COVERYT_YTDOCENTS2-300x75.jpg 300w, https:\/\/agora.xtec.cat\/cesire_historic\/wp-content\/uploads\/usu397\/2021\/01\/cropped-COVERYT_YTDOCENTS2-768x192.jpg 768w, https:\/\/agora.xtec.cat\/cesire_historic\/wp-content\/uploads\/usu397\/2021\/01\/cropped-COVERYT_YTDOCENTS2-1024x256.jpg 1024w\" sizes=\"auto, (max-width: 405px) 100vw, 405px\" \/><\/p>\n<p><a href=\"https:\/\/www.youtubersdocents.cat\/que-es\/\" target=\"_blank\" rel=\"noopener noreferrer\">Enlla\u00e7<\/a><\/p>\n<p>_____________________________________________________________________________________________________________<\/p>\n<h5><\/h5>\n<h5><strong>Improversem: reflexi\u00f3 i debat mitjan\u00e7ant la glossa i el rap<\/strong><\/h5>\n<p>&nbsp;<\/p>\n<p><img loading=\"lazy\" decoding=\"async\" class=\"aligncenter size-medium wp-image-6789\" src=\"https:\/\/agora.xtec.cat\/cesire_historic\/\/wp-content\/uploads\/usu397\/2019\/07\/improversem-300x181.jpg\" alt=\"\" width=\"300\" height=\"181\" srcset=\"https:\/\/agora.xtec.cat\/cesire_historic\/wp-content\/uploads\/usu397\/2019\/07\/improversem-300x181.jpg 300w, https:\/\/agora.xtec.cat\/cesire_historic\/wp-content\/uploads\/usu397\/2019\/07\/improversem-768x463.jpg 768w, https:\/\/agora.xtec.cat\/cesire_historic\/wp-content\/uploads\/usu397\/2019\/07\/improversem-1024x617.jpg 1024w, https:\/\/agora.xtec.cat\/cesire_historic\/wp-content\/uploads\/usu397\/2019\/07\/improversem.jpg 1080w\" sizes=\"auto, (max-width: 300px) 100vw, 300px\" \/><\/p>\n<p><a href=\"https:\/\/www.edubcn.cat\/rcs_gene\/extra\/05_convocatoria_unificada_programes\/2019_2020\/L0401_improversem_DESCRIPTIVA.pdf\" target=\"_blank\" rel=\"noopener noreferrer\">Programa<\/a><\/p>\n<hr \/>\n<h5><strong>Versembrant <\/strong><\/h5>\n<p>\u00c9s una escola popular itinerant; un projecte que pret\u00e9n fomentar la consci\u00e8ncia cr\u00edtica del jovent, mitjan\u00e7ant l\u2019art urb\u00e0 i el hip hop. Els seus tallers de rap, de producci\u00f3 i d\u2019arts pl\u00e0stiques (sobre racisme, xenof\u00f2bia, sexisme&#8230;) aspiren a posar l\u2019est\u00e8tica al servei de la cr\u00edtica, en un proc\u00e9s creatiu del qual els protagonistes no s\u00f3n els talleristes sin\u00f3 aquells que creant i repensant el seu entorn s\u2019autotransformen en el proc\u00e9s. Versembrant \u00e9s Filosofia de la praxi feta rap.<\/p>\n<p><img loading=\"lazy\" decoding=\"async\" class=\"aligncenter size-medium wp-image-6788\" src=\"https:\/\/agora.xtec.cat\/cesire_historic\/\/wp-content\/uploads\/usu397\/2019\/07\/taller-versembrant-300x200.jpg\" alt=\"\" width=\"300\" height=\"200\" srcset=\"https:\/\/agora.xtec.cat\/cesire_historic\/wp-content\/uploads\/usu397\/2019\/07\/taller-versembrant-300x200.jpg 300w, https:\/\/agora.xtec.cat\/cesire_historic\/wp-content\/uploads\/usu397\/2019\/07\/taller-versembrant-768x512.jpg 768w, https:\/\/agora.xtec.cat\/cesire_historic\/wp-content\/uploads\/usu397\/2019\/07\/taller-versembrant.jpg 960w\" sizes=\"auto, (max-width: 300px) 100vw, 300px\" \/><\/p>\n<p>&nbsp;<\/p>\n<p><a href=\"https:\/\/www.versembrant.cat\/\" target=\"_blank\" rel=\"noopener noreferrer\">Projecte<\/a><\/p>\n<hr \/>\n<h5><strong>Conversar per participar. Els debats sociocient\u00edfics i la conversa explorat\u00f2ria. Una manera de portar RRI a l&#8217;aul<\/strong>a<\/h5>\n<p style=\"text-align: justify;\"><span style=\"color: #000000;\">La conversa explorat\u00f2ria \u00e9s una eina per promoure en el nostre alumnat la construcci\u00f3 conjunta de coneixement, en aquest cas a trav\u00e9s d&#8217;un context metodol\u00f2gic com l&#8217;aula de ci\u00e8ncies en qu\u00e8 l&#8217;alumnat interv\u00e9 en debats sociocient\u00edfics amb l&#8217;objectiu de desenvolupar el seu pensament critic i capacitar-lo per aplicar el coneixement i el pensament racional a l&#8217;an\u00e0lisi de problemes actuals.\u00a0<\/span><\/p>\n<p style=\"text-align: center;\"><img loading=\"lazy\" decoding=\"async\" class=\"aligncenter size-medium wp-image-6808\" src=\"https:\/\/agora.xtec.cat\/cesire_historic\/\/wp-content\/uploads\/usu397\/2019\/07\/large-895567_640-300x169.jpg\" alt=\"\" width=\"300\" height=\"169\" srcset=\"https:\/\/agora.xtec.cat\/cesire_historic\/wp-content\/uploads\/usu397\/2019\/07\/large-895567_640-300x169.jpg 300w, https:\/\/agora.xtec.cat\/cesire_historic\/wp-content\/uploads\/usu397\/2019\/07\/large-895567_640.jpg 640w\" sizes=\"auto, (max-width: 300px) 100vw, 300px\" \/><\/p>\n<p><a href=\"https:\/\/agora.xtec.cat\/cesire_historic\/\/wp-content\/uploads\/usu397\/2016\/04\/Actituds-i-habilitats-comunicatives-necess%c3%a0ries-pel-debat-sociocient%c3%adfic-a-l%e2%80%99aula.docx.pdf\" target=\"_blank\" rel=\"noopener noreferrer\">\u00a0Actituds i habilitats comunicatives necess\u00e0ries per a portar el debat sociocient\u00edfic a l&#8217;aula<\/a><\/p>\n<p><a href=\"https:\/\/agora.xtec.cat\/cesire_historic\/\/wp-content\/uploads\/usu397\/2016\/04\/Cartes_conversacionals.pdf\" target=\"_blank\" rel=\"noopener noreferrer\">Cartes conversacionals<\/a><\/p>\n<p><a href=\"https:\/\/agora.xtec.cat\/cesire_historic\/\/projectes\/llengua-a-totes-les-arees\/llengua-i-ciencies\/\" target=\"_blank\" rel=\"noopener noreferrer\">Web CESIRE-Llengua a les \u00e0rees<\/a><\/p>\n<hr \/>\n<h5><strong>R\u00fabricas d&#8217;evaluaci\u00f3n para las exposiciones orales o para hablar en p\u00fablico<\/strong><\/h5>\n<p>Proyecto EDIA, REA. Coavaluaci\u00f3n de la exposci\u00f3n oral y r\u00fabricas. Alumnado 4\u00ba de Primaria.<\/p>\n<p><img loading=\"lazy\" decoding=\"async\" class=\"aligncenter wp-image-6796\" src=\"https:\/\/agora.xtec.cat\/cesire_historic\/\/wp-content\/uploads\/usu397\/2019\/07\/minions-363019_640-300x188.jpg\" alt=\"\" width=\"267\" height=\"167\" srcset=\"https:\/\/agora.xtec.cat\/cesire_historic\/wp-content\/uploads\/usu397\/2019\/07\/minions-363019_640-300x188.jpg 300w, https:\/\/agora.xtec.cat\/cesire_historic\/wp-content\/uploads\/usu397\/2019\/07\/minions-363019_640.jpg 640w\" sizes=\"auto, (max-width: 267px) 100vw, 267px\" \/><\/p>\n<p><a href=\"http:\/\/recursosticymas.blogspot.com\/2016\/01\/lengua-rubricas-de-evaluacion-para-las-exposiciones-orales-o-para-hablar-en-publico.html\" target=\"_blank\" rel=\"noopener noreferrer\">Blog Recursos TIC- Rubricas<\/a><\/p>\n<hr \/>\n<h5><strong>&#8220;El m\u00e9s important \u00e9s voler ser ent\u00e8s i voler entendre&#8221; Discurs Josep Ma Puyal a la UAB<\/strong><\/h5>\n<p>Lli\u00e7\u00f3 de Josep Ma Puyal en l&#8217;acte que es va celebrar a la UAB i en qu\u00e8 va ser investit Doctor Honoris Causa a la UAB. El seu discurs sobre la voluntat de comunicar, que va tenir un car\u00e0cter marcadament multim\u00e8dia, es va estructurar en nou punts que corresponen a diferents vessants de la seva tasca professional com a comunicador: l<strong>a paraula, la veu, el to, el ritme, l&#8217;estil, la mirada, l&#8217;espai, el tacte, la llengua i &#8220;l&#8217;honrada subjectivitat&#8221;<\/strong>.<a href=\"https:\/\/www.youtube.com\/watch?v=ooXolSnDujI\" target=\"_blank\" rel=\"noopener noreferrer\"><img loading=\"lazy\" decoding=\"async\" class=\"aligncenter size-medium wp-image-7040\" src=\"https:\/\/agora.xtec.cat\/cesire_historic\/\/wp-content\/uploads\/usu397\/2019\/09\/puyal-300x169.jpg\" alt=\"\" width=\"300\" height=\"169\" srcset=\"https:\/\/agora.xtec.cat\/cesire_historic\/wp-content\/uploads\/usu397\/2019\/09\/puyal-300x169.jpg 300w, https:\/\/agora.xtec.cat\/cesire_historic\/wp-content\/uploads\/usu397\/2019\/09\/puyal-768x432.jpg 768w, https:\/\/agora.xtec.cat\/cesire_historic\/wp-content\/uploads\/usu397\/2019\/09\/puyal-1024x576.jpg 1024w, https:\/\/agora.xtec.cat\/cesire_historic\/wp-content\/uploads\/usu397\/2019\/09\/puyal.jpg 1280w\" sizes=\"auto, (max-width: 300px) 100vw, 300px\" \/><\/a><a href=\"https:\/\/www.youtube.com\/watch?v=ooXolSnDujI\" target=\"_blank\" rel=\"noopener noreferrer\">V\u00eddeo<\/a><\/p>\n<hr \/>\n<h5>Debatre pel futur. Confer\u00e8ncies MUN &#8211; Nacions Unides<\/h5>\n<p>Les confer\u00e8ncies MUN (Model de les Nacions Unides) s\u00f3n una simulaci\u00f3 de l\u2019organisme internacional de les Nacions Unides\u00a0 per al m\u00f3n educatiu. La seva finalitat \u00e9s formar els nois i noies en valors c\u00edvics, la comunicaci\u00f3, la globalitzaci\u00f3 i les relacions internacionals. Es basen en una metodologia va n\u00e9ixer l&#8217;any 1948 a la Universitat de Harvard.<\/p>\n<p>Els alumnes que hi participen adopten el rol de representants del cos diplom\u00e0tic d\u2019un pa\u00eds, o b\u00e9 una ONG. Tenen la missi\u00f3 d&#8217;investigar, debatre, consultar i arribar a solucions sobre q\u00fcestions d\u2019afers internacionals que els proposen. Cada representant ha de fer servir les seves capacitats comunicatives i negociadores per defensar la posici\u00f3 del pa\u00eds que representa. L&#8217;alumnat ha de tenir un bon domini de la llengua anglesa.<\/p>\n<p style=\"text-align: center;\"><a href=\"https:\/\/www.bcnmun.com\/resources\" target=\"_blank\" rel=\"noopener noreferrer\"><img loading=\"lazy\" decoding=\"async\" class=\"alignnone wp-image-8007\" src=\"https:\/\/agora.xtec.cat\/cesire_historic\/\/wp-content\/uploads\/usu397\/2019\/12\/united-nations-3760656_640.jpg\" alt=\"\" width=\"247\" height=\"165\" srcset=\"https:\/\/agora.xtec.cat\/cesire_historic\/wp-content\/uploads\/usu397\/2019\/12\/united-nations-3760656_640.jpg 640w, https:\/\/agora.xtec.cat\/cesire_historic\/wp-content\/uploads\/usu397\/2019\/12\/united-nations-3760656_640-300x200.jpg 300w\" sizes=\"auto, (max-width: 247px) 100vw, 247px\" \/><\/a><\/p>\n<p style=\"text-align: center;\"><a href=\"https:\/\/www.bcnmun.com\/resources\" target=\"_blank\" rel=\"noopener noreferrer\">Eines i recursos MUN<\/a><\/p>\n","protected":false},"excerpt":{"rendered":"<p>La comunicaci\u00f3 oral \u00e9s la capacitat de comprendre i expressar missatges orals tenint present el destinatari, el prop\u00f2sit i la situaci\u00f3 comunicativa. La compet\u00e8ncia oral facilita, a trav\u00e9s dels intercanvis amb els altres, elaborar i expressar idees, opinions i sentiments, construeix el propi pensament i&hellip;  <a href=\"https:\/\/agora.xtec.cat\/cesire_historic\/ambit-linguistic\/suport-professorat_ll\/comunicacio-oral\/\" title=\"Read Comunicaci\u00f3 oral\">Llegeix m\u00e9s\u00bb<\/a><\/p>\n","protected":false},"author":1,"featured_media":0,"parent":4585,"menu_order":1,"comment_status":"closed","ping_status":"closed","template":"page-templates\/side-menu.php","meta":{"_bbp_topic_count":0,"_bbp_reply_count":0,"_bbp_total_topic_count":0,"_bbp_total_reply_count":0,"_bbp_voice_count":0,"_bbp_anonymous_reply_count":0,"_bbp_topic_count_hidden":0,"_bbp_reply_count_hidden":0,"_bbp_forum_subforum_count":0,"footnotes":""},"class_list":["post-5477","page","type-page","status-publish","hentry"],"post_mailing_queue_ids":[],"_links":{"self":[{"href":"https:\/\/agora.xtec.cat\/cesire_historic\/wp-json\/wp\/v2\/pages\/5477","targetHints":{"allow":["GET"]}}],"collection":[{"href":"https:\/\/agora.xtec.cat\/cesire_historic\/wp-json\/wp\/v2\/pages"}],"about":[{"href":"https:\/\/agora.xtec.cat\/cesire_historic\/wp-json\/wp\/v2\/types\/page"}],"author":[{"embeddable":true,"href":"https:\/\/agora.xtec.cat\/cesire_historic\/wp-json\/wp\/v2\/users\/1"}],"replies":[{"embeddable":true,"href":"https:\/\/agora.xtec.cat\/cesire_historic\/wp-json\/wp\/v2\/comments?post=5477"}],"version-history":[{"count":4,"href":"https:\/\/agora.xtec.cat\/cesire_historic\/wp-json\/wp\/v2\/pages\/5477\/revisions"}],"predecessor-version":[{"id":10730,"href":"https:\/\/agora.xtec.cat\/cesire_historic\/wp-json\/wp\/v2\/pages\/5477\/revisions\/10730"}],"up":[{"embeddable":true,"href":"https:\/\/agora.xtec.cat\/cesire_historic\/wp-json\/wp\/v2\/pages\/4585"}],"wp:attachment":[{"href":"https:\/\/agora.xtec.cat\/cesire_historic\/wp-json\/wp\/v2\/media?parent=5477"}],"curies":[{"name":"wp","href":"https:\/\/api.w.org\/{rel}","templated":true}]}}