{"id":5459,"date":"2019-05-27T17:17:58","date_gmt":"2019-05-27T15:17:58","guid":{"rendered":"http:\/\/agora.xtec.cat\/cesire_historic\/\/?page_id=5459"},"modified":"2019-09-12T13:58:19","modified_gmt":"2019-09-12T11:58:19","slug":"parlar-de-matematiques-per-aprendren","status":"publish","type":"page","link":"https:\/\/agora.xtec.cat\/cesire_historic\/projectes\/connectat-a-la-recerca-apropem-la-recerca-educativa-a-les-aules\/parlar-de-matematiques-per-aprendren\/","title":{"rendered":"Parlar de matem\u00e0tiques per aprendre&#8217;n"},"content":{"rendered":"<ul>\n<li><strong>Dia i hora<\/strong>: sessi\u00f3 realitzada dijous, 23 de maig de 2019 (de 18.00 a 20.00 h)<\/li>\n<li><strong>Sessi\u00f3 a c\u00e0rrec de<\/strong>\u00a0Tana Serra<\/li>\n<li><strong>Organitzaci\u00f3<\/strong>: CESIRE<\/li>\n<li><strong>Lloc<\/strong>: CESIRE, Av. de les Drassanes, 10, 08001 Barcelona<\/li>\n<\/ul>\n<p><a href=\"https:\/\/agora.xtec.cat\/cesire_historic\/\/wp-content\/uploads\/usu397\/2019\/05\/Cr\u00f2nica-de-la-sessi\u00f3-T.-Serra.pdf\" target=\"_blank\" rel=\"noopener noreferrer\">Cr\u00f2nica sessi\u00f3<\/a><\/p>\n<p style=\"text-align: center;\"><img loading=\"lazy\" decoding=\"async\" class=\"aligncenter size-medium wp-image-5461\" src=\"https:\/\/agora.xtec.cat\/cesire_historic\/\/wp-content\/uploads\/usu397\/2019\/05\/connecta_tana_serra-300x225.png\" alt=\"\" width=\"300\" height=\"225\" srcset=\"https:\/\/agora.xtec.cat\/cesire_historic\/wp-content\/uploads\/usu397\/2019\/05\/connecta_tana_serra-300x225.png 300w, https:\/\/agora.xtec.cat\/cesire_historic\/wp-content\/uploads\/usu397\/2019\/05\/connecta_tana_serra-200x150.png 200w, https:\/\/agora.xtec.cat\/cesire_historic\/wp-content\/uploads\/usu397\/2019\/05\/connecta_tana_serra.png 469w\" sizes=\"auto, (max-width: 300px) 100vw, 300px\" \/><\/p>\n<p>&nbsp;<\/p>\n<hr \/>\n<p><b>Presentaci\u00f3<\/b><\/p>\n<p><span style=\"font-weight: 400;\">Posar paraules als pensaments ens ajuda a comunicar i a comprendre all\u00f2 que estem reproduint, modificant, creant; ens ajuda a aprendre.<\/span><\/p>\n<p><span style=\"font-weight: 400;\">L\u2019aula pot esdevenir un entorn en el qual es conversi i s\u2019expressin els pensaments relacionats amb l\u2019activitat matem\u00e0tica que es porta a terme. <\/span><\/p>\n<p><span style=\"font-weight: 400;\">La conversa entre aprenents i expert pot ser un motor d\u2019aprenentatge, tant per als alumnes com per als mestres.<\/span><\/p>\n<ul>\n<li style=\"font-weight: 400;\"><span style=\"font-weight: 400;\">Quines activitats de matem\u00e0tiques fomenten la conversa?<\/span><\/li>\n<li style=\"font-weight: 400;\"><span style=\"font-weight: 400;\">Com regular el desenvolupament de la conversa de matem\u00e0tiques?<\/span><\/li>\n<li style=\"font-weight: 400;\"><span style=\"font-weight: 400;\">Quin \u00e9s el paper del mestre?<\/span><\/li>\n<li style=\"font-weight: 400;\"><span style=\"font-weight: 400;\">Com recollir les iniciatives dels infants?<\/span><\/li>\n<li style=\"font-weight: 400;\"><span style=\"font-weight: 400;\">Quins beneficis pot aportar la conversa de matem\u00e0tiques en el desenvolupament de la compet\u00e8ncia matem\u00e0tica?<\/span><\/li>\n<li style=\"font-weight: 400;\"><span style=\"font-weight: 400;\">Com la conversa pot ajudar a avaluar infants i mestres?<\/span><\/li>\n<\/ul>\n<p><span style=\"font-weight: 400;\">Aquestes s\u00f3n algunes de les preguntes que obren el fil de la comunicaci\u00f3<\/span><\/p>\n<p><b>Organitzaci\u00f3 de la sessi\u00f3<\/b><\/p>\n<p><span style=\"font-weight: 400;\">La sessi\u00f3 va tenir una primera part on es va exposar l\u2019estudi dut a terme sobre: \u201c<\/span><i><span style=\"font-weight: 400;\">La conversa de matem\u00e0tiques, una eina per a la millora de la compet\u00e8ncia matem\u00e0tica de tot l\u2019alumnat d\u2019Educaci\u00f3 Prim\u00e0ria\u201d<\/span><\/i><span style=\"font-weight: 400;\"> en el marc de les llic\u00e8ncies d\u2019estudis retribu\u00efdes del Departament d\u2019Educaci\u00f3. Es va focalitzar en: <\/span><\/p>\n<ul>\n<li style=\"font-weight: 400;\"><span style=\"font-weight: 400;\">L\u2019aprenentatge del llenguatge matem\u00e0tic\u00a0<\/span><\/li>\n<li style=\"font-weight: 400;\"><span style=\"font-weight: 400;\">La Pauta d\u2019Observaci\u00f3 de la Conversa de Matem\u00e0tiques per a l\u2019alumnat i el professorat.<\/span><\/li>\n<\/ul>\n<p><span style=\"font-weight: 400;\">La segona part va consistir en la posada en escena d\u2019una conversa de matem\u00e0tiques, en la qual cadasc\u00fa va fer el seu paper: estudiants, mestre\/a, observador; i un col\u00b7loqui final.<\/span><\/p>\n<p><b>A qui ha estat\u00a0adre\u00e7ada?<\/b><\/p>\n<p><span style=\"font-weight: 400;\">Als mestres d\u2019Educaci\u00f3 Prim\u00e0ria, especialment: tutors, tutores, professorat d&#8217;escoles que treballin l&#8217;angl\u00e8s en altres \u00e0rees (ja\u00a0 que u<\/span><span style=\"font-weight: 400;\">na de les converses analitzades es va dur a terme en llengua anglesa) i a professorat de matem\u00e0tiques i de llengua anglesa de Secund\u00e0ria.<\/span><\/p>\n<p><strong>Per saber-ne m\u00e9s<\/strong><\/p>\n<ul>\n<li><span style=\"font-weight: 400;\">Mem\u00f2ria de la llic\u00e8ncia retribu\u00efda:\u00a0<\/span><b>La conversa de matem\u00e0tiques: Una eina per a la millora de la compet\u00e8ncia matem\u00e0tica de tot l\u2019alumnat de l\u2019Educaci\u00f3 prim\u00e0ria. <\/b>(<a href=\"http:\/\/www.xtec.cat\/sgfp\/llicencies\/200910\/memories\/2051m.pdf\" target=\"_blank\" rel=\"noopener noreferrer\">Mem\u00f2ria<\/a>)<\/li>\n<li>Article <em>Noubiaix 39<\/em>:<a href=\"https:\/\/docs.google.com\/viewer?a=v&amp;pid=sites&amp;srcid=ZGVmYXVsdGRvbWFpbnxub3ViaWFpeHxneDoyMjc1MjczZTdiZTgxN2Zl\" target=\"_blank\" rel=\"noopener noreferrer\"> Parlar de matem\u00e0tiques per aprendre\u2019n<\/a><\/li>\n<li>Llibre: <a href=\"https:\/\/www.rosasensat.org\/producte\/parlant-de-matematiques-per-aprendren\/\" target=\"_blank\" rel=\"noopener noreferrer\">Parlant de matem\u00e0tiques per aprendre\u2019n<\/a> (Premi Rosa Sensat) Editorial: Associaci\u00f3 de Mestres Rosa Sensat (2011) \u00a0ISBN: 9788492748464<\/li>\n<\/ul>\n","protected":false},"excerpt":{"rendered":"<ul>\n<li>Dia i hora: sessi\u00f3 realitzada dijous, 23 de maig de 2019 (de 18.00 a 20.00 h)<\/li>\n<li>Sessi\u00f3 a c\u00e0rrec de\u00a0Tana Serra<\/li>\n<li>Organitzaci\u00f3: CESIRE<\/li>\n<li>Lloc: CESIRE, Av. de les Drassanes, 10, 08001 Barcelona<\/li>\n<\/ul>\n<p><a href=\"https:\/\/agora.xtec.cat\/cesire_historic\/\/wp-content\/uploads\/usu397\/2019\/05\/Cr\u00f2nica-de-la-sessi\u00f3-T.-Serra.pdf\" target=\"_blank\" rel=\"noopener noreferrer\">Cr\u00f2nica sessi\u00f3<\/a><\/p>\n<p>&nbsp;<\/p>\n<p>Presentaci\u00f3<br \/>\nPosar paraules als pensaments ens ajuda a comunicar i a comprendre all\u00f2&hellip;  <a href=\"https:\/\/agora.xtec.cat\/cesire_historic\/projectes\/connectat-a-la-recerca-apropem-la-recerca-educativa-a-les-aules\/parlar-de-matematiques-per-aprendren\/\" title=\"Read Parlar de matem\u00e0tiques per aprendre&#8217;n\">Llegeix m\u00e9s\u00bb<\/a><\/p>\n","protected":false},"author":1,"featured_media":0,"parent":2954,"menu_order":1,"comment_status":"closed","ping_status":"closed","template":"page-templates\/side-menu.php","meta":{"_bbp_topic_count":0,"_bbp_reply_count":0,"_bbp_total_topic_count":0,"_bbp_total_reply_count":0,"_bbp_voice_count":0,"_bbp_anonymous_reply_count":0,"_bbp_topic_count_hidden":0,"_bbp_reply_count_hidden":0,"_bbp_forum_subforum_count":0,"footnotes":""},"class_list":["post-5459","page","type-page","status-publish","hentry"],"post_mailing_queue_ids":[],"_links":{"self":[{"href":"https:\/\/agora.xtec.cat\/cesire_historic\/wp-json\/wp\/v2\/pages\/5459","targetHints":{"allow":["GET"]}}],"collection":[{"href":"https:\/\/agora.xtec.cat\/cesire_historic\/wp-json\/wp\/v2\/pages"}],"about":[{"href":"https:\/\/agora.xtec.cat\/cesire_historic\/wp-json\/wp\/v2\/types\/page"}],"author":[{"embeddable":true,"href":"https:\/\/agora.xtec.cat\/cesire_historic\/wp-json\/wp\/v2\/users\/1"}],"replies":[{"embeddable":true,"href":"https:\/\/agora.xtec.cat\/cesire_historic\/wp-json\/wp\/v2\/comments?post=5459"}],"version-history":[{"count":3,"href":"https:\/\/agora.xtec.cat\/cesire_historic\/wp-json\/wp\/v2\/pages\/5459\/revisions"}],"predecessor-version":[{"id":6184,"href":"https:\/\/agora.xtec.cat\/cesire_historic\/wp-json\/wp\/v2\/pages\/5459\/revisions\/6184"}],"up":[{"embeddable":true,"href":"https:\/\/agora.xtec.cat\/cesire_historic\/wp-json\/wp\/v2\/pages\/2954"}],"wp:attachment":[{"href":"https:\/\/agora.xtec.cat\/cesire_historic\/wp-json\/wp\/v2\/media?parent=5459"}],"curies":[{"name":"wp","href":"https:\/\/api.w.org\/{rel}","templated":true}]}}