{"id":5436,"date":"2019-04-30T14:49:39","date_gmt":"2019-04-30T12:49:39","guid":{"rendered":"http:\/\/agora.xtec.cat\/cesire_historic\/\/?page_id=5436"},"modified":"2019-05-03T10:24:22","modified_gmt":"2019-05-03T08:24:22","slug":"creativart","status":"publish","type":"page","link":"https:\/\/agora.xtec.cat\/cesire_historic\/ambit-artistic\/itineraris-artistics\/sessions-itineraris-artistics\/creativart\/","title":{"rendered":"CreativART"},"content":{"rendered":"<p style=\"text-align: center;\"><iframe loading=\"lazy\" src=\"https:\/\/www.youtube.com\/embed\/i2j4atThuBk\" width=\"560\" height=\"315\" frameborder=\"0\" allowfullscreen=\"allowfullscreen\"><\/iframe><\/p>\n<p>A partir de preguntar-nos sobre l&#8217;experi\u00e8ncia art\u00edstica, iniciem un proc\u00e9s de reflexi\u00f3, record i projecci\u00f3. \u00c0lbums il\u00b7lustrats, arquitectures art\u00edstiques i contes ens serviran per a introduir l&#8217;activitat pr\u00e0ctica.<\/p>\n<p>Per tal de fomentar la creativitat, es presenten diferents materials provinents de la natura, el reciclatge, t\u00e8xtils i de fusta per tal de crear escenaris en miniatura,\u00a0 els quals representen els diversos espais que el nostre alumnat habita: f\u00edsic, emocional o\u00a0 biogr\u00e0fic.<\/p>\n<table class=\"alignleft\" border=\"1\" width=\"280\">\n<thead>\n<tr>\n<td>Conceptes clau:<\/p>\n<p>creativitat, materials, Mini M\u00f3ns, representaci\u00f3, espai, narraci\u00f3, psicologia, contes, il.lustracions, est\u00e8tica, bellesa, harmonia, reciclatge, rebuig, possibilitats pl\u00e0stiques dels materials,<\/td>\n<\/tr>\n<\/thead>\n<\/table>\n<p>&nbsp;<\/p>\n<p>Fitxa de programaci\u00f3: <a href=\"https:\/\/agora.xtec.cat\/cesire_historic\/\/wp-content\/uploads\/usu397\/2019\/04\/Fitxa-Programaci\u00f3-CREATIVART.pdf\">CreativART<\/a><\/p>\n<p>Presentaci\u00f3 : <a href=\"https:\/\/agora.xtec.cat\/cesire_historic\/\/wp-content\/uploads\/usu397\/2019\/04\/CreativART-presentacio.pdf\">CreativART<\/a><\/p>\n<p>&nbsp;<\/p>\n<p>&nbsp;<\/p>\n","protected":false},"excerpt":{"rendered":"<p>A partir de preguntar-nos sobre l&#8217;experi\u00e8ncia art\u00edstica, iniciem un proc\u00e9s de reflexi\u00f3, record i projecci\u00f3. \u00c0lbums il\u00b7lustrats, arquitectures art\u00edstiques i contes ens serviran per a introduir l&#8217;activitat pr\u00e0ctica.<br \/>\nPer tal de fomentar la creativitat, es presenten diferents materials provinents de la natura, el reciclatge, t\u00e8xtils i&hellip;  <a href=\"https:\/\/agora.xtec.cat\/cesire_historic\/ambit-artistic\/itineraris-artistics\/sessions-itineraris-artistics\/creativart\/\" title=\"Read CreativART\">Llegeix m\u00e9s\u00bb<\/a><\/p>\n","protected":false},"author":9,"featured_media":0,"parent":3174,"menu_order":0,"comment_status":"closed","ping_status":"closed","template":"page-templates\/side-menu.php","meta":{"_bbp_topic_count":0,"_bbp_reply_count":0,"_bbp_total_topic_count":0,"_bbp_total_reply_count":0,"_bbp_voice_count":0,"_bbp_anonymous_reply_count":0,"_bbp_topic_count_hidden":0,"_bbp_reply_count_hidden":0,"_bbp_forum_subforum_count":0,"footnotes":""},"class_list":["post-5436","page","type-page","status-publish","hentry"],"post_mailing_queue_ids":[],"_links":{"self":[{"href":"https:\/\/agora.xtec.cat\/cesire_historic\/wp-json\/wp\/v2\/pages\/5436","targetHints":{"allow":["GET"]}}],"collection":[{"href":"https:\/\/agora.xtec.cat\/cesire_historic\/wp-json\/wp\/v2\/pages"}],"about":[{"href":"https:\/\/agora.xtec.cat\/cesire_historic\/wp-json\/wp\/v2\/types\/page"}],"author":[{"embeddable":true,"href":"https:\/\/agora.xtec.cat\/cesire_historic\/wp-json\/wp\/v2\/users\/9"}],"replies":[{"embeddable":true,"href":"https:\/\/agora.xtec.cat\/cesire_historic\/wp-json\/wp\/v2\/comments?post=5436"}],"version-history":[{"count":1,"href":"https:\/\/agora.xtec.cat\/cesire_historic\/wp-json\/wp\/v2\/pages\/5436\/revisions"}],"predecessor-version":[{"id":5444,"href":"https:\/\/agora.xtec.cat\/cesire_historic\/wp-json\/wp\/v2\/pages\/5436\/revisions\/5444"}],"up":[{"embeddable":true,"href":"https:\/\/agora.xtec.cat\/cesire_historic\/wp-json\/wp\/v2\/pages\/3174"}],"wp:attachment":[{"href":"https:\/\/agora.xtec.cat\/cesire_historic\/wp-json\/wp\/v2\/media?parent=5436"}],"curies":[{"name":"wp","href":"https:\/\/api.w.org\/{rel}","templated":true}]}}