{"id":5422,"date":"2019-04-30T14:15:04","date_gmt":"2019-04-30T12:15:04","guid":{"rendered":"http:\/\/agora.xtec.cat\/cesire_historic\/\/?page_id=5422"},"modified":"2019-05-03T12:06:13","modified_gmt":"2019-05-03T10:06:13","slug":"la-conversa-exploratoria-2","status":"publish","type":"page","link":"https:\/\/agora.xtec.cat\/cesire_historic\/ambit-artistic\/itineraris-artistics\/sessions-itineraris-artistics\/la-conversa-exploratoria-2\/","title":{"rendered":"La Conversa Explorat\u00f2ria"},"content":{"rendered":"<p><strong>La Conversa Explorat\u00f2ria: Com generar contextos creatius d&#8217;aprenentatge.<br \/>\n<\/strong><\/p>\n<p style=\"text-align: center;\"><iframe loading=\"lazy\" src=\"https:\/\/www.youtube.com\/embed\/fZle1VF7xdk\" width=\"560\" height=\"315\" frameborder=\"0\" allowfullscreen=\"allowfullscreen\"><\/iframe><\/p>\n<p>La paraula \u00e9s la nostra eina m\u00e9s potent de coneixement. Veurem com a partir de la conversa d&#8217;aula podem generar contextos d&#8217;aprenentatge significatiu que fluctu\u00efn, alhora, entre els diferents \u00e0mbits competencials.<\/p>\n<table class=\"alignleft\" style=\"height: 114px; width: 297px;\" border=\"1\" width=\"280\">\n<thead>\n<tr>\n<td style=\"width: 291px;\">Conceptes clau:<\/p>\n<p>rutes, derives, camins, trajectes, imatge, expressi\u00f3 oral<\/p>\n<p>Compet\u00e8ncies comunicatives, metodol\u00f2giques, personals i per conviure i habitar el m\u00f3n.<\/td>\n<\/tr>\n<\/thead>\n<\/table>\n<p>Fitxa de programaci\u00f3: La Conversa Explorat\u00f2ria<\/p>\n<p><a href=\"https:\/\/agora.xtec.cat\/cesire_historic\/\/wp-content\/uploads\/usu397\/2019\/04\/La-conversa-explorat\u00f2ria.pdf\">Presentaci\u00f3 : La Conversa Explorat\u00f2ria<\/a><\/p>\n<p>&nbsp;<\/p>\n\r\n\t<div class=\"slideshow_container slideshow_container_style-light\" style=\"height: 300px; \" data-slideshow-id=\"5388\" data-style-name=\"style-light\" data-style-version=\"2.3.1\" >\r\n\r\n\t\t\t\t\t<div class=\"slideshow_loading_icon\"><\/div>\r\n\t\t\r\n\t\t<div class=\"slideshow_content\" style=\"display: none;\">\r\n\r\n\t\t\t<div class=\"slideshow_view\">\r\n\t\t\t\t<div class=\"slideshow_slide slideshow_slide_image\">\r\n\t\t\t\t\t\t\t\t\t\t\t<img src=\"https:\/\/agora.xtec.cat\/cesire_historic\/wp-content\/uploads\/usu397\/2019\/04\/EZFW6095-2.jpg\" alt=\"EZFW6095 (2)\" width=\"1024\" height=\"769\" \/>\r\n\t\t\t\t\t\t\t\t\t\t<div class=\"slideshow_description_box slideshow_transparent\">\r\n\t\t\t\t\t\t<div class=\"slideshow_title\">EZFW6095 (2)<\/div>\t\t\t\t\t\t\t\t\t\t\t<\/div>\r\n\t\t\t\t<\/div>\r\n\r\n\t\t\t\t\t\t<div style=\"clear: both;\"><\/div><\/div><div class=\"slideshow_view\">\r\n\t\t\t\t<div class=\"slideshow_slide slideshow_slide_image\">\r\n\t\t\t\t\t\t\t\t\t\t\t<img src=\"https:\/\/agora.xtec.cat\/cesire_historic\/wp-content\/uploads\/usu397\/2019\/04\/IMG_E5745-2.jpg\" alt=\"IMG_E5745 (2)\" width=\"2448\" height=\"3264\" \/>\r\n\t\t\t\t\t\t\t\t\t\t<div class=\"slideshow_description_box slideshow_transparent\">\r\n\t\t\t\t\t\t<div class=\"slideshow_title\">IMG_E5745 (2)<\/div>\t\t\t\t\t\t\t\t\t\t\t<\/div>\r\n\t\t\t\t<\/div>\r\n\r\n\t\t\t\t\t\t<div style=\"clear: both;\"><\/div><\/div><div class=\"slideshow_view\">\r\n\t\t\t\t<div class=\"slideshow_slide slideshow_slide_image\">\r\n\t\t\t\t\t\t\t\t\t\t\t<img src=\"https:\/\/agora.xtec.cat\/cesire_historic\/wp-content\/uploads\/usu397\/2019\/04\/IMG_E5741.jpg\" alt=\"IMG_E5741\" width=\"2448\" height=\"3264\" \/>\r\n\t\t\t\t\t\t\t\t\t\t<div class=\"slideshow_description_box slideshow_transparent\">\r\n\t\t\t\t\t\t<div class=\"slideshow_title\">IMG_E5741<\/div>\t\t\t\t\t\t\t\t\t\t\t<\/div>\r\n\t\t\t\t<\/div>\r\n\r\n\t\t\t\t\t\t<div style=\"clear: both;\"><\/div><\/div><div class=\"slideshow_view\">\r\n\t\t\t\t<div class=\"slideshow_slide slideshow_slide_image\">\r\n\t\t\t\t\t\t\t\t\t\t\t<img src=\"https:\/\/agora.xtec.cat\/cesire_historic\/wp-content\/uploads\/usu397\/2019\/04\/IMG_E5742.jpg\" alt=\"IMG_E5742\" width=\"2448\" height=\"3264\" \/>\r\n\t\t\t\t\t\t\t\t\t\t<div class=\"slideshow_description_box slideshow_transparent\">\r\n\t\t\t\t\t\t<div class=\"slideshow_title\">IMG_E5742<\/div>\t\t\t\t\t\t\t\t\t\t\t<\/div>\r\n\t\t\t\t<\/div>\r\n\r\n\t\t\t\t\t\t<div style=\"clear: both;\"><\/div><\/div><div class=\"slideshow_view\">\r\n\t\t\t\t<div class=\"slideshow_slide slideshow_slide_image\">\r\n\t\t\t\t\t\t\t\t\t\t\t<img src=\"https:\/\/agora.xtec.cat\/cesire_historic\/wp-content\/uploads\/usu397\/2019\/04\/IMG_5743-2.jpg\" alt=\"IMG_5743 (2)\" width=\"3264\" height=\"2448\" \/>\r\n\t\t\t\t\t\t\t\t\t\t<div class=\"slideshow_description_box slideshow_transparent\">\r\n\t\t\t\t\t\t<div class=\"slideshow_title\">IMG_5743 (2)<\/div>\t\t\t\t\t\t\t\t\t\t\t<\/div>\r\n\t\t\t\t<\/div>\r\n\r\n\t\t\t\t\t\t<div style=\"clear: both;\"><\/div><\/div><div class=\"slideshow_view\">\r\n\t\t\t\t<div class=\"slideshow_slide slideshow_slide_image\">\r\n\t\t\t\t\t\t\t\t\t\t\t<img src=\"https:\/\/agora.xtec.cat\/cesire_historic\/wp-content\/uploads\/usu397\/2019\/04\/IMG_5744-2.jpg\" alt=\"IMG_5744 (2)\" width=\"3264\" height=\"2448\" \/>\r\n\t\t\t\t\t\t\t\t\t\t<div class=\"slideshow_description_box slideshow_transparent\">\r\n\t\t\t\t\t\t<div class=\"slideshow_title\">IMG_5744 (2)<\/div>\t\t\t\t\t\t\t\t\t\t\t<\/div>\r\n\t\t\t\t<\/div>\r\n\r\n\t\t\t\t\t\t<div style=\"clear: both;\"><\/div><\/div><div class=\"slideshow_view\">\r\n\t\t\t\t<div class=\"slideshow_slide slideshow_slide_image\">\r\n\t\t\t\t\t\t\t\t\t\t\t<img src=\"https:\/\/agora.xtec.cat\/cesire_historic\/wp-content\/uploads\/usu397\/2019\/04\/IMG_5747.jpg\" alt=\"IMG_5747\" width=\"3540\" height=\"2436\" \/>\r\n\t\t\t\t\t\t\t\t\t\t<div class=\"slideshow_description_box slideshow_transparent\">\r\n\t\t\t\t\t\t<div class=\"slideshow_title\">IMG_5747<\/div>\t\t\t\t\t\t\t\t\t\t\t<\/div>\r\n\t\t\t\t<\/div>\r\n\r\n\t\t\t\t\t\t<div style=\"clear: both;\"><\/div><\/div><div class=\"slideshow_view\">\r\n\t\t\t\t<div class=\"slideshow_slide slideshow_slide_image\">\r\n\t\t\t\t\t\t\t\t\t\t\t<img src=\"https:\/\/agora.xtec.cat\/cesire_historic\/wp-content\/uploads\/usu397\/2019\/04\/IMG_E5740-2.jpg\" alt=\"IMG_E5740 (2)\" width=\"3264\" height=\"2448\" \/>\r\n\t\t\t\t\t\t\t\t\t\t<div class=\"slideshow_description_box slideshow_transparent\">\r\n\t\t\t\t\t\t<div class=\"slideshow_title\">IMG_E5740 (2)<\/div>\t\t\t\t\t\t\t\t\t\t\t<\/div>\r\n\t\t\t\t<\/div>\r\n\r\n\t\t\t\t\t\t<div style=\"clear: both;\"><\/div><\/div>\r\n\t\t<\/div>\r\n\r\n\t\t<div class=\"slideshow_controlPanel slideshow_transparent\" style=\"display: none;\"><ul><li class=\"slideshow_togglePlay\" data-play-text=\"Visualitza\" data-pause-text=\"Pausa\"><\/li><\/ul><\/div>\r\n\r\n\t\t<div class=\"slideshow_button slideshow_previous slideshow_transparent\" role=\"button\" data-previous-text=\"Anterior\" style=\"display: none;\"><\/div>\r\n\t\t<div class=\"slideshow_button slideshow_next slideshow_transparent\" role=\"button\" data-next-text=\"Seg\u00fcent\" style=\"display: none;\"><\/div>\r\n\r\n\t\t<div class=\"slideshow_pagination\" style=\"display: none;\" data-go-to-text=\"V\u00e9s a la diapositiva\"><div class=\"slideshow_pagination_center\"><\/div><\/div>\r\n\r\n\t\t<!-- WordPress Slideshow Version 2.3.1 -->\r\n\r\n\t\t\t<\/div>\r\n\r\n\n","protected":false},"excerpt":{"rendered":"<p>La Conversa Explorat\u00f2ria: Com generar contextos creatius d&#8217;aprenentatge.<\/p>\n<p>La paraula \u00e9s la nostra eina m\u00e9s potent de coneixement. Veurem com a partir de la conversa d&#8217;aula podem generar contextos d&#8217;aprenentatge significatiu que fluctu\u00efn, alhora, entre els diferents \u00e0mbits competencials.<\/p>\n<p>Conceptes clau:<br \/>\nrutes, derives, camins, trajectes, imatge, expressi\u00f3 oral<br \/>\nCompet\u00e8ncies&hellip;  <a href=\"https:\/\/agora.xtec.cat\/cesire_historic\/ambit-artistic\/itineraris-artistics\/sessions-itineraris-artistics\/la-conversa-exploratoria-2\/\" title=\"Read La Conversa Explorat\u00f2ria\">Llegeix m\u00e9s\u00bb<\/a><\/p>\n","protected":false},"author":9,"featured_media":0,"parent":3174,"menu_order":0,"comment_status":"closed","ping_status":"closed","template":"page-templates\/side-menu.php","meta":{"_bbp_topic_count":0,"_bbp_reply_count":0,"_bbp_total_topic_count":0,"_bbp_total_reply_count":0,"_bbp_voice_count":0,"_bbp_anonymous_reply_count":0,"_bbp_topic_count_hidden":0,"_bbp_reply_count_hidden":0,"_bbp_forum_subforum_count":0,"footnotes":""},"class_list":["post-5422","page","type-page","status-publish","hentry"],"post_mailing_queue_ids":[],"_links":{"self":[{"href":"https:\/\/agora.xtec.cat\/cesire_historic\/wp-json\/wp\/v2\/pages\/5422","targetHints":{"allow":["GET"]}}],"collection":[{"href":"https:\/\/agora.xtec.cat\/cesire_historic\/wp-json\/wp\/v2\/pages"}],"about":[{"href":"https:\/\/agora.xtec.cat\/cesire_historic\/wp-json\/wp\/v2\/types\/page"}],"author":[{"embeddable":true,"href":"https:\/\/agora.xtec.cat\/cesire_historic\/wp-json\/wp\/v2\/users\/9"}],"replies":[{"embeddable":true,"href":"https:\/\/agora.xtec.cat\/cesire_historic\/wp-json\/wp\/v2\/comments?post=5422"}],"version-history":[{"count":3,"href":"https:\/\/agora.xtec.cat\/cesire_historic\/wp-json\/wp\/v2\/pages\/5422\/revisions"}],"predecessor-version":[{"id":5527,"href":"https:\/\/agora.xtec.cat\/cesire_historic\/wp-json\/wp\/v2\/pages\/5422\/revisions\/5527"}],"up":[{"embeddable":true,"href":"https:\/\/agora.xtec.cat\/cesire_historic\/wp-json\/wp\/v2\/pages\/3174"}],"wp:attachment":[{"href":"https:\/\/agora.xtec.cat\/cesire_historic\/wp-json\/wp\/v2\/media?parent=5422"}],"curies":[{"name":"wp","href":"https:\/\/api.w.org\/{rel}","templated":true}]}}