{"id":5407,"date":"2019-04-30T13:06:59","date_gmt":"2019-04-30T11:06:59","guid":{"rendered":"http:\/\/agora.xtec.cat\/cesire_historic\/\/?page_id=5407"},"modified":"2019-11-15T10:30:12","modified_gmt":"2019-11-15T09:30:12","slug":"destacats-arc","status":"publish","type":"page","link":"https:\/\/agora.xtec.cat\/cesire_historic\/ambit-linguistic\/recursos-per-a-laula_ll\/destacats-arc\/","title":{"rendered":"Destacats ARC"},"content":{"rendered":"<p>Trobareu les propostes que hem anat destacant entre els nostres seguidors i col\u00b7laboradors al llarg dels diferents cursos aix\u00ed com un enlla\u00e7 a l&#8217;aplicatiu perqu\u00e8 pugueu cercar les propostes que s&#8217;adeq\u00fcin a les vostres necessitats.<\/p>\n<ul>\n<li><a href=\"https:\/\/drive.google.com\/file\/d\/174WeEWO0yUvZX0NlLTva08TtMpiYvMf0\/view?usp=sharing\">Propostes\u00a0 octubre 2018<\/a><\/li>\n<li><a href=\"https:\/\/agora.xtec.cat\/cesire_historic\/\/wp-content\/uploads\/usu397\/2019\/09\/mar\u00e72018.pdf\" target=\"_blank\" rel=\"noopener noreferrer\">Propostes mar\u00e7 2018<\/a><\/li>\n<li><a href=\"https:\/\/drive.google.com\/open?id=12dbKGx5O5OWOq53ucI4xpepK0NTerMaB\">Propostes\u00a0 juny 2018<\/a><\/li>\n<li><a href=\"https:\/\/drive.google.com\/file\/d\/1uIcJPMgL6ChsVUUswIPzLVghtJjpYO5n\/view?usp=sharing\">Propostes juny 2019<\/a><\/li>\n<li><a href=\"https:\/\/agora.xtec.cat\/cesire_historic\/\/wp-content\/uploads\/usu397\/2019\/11\/destacats-arc_novembre19.pdf\" target=\"_blank\" rel=\"noopener noreferrer\">Propostes novembre 2019<\/a><\/li>\n<\/ul>\n<p style=\"text-align: center;\"><a href=\"https:\/\/agora.xtec.cat\/cesire_historic\/\/wp-content\/uploads\/usu397\/2019\/09\/20140320_13W.ARC_.jpg\"><img loading=\"lazy\" decoding=\"async\" class=\"alignnone wp-image-7388\" src=\"https:\/\/agora.xtec.cat\/cesire_historic\/\/wp-content\/uploads\/usu397\/2019\/09\/20140320_13W.ARC_.jpg\" alt=\"\" width=\"250\" height=\"193\" srcset=\"https:\/\/agora.xtec.cat\/cesire_historic\/wp-content\/uploads\/usu397\/2019\/09\/20140320_13W.ARC_.jpg 600w, https:\/\/agora.xtec.cat\/cesire_historic\/wp-content\/uploads\/usu397\/2019\/09\/20140320_13W.ARC_-300x232.jpg 300w\" sizes=\"auto, (max-width: 250px) 100vw, 250px\" \/><\/a><\/p>\n<p><a href=\"http:\/\/apliense.xtec.cat\/arc\/\" target=\"_blank\" rel=\"noopener noreferrer\">Enlla\u00e7 ARC<\/a><\/p>\n","protected":false},"excerpt":{"rendered":"<p>Trobareu les propostes que hem anat destacant entre els nostres seguidors i col\u00b7laboradors al llarg dels diferents cursos aix\u00ed com un enlla\u00e7 a l&#8217;aplicatiu perqu\u00e8 pugueu cercar les propostes que s&#8217;adeq\u00fcin a les vostres necessitats.<\/p>\n<ul>\n<li><a href=\"https:\/\/drive.google.com\/file\/d\/174WeEWO0yUvZX0NlLTva08TtMpiYvMf0\/view?usp=sharing\">Propostes\u00a0 octubre 2018<\/a><\/li>\n<li><a href=\"https:\/\/agora.xtec.cat\/cesire_historic\/\/wp-content\/uploads\/usu397\/2019\/09\/mar\u00e72018.pdf\" target=\"_blank\" rel=\"noopener noreferrer\">Propostes mar\u00e7 2018<\/a><\/li>\n<li><a href=\"https:\/\/drive.google.com\/open?id=12dbKGx5O5OWOq53ucI4xpepK0NTerMaB\">Propostes\u00a0&hellip;  <a href=\"https:\/\/agora.xtec.cat\/cesire_historic\/ambit-linguistic\/recursos-per-a-laula_ll\/destacats-arc\/\" title=\"Read Destacats ARC\">Llegeix m\u00e9s\u00bb<\/a><br \/>\n","protected":false},"author":1,"featured_media":0,"parent":4583,"menu_order":9,"comment_status":"closed","ping_status":"closed","template":"page-templates\/side-menu.php","meta":{"_bbp_topic_count":0,"_bbp_reply_count":0,"_bbp_total_topic_count":0,"_bbp_total_reply_count":0,"_bbp_voice_count":0,"_bbp_anonymous_reply_count":0,"_bbp_topic_count_hidden":0,"_bbp_reply_count_hidden":0,"_bbp_forum_subforum_count":0,"footnotes":""},"class_list":["post-5407","page","type-page","status-publish","hentry"],"post_mailing_queue_ids":[],"_links":{"self":[{"href":"https:\/\/agora.xtec.cat\/cesire_historic\/wp-json\/wp\/v2\/pages\/5407","targetHints":{"allow":["GET"]}}],"collection":[{"href":"https:\/\/agora.xtec.cat\/cesire_historic\/wp-json\/wp\/v2\/pages"}],"about":[{"href":"https:\/\/agora.xtec.cat\/cesire_historic\/wp-json\/wp\/v2\/types\/page"}],"author":[{"embeddable":true,"href":"https:\/\/agora.xtec.cat\/cesire_historic\/wp-json\/wp\/v2\/users\/1"}],"replies":[{"embeddable":true,"href":"https:\/\/agora.xtec.cat\/cesire_historic\/wp-json\/wp\/v2\/comments?post=5407"}],"version-history":[{"count":4,"href":"https:\/\/agora.xtec.cat\/cesire_historic\/wp-json\/wp\/v2\/pages\/5407\/revisions"}],"predecessor-version":[{"id":7920,"href":"https:\/\/agora.xtec.cat\/cesire_historic\/wp-json\/wp\/v2\/pages\/5407\/revisions\/7920"}],"up":[{"embeddable":true,"href":"https:\/\/agora.xtec.cat\/cesire_historic\/wp-json\/wp\/v2\/pages\/4583"}],"wp:attachment":[{"href":"https:\/\/agora.xtec.cat\/cesire_historic\/wp-json\/wp\/v2\/media?parent=5407"}],"curies":[{"name":"wp","href":"https:\/\/api.w.org\/{rel}","templated":true}]}}