{"id":5400,"date":"2019-04-30T13:01:47","date_gmt":"2019-04-30T11:01:47","guid":{"rendered":"http:\/\/agora.xtec.cat\/cesire_historic\/\/?page_id=5400"},"modified":"2021-01-24T22:32:50","modified_gmt":"2021-01-24T21:32:50","slug":"expressio-escrita","status":"publish","type":"page","link":"https:\/\/agora.xtec.cat\/cesire_historic\/ambit-linguistic\/recursos-per-a-laula_ll\/expressio-escrita\/","title":{"rendered":"Expressi\u00f3 escrita"},"content":{"rendered":"<p>L&#8217;expressi\u00f3 escrita \u00e9s la capacitat d&#8217;utilitzar l&#8217;escriptura com una activitat que permet comunicar-se, organitzar-se, aprendre i participar en la societat.Aquesta capacitat es troba estretament vinculada a la lectura, ja que ambdues habilitats es potencien m\u00fatuament. Escriure b\u00e9 facilita pensar b\u00e9.<\/p>\n<p><img loading=\"lazy\" decoding=\"async\" class=\"aligncenter wp-image-5551\" src=\"https:\/\/agora.xtec.cat\/cesire_historic\/\/wp-content\/uploads\/usu397\/2019\/05\/escribir-300x199.jpg\" alt=\"\" width=\"251\" height=\"166\" srcset=\"https:\/\/agora.xtec.cat\/cesire_historic\/wp-content\/uploads\/usu397\/2019\/05\/escribir-300x199.jpg 300w, https:\/\/agora.xtec.cat\/cesire_historic\/wp-content\/uploads\/usu397\/2019\/05\/escribir-768x510.jpg 768w, https:\/\/agora.xtec.cat\/cesire_historic\/wp-content\/uploads\/usu397\/2019\/05\/escribir-1024x680.jpg 1024w, https:\/\/agora.xtec.cat\/cesire_historic\/wp-content\/uploads\/usu397\/2019\/05\/escribir.jpg 2048w\" sizes=\"auto, (max-width: 251px) 100vw, 251px\" \/><\/p>\n<p>&nbsp;<\/p>\n<hr \/>\n<h5>Itineraris per a l&#8217;aprenentatge de la llengua catalana<\/h5>\n<p><a href=\"https:\/\/aplicacions.llengua.gencat.cat\/itineraris-aprenentatge\/index_c.html\" target=\"_blank\" rel=\"noopener noreferrer\"><img loading=\"lazy\" decoding=\"async\" class=\"wp-image-9654 alignleft\" src=\"https:\/\/agora.xtec.cat\/cesire_historic\/\/wp-content\/uploads\/usu397\/2020\/06\/portada_suficiencia.png\" alt=\"\" width=\"403\" height=\"280\" srcset=\"https:\/\/agora.xtec.cat\/cesire_historic\/wp-content\/uploads\/usu397\/2020\/06\/portada_suficiencia.png 771w, https:\/\/agora.xtec.cat\/cesire_historic\/wp-content\/uploads\/usu397\/2020\/06\/portada_suficiencia-300x208.png 300w, https:\/\/agora.xtec.cat\/cesire_historic\/wp-content\/uploads\/usu397\/2020\/06\/portada_suficiencia-768x532.png 768w\" sizes=\"auto, (max-width: 403px) 100vw, 403px\" \/><\/a><\/p>\n<p><a href=\"https:\/\/aplicacions.llengua.gencat.cat\/itineraris-aprenentatge\/index_b.html\" target=\"_blank\" rel=\"noopener noreferrer\"><img loading=\"lazy\" decoding=\"async\" class=\"aligncenter wp-image-9655\" src=\"https:\/\/agora.xtec.cat\/cesire_historic\/\/wp-content\/uploads\/usu397\/2020\/06\/portada_intermedi.png\" alt=\"\" width=\"367\" height=\"255\" srcset=\"https:\/\/agora.xtec.cat\/cesire_historic\/wp-content\/uploads\/usu397\/2020\/06\/portada_intermedi.png 771w, https:\/\/agora.xtec.cat\/cesire_historic\/wp-content\/uploads\/usu397\/2020\/06\/portada_intermedi-300x208.png 300w, https:\/\/agora.xtec.cat\/cesire_historic\/wp-content\/uploads\/usu397\/2020\/06\/portada_intermedi-768x532.png 768w\" sizes=\"auto, (max-width: 367px) 100vw, 367px\" \/><\/a><\/p>\n<hr \/>\n<h5>Blog &#8220;LA LUPA&#8221;\u00a0 UAB<\/h5>\n<p>Blog de l\u2019equip de llengua i literatura de secund\u00e0ria de l\u2019ICE de la UAB, creat per un grup de professores de llengua i literatura catalana i castellana, en el qual mensualment publiquen experi\u00e8ncies i reflexionen sobre la seva pr\u00e0ctica d\u2019aula.<\/p>\n<p><img loading=\"lazy\" decoding=\"async\" class=\"wp-image-8549 aligncenter\" src=\"https:\/\/agora.xtec.cat\/cesire_historic\/\/wp-content\/uploads\/usu397\/2020\/02\/blog_la_lupa.png\" sizes=\"auto, (max-width: 144px) 100vw, 144px\" srcset=\"https:\/\/agora.xtec.cat\/cesire_historic\/\/wp-content\/uploads\/usu397\/2020\/02\/blog_la_lupa.png 525w, https:\/\/agora.xtec.cat\/cesire_historic\/\/wp-content\/uploads\/usu397\/2020\/02\/blog_la_lupa-246x300.png 246w\" alt=\"\" width=\"144\" height=\"176\" \/><\/p>\n<p><a href=\"https:\/\/blogs.uab.cat\/equipice-llenguailitesecundaria\/\" target=\"_blank\" rel=\"noopener noreferrer\">Blog La lupa<\/a><\/p>\n<hr \/>\n<h5>L&#8217;ortografia al carrer<\/h5>\n<p>Projecte de Jaume Rafecas Ru\u00edz, basat en el treball a l\u2019aula de l\u2019ortografia a partir d\u2019imatges de la vida quotidiana, en qu\u00e8 hi apareixen algunes errades relacionades amb l\u2019expressi\u00f3 escrita en llengua catalana. Les activitats proposades aconsegueixen motivar l\u2019alumnat, copsar la seva atenci\u00f3, detectar errades, reflexionar-hi, fomentar la mem\u00f2ria a curt i llarg termini i millorar la ortografia pr\u00f2pia. Trobareu tota la informaci\u00f3 a la p\u00e0gina web que trobareu a continuaci\u00f3.<\/p>\n<p>Aquesta activitat fomenta la motivaci\u00f3 i la mem\u00f2ria visual de l&#8217;alumnat.<\/p>\n<p style=\"text-align: center;\"><img loading=\"lazy\" decoding=\"async\" class=\"aligncenter size-full wp-image-10642\" src=\"https:\/\/agora.xtec.cat\/cesire_historic\/\/wp-content\/uploads\/usu397\/2021\/01\/logo_0.png\" alt=\"\" width=\"200\" height=\"89\" \/><\/p>\n<p><a href=\"http:\/\/lortografiaalcarrer.estalella.cat\/\" target=\"_blank\" rel=\"noopener noreferrer\">Web<\/a><\/p>\n<p>____________________________________________________________________________________________________________<\/p>\n<p><span style=\"font-size: 1.125em; font-weight: bold;\">Como trabajar la ortografia &#8211; Hautatzen<\/span><\/p>\n<h5>Web de Marian Calvo<\/h5>\n<p><a href=\"https:\/\/hautatzen.net\/recursos-educacion-linguistica\/\" target=\"_blank\" rel=\"noopener noreferrer\">Recursos lengua castellana<\/a><\/p>\n<p style=\"text-align: center;\"><img loading=\"lazy\" decoding=\"async\" class=\"alignnone size-full wp-image-9006\" src=\"https:\/\/agora.xtec.cat\/cesire_historic\/\/wp-content\/uploads\/usu397\/2020\/04\/hautatzen-logo.png\" alt=\"\" width=\"229\" height=\"43\" \/><\/p>\n<hr \/>\n<h5>Recursos Softcatal\u00e0<\/h5>\n<ul class=\"nav navbar-nav\">\n<li class=\"dropdown\"><a class=\"dropdown-toggle seleccionat active\" role=\"button\" href=\"https:\/\/www.softcatala.org\/conjugador-de-verbs\/#\" data-toggle=\"dropdown\" aria-haspopup=\"true\" aria-expanded=\"false\">Diccionaris i eines<\/a>\n<ul class=\"dropdown-menu dropdown-hover\">\n<li><a title=\"Diccionari multiling\u00fce\" href=\"https:\/\/www.softcatala.org\/diccionari-multilingue\/\">Diccionari multiling\u00fce<\/a><\/li>\n<li><a title=\"Diccionari de sin\u00f2nims\" href=\"https:\/\/www.softcatala.org\/diccionari-de-sinonims\/\">Diccionari de sin\u00f2nims<\/a><\/li>\n<li><a title=\"Hora en catal\u00e0\" href=\"https:\/\/www.softcatala.org\/hora-en-catala\/\">Hora en catal\u00e0<\/a><\/li>\n<li><a title=\"Separador i comptador de s\u00edl\u00b7labes\" href=\"https:\/\/www.softcatala.org\/sillabes\/\">Separador i comptador de s\u00edl\u00b7labes<\/a><\/li>\n<li><a title=\"Nombres en lletres\" href=\"https:\/\/www.softcatala.org\/nombres-en-lletres\/\">Nombres en lletres<\/a><\/li>\n<li><a title=\"Conjugador de verbs\" href=\"https:\/\/www.softcatala.org\/conjugador-de-verbs\/\">Conjugador de verbs<\/a><\/li>\n<\/ul>\n<\/li>\n<li><a href=\"https:\/\/www.softcatala.org\/traductor\/\" target=\"_blank\" rel=\"noopener noreferrer\">Traductor (catal\u00e0\/castell\u00e0\/angl\u00e8s)<\/a><\/li>\n<li><a href=\"https:\/\/www.softcatala.org\/corrector\/\" target=\"_blank\" rel=\"noopener noreferrer\">Corrector ortogr\u00e0fic i gramatical<\/a><\/li>\n<\/ul>\n<p><img loading=\"lazy\" decoding=\"async\" class=\"aligncenter size-full wp-image-9371\" src=\"https:\/\/agora.xtec.cat\/cesire_historic\/\/wp-content\/uploads\/usu397\/2020\/05\/softcatala-logo-groc.png\" alt=\"\" width=\"146\" height=\"90\" \/><\/p>\n<hr \/>\n<h5><strong>Saca la lengua<\/strong><\/h5>\n<p>Web de lengua y literatura castellana, creado por Ismael Alonso, que sirve de complemento para las clases de Lengua en Secundaria y Bachillerato y, tambi\u00e9n acerca los contenidos a los estudiantes de una manera interactiva y l\u00fadica. Dispone de material para aquellas personas que est\u00e1n aprendiendo el castellano.<\/p>\n<p style=\"text-align: center;\"><img loading=\"lazy\" decoding=\"async\" class=\"aligncenter wp-image-7249\" src=\"https:\/\/agora.xtec.cat\/cesire_historic\/\/wp-content\/uploads\/usu397\/2019\/09\/baixa-2-300x95.jpg\" alt=\"\" width=\"332\" height=\"105\" srcset=\"https:\/\/agora.xtec.cat\/cesire_historic\/wp-content\/uploads\/usu397\/2019\/09\/baixa-2-300x95.jpg 300w, https:\/\/agora.xtec.cat\/cesire_historic\/wp-content\/uploads\/usu397\/2019\/09\/baixa-2.jpg 400w\" sizes=\"auto, (max-width: 332px) 100vw, 332px\" \/><\/p>\n<p><a href=\"https:\/\/ismaelprofedelengua.blogspot.com\/\" target=\"_blank\" rel=\"noopener noreferrer\">Web<\/a><\/p>\n<hr \/>\n<h5><strong>Tasca aut\u00f2noma d&#8217;escriptura: una bona pr\u00e0ctica per generar textos creatius<\/strong><\/h5>\n<p style=\"text-align: justify;\">Experi\u00e8ncia transversal que es va fer a l&#8217;Escola Torredember de Matadepera (abril 2017).<\/p>\n<p>Trobareu la informaci\u00f3 a la <a href=\"http:\/\/xtec.gencat.cat\/ca\/projectes\/escriptura\/ara-escric\/practiques\/primaria\/\" target=\"_blank\" rel=\"noopener noreferrer\">web de l&#8217;xtec<\/a><\/p>\n<p style=\"text-align: justify;\"><a href=\"https:\/\/agora.xtec.cat\/cesire_historic\/\/wp-content\/uploads\/usu397\/2019\/09\/tasca-autonoma-descriptura.jpg\"><img loading=\"lazy\" decoding=\"async\" class=\"wp-image-7493 aligncenter\" src=\"https:\/\/agora.xtec.cat\/cesire_historic\/\/wp-content\/uploads\/usu397\/2019\/09\/tasca-autonoma-descriptura.jpg\" alt=\"\" width=\"250\" height=\"229\" srcset=\"https:\/\/agora.xtec.cat\/cesire_historic\/wp-content\/uploads\/usu397\/2019\/09\/tasca-autonoma-descriptura.jpg 701w, https:\/\/agora.xtec.cat\/cesire_historic\/wp-content\/uploads\/usu397\/2019\/09\/tasca-autonoma-descriptura-300x274.jpg 300w\" sizes=\"auto, (max-width: 250px) 100vw, 250px\" \/><\/a><\/p>\n<p><a href=\"http:\/\/xtec.gencat.cat\/web\/.content\/projectes\/escriptura\/ara-escric\/documents\/BP_tasca-autonoma_escriptura_esc_joan_torredemer_matadepera.pdf\" target=\"_blank\" rel=\"noopener noreferrer\">Document<\/a><\/p>\n<hr \/>\n<h5><strong>Materiales de lengua<\/strong><\/h5>\n<p>Lourdes Domenech y Ana Isabel Romero, profesoras de Secundaria, son las autoras de\u00a0<a href=\"http:\/\/www.materialesdelengua.org\/\" target=\"_blank\" rel=\"noopener noreferrer\">esta\u00a0p\u00e1gina web<\/a>\u00a0que est\u00e1 formada por diferentes materiales dedicados al mundo de las letras y dirigidos a los estudiantes de 4\u00ba de la ESO y 2\u00ba de Bachillerato. En ella se encuentra un apartado de Actividades Interactivas en el que los docentes consultan recursos TIC, blogs, wikis y otras utilidades para sus clases. Asimismo, tienen acceso a ejercicios relacionados con la acentuaci\u00f3n, los complementos verbales, los ant\u00f3nimos o las oraciones impersonales que los chavales pueden completar en el aula o en casa.<\/p>\n<p style=\"text-align: center;\"><img loading=\"lazy\" decoding=\"async\" class=\"aligncenter wp-image-7281\" src=\"https:\/\/agora.xtec.cat\/cesire_historic\/\/wp-content\/uploads\/usu397\/2019\/09\/lectura_maria-281x300.jpg\" alt=\"\" width=\"172\" height=\"184\" srcset=\"https:\/\/agora.xtec.cat\/cesire_historic\/wp-content\/uploads\/usu397\/2019\/09\/lectura_maria-281x300.jpg 281w, https:\/\/agora.xtec.cat\/cesire_historic\/wp-content\/uploads\/usu397\/2019\/09\/lectura_maria.jpg 363w\" sizes=\"auto, (max-width: 172px) 100vw, 172px\" \/><\/p>\n<p><a href=\"http:\/\/www.materialesdelengua.org\/\" target=\"_blank\" rel=\"noopener noreferrer\">Web<\/a><\/p>\n<hr \/>\n<h5><strong>Grafisme creatiu<\/strong><\/h5>\n<p>Proposta de treball de l&#8217;Escola Sant Miquel de Cornell\u00e0 sobre els tra\u00e7os com a treball previ de les habilitats que ajudaran els alumnes d&#8217;Educaci\u00f3 Infantil en el llenguatge escrit.<\/p>\n<p>Trobareu la informaci\u00f3 a la<a href=\"http:\/\/xtec.gencat.cat\/ca\/projectes\/escriptura\/ara-escric\/practiques\/eici\/\" target=\"_blank\" rel=\"noopener noreferrer\"> web de l&#8217;xtec<\/a><\/p>\n<p style=\"text-align: center;\"><a href=\"https:\/\/agora.xtec.cat\/cesire_historic\/\/wp-content\/uploads\/usu397\/2019\/09\/practiques_eici.png\"><img loading=\"lazy\" decoding=\"async\" class=\"alignnone wp-image-7569\" src=\"https:\/\/agora.xtec.cat\/cesire_historic\/\/wp-content\/uploads\/usu397\/2019\/09\/practiques_eici.png\" alt=\"\" width=\"249\" height=\"187\" srcset=\"https:\/\/agora.xtec.cat\/cesire_historic\/wp-content\/uploads\/usu397\/2019\/09\/practiques_eici.png 442w, https:\/\/agora.xtec.cat\/cesire_historic\/wp-content\/uploads\/usu397\/2019\/09\/practiques_eici-300x226.png 300w, https:\/\/agora.xtec.cat\/cesire_historic\/wp-content\/uploads\/usu397\/2019\/09\/practiques_eici-200x150.png 200w\" sizes=\"auto, (max-width: 249px) 100vw, 249px\" \/><\/a><\/p>\n<p><a href=\"http:\/\/xtec.gencat.cat\/web\/.content\/projectes\/escriptura\/ara-escric\/documents\/BP_grafisme_st_miquel_cornella-1.pdf\" target=\"_blank\" rel=\"noopener noreferrer\">Pr\u00e0ctica<\/a><\/p>\n<p>Aquesta pr\u00e0ctica va acompanyada de\u00a0<a href=\"http:\/\/xtec.gencat.cat\/ca\/projectes\/escriptura\/ara-escric\/practiques\/eici\/videos\/index.html\">4 v\u00eddeos d\u2019exemplificaci\u00f3<\/a>.<\/p>\n<hr \/>\n<h5><strong>Rutines de pensament a l&#8217;aula<\/strong><\/h5>\n<p>Rutines que hi trobareu: cicle de punt de vista; la bru\u00edxola; penso-m&#8217;interessa-investigo; paraula-idea-frase; relacionar-ampliar-preguntar; veig-penso-em pregunto; generar-classificar-relacionar- desenvolupar; color-s\u00edmbol-imatge; pont i, finalment, headlines.<\/p>\n<p>&nbsp;<\/p>\n<p style=\"text-align: center;\"><a href=\"https:\/\/agora.xtec.cat\/cesire_historic\/\/wp-content\/uploads\/usu397\/2019\/09\/814bc172-586c-4692-8f90-be3c304adb9a.jpeg\"><img loading=\"lazy\" decoding=\"async\" class=\"alignnone wp-image-7591\" src=\"https:\/\/agora.xtec.cat\/cesire_historic\/\/wp-content\/uploads\/usu397\/2019\/09\/814bc172-586c-4692-8f90-be3c304adb9a.jpeg\" alt=\"\" width=\"162\" height=\"160\" \/><\/a><\/p>\n<p><a href=\"https:\/\/view.genial.ly\/5d83e54b1280a80f49a4056d\" target=\"_blank\" rel=\"noopener noreferrer\">Enlla\u00e7<\/a><\/p>\n<hr \/>\n<h5>Caixa d&#8217;eines per a la llengua escrita<\/h5>\n<p><img loading=\"lazy\" decoding=\"async\" class=\"aligncenter wp-image-9638\" src=\"https:\/\/agora.xtec.cat\/cesire_historic\/\/wp-content\/uploads\/usu397\/2020\/06\/CAIXA-DEINES-PER-A-LESCRIPTURA_P\u00e1gina_1.jpg\" alt=\"\" width=\"780\" height=\"551\" srcset=\"https:\/\/agora.xtec.cat\/cesire_historic\/wp-content\/uploads\/usu397\/2020\/06\/CAIXA-DEINES-PER-A-LESCRIPTURA_P\u00e1gina_1.jpg 2339w, https:\/\/agora.xtec.cat\/cesire_historic\/wp-content\/uploads\/usu397\/2020\/06\/CAIXA-DEINES-PER-A-LESCRIPTURA_P\u00e1gina_1-300x212.jpg 300w, https:\/\/agora.xtec.cat\/cesire_historic\/wp-content\/uploads\/usu397\/2020\/06\/CAIXA-DEINES-PER-A-LESCRIPTURA_P\u00e1gina_1-768x543.jpg 768w, https:\/\/agora.xtec.cat\/cesire_historic\/wp-content\/uploads\/usu397\/2020\/06\/CAIXA-DEINES-PER-A-LESCRIPTURA_P\u00e1gina_1-1024x724.jpg 1024w\" sizes=\"auto, (max-width: 780px) 100vw, 780px\" \/><\/p>\n<p>&nbsp;<\/p>\n<p>&nbsp;<\/p>\n<p>Gemma Vives<\/p>\n<p>Assessora LIC<br \/>\nServeis Educatius<br \/>\nBaix Llobregat V Cornell\u00e0- St Joan Desp\u00ed<\/p>\n","protected":false},"excerpt":{"rendered":"<p>L&#8217;expressi\u00f3 escrita \u00e9s la capacitat d&#8217;utilitzar l&#8217;escriptura com una activitat que permet comunicar-se, organitzar-se, aprendre i participar en la societat.Aquesta capacitat es troba estretament vinculada a la lectura, ja que ambdues habilitats es potencien m\u00fatuament. Escriure b\u00e9 facilita pensar b\u00e9.<\/p>\n<p>&nbsp;<\/p>\n<p>Itineraris per a l&#8217;aprenentatge de la&hellip;  <a href=\"https:\/\/agora.xtec.cat\/cesire_historic\/ambit-linguistic\/recursos-per-a-laula_ll\/expressio-escrita\/\" title=\"Read Expressi\u00f3 escrita\">Llegeix m\u00e9s\u00bb<\/a><\/p>\n","protected":false},"author":1,"featured_media":0,"parent":4583,"menu_order":3,"comment_status":"closed","ping_status":"closed","template":"page-templates\/side-menu.php","meta":{"_bbp_topic_count":0,"_bbp_reply_count":0,"_bbp_total_topic_count":0,"_bbp_total_reply_count":0,"_bbp_voice_count":0,"_bbp_anonymous_reply_count":0,"_bbp_topic_count_hidden":0,"_bbp_reply_count_hidden":0,"_bbp_forum_subforum_count":0,"footnotes":""},"class_list":["post-5400","page","type-page","status-publish","hentry"],"post_mailing_queue_ids":[],"_links":{"self":[{"href":"https:\/\/agora.xtec.cat\/cesire_historic\/wp-json\/wp\/v2\/pages\/5400","targetHints":{"allow":["GET"]}}],"collection":[{"href":"https:\/\/agora.xtec.cat\/cesire_historic\/wp-json\/wp\/v2\/pages"}],"about":[{"href":"https:\/\/agora.xtec.cat\/cesire_historic\/wp-json\/wp\/v2\/types\/page"}],"author":[{"embeddable":true,"href":"https:\/\/agora.xtec.cat\/cesire_historic\/wp-json\/wp\/v2\/users\/1"}],"replies":[{"embeddable":true,"href":"https:\/\/agora.xtec.cat\/cesire_historic\/wp-json\/wp\/v2\/comments?post=5400"}],"version-history":[{"count":4,"href":"https:\/\/agora.xtec.cat\/cesire_historic\/wp-json\/wp\/v2\/pages\/5400\/revisions"}],"predecessor-version":[{"id":10652,"href":"https:\/\/agora.xtec.cat\/cesire_historic\/wp-json\/wp\/v2\/pages\/5400\/revisions\/10652"}],"up":[{"embeddable":true,"href":"https:\/\/agora.xtec.cat\/cesire_historic\/wp-json\/wp\/v2\/pages\/4583"}],"wp:attachment":[{"href":"https:\/\/agora.xtec.cat\/cesire_historic\/wp-json\/wp\/v2\/media?parent=5400"}],"curies":[{"name":"wp","href":"https:\/\/api.w.org\/{rel}","templated":true}]}}