{"id":5393,"date":"2019-04-30T12:58:36","date_gmt":"2019-04-30T10:58:36","guid":{"rendered":"http:\/\/agora.xtec.cat\/cesire_historic\/\/?page_id=5393"},"modified":"2020-03-26T16:39:17","modified_gmt":"2020-03-26T15:39:17","slug":"comprensio-lectora","status":"publish","type":"page","link":"https:\/\/agora.xtec.cat\/cesire_historic\/ambit-linguistic\/recursos-per-a-laula_ll\/comprensio-lectora\/","title":{"rendered":"Comprensi\u00f3 lectora"},"content":{"rendered":"<p>La comprensi\u00f3 lectora \u00e9s la capacitat de construir significat, valorar i interpretar textos escrits, per assolir objectius personals i desenvolupar el propi coneixement. Entendre el que diu un text, interactuar-hi est\u00e0 relacionat amb els processos cognitius que fem servir per aprendre.<img loading=\"lazy\" decoding=\"async\" class=\"aligncenter wp-image-5554\" src=\"https:\/\/agora.xtec.cat\/cesire_historic\/\/wp-content\/uploads\/usu397\/2019\/05\/lectura-300x195.jpg\" alt=\"\" width=\"260\" height=\"169\" srcset=\"https:\/\/agora.xtec.cat\/cesire_historic\/wp-content\/uploads\/usu397\/2019\/05\/lectura-300x195.jpg 300w, https:\/\/agora.xtec.cat\/cesire_historic\/wp-content\/uploads\/usu397\/2019\/05\/lectura-768x499.jpg 768w, https:\/\/agora.xtec.cat\/cesire_historic\/wp-content\/uploads\/usu397\/2019\/05\/lectura-1024x666.jpg 1024w\" sizes=\"auto, (max-width: 260px) 100vw, 260px\" \/><\/p>\n<hr \/>\n<h5><strong>Banc de recursos de lectura<\/strong><\/h5>\n<p>El\u00a0<a href=\"http:\/\/xtec.gencat.cat\/ca\/serveis\/sez\/crp\/bancderecursos\/\" target=\"_blank\" rel=\"noopener noreferrer\">Banc Recursos de Lectura<\/a>\u00a0\u00e9s un portal informatiu que cont\u00e9 una selecci\u00f3 de recursos, revisats i actualitzats, sobre la lectura en tot el seu abast, fruit de la col\u00b7laboraci\u00f3 entre entre els centres de recursos pedag\u00f2gics (CRP) del Departament d\u2019Ensenyament.<\/p>\n<p>Ofereix informaci\u00f3 d\u2019activitats, propostes did\u00e0ctiques, pr\u00e0ctiques educatives, materials sobre compet\u00e8ncia lectora i informacional, seleccions bibliogr\u00e0fiques i guies, articles i revistes, cursos de formaci\u00f3, documentaci\u00f3 i estudis, associacions i entitats dedicades al foment lector, llibreries especialitzades, etc.<\/p>\n<p style=\"text-align: center;\"><img loading=\"lazy\" decoding=\"async\" class=\"aligncenter wp-image-7167\" src=\"https:\/\/agora.xtec.cat\/cesire_historic\/\/wp-content\/uploads\/usu397\/2019\/09\/Czi38NoXgAA35Rc-300x146.jpg\" alt=\"\" width=\"251\" height=\"122\" srcset=\"https:\/\/agora.xtec.cat\/cesire_historic\/wp-content\/uploads\/usu397\/2019\/09\/Czi38NoXgAA35Rc-300x146.jpg 300w, https:\/\/agora.xtec.cat\/cesire_historic\/wp-content\/uploads\/usu397\/2019\/09\/Czi38NoXgAA35Rc.jpg 553w\" sizes=\"auto, (max-width: 251px) 100vw, 251px\" \/><\/p>\n<hr \/>\n<h5><strong>Blogs per educar i crear bons lectors<\/strong><\/h5>\n<p>Banc de recursos per desenvolupar activitats lligades a la lectura a qualsevol nivell educatiu<\/p>\n<p style=\"text-align: center;\"><img loading=\"lazy\" decoding=\"async\" class=\"aligncenter wp-image-7168\" src=\"https:\/\/agora.xtec.cat\/cesire_historic\/\/wp-content\/uploads\/usu397\/2019\/09\/leerparaexistir-300x300.png\" alt=\"\" width=\"250\" height=\"250\" srcset=\"https:\/\/agora.xtec.cat\/cesire_historic\/wp-content\/uploads\/usu397\/2019\/09\/leerparaexistir-300x300.png 300w, https:\/\/agora.xtec.cat\/cesire_historic\/wp-content\/uploads\/usu397\/2019\/09\/leerparaexistir-300x300-150x150.png 150w\" sizes=\"auto, (max-width: 250px) 100vw, 250px\" \/><\/p>\n<p><a href=\"http:\/\/cedec.educalab.es\/es\/noticias-de-portada\/2455-20-blogs-de-docentes-para-educar-y-crear-buenos-lectores\" target=\"_blank\" rel=\"noopener noreferrer\">M\u00e9s informaci\u00f3<\/a><\/p>\n<hr \/>\n<h5><strong>Seq\u00fc\u00e8ncia Did\u00e0ctica\u00a0 &#8220;Flaire de xocolata desfeta&#8221;<\/strong><\/h5>\n<p><a href=\"https:\/\/agora.xtec.cat\/cesire_historic\/\/wp-content\/uploads\/usu397\/2019\/09\/coffee-157458_640.png\"><img loading=\"lazy\" decoding=\"async\" class=\"wp-image-7482 aligncenter\" src=\"https:\/\/agora.xtec.cat\/cesire_historic\/\/wp-content\/uploads\/usu397\/2019\/09\/coffee-157458_640.png\" alt=\"\" width=\"247\" height=\"224\" srcset=\"https:\/\/agora.xtec.cat\/cesire_historic\/wp-content\/uploads\/usu397\/2019\/09\/coffee-157458_640.png 640w, https:\/\/agora.xtec.cat\/cesire_historic\/wp-content\/uploads\/usu397\/2019\/09\/coffee-157458_640-300x272.png 300w\" sizes=\"auto, (max-width: 247px) 100vw, 247px\" \/><\/a><\/p>\n<p>&nbsp;<\/p>\n<p><a href=\"http:\/\/diposit.ub.edu\/dspace\/bitstream\/2445\/63883\/1\/SD8XocolatadesfetaJoanLluisLluis%281%29.pdf\" target=\"_blank\" rel=\"noopener noreferrer\">Proposta did\u00e0ctica<\/a> per treballar relats breus a 1r cicle de l&#8217;ESO que inclou material tant per a docents com per a l&#8217;alumnat. Material creat per Alba Ambr\u00f3s (membre <a href=\"http:\/\/www.ub.edu\/aradll\/\" target=\"_blank\" rel=\"noopener noreferrer\">grup de recerca ARA<\/a>).Es treballa tant la comprensi\u00f3 lectora com aspectes de gram\u00e0tica, i tamb\u00e9 es fomenta l&#8217;\u00fas de les TIC.<\/p>\n<p>Parteix de l&#8217;obra\u00a0<em><a href=\"http:\/\/florencisalesaspla.blogspot.com\/2010\/02\/xocolata-desfeta-de-joan-lluis-lluis.html\" target=\"_blank\" rel=\"noopener noreferrer\">Xocolata desfeta<\/a>\u00a0<\/em>de Joan Llu\u00eds Llu\u00eds,\u00a0 publicada a Ed. La Magrana.<\/p>\n<hr \/>\n<h5><strong>Blog [Entre lectura<\/strong>s]<\/h5>\n<p>Blog de Diego Bernal, professor de llengua i literatura castellana. \u00a0Propostes de llengua i literatura que us poden ser de gran utilitat. Entre d&#8217;altres: Directo Lucanor, Libros por un tubo, Literaclip, el trimestre del amor, etc.<\/p>\n<p style=\"text-align: center;\"><a href=\"https:\/\/agora.xtec.cat\/cesire_historic\/\/wp-content\/uploads\/usu397\/2019\/09\/girl-1176165_640.jpg\"><img loading=\"lazy\" decoding=\"async\" class=\"alignnone wp-image-7562\" src=\"https:\/\/agora.xtec.cat\/cesire_historic\/\/wp-content\/uploads\/usu397\/2019\/09\/girl-1176165_640.jpg\" alt=\"\" width=\"251\" height=\"188\" srcset=\"https:\/\/agora.xtec.cat\/cesire_historic\/wp-content\/uploads\/usu397\/2019\/09\/girl-1176165_640.jpg 640w, https:\/\/agora.xtec.cat\/cesire_historic\/wp-content\/uploads\/usu397\/2019\/09\/girl-1176165_640-300x225.jpg 300w, https:\/\/agora.xtec.cat\/cesire_historic\/wp-content\/uploads\/usu397\/2019\/09\/girl-1176165_640-200x150.jpg 200w\" sizes=\"auto, (max-width: 251px) 100vw, 251px\" \/><\/a><\/p>\n<ul>\n<li><a href=\"https:\/\/dientrelecturas.blogspot.com.es\/p\/sites.html\" target=\"_blank\" rel=\"noopener noreferrer\">Enlla\u00e7<\/a><\/li>\n<\/ul>\n","protected":false},"excerpt":{"rendered":"<p>La comprensi\u00f3 lectora \u00e9s la capacitat de construir significat, valorar i interpretar textos escrits, per assolir objectius personals i desenvolupar el propi coneixement. Entendre el que diu un text, interactuar-hi est\u00e0 relacionat amb els processos cognitius que fem servir per aprendre.<\/p>\n<p>Banc de recursos de lectura<br \/>\nEl\u00a0<a&hellip;  <a href=\"https:\/\/agora.xtec.cat\/cesire_historic\/ambit-linguistic\/recursos-per-a-laula_ll\/comprensio-lectora\/\" title=\"Read Comprensi\u00f3 lectora\">Llegeix m\u00e9s\u00bb<\/a><\/p>\n","protected":false},"author":1,"featured_media":0,"parent":4583,"menu_order":2,"comment_status":"closed","ping_status":"closed","template":"page-templates\/side-menu.php","meta":{"_bbp_topic_count":0,"_bbp_reply_count":0,"_bbp_total_topic_count":0,"_bbp_total_reply_count":0,"_bbp_voice_count":0,"_bbp_anonymous_reply_count":0,"_bbp_topic_count_hidden":0,"_bbp_reply_count_hidden":0,"_bbp_forum_subforum_count":0,"footnotes":""},"class_list":["post-5393","page","type-page","status-publish","hentry"],"post_mailing_queue_ids":[],"_links":{"self":[{"href":"https:\/\/agora.xtec.cat\/cesire_historic\/wp-json\/wp\/v2\/pages\/5393","targetHints":{"allow":["GET"]}}],"collection":[{"href":"https:\/\/agora.xtec.cat\/cesire_historic\/wp-json\/wp\/v2\/pages"}],"about":[{"href":"https:\/\/agora.xtec.cat\/cesire_historic\/wp-json\/wp\/v2\/types\/page"}],"author":[{"embeddable":true,"href":"https:\/\/agora.xtec.cat\/cesire_historic\/wp-json\/wp\/v2\/users\/1"}],"replies":[{"embeddable":true,"href":"https:\/\/agora.xtec.cat\/cesire_historic\/wp-json\/wp\/v2\/comments?post=5393"}],"version-history":[{"count":4,"href":"https:\/\/agora.xtec.cat\/cesire_historic\/wp-json\/wp\/v2\/pages\/5393\/revisions"}],"predecessor-version":[{"id":8940,"href":"https:\/\/agora.xtec.cat\/cesire_historic\/wp-json\/wp\/v2\/pages\/5393\/revisions\/8940"}],"up":[{"embeddable":true,"href":"https:\/\/agora.xtec.cat\/cesire_historic\/wp-json\/wp\/v2\/pages\/4583"}],"wp:attachment":[{"href":"https:\/\/agora.xtec.cat\/cesire_historic\/wp-json\/wp\/v2\/media?parent=5393"}],"curies":[{"name":"wp","href":"https:\/\/api.w.org\/{rel}","templated":true}]}}