{"id":5391,"date":"2019-04-30T12:57:39","date_gmt":"2019-04-30T10:57:39","guid":{"rendered":"http:\/\/agora.xtec.cat\/cesire_historic\/\/?page_id=5391"},"modified":"2021-04-28T09:48:03","modified_gmt":"2021-04-28T07:48:03","slug":"comunicacio-oral","status":"publish","type":"page","link":"https:\/\/agora.xtec.cat\/cesire_historic\/ambit-linguistic\/recursos-per-a-laula_ll\/comunicacio-oral\/","title":{"rendered":"Comunicaci\u00f3 oral"},"content":{"rendered":"<p style=\"text-align: justify;\">La comunicaci\u00f3 oral \u00e9s la capacitat de comprendre i expressar missatges orals tenint present el destinatari, el prop\u00f2sit i la situaci\u00f3 comunicativa. La compet\u00e8ncia oral facilita, a trav\u00e9s dels intercanvis amb els altres, elaborar i expressar idees, opinions i sentiments, construeix el propi pensament i desenvolupa l&#8217;expressivitat i la flu\u00efdesa.<\/p>\n<p style=\"text-align: justify;\"><img loading=\"lazy\" decoding=\"async\" class=\"wp-image-5544 aligncenter\" src=\"https:\/\/agora.xtec.cat\/cesire_historic\/\/wp-content\/uploads\/usu397\/2019\/05\/parlar-300x225.jpg\" alt=\"\" width=\"247\" height=\"186\" srcset=\"https:\/\/agora.xtec.cat\/cesire_historic\/wp-content\/uploads\/usu397\/2019\/05\/parlar-300x225.jpg 300w, https:\/\/agora.xtec.cat\/cesire_historic\/wp-content\/uploads\/usu397\/2019\/05\/parlar-768x576.jpg 768w, https:\/\/agora.xtec.cat\/cesire_historic\/wp-content\/uploads\/usu397\/2019\/05\/parlar-1024x768.jpg 1024w, https:\/\/agora.xtec.cat\/cesire_historic\/wp-content\/uploads\/usu397\/2019\/05\/parlar-200x150.jpg 200w\" sizes=\"auto, (max-width: 247px) 100vw, 247px\" \/><\/p>\n<hr \/>\n<h5>COMCOMINCAR<\/h5>\n<p>Recursos per millorar i avaluar les compet\u00e8ncies comunicatives de l&#8217;alumnat (UAB)<\/p>\n<p style=\"text-align: center;\"><img loading=\"lazy\" decoding=\"async\" class=\"aligncenter wp-image-10637\" src=\"https:\/\/agora.xtec.cat\/cesire_historic\/\/wp-content\/uploads\/usu397\/2021\/01\/group-1825513_640.jpg\" alt=\"\" width=\"268\" height=\"119\" srcset=\"https:\/\/agora.xtec.cat\/cesire_historic\/wp-content\/uploads\/usu397\/2021\/01\/group-1825513_640.jpg 640w, https:\/\/agora.xtec.cat\/cesire_historic\/wp-content\/uploads\/usu397\/2021\/01\/group-1825513_640-300x134.jpg 300w\" sizes=\"auto, (max-width: 268px) 100vw, 268px\" \/><\/p>\n<p><a href=\"https:\/\/www.upc.edu\/slt\/comcomunicar\/#.YA3DROhKjIU\" target=\"_blank\" rel=\"noopener noreferrer\">M\u00e9s informaci\u00f3<\/a><\/p>\n<p>_____________________________________________________________________________________________________________<\/p>\n<h5><strong>Pronunciaci\u00f3 en catal\u00e0<\/strong><\/h5>\n<p>L&#8217;espai\u00a0<b>Web Guies<\/b>\u00a0ofereix materials d&#8217;aprenentatge per a la pronunciaci\u00f3 en catal\u00e0 com a segona llengua o llengua estrangera.<\/p>\n<p style=\"text-align: center;\"><a href=\"https:\/\/agora.xtec.cat\/cesire_historic\/\/wp-content\/uploads\/usu397\/2019\/09\/baixa-1.png\"><img loading=\"lazy\" decoding=\"async\" class=\"alignnone size-full wp-image-7518\" src=\"https:\/\/agora.xtec.cat\/cesire_historic\/\/wp-content\/uploads\/usu397\/2019\/09\/baixa-1.png\" alt=\"\" width=\"338\" height=\"149\" srcset=\"https:\/\/agora.xtec.cat\/cesire_historic\/wp-content\/uploads\/usu397\/2019\/09\/baixa-1.png 338w, https:\/\/agora.xtec.cat\/cesire_historic\/wp-content\/uploads\/usu397\/2019\/09\/baixa-1-300x132.png 300w\" sizes=\"auto, (max-width: 338px) 100vw, 338px\" \/><\/a><\/p>\n<p><a href=\"http:\/\/www.ub.edu\/guiesdepronunciacio\/\" target=\"_blank\" rel=\"noopener noreferrer\">Guies de pronunciaci\u00f3 del catal\u00e0<\/a><\/p>\n<hr \/>\n<h5>Guia de correcci\u00f3 fon\u00e8tica &#8211; Gabriel Bibiloni<\/h5>\n<p>Models de pronunciaci\u00f3 \u00fatils per a docents i persones dels mitjans de comunicaci\u00f3 que faran que el vostre alumnat pugui adquirir una bona compet\u00e8ncia oral a nivell fon\u00e8tic. S&#8217;organitza en tres apartats:<\/p>\n<p>a) correcci\u00f3 de faltes b\u00e0siques<\/p>\n<p>b) orientacions per a la bona pronunciaci\u00f3<\/p>\n<p>c) models de pronunciaci\u00f3<\/p>\n<p style=\"text-align: center;\"><img loading=\"lazy\" decoding=\"async\" class=\"alignnone wp-image-8937\" src=\"https:\/\/agora.xtec.cat\/cesire_historic\/\/wp-content\/uploads\/usu397\/2020\/03\/guia-de-correcci\u00f3-fon\u00e8tica.png\" alt=\"\" width=\"514\" height=\"104\" srcset=\"https:\/\/agora.xtec.cat\/cesire_historic\/wp-content\/uploads\/usu397\/2020\/03\/guia-de-correcci\u00f3-fon\u00e8tica.png 549w, https:\/\/agora.xtec.cat\/cesire_historic\/wp-content\/uploads\/usu397\/2020\/03\/guia-de-correcci\u00f3-fon\u00e8tica-300x61.png 300w\" sizes=\"auto, (max-width: 514px) 100vw, 514px\" \/><\/p>\n<p><a href=\"http:\/\/bibiloni.cat\/correcciofonetica\/\" target=\"_blank\" rel=\"noopener noreferrer\">Enlla\u00e7<\/a><\/p>\n<hr \/>\n<h5><\/h5>\n<h5><\/h5>\n<h5>Expressa&#8217;t amb entusiasme. Tutorials sobre comunicaci\u00f3 oral en p\u00fablic<\/h5>\n<p><span style=\"color: #000000;\">Aquest \u00e9s un recurs per donar suport als nois i noies <\/span>de Batxillerat en la presentaci\u00f3 oral del TR. Hi trobareu consells perqu\u00e8 puguin estructurar i dissenyar el seu discurs oral tenint en compte la tria del contingut, la posada en escena i l&#8217;assaig oral.<\/p>\n<p><img loading=\"lazy\" decoding=\"async\" class=\"aligncenter wp-image-9421\" src=\"https:\/\/agora.xtec.cat\/cesire_historic\/\/wp-content\/uploads\/usu397\/2020\/05\/oral.jpg\" alt=\"\" width=\"152\" height=\"152\" \/><\/p>\n<p style=\"text-align: center;\"><a href=\"https:\/\/www.youtube.com\/channel\/UCJ83_NaAcw2kPHER_fLj8DA\" target=\"_blank\" rel=\"noopener noreferrer\">Video<\/a><\/p>\n<hr \/>\n<h5>Comunica. Programa per al desenvolupament de la compet\u00e8ncia comunicativa<\/h5>\n<p>Aquest programa d&#8217;EduCaixa t\u00e9 com a objectiu desenvolupar la compet\u00e8ncia comunicativa de l&#8217;alumnat refor\u00e7ant la seva capacitat argumentativa i en la seva construcci\u00f3 s\u00f2lida del raonament i l&#8217;argumentaci\u00f3. Treballa 5 aspectes clau: exposici\u00f3, argumentaci\u00f3, dramatitzaci\u00f3, recitaci\u00f3 i narraci\u00f3.<\/p>\n<p><img loading=\"lazy\" decoding=\"async\" class=\"aligncenter wp-image-11381\" src=\"https:\/\/agora.xtec.cat\/cesire_historic\/\/wp-content\/uploads\/usu397\/2021\/04\/hand-4661763_640.jpg\" alt=\"\" width=\"227\" height=\"151\" srcset=\"https:\/\/agora.xtec.cat\/cesire_historic\/wp-content\/uploads\/usu397\/2021\/04\/hand-4661763_640.jpg 640w, https:\/\/agora.xtec.cat\/cesire_historic\/wp-content\/uploads\/usu397\/2021\/04\/hand-4661763_640-300x200.jpg 300w\" sizes=\"auto, (max-width: 227px) 100vw, 227px\" \/><\/p>\n<p><a href=\"https:\/\/educaixa.org\/ca\/programa-comunica\" target=\"_blank\" rel=\"noopener noreferrer\">Enlla\u00e7<\/a><\/p>\n<p>_____________________________________________________________________________________________________________<\/p>\n<h5>Caixa d&#8217;eines per a la llengua oral<\/h5>\n<p><img loading=\"lazy\" decoding=\"async\" class=\"aligncenter wp-image-9634\" src=\"https:\/\/agora.xtec.cat\/cesire_historic\/\/wp-content\/uploads\/usu397\/2020\/06\/CAIXA-DEINES-EXPRESSI\u00d3-ORAL-1.jpg\" alt=\"\" width=\"636\" height=\"451\" srcset=\"https:\/\/agora.xtec.cat\/cesire_historic\/wp-content\/uploads\/usu397\/2020\/06\/CAIXA-DEINES-EXPRESSI\u00d3-ORAL-1.jpg 2339w, https:\/\/agora.xtec.cat\/cesire_historic\/wp-content\/uploads\/usu397\/2020\/06\/CAIXA-DEINES-EXPRESSI\u00d3-ORAL-1-300x212.jpg 300w, https:\/\/agora.xtec.cat\/cesire_historic\/wp-content\/uploads\/usu397\/2020\/06\/CAIXA-DEINES-EXPRESSI\u00d3-ORAL-1-768x543.jpg 768w, https:\/\/agora.xtec.cat\/cesire_historic\/wp-content\/uploads\/usu397\/2020\/06\/CAIXA-DEINES-EXPRESSI\u00d3-ORAL-1-1024x724.jpg 1024w\" sizes=\"auto, (max-width: 636px) 100vw, 636px\" \/><\/p>\n<p style=\"text-align: center;\">Gemma Vives<\/p>\n<div style=\"text-align: center;\"><span style=\"color: #134f5c; font-family: verdana, sans-serif;\">Assessora LIC\u00a0<\/span><\/div>\n<div style=\"text-align: center;\"><span style=\"color: #134f5c; font-family: verdana, sans-serif;\">Serveis Educatius<\/span><\/div>\n<div style=\"text-align: center;\"><span style=\"color: #134f5c; font-family: verdana, sans-serif;\">Baix Llobregat V Cornell\u00e0- St Joan Desp\u00ed<\/span><\/div>\n<div><\/div>\n<div><\/div>\n<hr \/>\n<h5>Lletres a les aules. En veu alta<\/h5>\n<div><\/div>\n<div>\n<p>Proposta\u00a0 que facilita als docents antologies de textos literaris, que giren al voltant d&#8217;un eix tem\u00e0tic gen\u00e8ric, per ser dites a l&#8217;aula per un bon lector. Es presenten seguint un gui\u00f3 que vol ajudar els oients a seguir la lectura.<\/p>\n<p><img loading=\"lazy\" decoding=\"async\" class=\"aligncenter wp-image-10086\" src=\"https:\/\/agora.xtec.cat\/cesire_historic\/\/wp-content\/uploads\/usu397\/2020\/10\/aules-web.jpg_2035112596.jpg\" alt=\"\" width=\"358\" height=\"129\" srcset=\"https:\/\/agora.xtec.cat\/cesire_historic\/wp-content\/uploads\/usu397\/2020\/10\/aules-web.jpg_2035112596.jpg 990w, https:\/\/agora.xtec.cat\/cesire_historic\/wp-content\/uploads\/usu397\/2020\/10\/aules-web.jpg_2035112596-300x108.jpg 300w, https:\/\/agora.xtec.cat\/cesire_historic\/wp-content\/uploads\/usu397\/2020\/10\/aules-web.jpg_2035112596-768x277.jpg 768w\" sizes=\"auto, (max-width: 358px) 100vw, 358px\" \/><\/p>\n<p><a href=\"https:\/\/cultura.gencat.cat\/ca\/ilc\/programes\/lletres-a-les-aules\/\" target=\"_blank\" rel=\"noopener noreferrer\">M\u00e9s informaci\u00f3<\/a><\/p>\n<\/div>\n<hr \/>\n<h5><strong>Com fer la presentaci\u00f3 oral del treball de recerca de batxillerat<\/strong><a href=\"https:\/\/www.youtube.com\/watch?v=u9wSAqBlct0\"><img loading=\"lazy\" decoding=\"async\" class=\"aligncenter wp-image-6802\" src=\"https:\/\/agora.xtec.cat\/cesire_historic\/\/wp-content\/uploads\/usu397\/2019\/07\/speech-1019777_640-1-300x300.jpg\" alt=\"\" width=\"216\" height=\"216\" srcset=\"https:\/\/agora.xtec.cat\/cesire_historic\/wp-content\/uploads\/usu397\/2019\/07\/speech-1019777_640-1-300x300.jpg 300w, https:\/\/agora.xtec.cat\/cesire_historic\/wp-content\/uploads\/usu397\/2019\/07\/speech-1019777_640-1-150x150.jpg 150w, https:\/\/agora.xtec.cat\/cesire_historic\/wp-content\/uploads\/usu397\/2019\/07\/speech-1019777_640-1.jpg 640w\" sizes=\"auto, (max-width: 216px) 100vw, 216px\" \/><\/a><\/h5>\n<p><a href=\"https:\/\/www.youtube.com\/watch?v=u9wSAqBlct0\" target=\"_blank\" rel=\"noopener noreferrer\">V\u00eddeo<\/a><\/p>\n<hr \/>\n<h5>4 cats<\/h5>\n<p>Es tracta d&#8217;una s\u00e8rie protagonitzada per joves universitaris de diferents indrets dels territoris de llengua catalana (la Llum d&#8217;Igualada, la Bel mallorquina, en Pep de la Catalunya central, la Sara, galesa i en Carles de Val\u00e8ncia) creats amb l&#8217;objectiu d&#8217;arribar al p\u00fablic jove i facilitar-los l&#8217;aprenentatge de la llengua catalana. Aquest material audiovisual est\u00e0 graduat per nivells (baix, mitj\u00e0 i alt) , categoritzat pel registre (formal o informal)\u00a0 i pel dialecte que fan servir els personatges a cada cap\u00edtol (valenci\u00e0, balear o central). Hi trobareu, a la banda esquerra de la pantalla,\u00a0 la transcripci\u00f3 dels di\u00e0legs de cada cap\u00edtol i un resum del context, aspectes de gram\u00e0tica i de l\u00e8xic que poden apar\u00e8ixer en diferents idiomes (castell\u00e0\/espanyol, angl\u00e8s, franc\u00e8s o itali\u00e0). Creat i dif\u00f3s per l&#8217;Institut Ramon Llull.<\/p>\n<p><img loading=\"lazy\" decoding=\"async\" class=\"aligncenter wp-image-10090\" src=\"https:\/\/agora.xtec.cat\/cesire_historic\/\/wp-content\/uploads\/usu397\/2020\/10\/baixa-1.jpg\" alt=\"\" width=\"255\" height=\"138\" srcset=\"https:\/\/agora.xtec.cat\/cesire_historic\/wp-content\/uploads\/usu397\/2020\/10\/baixa-1.jpg 305w, https:\/\/agora.xtec.cat\/cesire_historic\/wp-content\/uploads\/usu397\/2020\/10\/baixa-1-300x162.jpg 300w\" sizes=\"auto, (max-width: 255px) 100vw, 255px\" \/><\/p>\n<p><a href=\"http:\/\/4cats.llull.cat\/4cats\/index.cfm\" target=\"_blank\" rel=\"noopener noreferrer\">M\u00e9s informaci\u00f3<\/a><\/p>\n<p style=\"text-align: center;\">\n<hr \/>\n<h5><strong>Improversem: reflexi\u00f3 i debat mitjan\u00e7ant la glossa i el rap<\/strong><\/h5>\n<p style=\"text-align: justify;\">Projecte que treballa l&#8217;oralitat com a mitj\u00e0 d&#8217;expressi\u00f3 cr\u00edtic a trav\u00e9s de la glossa i el rap . Us recomanem\u00a0la <a href=\"http:\/\/www.eduglosa.cat\/wp-content\/uploads\/2018\/06\/Material-docent-improversem.-Definitiu.pptx\" target=\"_blank\" rel=\"noopener noreferrer\">seq\u00fcencia d\u2019activitats i materials<\/a> del projecte &#8220;Improversem: reflexi\u00f3 i debat mitjan\u00e7ant la glosa i el rap&#8221;. \u200b<\/p>\n<p style=\"text-align: center;\"><img loading=\"lazy\" decoding=\"async\" class=\"wp-image-7139 aligncenter\" src=\"https:\/\/agora.xtec.cat\/cesire_historic\/\/wp-content\/uploads\/usu397\/2019\/09\/im0proversem-300x225.jpeg\" alt=\"\" width=\"251\" height=\"188\" srcset=\"https:\/\/agora.xtec.cat\/cesire_historic\/wp-content\/uploads\/usu397\/2019\/09\/im0proversem-300x225.jpeg 300w, https:\/\/agora.xtec.cat\/cesire_historic\/wp-content\/uploads\/usu397\/2019\/09\/im0proversem-768x576.jpeg 768w, https:\/\/agora.xtec.cat\/cesire_historic\/wp-content\/uploads\/usu397\/2019\/09\/im0proversem-1024x768.jpeg 1024w, https:\/\/agora.xtec.cat\/cesire_historic\/wp-content\/uploads\/usu397\/2019\/09\/im0proversem-200x150.jpeg 200w, https:\/\/agora.xtec.cat\/cesire_historic\/wp-content\/uploads\/usu397\/2019\/09\/im0proversem.jpeg 1030w\" sizes=\"auto, (max-width: 251px) 100vw, 251px\" \/><\/p>\n<p style=\"text-align: justify;\"><a href=\"https:\/\/improvisemirimem.wordpress.com\/2018\/01\/03\/improversem-nou-projecte\/\" target=\"_blank\" rel=\"noopener noreferrer\">Projecte<\/a> creat per Caterina Canyelles, Ferriol Macip, Joel Fetitxe, amb el suport de ICUB i CEB<\/p>\n<hr \/>\n<h5><strong>Recursos per a l&#8217;autoaprenentatge de la llengua catalana<\/strong><\/h5>\n<p>Per aprendre, practicar i millorar l&#8217;aprenentatge de la llengua catalana oral de manera aut\u00f2noma i gratu\u00efta, us recomanem els recursos que ofereix el Serveis Ling\u00fc\u00edstic de la Universitat de Barcelona.<\/p>\n<p><img loading=\"lazy\" decoding=\"async\" class=\"wp-image-7144 aligncenter\" src=\"https:\/\/agora.xtec.cat\/cesire_historic\/\/wp-content\/uploads\/usu397\/2019\/09\/submarca_sl_rgb-300x134.jpg\" alt=\"\" width=\"249\" height=\"111\" srcset=\"https:\/\/agora.xtec.cat\/cesire_historic\/wp-content\/uploads\/usu397\/2019\/09\/submarca_sl_rgb-300x134.jpg 300w, https:\/\/agora.xtec.cat\/cesire_historic\/wp-content\/uploads\/usu397\/2019\/09\/submarca_sl_rgb-768x342.jpg 768w, https:\/\/agora.xtec.cat\/cesire_historic\/wp-content\/uploads\/usu397\/2019\/09\/submarca_sl_rgb.jpg 945w\" sizes=\"auto, (max-width: 249px) 100vw, 249px\" \/><\/p>\n<p><a href=\"https:\/\/www.ub.edu\/autoaprenentatgecatala\/?page_id=6144\/exporal\/#sf-%7B%222%22:%2253%22,%222%22:%22expressio%20oral%22,%22search-id%22:%222%22%7D\" target=\"_blank\" rel=\"noopener noreferrer\">Web Serveis Ling\u00fc\u00edstics UB-Recursos<\/a><\/p>\n<hr \/>\n<h5><strong>Joves, \u00e8tica i ci\u00e8ncia<\/strong><\/h5>\n<p style=\"text-align: justify;\">Programa, adre\u00e7at a estudiants de 3r d&#8217;ESO, l&#8217;objectiu del qual \u00e9s estimular la capacitat cr\u00edtica dels alumnes i promoure la seva implicaci\u00f3 en els debats \u00e8tics que avui dia es plantegen al voltant de temes d\u2019actualitat cient\u00edfica i les seves implicacions socials, com ara el canvi clim\u00e0tic, la biomedicina, la nanotecnologia, la rob\u00f2tica, entre d&#8217;altres.<\/p>\n<p style=\"text-align: center;\"><img loading=\"lazy\" decoding=\"async\" class=\"wp-image-7143 aligncenter\" src=\"https:\/\/agora.xtec.cat\/cesire_historic\/\/wp-content\/uploads\/usu397\/2019\/09\/20171129_cloendajce_full_FCRi-300x150.jpg\" alt=\"\" width=\"248\" height=\"124\" srcset=\"https:\/\/agora.xtec.cat\/cesire_historic\/wp-content\/uploads\/usu397\/2019\/09\/20171129_cloendajce_full_FCRi-300x150.jpg 300w, https:\/\/agora.xtec.cat\/cesire_historic\/wp-content\/uploads\/usu397\/2019\/09\/20171129_cloendajce_full_FCRi-768x384.jpg 768w, https:\/\/agora.xtec.cat\/cesire_historic\/wp-content\/uploads\/usu397\/2019\/09\/20171129_cloendajce_full_FCRi.jpg 960w\" sizes=\"auto, (max-width: 248px) 100vw, 248px\" \/><\/p>\n<p><a href=\"https:\/\/www.fundaciorecerca.cat\/ca\/ciencia-i-aula\/joves-ciencia-i-etica\" target=\"_blank\" rel=\"noopener noreferrer\">Programa<\/a><\/p>\n<hr \/>\n<h5>Class-Talk<\/h5>\n<p><a href=\"https:\/\/www.upc.edu\/slt\/classtalk\/\" target=\"_blank\" rel=\"noopener noreferrer\"><img loading=\"lazy\" decoding=\"async\" class=\"aligncenter size-full wp-image-9658\" src=\"https:\/\/agora.xtec.cat\/cesire_historic\/\/wp-content\/uploads\/usu397\/2020\/06\/class_talk.jpg\" alt=\"\" width=\"360\" height=\"86\" srcset=\"https:\/\/agora.xtec.cat\/cesire_historic\/wp-content\/uploads\/usu397\/2020\/06\/class_talk.jpg 360w, https:\/\/agora.xtec.cat\/cesire_historic\/wp-content\/uploads\/usu397\/2020\/06\/class_talk-300x72.jpg 300w\" sizes=\"auto, (max-width: 360px) 100vw, 360px\" \/><\/a><\/p>\n<p style=\"text-align: center;\">\n","protected":false},"excerpt":{"rendered":"<p>La comunicaci\u00f3 oral \u00e9s la capacitat de comprendre i expressar missatges orals tenint present el destinatari, el prop\u00f2sit i la situaci\u00f3 comunicativa. La compet\u00e8ncia oral facilita, a trav\u00e9s dels intercanvis amb els altres, elaborar i expressar idees, opinions i sentiments, construeix el propi pensament i&hellip;  <a href=\"https:\/\/agora.xtec.cat\/cesire_historic\/ambit-linguistic\/recursos-per-a-laula_ll\/comunicacio-oral\/\" title=\"Read Comunicaci\u00f3 oral\">Llegeix m\u00e9s\u00bb<\/a><\/p>\n","protected":false},"author":1,"featured_media":0,"parent":4583,"menu_order":1,"comment_status":"closed","ping_status":"closed","template":"page-templates\/side-menu.php","meta":{"_bbp_topic_count":0,"_bbp_reply_count":0,"_bbp_total_topic_count":0,"_bbp_total_reply_count":0,"_bbp_voice_count":0,"_bbp_anonymous_reply_count":0,"_bbp_topic_count_hidden":0,"_bbp_reply_count_hidden":0,"_bbp_forum_subforum_count":0,"footnotes":""},"class_list":["post-5391","page","type-page","status-publish","hentry"],"post_mailing_queue_ids":[],"_links":{"self":[{"href":"https:\/\/agora.xtec.cat\/cesire_historic\/wp-json\/wp\/v2\/pages\/5391","targetHints":{"allow":["GET"]}}],"collection":[{"href":"https:\/\/agora.xtec.cat\/cesire_historic\/wp-json\/wp\/v2\/pages"}],"about":[{"href":"https:\/\/agora.xtec.cat\/cesire_historic\/wp-json\/wp\/v2\/types\/page"}],"author":[{"embeddable":true,"href":"https:\/\/agora.xtec.cat\/cesire_historic\/wp-json\/wp\/v2\/users\/1"}],"replies":[{"embeddable":true,"href":"https:\/\/agora.xtec.cat\/cesire_historic\/wp-json\/wp\/v2\/comments?post=5391"}],"version-history":[{"count":4,"href":"https:\/\/agora.xtec.cat\/cesire_historic\/wp-json\/wp\/v2\/pages\/5391\/revisions"}],"predecessor-version":[{"id":11384,"href":"https:\/\/agora.xtec.cat\/cesire_historic\/wp-json\/wp\/v2\/pages\/5391\/revisions\/11384"}],"up":[{"embeddable":true,"href":"https:\/\/agora.xtec.cat\/cesire_historic\/wp-json\/wp\/v2\/pages\/4583"}],"wp:attachment":[{"href":"https:\/\/agora.xtec.cat\/cesire_historic\/wp-json\/wp\/v2\/media?parent=5391"}],"curies":[{"name":"wp","href":"https:\/\/api.w.org\/{rel}","templated":true}]}}