{"id":5330,"date":"2019-04-26T13:57:00","date_gmt":"2019-04-26T11:57:00","guid":{"rendered":"http:\/\/agora.xtec.cat\/cesire_historic\/\/?page_id=5330"},"modified":"2019-09-17T12:47:53","modified_gmt":"2019-09-17T10:47:53","slug":"grups-de-treball","status":"publish","type":"page","link":"https:\/\/agora.xtec.cat\/cesire_historic\/ambit-linguistic\/formacio\/grups-de-treball\/","title":{"rendered":"Grups de treball"},"content":{"rendered":"<p><img loading=\"lazy\" decoding=\"async\" class=\"wp-image-5675 aligncenter\" src=\"https:\/\/agora.xtec.cat\/cesire_historic\/\/wp-content\/uploads\/usu397\/2019\/05\/teamwork-2188038_640-300x200.jpg\" alt=\"\" width=\"249\" height=\"166\" srcset=\"https:\/\/agora.xtec.cat\/cesire_historic\/wp-content\/uploads\/usu397\/2019\/05\/teamwork-2188038_640-300x200.jpg 300w, https:\/\/agora.xtec.cat\/cesire_historic\/wp-content\/uploads\/usu397\/2019\/05\/teamwork-2188038_640.jpg 640w\" sizes=\"auto, (max-width: 249px) 100vw, 249px\" \/><\/p>\n<h5><strong>Integraci\u00f3 de t\u00e8cniques hol\u00edstiques per a l&#8217;aprenentatge de lleng\u00fces<\/strong><\/h5>\n<p>L&#8217;educaci\u00f3 hol\u00edstica intenta conrear el desenvolupament de la persona completa, en els aspectes intel\u00b7lectuals, f\u00edsics, socials, est\u00e8tics i espirituals. Vol ajudar a desenvolupar el seu projecte de vida personal, acad\u00e8mic i, en un futur, professional. Aquest tipus d&#8217;educaci\u00f3 s&#8217;articula per tres principis: la connexi\u00f3, la integraci\u00f3 i l&#8217;equilibri.<\/p>\n<p><a href=\"https:\/\/sites.google.com\/xtec.cat\/ambit-linguistic-holistiques\/inici\" target=\"_blank\" rel=\"noopener noreferrer\">Espai web del projecte i materials<\/a><\/p>\n<hr \/>\n<h5><strong>Projecte Contes a l&#8217;esprint<\/strong><\/h5>\n<p>El grup de treball est\u00e0 integrat per docents de diferents centres de secund\u00e0ria majorit\u00e0riament de llengua i literatura.<\/p>\n<p>Objectius:<\/p>\n<ul>\n<li>Revisi\u00f3, actualitzaci\u00f3 i difusi\u00f3 dels materials del concurs Contes a l&#8217;esprint<\/li>\n<li>Suport i revisi\u00f3 del concurs Contes a l&#8217;esprint i Escenes a l&#8217;esprint<\/li>\n<li>Dinamitzaci\u00f3 de jornades-taller amb docents<\/li>\n<\/ul>\n<h4><img loading=\"lazy\" decoding=\"async\" class=\"aligncenter wp-image-4145\" src=\"https:\/\/agora.xtec.cat\/cesire_historic\/\/wp-content\/uploads\/usu397\/2018\/11\/baixa.png\" alt=\"\" width=\"251\" height=\"206\" \/><\/h4>\n<p><a href=\"http:\/\/apliense.xtec.cat\/arc\/node\/30908\" target=\"_blank\" rel=\"noopener noreferrer\">Proposta ARC<\/a><\/p>\n<p><a href=\"https:\/\/sites.google.com\/xtec.cat\/cesire-ambit-linguistic\" target=\"_blank\" rel=\"noopener noreferrer\">Acc\u00e9s materials i edicions anteriors<\/a><\/p>\n<hr \/>\n<h5><strong>IBSE (Inquiry Based Science Education) &#8211; CLIL (Content and Language Integrated Learning)<\/strong><\/h5>\n<p><strong>Objectius:<\/strong><\/p>\n<ul>\n<li>Integrar una bona did\u00e0ctica de les ci\u00e8ncies basada en la indagaci\u00f3 (Inquiry Based Science) amb una bona did\u00e0ctica de la llengua.<\/li>\n<li>Creaci\u00f3 d&#8217;un instrument per orientar la pr\u00e0ctica AICLE ci\u00e8ncies en angl\u00e8s.<\/li>\n<li>Reflexionar sobre la pr\u00e0ctica d&#8217;aula per tal de millorar-la.<\/li>\n<\/ul>\n<p>El model del grup de treball tindr\u00e0 el recorregut seg\u00fcent:<\/p>\n<ul>\n<li>Detecci\u00f3 de necessitats.<\/li>\n<li>Input te\u00f2ric, tant en relaci\u00f3 a les ci\u00e8ncies (ci\u00e8ncia indagadora) com a les lleng\u00fces (en general i espec\u00edficament en llengua anglesa).<\/li>\n<li>Part pr\u00e0ctica fent \u00fas de l&#8217;instrument creat pel grup de treball.<\/li>\n<li>Reflexi\u00f3 sobre l&#8217;experi\u00e8ncia amb l&#8217;objectiu de millora.<\/li>\n<li>Publicaci\u00f3 d&#8217;un article.<\/li>\n<\/ul>\n<p style=\"text-align: center;\"><a href=\"https:\/\/agora.xtec.cat\/cesire_historic\/\/wp-content\/uploads\/usu397\/2019\/09\/book.jpg\"><img loading=\"lazy\" decoding=\"async\" class=\"alignnone wp-image-7413\" src=\"https:\/\/agora.xtec.cat\/cesire_historic\/\/wp-content\/uploads\/usu397\/2019\/09\/book.jpg\" alt=\"\" width=\"140\" height=\"220\" srcset=\"https:\/\/agora.xtec.cat\/cesire_historic\/wp-content\/uploads\/usu397\/2019\/09\/book.jpg 450w, https:\/\/agora.xtec.cat\/cesire_historic\/wp-content\/uploads\/usu397\/2019\/09\/book-191x300.jpg 191w\" sizes=\"auto, (max-width: 140px) 100vw, 140px\" \/><\/a><\/p>\n<p style=\"text-align: center;\"><strong>Science Teacher Preparation in Content-Based Second Language Acquisition<\/strong><\/p>\n<p style=\"text-align: center;\">Editors: Oliveira, Alandeom W., Weinburgh, Molly H. (Eds.)<\/p>\n<p style=\"text-align: center;\">Chapter 16 (p\u00e0g. 287-304)<\/p>\n<hr \/>\n<h5><strong>Physical Education &#8211; CLIL<\/strong><\/h5>\n<p>Grup de Recerca-Acci\u00f3 Col\u00b7laborativa per millorar la formaci\u00f3 en l&#8217;\u00e0mbit de la doc\u00e8ncia en contextos AICLE des d&#8217;un punt de vista pr\u00e0ctic. \u00c9s tamb\u00e9 un projecte que s&#8217;emmarca en el curr\u00edculum actual basat en les compet\u00e8ncies ja que tracta la llengua estrangera de forma transversal al llarg de tota l&#8217;escolaritat obligat\u00f2ria. A m\u00e9s t\u00e9 un car\u00e0cter interdisciplinari com a resultat de la diversitat de perfils professionals dels seus participants i dels grups de recerca que li donen suport.<\/p>\n<p><strong>Objectius<\/strong>:<\/p>\n<ul>\n<li>Dissenyar tasques que facilitin la interacci\u00f3 oral en els jocs motors en un context AICLE.<\/li>\n<li>Comprovar que en les tasques proposades s&#8217;assoleix la comprensi\u00f3 i es desenvolupen les mateixes accions.<\/li>\n<li>Reflexionar sobre el tipus de suport ling\u00fc\u00edstic que s&#8217;ha de facilitar a l&#8217;alumnat per assolir els objectius 1 i 2.<\/li>\n<\/ul>\n<p><strong>Continguts<\/strong>:<\/p>\n<p>Un dels continguts impartits durant el curs \u00e9s desenvolupar la interacci\u00f3 oral en situacions de joc motor en contextos AICLE. Es formula la pregunta inicial seg\u00fcent:\u00a0<em>Com es pot facilitar la interacci\u00f3 oral en els jocs motors en un context AICLE, assegurant la comprensi\u00f3 de les accions motrius, interactuant en llengua anglesa i desenvolupant les mateixes accions motrius que en un context de L1?<\/em><\/p>\n<p style=\"text-align: center;\"><a href=\"https:\/\/agora.xtec.cat\/cesire_historic\/\/wp-content\/uploads\/usu397\/2019\/09\/memoria_ar_pe_clil.pdf\" target=\"_blank\" rel=\"noopener noreferrer\">Mem\u00f2ria i resultats del grup de treball<\/a><\/p>\n<p><img loading=\"lazy\" decoding=\"async\" class=\"aligncenter wp-image-5914\" src=\"https:\/\/agora.xtec.cat\/cesire_historic\/\/wp-content\/uploads\/usu397\/2019\/05\/rope-78388_640-300x212.jpg\" alt=\"\" width=\"251\" height=\"177\" srcset=\"https:\/\/agora.xtec.cat\/cesire_historic\/wp-content\/uploads\/usu397\/2019\/05\/rope-78388_640-300x212.jpg 300w, https:\/\/agora.xtec.cat\/cesire_historic\/wp-content\/uploads\/usu397\/2019\/05\/rope-78388_640.jpg 640w\" sizes=\"auto, (max-width: 251px) 100vw, 251px\" \/><\/p>\n<hr \/>\n<h5><strong>Grup ORAULA &#8211; Llengua oral formal<\/strong><\/h5>\n<p>Aquest grup va durar dos cursos escolars (2012-2014) i estava format per docents d\u2019infantil, prim\u00e0ria i secund\u00e0ria. En el grup es va aprofundir en la formaci\u00f3 sobre el tema de la llengua oral, i es van dissenyar i experimentar activitats de llengua oral a classe, que van estar enregistrades i comentades. Per assolir els objectius, ens vam proposar treballar a partir d\u2019activitats que els components del grup ja havien portat a la pr\u00e0ctica. Aquestes activitats es van analitzar a les sessions de treball, es van enregistrat a les aules i es van tornar a portar al grup per arrodonir aquells aspectes que es van considerar millorables.<\/p>\n<p>En el segon curs de treball es van plantejar els objectius seg\u00fcents:<\/p>\n<p>1.Millorar les pr\u00e0ctiques d\u2019aula presentades durant el curs 2012-13<\/p>\n<p>2.Incorporar el treball i la planificaci\u00f3 de les activitats en una \u201cseq\u00fc\u00e8ncia did\u00e0ctica\u201d<\/p>\n<p>3.Planificar i sistematitzar les activitats \u201cd\u2019aprendre a parlar\u201d.<\/p>\n<p>4.Planificar i portar a la pr\u00e0ctica una proposta de llengua oral.<\/p>\n<p>5.Publicar les experi\u00e8ncies.<\/p>\n<p>Es van publicar les propostes did\u00e0ctiques a l\u2019ARC (2014):<\/p>\n<ul style=\"list-style-type: disc;\">\n<li><a href=\"http:\/\/apliense.xtec.cat\/arc\/node\/30072\">El nom de la classe (EI)<\/a><\/li>\n<li><a href=\"http:\/\/apliense.xtec.cat\/arc\/node\/30231\">Opinem i defensem les nostres idees (CSP)<\/a><\/li>\n<li><a href=\"http:\/\/apliense.xtec.cat\/arc\/node\/30233\">Llegim interpretem i exposem not\u00edcies (CSP)<\/a><\/li>\n<li><a href=\"http:\/\/apliense.xtec.cat\/arc\/node\/30233\">Descrivim una imatge (ESO)<\/a><\/li>\n<li><a href=\"http:\/\/apliense.xtec.cat\/arc\/node\/30232\">Exposici\u00f3n oral: las redes sociales (ESO)<\/a><\/li>\n<li><a href=\"http:\/\/apliense.xtec.cat\/arc\/node\/30232\">\u00a0<\/a><a href=\"http:\/\/apliense.xtec.cat\/arc\/node\/30207\">I tu, qu\u00e8 hi dius? (ESO)<\/a><\/li>\n<li><a href=\"http:\/\/apliense.xtec.cat\/arc\/node\/30234\">Fes-me\u2019n cinc c\u00e8ntims (ESO-Alumnat Acollida)<\/a><\/li>\n<\/ul>\n<p>Posteriorment es va publicar posteriorment un monogr\u00e0fic \u201cSaber\u00a0parlar\u201d de Perspectiva Escolar n\u00fam. 392, (2017)<\/p>\n<p><img loading=\"lazy\" decoding=\"async\" class=\"wp-image-5910 aligncenter\" src=\"https:\/\/agora.xtec.cat\/cesire_historic\/\/wp-content\/uploads\/usu397\/2019\/05\/oraula-208x300.jpg\" sizes=\"auto, (max-width: 165px) 100vw, 165px\" srcset=\"https:\/\/agora.xtec.cat\/cesire_historic\/\/wp-content\/uploads\/usu397\/2019\/05\/oraula-208x300.jpg 208w, https:\/\/agora.xtec.cat\/cesire_historic\/\/wp-content\/uploads\/usu397\/2019\/05\/oraula-768x1106.jpg 768w, https:\/\/agora.xtec.cat\/cesire_historic\/\/wp-content\/uploads\/usu397\/2019\/05\/oraula-711x1024.jpg 711w, https:\/\/agora.xtec.cat\/cesire_historic\/\/wp-content\/uploads\/usu397\/2019\/05\/oraula.jpg 1309w\" alt=\"\" width=\"137\" height=\"198\" \/><\/p>\n<p>&nbsp;<\/p>\n<hr \/>\n<p>&nbsp;<\/p>\n","protected":false},"excerpt":{"rendered":"<p>Integraci\u00f3 de t\u00e8cniques hol\u00edstiques per a l&#8217;aprenentatge de lleng\u00fces<br \/>\nL&#8217;educaci\u00f3 hol\u00edstica intenta conrear el desenvolupament de la persona completa, en els aspectes intel\u00b7lectuals, f\u00edsics, socials, est\u00e8tics i espirituals. Vol ajudar a desenvolupar el seu projecte de vida personal, acad\u00e8mic i, en un futur, professional. Aquest tipus&hellip;  <a href=\"https:\/\/agora.xtec.cat\/cesire_historic\/ambit-linguistic\/formacio\/grups-de-treball\/\" title=\"Read Grups de treball\">Llegeix m\u00e9s\u00bb<\/a><\/p>\n","protected":false},"author":17,"featured_media":0,"parent":4732,"menu_order":2,"comment_status":"closed","ping_status":"closed","template":"page-templates\/side-menu.php","meta":{"_bbp_topic_count":0,"_bbp_reply_count":0,"_bbp_total_topic_count":0,"_bbp_total_reply_count":0,"_bbp_voice_count":0,"_bbp_anonymous_reply_count":0,"_bbp_topic_count_hidden":0,"_bbp_reply_count_hidden":0,"_bbp_forum_subforum_count":0,"footnotes":""},"class_list":["post-5330","page","type-page","status-publish","hentry"],"post_mailing_queue_ids":[],"_links":{"self":[{"href":"https:\/\/agora.xtec.cat\/cesire_historic\/wp-json\/wp\/v2\/pages\/5330","targetHints":{"allow":["GET"]}}],"collection":[{"href":"https:\/\/agora.xtec.cat\/cesire_historic\/wp-json\/wp\/v2\/pages"}],"about":[{"href":"https:\/\/agora.xtec.cat\/cesire_historic\/wp-json\/wp\/v2\/types\/page"}],"author":[{"embeddable":true,"href":"https:\/\/agora.xtec.cat\/cesire_historic\/wp-json\/wp\/v2\/users\/17"}],"replies":[{"embeddable":true,"href":"https:\/\/agora.xtec.cat\/cesire_historic\/wp-json\/wp\/v2\/comments?post=5330"}],"version-history":[{"count":4,"href":"https:\/\/agora.xtec.cat\/cesire_historic\/wp-json\/wp\/v2\/pages\/5330\/revisions"}],"predecessor-version":[{"id":7418,"href":"https:\/\/agora.xtec.cat\/cesire_historic\/wp-json\/wp\/v2\/pages\/5330\/revisions\/7418"}],"up":[{"embeddable":true,"href":"https:\/\/agora.xtec.cat\/cesire_historic\/wp-json\/wp\/v2\/pages\/4732"}],"wp:attachment":[{"href":"https:\/\/agora.xtec.cat\/cesire_historic\/wp-json\/wp\/v2\/media?parent=5330"}],"curies":[{"name":"wp","href":"https:\/\/api.w.org\/{rel}","templated":true}]}}