{"id":5328,"date":"2019-04-26T13:54:00","date_gmt":"2019-04-26T11:54:00","guid":{"rendered":"http:\/\/agora.xtec.cat\/cesire_historic\/\/?page_id=5328"},"modified":"2019-09-17T13:34:57","modified_gmt":"2019-09-17T11:34:57","slug":"cursos","status":"publish","type":"page","link":"https:\/\/agora.xtec.cat\/cesire_historic\/ambit-linguistic\/formacio\/cursos\/","title":{"rendered":"Cursos"},"content":{"rendered":"<h5><strong>Curs de Metodologies integrades per a un aprenentatge hol\u00edstic de les lleng\u00fces<\/strong><\/h5>\n<p><img loading=\"lazy\" decoding=\"async\" class=\"aligncenter wp-image-5684\" src=\"https:\/\/agora.xtec.cat\/cesire_historic\/\/wp-content\/uploads\/usu397\/2019\/05\/play-stone-1237457_640-300x200.jpg\" alt=\"\" width=\"251\" height=\"167\" srcset=\"https:\/\/agora.xtec.cat\/cesire_historic\/wp-content\/uploads\/usu397\/2019\/05\/play-stone-1237457_640-300x200.jpg 300w, https:\/\/agora.xtec.cat\/cesire_historic\/wp-content\/uploads\/usu397\/2019\/05\/play-stone-1237457_640.jpg 640w\" sizes=\"auto, (max-width: 251px) 100vw, 251px\" \/><\/p>\n<p id=\"h.p_ITlrGspgN1E-\" class=\"zfr3Q\" style=\"text-align: center;\"><a class=\"dhtgD aw5Odc\" href=\"https:\/\/www.google.com\/url?q=https%3A%2F%2Faplicacions.ensenyament.gencat.cat%2Fpls%2Fsoloas%2Fpk_for_mod_ins.p_for_detall_activitat%3Fp_codi%3D9000010532%26p_curs%3D2019-2020%26p_es_inscr%3DS&amp;sa=D&amp;sntz=1&amp;usg=AFQjCNGWzaFMDvk52szk1YzAZCeAnNVSKg\" target=\"_blank\" rel=\"noopener noreferrer\">Inscripci\u00f3 activa a partir del 12 de setembre de 2019<\/a><\/p>\n<p id=\"h.p_KR_rRf1zce6F\" class=\"zfr3Q\">Curs de 30 hores emmarcat dins del curr\u00edculum competencial i inclusiu. Pret\u00e9n proporcionar, a les persones docents, l\u2019adquisici\u00f3 d\u2019habilitats, coneixements i actituds per poder treballar de manera integrada i globalitzada les compet\u00e8ncies comunicatives, socials i personals, amb l\u2019objectiu de millorar l\u2019aprenentatge de lleng\u00fces (L1 i L2).<\/p>\n<p id=\"h.p_UMKV2-i_ce6H\" class=\"zfr3Q\"><strong>Objectius generals<\/strong><\/p>\n<p id=\"h.p_Xb-wltGkce6I\" class=\"zfr3Q RuayVd\">\u00b7Fomentar la visi\u00f3 pluriling\u00fce de l\u2019aprenentatge de lleng\u00fces.<\/p>\n<p id=\"h.p_Rv0xd6eNce6I\" class=\"zfr3Q RuayVd\">\u00b7Millorar l\u2019aprenentatge de les lleng\u00fces a partir de l\u00b4\u00fas de metodologies hol\u00edstiques.<\/p>\n<p id=\"h.p_RvUcLCk8ce6J\" class=\"zfr3Q RuayVd\">\u00b7Dotar els participants de t\u00e8cniques d\u2019aprenentatge hol\u00edstic que contribueixin a la millora de les compet\u00e8ncies comunicatives, socials i personals.<\/p>\n<p id=\"h.p_RdNHFDFIce6K\" class=\"zfr3Q RuayVd\">\u00b7Dissenyar seq\u00fc\u00e8ncies did\u00e0ctiques o projectes competencials i significatius, integrant t\u00e8cniques de l\u2019aprenentatge hol\u00edstic, en els quals l&#8217;alumne \u00e9s el protagonista del seu aprenentatge i la seva avaluaci\u00f3.<\/p>\n<p id=\"h.p_LuEPZyemce6K\" class=\"zfr3Q\"><strong>Continguts i objectius<\/strong><\/p>\n<p id=\"h.p_UxD5Vixmce6L\" class=\"zfr3Q\">Els continguts s\u2019estructuren al voltant de dos eixos, un relacionat amb les cinc dimensions de les compet\u00e8ncies b\u00e0siques de l\u2019\u00e0mbit ling\u00fc\u00edstic (comunicaci\u00f3 oral, comprensi\u00f3 lectora, expressi\u00f3 escrita, dimensi\u00f3 liter\u00e0ria i dimensi\u00f3 i pluriling\u00fce i intercultural) i l\u2019altre amb t\u00e8cniques d\u2019aprenentatge hol\u00edstic que contribueixen a:<\/p>\n<p id=\"h.p_T6WpaZrhce6M\" class=\"zfr3Q RuayVd\">1.Crear un clima d\u2019aula afavoridor dels aprenentatges.<\/p>\n<p id=\"h.p_RfLHIYkNce6N\" class=\"zfr3Q RuayVd\">2.Propiciar la interacci\u00f3 constructiva i respectuosa dins l\u2019aula.<\/p>\n<p id=\"h.p_1BuJsrX3ce6N\" class=\"zfr3Q RuayVd\">3.Incrementar l\u2019aprenentatge aut\u00f2nom i responsable de l\u2019alumnat.<\/p>\n<p id=\"h.p_QH1lIOGJce6O\" class=\"zfr3Q RuayVd\">4.Desenvolupar habilitats d\u2019autoregulaci\u00f3 emocional i cognitiva.<\/p>\n<p id=\"h.p_mINVWff6ce6O\" class=\"zfr3Q RuayVd\">5.Desenvolupar habilitats per adquirir m\u00e9s mem\u00f2ria ling\u00fc\u00edstica de llarg termini (l\u00e8xic, ortografia, fon\u00e8tica, estructures gramaticals, etc.)<\/p>\n<p id=\"h.p_cDvTVM6xce6P\" class=\"zfr3Q RuayVd\">6.Propiciar l\u2019adquisici\u00f3 de confian\u00e7a i millora de l\u2019autoimatge en l\u2019aprenentatge de lleng\u00fces (L1 i L2).<\/p>\n<p id=\"h.p_VmuUqI9xce6Q\" class=\"zfr3Q RuayVd\">7.Desenvolupar habilitats per potenciar l\u2019atenci\u00f3 i la concentraci\u00f3 per a la millora de l\u2019aprenentatge.<\/p>\n<p id=\"h.p_1c4zcj9Ece6Q\" class=\"zfr3Q\"><strong>Destinataris<\/strong><\/p>\n<p id=\"h.p_U0VHccalce6R\" class=\"zfr3Q\">Docents del cicle superior de prim\u00e0ria i professorat de secund\u00e0ria de lleng\u00fces (catal\u00e0, castell\u00e0, angl\u00e8s, franc\u00e8s, itali\u00e0 i alemany). Poden participar un m\u00e0xim de tres professors d\u2019un mateix centre educatiu.<\/p>\n<hr \/>\n<h5><strong>FIC. Escriure a l&#8217;institut: escriure des de les classes de llengua<\/strong><\/h5>\n<p>Aquest itinerari s&#8217;adre\u00e7a al professorat dels departaments de lleng\u00fces: llengua catalana, llengua castellana i lleng\u00fces estrangeres. En aquest itinerari, es proposa comen\u00e7ar a treballar a partir d&#8217;un tema concret, l&#8217;expressi\u00f3 escrita, per facilitar la feina conjunta i coordinada dels departaments de lleng\u00fces. Aix\u00ed doncs, l&#8217;objectiu d&#8217;aquest itinerari \u00e9s fer un primer tast i tenir una primera experi\u00e8ncia sistematitzada del treball coordinat, per planificar, m\u00e9s endavant, com es podria fer en el centre un tractament integrat de les lleng\u00fces.<\/p>\n<p style=\"text-align: center;\"><a href=\"https:\/\/agora.xtec.cat\/cesire_historic\/\/wp-content\/uploads\/usu397\/2019\/09\/address-3368238_640.jpg\"><img loading=\"lazy\" decoding=\"async\" class=\"alignnone wp-image-7398\" src=\"https:\/\/agora.xtec.cat\/cesire_historic\/\/wp-content\/uploads\/usu397\/2019\/09\/address-3368238_640.jpg\" alt=\"\" width=\"253\" height=\"196\" srcset=\"https:\/\/agora.xtec.cat\/cesire_historic\/wp-content\/uploads\/usu397\/2019\/09\/address-3368238_640.jpg 640w, https:\/\/agora.xtec.cat\/cesire_historic\/wp-content\/uploads\/usu397\/2019\/09\/address-3368238_640-300x233.jpg 300w\" sizes=\"auto, (max-width: 253px) 100vw, 253px\" \/><\/a><\/p>\n<p><a href=\"http:\/\/xtec.gencat.cat\/ca\/formacio\/formaciogeneralprofessorat\/curriculum-competencies-avaluacio\/fic\/itineraris\/guiats\/sec_escriurellengua\/\" target=\"_blank\" rel=\"noopener noreferrer\">Enlla\u00e7 als materials del curs<\/a><\/p>\n<hr \/>\n<h5><strong>FIC. Escriure a l&#8217;institut: escriure des de les mat\u00e8ries<\/strong><\/h5>\n<p style=\"text-align: center;\"><a href=\"https:\/\/agora.xtec.cat\/cesire_historic\/\/wp-content\/uploads\/usu397\/2019\/05\/pens-1743305_640.jpg\"><img loading=\"lazy\" decoding=\"async\" class=\"alignnone wp-image-5682\" src=\"https:\/\/agora.xtec.cat\/cesire_historic\/\/wp-content\/uploads\/usu397\/2019\/05\/pens-1743305_640.jpg\" alt=\"\" width=\"262\" height=\"136\" srcset=\"https:\/\/agora.xtec.cat\/cesire_historic\/wp-content\/uploads\/usu397\/2019\/05\/pens-1743305_640.jpg 640w, https:\/\/agora.xtec.cat\/cesire_historic\/wp-content\/uploads\/usu397\/2019\/05\/pens-1743305_640-300x156.jpg 300w\" sizes=\"auto, (max-width: 262px) 100vw, 262px\" \/><\/a><\/p>\n<p><a href=\"http:\/\/xtec.gencat.cat\/ca\/formacio\/formaciogeneralprofessorat\/curriculum-competencies-avaluacio\/fic\/itineraris\/guiats\/sec_escriure\" target=\"_blank\" rel=\"noopener noreferrer\">Enlla\u00e7 als materials del curs<\/a><\/p>\n<hr \/>\n<h5><strong>FIC. Aprendre a escriure a partir de textos literaris . Itinerari d&#8217;educaci\u00f3 infantil i prim\u00e0ria i d&#8217;educaci\u00f3 secund\u00e0ria<\/strong><\/h5>\n<p style=\"text-align: center;\"><a href=\"https:\/\/agora.xtec.cat\/cesire_historic\/\/wp-content\/uploads\/usu397\/2019\/09\/fic_css3.png\"><img loading=\"lazy\" decoding=\"async\" class=\"alignnone wp-image-7404\" src=\"https:\/\/agora.xtec.cat\/cesire_historic\/\/wp-content\/uploads\/usu397\/2019\/09\/fic_css3.png\" alt=\"\" width=\"250\" height=\"187\" srcset=\"https:\/\/agora.xtec.cat\/cesire_historic\/wp-content\/uploads\/usu397\/2019\/09\/fic_css3.png 600w, https:\/\/agora.xtec.cat\/cesire_historic\/wp-content\/uploads\/usu397\/2019\/09\/fic_css3-300x225.png 300w, https:\/\/agora.xtec.cat\/cesire_historic\/wp-content\/uploads\/usu397\/2019\/09\/fic_css3-200x150.png 200w\" sizes=\"auto, (max-width: 250px) 100vw, 250px\" \/><\/a><\/p>\n<p><a href=\"http:\/\/ateneu.xtec.cat\/wikiform\/wikiexport\/fic\/cco\/ccs3\/index#_ga=2.160803061.918528271.1568619600-294081730.1559893\" target=\"_blank\" rel=\"noopener noreferrer\">Enlla\u00e7 als materials del curs<\/a><\/p>\n<hr \/>\n<p>&nbsp;<\/p>\n","protected":false},"excerpt":{"rendered":"<p>Curs de Metodologies integrades per a un aprenentatge hol\u00edstic de les lleng\u00fces<\/p>\n<p><a class=\"dhtgD aw5Odc\" href=\"https:\/\/www.google.com\/url?q=https%3A%2F%2Faplicacions.ensenyament.gencat.cat%2Fpls%2Fsoloas%2Fpk_for_mod_ins.p_for_detall_activitat%3Fp_codi%3D9000010532%26p_curs%3D2019-2020%26p_es_inscr%3DS&amp;sa=D&amp;sntz=1&amp;usg=AFQjCNGWzaFMDvk52szk1YzAZCeAnNVSKg\" target=\"_blank\" rel=\"noopener noreferrer\">Inscripci\u00f3 activa a partir del 12 de setembre de 2019<\/a><br \/>\nCurs de 30 hores emmarcat dins del curr\u00edculum competencial i inclusiu. Pret\u00e9n proporcionar, a les persones docents, l\u2019adquisici\u00f3 d\u2019habilitats,&hellip;  <a href=\"https:\/\/agora.xtec.cat\/cesire_historic\/ambit-linguistic\/formacio\/cursos\/\" title=\"Read Cursos\">Llegeix m\u00e9s\u00bb<\/a><\/p>\n","protected":false},"author":17,"featured_media":0,"parent":4732,"menu_order":1,"comment_status":"closed","ping_status":"closed","template":"page-templates\/side-menu.php","meta":{"_bbp_topic_count":0,"_bbp_reply_count":0,"_bbp_total_topic_count":0,"_bbp_total_reply_count":0,"_bbp_voice_count":0,"_bbp_anonymous_reply_count":0,"_bbp_topic_count_hidden":0,"_bbp_reply_count_hidden":0,"_bbp_forum_subforum_count":0,"footnotes":""},"class_list":["post-5328","page","type-page","status-publish","hentry"],"post_mailing_queue_ids":[],"_links":{"self":[{"href":"https:\/\/agora.xtec.cat\/cesire_historic\/wp-json\/wp\/v2\/pages\/5328","targetHints":{"allow":["GET"]}}],"collection":[{"href":"https:\/\/agora.xtec.cat\/cesire_historic\/wp-json\/wp\/v2\/pages"}],"about":[{"href":"https:\/\/agora.xtec.cat\/cesire_historic\/wp-json\/wp\/v2\/types\/page"}],"author":[{"embeddable":true,"href":"https:\/\/agora.xtec.cat\/cesire_historic\/wp-json\/wp\/v2\/users\/17"}],"replies":[{"embeddable":true,"href":"https:\/\/agora.xtec.cat\/cesire_historic\/wp-json\/wp\/v2\/comments?post=5328"}],"version-history":[{"count":3,"href":"https:\/\/agora.xtec.cat\/cesire_historic\/wp-json\/wp\/v2\/pages\/5328\/revisions"}],"predecessor-version":[{"id":7450,"href":"https:\/\/agora.xtec.cat\/cesire_historic\/wp-json\/wp\/v2\/pages\/5328\/revisions\/7450"}],"up":[{"embeddable":true,"href":"https:\/\/agora.xtec.cat\/cesire_historic\/wp-json\/wp\/v2\/pages\/4732"}],"wp:attachment":[{"href":"https:\/\/agora.xtec.cat\/cesire_historic\/wp-json\/wp\/v2\/media?parent=5328"}],"curies":[{"name":"wp","href":"https:\/\/api.w.org\/{rel}","templated":true}]}}