{"id":5314,"date":"2019-04-30T11:05:30","date_gmt":"2019-04-30T09:05:30","guid":{"rendered":"http:\/\/agora.xtec.cat\/cesire_historic\/\/?page_id=5314"},"modified":"2019-05-03T10:23:11","modified_gmt":"2019-05-03T08:23:11","slug":"neptunet-el-vigilant-del-medi-ambient","status":"publish","type":"page","link":"https:\/\/agora.xtec.cat\/cesire_historic\/ambit-artistic\/itineraris-artistics\/sessions-itineraris-artistics\/neptunet-el-vigilant-del-medi-ambient\/","title":{"rendered":"NEPTUNET. El vigilant del medi ambient"},"content":{"rendered":"<p style=\"text-align: center;\"><iframe loading=\"lazy\" src=\"https:\/\/www.youtube.com\/embed\/m5qCxF8a5Qc\" width=\"560\" height=\"315\" frameborder=\"0\" allowfullscreen=\"allowfullscreen\"><\/iframe><\/p>\n<p>Sessi\u00f3 on es mostrava un m\u00e8tode de treball de creaci\u00f3 de la m\u00e0 de l&#8217;artista Enric Servera que proposa crear un personatge. Es tractaran de forma integrada aspectes de reciclatge, medi ambient, contaminaci\u00f3,\u00a0 residus, reciclatge i reutilitzaci\u00f3.<\/p>\n<table class=\"alignleft\" style=\"height: 153px; width: 40.9639%; border-collapse: collapse; border-style: solid;\" border=\"1\">\n<thead>\n<tr style=\"height: 34px;\">\n<td style=\"width: 100%; height: 34px;\">Conceptes clau:<\/p>\n<p>\u00c0mbit Art\u00edstic: Ready-made, collage assamblatge, Art Trobat<\/p>\n<p>Medi Natural:ecologia, reciclatge, sostenibilitat<\/p>\n<p>Coneixement d&#8217;un mateix<\/td>\n<\/tr>\n<\/thead>\n<\/table>\n<p><a href=\"https:\/\/agora.xtec.cat\/cesire_historic\/\/wp-content\/uploads\/usu397\/2019\/04\/ItinerarisArt\u00edstics_Neptunet.pdf\">Fitxa de programaci\u00f3: NEPTUNET <\/a><\/p>\n<p><a href=\"https:\/\/agora.xtec.cat\/cesire_historic\/\/wp-content\/uploads\/usu397\/2019\/04\/Presentaci\u00f32_NEPTUNET-dEnric-Servera.pdf\">Presentaci\u00f3 NEPTUNET<\/a><\/p>\n<p>M\u00e9s informaci\u00f3:\u00a0 <a href=\"http:\/\/www.enricservera.com\/p\/blog-page.html\">Projecte MASKS<\/a> i web de l&#8217;artista <a href=\"http:\/\/www.enricservera.com\/\">Enric Servera<\/a><\/p>\n","protected":false},"excerpt":{"rendered":"<p>Sessi\u00f3 on es mostrava un m\u00e8tode de treball de creaci\u00f3 de la m\u00e0 de l&#8217;artista Enric Servera que proposa crear un personatge. Es tractaran de forma integrada aspectes de reciclatge, medi ambient, contaminaci\u00f3,\u00a0 residus, reciclatge i reutilitzaci\u00f3.<\/p>\n<p>Conceptes clau:<br \/>\n\u00c0mbit Art\u00edstic: Ready-made, collage assamblatge, Art Trobat<br \/>\nMedi Natural:ecologia,&hellip;  <a href=\"https:\/\/agora.xtec.cat\/cesire_historic\/ambit-artistic\/itineraris-artistics\/sessions-itineraris-artistics\/neptunet-el-vigilant-del-medi-ambient\/\" title=\"Read NEPTUNET. El vigilant del medi ambient\">Llegeix m\u00e9s\u00bb<\/a><\/p>\n","protected":false},"author":9,"featured_media":0,"parent":3174,"menu_order":0,"comment_status":"closed","ping_status":"closed","template":"page-templates\/side-menu.php","meta":{"_bbp_topic_count":0,"_bbp_reply_count":0,"_bbp_total_topic_count":0,"_bbp_total_reply_count":0,"_bbp_voice_count":0,"_bbp_anonymous_reply_count":0,"_bbp_topic_count_hidden":0,"_bbp_reply_count_hidden":0,"_bbp_forum_subforum_count":0,"footnotes":""},"class_list":["post-5314","page","type-page","status-publish","hentry"],"post_mailing_queue_ids":[],"_links":{"self":[{"href":"https:\/\/agora.xtec.cat\/cesire_historic\/wp-json\/wp\/v2\/pages\/5314","targetHints":{"allow":["GET"]}}],"collection":[{"href":"https:\/\/agora.xtec.cat\/cesire_historic\/wp-json\/wp\/v2\/pages"}],"about":[{"href":"https:\/\/agora.xtec.cat\/cesire_historic\/wp-json\/wp\/v2\/types\/page"}],"author":[{"embeddable":true,"href":"https:\/\/agora.xtec.cat\/cesire_historic\/wp-json\/wp\/v2\/users\/9"}],"replies":[{"embeddable":true,"href":"https:\/\/agora.xtec.cat\/cesire_historic\/wp-json\/wp\/v2\/comments?post=5314"}],"version-history":[{"count":3,"href":"https:\/\/agora.xtec.cat\/cesire_historic\/wp-json\/wp\/v2\/pages\/5314\/revisions"}],"predecessor-version":[{"id":5415,"href":"https:\/\/agora.xtec.cat\/cesire_historic\/wp-json\/wp\/v2\/pages\/5314\/revisions\/5415"}],"up":[{"embeddable":true,"href":"https:\/\/agora.xtec.cat\/cesire_historic\/wp-json\/wp\/v2\/pages\/3174"}],"wp:attachment":[{"href":"https:\/\/agora.xtec.cat\/cesire_historic\/wp-json\/wp\/v2\/media?parent=5314"}],"curies":[{"name":"wp","href":"https:\/\/api.w.org\/{rel}","templated":true}]}}