{"id":52,"date":"2014-09-17T16:58:07","date_gmt":"2014-09-17T14:58:07","guid":{"rendered":"http:\/\/agora.xtec.cat\/cesire_historic\/\/?page_id=52"},"modified":"2021-07-05T08:35:53","modified_gmt":"2021-07-05T06:35:53","slug":"qui-som","status":"publish","type":"page","link":"https:\/\/agora.xtec.cat\/cesire_historic\/cesire\/qui-som\/","title":{"rendered":"Qui som"},"content":{"rendered":"<p style=\"text-align: center;\"><img loading=\"lazy\" decoding=\"async\" class=\"aligncenter wp-image-4679 \" src=\"https:\/\/agora.xtec.cat\/cesire_historic\/\/wp-content\/uploads\/usu397\/2019\/02\/cesire_equip_2019.jpg\" alt=\"\" width=\"578\" height=\"407\" srcset=\"https:\/\/agora.xtec.cat\/cesire_historic\/wp-content\/uploads\/usu397\/2019\/02\/cesire_equip_2019.jpg 900w, https:\/\/agora.xtec.cat\/cesire_historic\/wp-content\/uploads\/usu397\/2019\/02\/cesire_equip_2019-300x211.jpg 300w, https:\/\/agora.xtec.cat\/cesire_historic\/wp-content\/uploads\/usu397\/2019\/02\/cesire_equip_2019-768x541.jpg 768w\" sizes=\"auto, (max-width: 578px) 100vw, 578px\" \/><\/p>\n<div align=\"center\">\n<table style=\"border-collapse: collapse; height: 790px; width: 65%;\" border=\"0\" width=\"65%\" cellspacing=\"0\" cellpadding=\"4\">\n<tbody>\n<tr style=\"height: 30px;\">\n<td style=\"width: 100%; height: 30px;\" colspan=\"3\" align=\"center\" bgcolor=\"#AD2114\" width=\"100%\" height=\"19\"><span style=\"color: #ffffff;\"><b>\u00c0mbit art\u00edstic<\/b><\/span><\/td>\n<\/tr>\n<tr style=\"height: 30px;\">\n<td style=\"width: 41%; height: 30px;\" align=\"center\" width=\"41%\" height=\"19\">Ester Forn\u00e9<\/td>\n<td style=\"width: 39%; height: 30px;\" align=\"center\" width=\"39%\" height=\"19\">eforne@xtec.cat<\/td>\n<td style=\"width: 20%; height: 30px;\" align=\"center\" width=\"20%\" height=\"19\">ext. 1020<\/td>\n<\/tr>\n<tr>\n<td style=\"width: 41%; text-align: center;\">Montse Gonz\u00e1lez<\/td>\n<td style=\"width: 39%; text-align: center;\">mgonz253@xtec.cat<\/td>\n<td style=\"width: 20%; text-align: center;\">ext. 1038<\/td>\n<\/tr>\n<tr style=\"height: 30px;\">\n<td style=\"width: 100%; height: 30px;\" colspan=\"3\" align=\"center\" bgcolor=\"#AD2114\" width=\"100%\" height=\"19\"><span style=\"color: #ffffff;\"><b>\u00c0mbit cient\u00edfic i medi<\/b><\/span><\/td>\n<\/tr>\n<tr style=\"height: 30px;\">\n<td style=\"width: 41%; height: 30px;\" align=\"center\" width=\"41%\" height=\"19\">Fina Guitart<\/td>\n<td style=\"width: 39%; height: 30px;\" align=\"center\" width=\"39%\" height=\"19\">jguitar3@xtec.cat<\/td>\n<td style=\"width: 20%; height: 30px;\" align=\"center\" width=\"20%\" height=\"19\">ext. 1021<\/td>\n<\/tr>\n<tr style=\"height: 30px;\">\n<td style=\"width: 41%; height: 30px;\" align=\"center\" width=\"41%\" height=\"19\">Elena Gay\u00e1n<\/td>\n<td style=\"width: 39%; height: 30px;\" align=\"center\" width=\"39%\" height=\"19\">mgayan@xtec.cat<\/td>\n<td style=\"width: 20%; height: 30px;\" align=\"center\" width=\"20%\" height=\"19\">ext. 1022<\/td>\n<\/tr>\n<tr style=\"height: 30px;\">\n<td style=\"width: 41%; height: 30px;\" align=\"center\" width=\"41%\" height=\"19\">N\u00faria L\u00f3pez<\/td>\n<td style=\"width: 39%; height: 30px;\" align=\"center\" width=\"39%\" height=\"19\">nlopez@xtec.cat<\/td>\n<td style=\"width: 20%; height: 30px;\" align=\"center\" width=\"20%\" height=\"19\">ext. 1018<\/td>\n<\/tr>\n<tr style=\"height: 30px;\">\n<td style=\"width: 100%; height: 30px;\" colspan=\"3\" align=\"center\" bgcolor=\"#AD2114\" width=\"100%\" height=\"19\"><b><span style=\"color: #ffffff;\">\u00c0mbit educaci\u00f3 infantil<\/span><\/b><\/td>\n<\/tr>\n<tr style=\"height: 30px;\">\n<td style=\"width: 41%; height: 30px;\" align=\"center\" width=\"41%\" height=\"19\">Montserrat Pel\u00e1ez<\/td>\n<td style=\"width: 39%; height: 30px;\" align=\"center\" width=\"39%\" height=\"19\">mpelaez5@xtec.cat<\/td>\n<td style=\"width: 20%; height: 30px;\" align=\"center\" width=\"20%\" height=\"19\">ext. 1019<\/td>\n<\/tr>\n<tr>\n<td style=\"width: 41%; text-align: center;\">Elisabeth Aznar (<strong>directora<\/strong>)<\/td>\n<td style=\"width: 39%; text-align: center;\">eaznar3@xtec.cat<\/td>\n<td style=\"width: 20%; text-align: center;\">ext. 1023<\/td>\n<\/tr>\n<tr style=\"height: 30px;\">\n<td style=\"width: 100%; height: 30px;\" colspan=\"3\" align=\"center\" bgcolor=\"#AD2114\" width=\"100%\" height=\"19\"><b><span style=\"color: #ffffff;\">\u00c0mbit ling\u00fc\u00edstic<\/span><\/b><\/td>\n<\/tr>\n<tr style=\"height: 30px;\">\n<td style=\"width: 41%; height: 30px;\" align=\"center\" width=\"41%\" height=\"19\">N\u00faria Carrillo<\/td>\n<td style=\"width: 39%; height: 30px;\" align=\"center\" width=\"39%\" height=\"19\">ncarrill@xtec.cat<\/td>\n<td style=\"width: 20%; height: 30px;\" align=\"center\" width=\"20%\" height=\"19\">ext. 1005<\/td>\n<\/tr>\n<tr style=\"height: 30px;\">\n<td style=\"width: 41%; height: 30px;\" align=\"center\" width=\"41%\" height=\"19\">Roser Martinez<\/td>\n<td style=\"width: 39%; height: 30px;\" align=\"center\" width=\"39%\" height=\"19\">rmarti13@xtec.cat<\/td>\n<td style=\"width: 20%; height: 30px;\" align=\"center\" width=\"20%\" height=\"19\">ext. 1006<\/td>\n<\/tr>\n<tr style=\"height: 30px;\">\n<td style=\"width: 100%; height: 30px;\" colspan=\"3\" align=\"center\" bgcolor=\"#AD2114\" width=\"100%\" height=\"10\"><span style=\"color: #ffffff;\"><b>\u00c0mbit matem\u00e0tic<\/b><\/span><\/td>\n<\/tr>\n<tr style=\"height: 38px;\">\n<td style=\"width: 41%; height: 38px;\" align=\"center\" width=\"41%\" height=\"38\">S\u00edlvia Margel\u00ed<\/td>\n<td style=\"width: 39%; height: 38px;\" align=\"center\" width=\"39%\" height=\"38\">smargeli@xtec.cat<\/td>\n<td style=\"width: 20%; height: 38px;\" align=\"center\" width=\"20%\" height=\"38\">ext. 1015<\/td>\n<\/tr>\n<tr style=\"height: 30px;\">\n<td style=\"width: 41%; height: 30px;\" align=\"center\" width=\"41%\" height=\"19\">Enric Castell\u00e0<\/td>\n<td style=\"width: 39%; height: 30px;\" align=\"center\" width=\"39%\" height=\"19\">ecaste56@xtec.cat<\/td>\n<td style=\"width: 20%; height: 30px;\" align=\"center\" width=\"20%\" height=\"19\">ext. 1013<\/td>\n<\/tr>\n<tr style=\"height: 30px;\">\n<td style=\"width: 41%; height: 30px;\" align=\"center\" width=\"41%\" height=\"19\">Montserrat Torra<\/td>\n<td style=\"width: 39%; height: 30px;\" align=\"center\" width=\"39%\" height=\"19\">mtorra12@xtec.cat<\/td>\n<td style=\"width: 20%; height: 30px;\" align=\"center\" width=\"20%\" height=\"19\">ext. 1012<\/td>\n<\/tr>\n<tr style=\"height: 30px;\">\n<td style=\"width: 100%; height: 30px;\" colspan=\"3\" align=\"center\" bgcolor=\"#AD2114\" width=\"100%\" height=\"19\"><b><span style=\"color: #ffffff;\">\u00c0mbit social i cultural<\/span><\/b><\/td>\n<\/tr>\n<tr style=\"height: 30px;\">\n<td style=\"width: 41%; height: 30px;\" align=\"center\" width=\"41%\" height=\"19\">Elvira Mart\u00ed<\/td>\n<td style=\"width: 39%; height: 30px;\" align=\"center\" width=\"39%\" height=\"19\">emarti3@xtec.cat<\/td>\n<td style=\"width: 20%; height: 30px;\" align=\"center\" width=\"20%\" height=\"19\">ext. 1014<\/td>\n<\/tr>\n<tr style=\"height: 30px;\">\n<td style=\"width: 100%; height: 30px;\" colspan=\"3\" align=\"center\" bgcolor=\"#AD2114\" width=\"100%\" height=\"19\"><b><span style=\"color: #ffffff;\">\u00c0mbit tecnol\u00f2gic<\/span><\/b><\/td>\n<\/tr>\n<tr style=\"height: 30px;\">\n<td style=\"width: 41%; height: 30px;\" align=\"center\" width=\"41%\" height=\"19\">Jordi Regal\u00e9s<\/td>\n<td style=\"width: 39%; height: 30px;\" align=\"center\" width=\"39%\" height=\"19\">jregales@xtec.cat<\/td>\n<td style=\"width: 20%; height: 30px;\" align=\"center\" width=\"20%\" height=\"19\">ext. 1016<\/td>\n<\/tr>\n<tr>\n<td style=\"width: 41%; text-align: center;\">Joan Guill\u00e9n<\/td>\n<td style=\"width: 39%; text-align: center;\">jguille2@xtec.cat<\/td>\n<td style=\"width: 20%; text-align: center;\">ext. 1010<\/td>\n<\/tr>\n<tr>\n<td style=\"width: 41%; text-align: center;\">Josep Ferr\u00e1ndiz<\/td>\n<td style=\"width: 39%; text-align: center;\">jferran6<span class=\"\">@xtec.cat<\/span><\/td>\n<td style=\"width: 20%; text-align: center;\">ext. 1009<\/td>\n<\/tr>\n<tr style=\"height: 30px;\">\n<td style=\"width: 100%; height: 30px;\" colspan=\"3\" align=\"center\" bgcolor=\"#AD2114\" width=\"100%\" height=\"19\"><span style=\"color: #ffffff;\"><b>Servei de pr\u00e9stec i cambra de cria<\/b><\/span><\/td>\n<\/tr>\n<tr style=\"height: 30px;\">\n<td style=\"width: 41%; height: 30px;\" align=\"center\" width=\"41%\" height=\"19\">Olga Moreno<\/td>\n<td style=\"width: 39%; height: 60px;\" rowspan=\"2\" align=\"center\" width=\"39%\" height=\"38\">cdec@xtec.cat<\/td>\n<td style=\"width: 20%; height: 60px;\" rowspan=\"2\" align=\"center\" width=\"20%\" height=\"38\">938 231 125<\/td>\n<\/tr>\n<tr style=\"height: 30px;\">\n<td style=\"width: 41%; height: 30px;\" align=\"center\" width=\"41%\" height=\"19\">Paulo Casal<\/td>\n<\/tr>\n<\/tbody>\n<\/table>\n<\/div>\n","protected":false},"excerpt":{"rendered":"<p>\u00c0mbit art\u00edstic<\/p>\n<p>Ester Forn\u00e9<br \/>\neforne@xtec.cat<br \/>\next. 1020<\/p>\n<p>Montse Gonz\u00e1lez<br \/>\nmgonz253@xtec.cat<br \/>\next. 1038<\/p>\n<p>\u00c0mbit cient\u00edfic i medi<\/p>\n<p>Fina Guitart<br \/>\njguitar3@xtec.cat<br \/>\next. 1021<\/p>\n<p>Elena Gay\u00e1n<br \/>\nmgayan@xtec.cat<br \/>\next. 1022<\/p>\n<p>N\u00faria L\u00f3pez<br \/>\nnlopez@xtec.cat<br \/>\next. 1018<\/p>\n<p>\u00c0mbit educaci\u00f3 infantil<\/p>\n<p>Montserrat Pel\u00e1ez<br \/>\nmpelaez5@xtec.cat<br \/>\next. 1019<\/p>\n<p>Elisabeth Aznar (directora)<br \/>\neaznar3@xtec.cat<br \/>\next. 1023<\/p>\n<p>\u00c0mbit ling\u00fc\u00edstic<\/p>\n<p>N\u00faria Carrillo<br \/>\nncarrill@xtec.cat<br \/>\next. 1005<\/p>\n<p>Roser Martinez<br \/>\nrmarti13@xtec.cat<br \/>\next. 1006<\/p>\n<p>\u00c0mbit matem\u00e0tic<\/p>\n<p>S\u00edlvia Margel\u00ed<br \/>\nsmargeli@xtec.cat<br \/>\next. 1015<\/p>\n<p>Enric Castell\u00e0<br \/>\necaste56@xtec.cat<br \/>\next. 1013<\/p>\n<p>Montserrat Torra<br \/>\nmtorra12@xtec.cat<br \/>\next. 1012<\/p>\n<p>\u00c0mbit social i cultural<\/p>\n<p>Elvira Mart\u00ed<br \/>\nemarti3@xtec.cat<br \/>\next. 1014<\/p>\n<p>\u00c0mbit tecnol\u00f2gic<\/p>\n<p>Jordi Regal\u00e9s<br \/>\njregales@xtec.cat<br \/>\next. 1016<\/p>\n<p>Joan Guill\u00e9n<br \/>\njguille2@xtec.cat<br \/>\next. 1010<\/p>\n<p>Josep Ferr\u00e1ndiz<br \/>\njferran6@xtec.cat<br \/>\next.&hellip;  <a href=\"https:\/\/agora.xtec.cat\/cesire_historic\/cesire\/qui-som\/\" title=\"Read Qui som\">Llegeix m\u00e9s\u00bb<\/a><\/p>\n","protected":false},"author":1,"featured_media":0,"parent":19,"menu_order":2,"comment_status":"closed","ping_status":"closed","template":"page-templates\/side-menu.php","meta":{"_bbp_topic_count":0,"_bbp_reply_count":0,"_bbp_total_topic_count":0,"_bbp_total_reply_count":0,"_bbp_voice_count":0,"_bbp_anonymous_reply_count":0,"_bbp_topic_count_hidden":0,"_bbp_reply_count_hidden":0,"_bbp_forum_subforum_count":0,"footnotes":""},"class_list":["post-52","page","type-page","status-publish","hentry"],"post_mailing_queue_ids":[],"_links":{"self":[{"href":"https:\/\/agora.xtec.cat\/cesire_historic\/wp-json\/wp\/v2\/pages\/52","targetHints":{"allow":["GET"]}}],"collection":[{"href":"https:\/\/agora.xtec.cat\/cesire_historic\/wp-json\/wp\/v2\/pages"}],"about":[{"href":"https:\/\/agora.xtec.cat\/cesire_historic\/wp-json\/wp\/v2\/types\/page"}],"author":[{"embeddable":true,"href":"https:\/\/agora.xtec.cat\/cesire_historic\/wp-json\/wp\/v2\/users\/1"}],"replies":[{"embeddable":true,"href":"https:\/\/agora.xtec.cat\/cesire_historic\/wp-json\/wp\/v2\/comments?post=52"}],"version-history":[{"count":5,"href":"https:\/\/agora.xtec.cat\/cesire_historic\/wp-json\/wp\/v2\/pages\/52\/revisions"}],"predecessor-version":[{"id":11641,"href":"https:\/\/agora.xtec.cat\/cesire_historic\/wp-json\/wp\/v2\/pages\/52\/revisions\/11641"}],"up":[{"embeddable":true,"href":"https:\/\/agora.xtec.cat\/cesire_historic\/wp-json\/wp\/v2\/pages\/19"}],"wp:attachment":[{"href":"https:\/\/agora.xtec.cat\/cesire_historic\/wp-json\/wp\/v2\/media?parent=52"}],"curies":[{"name":"wp","href":"https:\/\/api.w.org\/{rel}","templated":true}]}}