{"id":4981,"date":"2019-03-21T12:10:54","date_gmt":"2019-03-21T11:10:54","guid":{"rendered":"http:\/\/agora.xtec.cat\/cesire_historic\/\/?page_id=4981"},"modified":"2019-03-21T12:10:54","modified_gmt":"2019-03-21T11:10:54","slug":"formacio-interna-de-centre-fic-mat","status":"publish","type":"page","link":"https:\/\/agora.xtec.cat\/cesire_historic\/ambit-matematic\/formacio_mat\/formacio-interna-de-centre-fic-mat\/","title":{"rendered":"Formaci\u00f3 interna de centre (FIC)"},"content":{"rendered":"<p>La formaci\u00f3 interna de centre (FIC) recull la tradici\u00f3 de treball intern que els centres porten a terme des de fa molts anys. T\u00e9 com a finalitat contribuir a l\u2019actualitzaci\u00f3 metodol\u00f2gica del professorat dels centres, donant valor a la seva experi\u00e8ncia i saber, per afavorir l\u2019increment de l\u2019\u00e8xit educatiu de l\u2019alumnat. Podeu trobar m\u00e9s informaci\u00f3 sobre aquest model formatiu en aquest <a href=\"http:\/\/xtec.gencat.cat\/ca\/formacio\/formaciogeneralprofessorat\/curriculum-competencies-avaluacio\/fic\/\" target=\"_blank\" rel=\"noopener\">enlla\u00e7<\/a>.<\/p>\n<p style=\"text-align: center;\"><img loading=\"lazy\" decoding=\"async\" class=\"aligncenter size-full wp-image-4983\" src=\"https:\/\/agora.xtec.cat\/cesire_historic\/\/wp-content\/uploads\/usu397\/2019\/03\/fic.png\" alt=\"\" width=\"285\" height=\"190\" \/><\/p>\n<p>Hi ha tres itineraris guiats d&#8217;educaci\u00f3 infantil i prim\u00e0ria i dos de secund\u00e0ria dedicats a l&#8217;educaci\u00f3 matem\u00e0tica i que tenen, a l&#8217;<a href=\"http:\/\/ateneu.xtec.cat\/wikiform\/wikiexport\/cursos\/index\" target=\"_blank\" rel=\"noopener\">Ateneu<\/a>, els materials de formaci\u00f3 en obert. Poden ser interessant consultar, encara que no s&#8217;estigui fent la FIC, els documents qualificats com a &#8220;material de formaci\u00f3&#8221;.<\/p>\n<h3>Educaci\u00f3 Infantil i Prim\u00e0ria<\/h3>\n<ul>\n<li>Com ajudar a desenvolupar la compet\u00e8ncia matem\u00e0tica a l&#8217;educaci\u00f3 infantil i prim\u00e0ria (<a href=\"http:\/\/xtec.gencat.cat\/ca\/formacio\/formaciogeneralprofessorat\/curriculum-competencies-avaluacio\/fic\/itineraris\/guiats\/ip_compmatematica\/\" target=\"_blank\" rel=\"noopener\">descripci\u00f3<\/a> | <a href=\"http:\/\/ateneu.xtec.cat\/wikiform\/wikiexport\/fic\/cma\/cma01\/index#_ga=2.262915402.734943601.1553152695-359819081.1479108656\" target=\"_blank\" rel=\"noopener\">materials<\/a>)<\/li>\n<li>El c\u00e0lcul a l&#8217;educaci\u00f3 infantil i prim\u00e0ria (<a href=\"http:\/\/xtec.gencat.cat\/ca\/formacio\/formaciogeneralprofessorat\/curriculum-competencies-avaluacio\/fic\/itineraris\/guiats\/ip_calcul\/\" target=\"_blank\" rel=\"noopener\">descripci\u00f3<\/a> | <a href=\"http:\/\/ateneu.xtec.cat\/wikiform\/wikiexport\/fic\/cma\/cma03\/index#_ga=2.265644361.734943601.1553152695-359819081.1479108656\" target=\"_blank\" rel=\"noopener\">materials<\/a>)<\/li>\n<li>Resoluci\u00f3 de problemes a l&#8217;educaci\u00f3 prim\u00e0ria (<a href=\"http:\/\/xtec.gencat.cat\/ca\/formacio\/formaciogeneralprofessorat\/curriculum-competencies-avaluacio\/fic\/itineraris\/guiats\/ip_resolucioproblemes\/\" target=\"_blank\" rel=\"noopener\">descripci\u00f3<\/a> | <a href=\"http:\/\/ateneu.xtec.cat\/wikiform\/wikiexport\/fic\/cma\/cma05\/index#_ga=2.60040939.734943601.1553152695-359819081.1479108656\" target=\"_blank\" rel=\"noopener\">materials<\/a>)<\/li>\n<\/ul>\n<h3>Educaci\u00f3 Secund\u00e0ria<\/h3>\n<ul>\n<li>Com ajudar a desenvolupar la compet\u00e8ncia matem\u00e0tica a l&#8217;ESO (<a href=\"http:\/\/xtec.gencat.cat\/ca\/formacio\/formaciogeneralprofessorat\/curriculum-competencies-avaluacio\/fic\/itineraris\/guiats\/sec_compmatematica\/\" target=\"_blank\" rel=\"noopener\">descripci\u00f3<\/a> | <a href=\"http:\/\/ateneu.xtec.cat\/wikiform\/wikiexport\/fic\/cma\/cma02\/index#_ga=2.88803805.734943601.1553152695-359819081.1479108656\" target=\"_blank\" rel=\"noopener\">materials<\/a>)<\/li>\n<li>La geometria a l&#8217;educaci\u00f3 secund\u00e0ria obligat\u00f2ria (<a href=\"http:\/\/xtec.gencat.cat\/ca\/formacio\/formaciogeneralprofessorat\/curriculum-competencies-avaluacio\/fic\/itineraris\/guiats\/sec_geometria\/\" target=\"_blank\" rel=\"noopener\">descripci\u00f3<\/a> | <a href=\"http:\/\/ateneu.xtec.cat\/wikiform\/wikiexport\/fic_orientacio\/cma\/cma04\/index#_ga=2.59903723.734943601.1553152695-359819081.1479108656\" target=\"_blank\" rel=\"noopener\">materials<\/a>)<\/li>\n<\/ul>\n","protected":false},"excerpt":{"rendered":"<p>La formaci\u00f3 interna de centre (FIC) recull la tradici\u00f3 de treball intern que els centres porten a terme des de fa molts anys. T\u00e9 com a finalitat contribuir a l\u2019actualitzaci\u00f3 metodol\u00f2gica del professorat dels centres, donant valor a la seva experi\u00e8ncia i saber, per afavorir&hellip;  <a href=\"https:\/\/agora.xtec.cat\/cesire_historic\/ambit-matematic\/formacio_mat\/formacio-interna-de-centre-fic-mat\/\" title=\"Read Formaci\u00f3 interna de centre (FIC)\">Llegeix m\u00e9s\u00bb<\/a><\/p>\n","protected":false},"author":1,"featured_media":0,"parent":4710,"menu_order":1,"comment_status":"closed","ping_status":"closed","template":"page-templates\/side-menu.php","meta":{"_bbp_topic_count":0,"_bbp_reply_count":0,"_bbp_total_topic_count":0,"_bbp_total_reply_count":0,"_bbp_voice_count":0,"_bbp_anonymous_reply_count":0,"_bbp_topic_count_hidden":0,"_bbp_reply_count_hidden":0,"_bbp_forum_subforum_count":0,"footnotes":""},"class_list":["post-4981","page","type-page","status-publish","hentry"],"post_mailing_queue_ids":[],"_links":{"self":[{"href":"https:\/\/agora.xtec.cat\/cesire_historic\/wp-json\/wp\/v2\/pages\/4981","targetHints":{"allow":["GET"]}}],"collection":[{"href":"https:\/\/agora.xtec.cat\/cesire_historic\/wp-json\/wp\/v2\/pages"}],"about":[{"href":"https:\/\/agora.xtec.cat\/cesire_historic\/wp-json\/wp\/v2\/types\/page"}],"author":[{"embeddable":true,"href":"https:\/\/agora.xtec.cat\/cesire_historic\/wp-json\/wp\/v2\/users\/1"}],"replies":[{"embeddable":true,"href":"https:\/\/agora.xtec.cat\/cesire_historic\/wp-json\/wp\/v2\/comments?post=4981"}],"version-history":[{"count":3,"href":"https:\/\/agora.xtec.cat\/cesire_historic\/wp-json\/wp\/v2\/pages\/4981\/revisions"}],"predecessor-version":[{"id":4985,"href":"https:\/\/agora.xtec.cat\/cesire_historic\/wp-json\/wp\/v2\/pages\/4981\/revisions\/4985"}],"up":[{"embeddable":true,"href":"https:\/\/agora.xtec.cat\/cesire_historic\/wp-json\/wp\/v2\/pages\/4710"}],"wp:attachment":[{"href":"https:\/\/agora.xtec.cat\/cesire_historic\/wp-json\/wp\/v2\/media?parent=4981"}],"curies":[{"name":"wp","href":"https:\/\/api.w.org\/{rel}","templated":true}]}}